{"id":1317,"date":"2016-02-14T21:38:59","date_gmt":"2016-02-14T20:38:59","guid":{"rendered":"http:\/\/strony.amuz.krakow.pl\/?page_id=1317"},"modified":"2025-07-02T12:19:24","modified_gmt":"2025-07-02T10:19:24","slug":"dr-malgorzata-pawlowska","status":"publish","type":"page","link":"https:\/\/www.amuz.krakow.pl\/en\/wydzialy\/wydzial-i-tworczosci-interpretacji-i-edukacji-muzycznej\/katedra-teorii-i-interpretacji-dziela-muzycznego\/pracownicy\/dr-malgorzata-pawlowska\/","title":{"rendered":"dr Ma\u0142gorzata Paw\u0142owska"},"content":{"rendered":"<p><figure id=\"attachment_22380\" aria-describedby=\"caption-attachment-22380\" style=\"width: 200px\" class=\"wp-caption alignleft\"><a href=\"https:\/\/www.amuz.krakow.pl\/wp-content\/uploads\/2018\/02\/M_Paw\u0142owska_foto.jpg\" target=\"_blank\" rel=\"noopener\"><img loading=\"lazy\" decoding=\"async\" class=\"wp-image-22380\" src=\"https:\/\/www.amuz.krakow.pl\/wp-content\/uploads\/2018\/02\/M_Paw\u0142owska_foto.jpg\" alt=\"\" width=\"200\" height=\"300\" srcset=\"https:\/\/www.amuz.krakow.pl\/wp-content\/uploads\/2018\/02\/M_Paw\u0142owska_foto.jpg 2592w, https:\/\/www.amuz.krakow.pl\/wp-content\/uploads\/2018\/02\/M_Paw\u0142owska_foto-200x300.jpg 200w, https:\/\/www.amuz.krakow.pl\/wp-content\/uploads\/2018\/02\/M_Paw\u0142owska_foto-768x1152.jpg 768w, https:\/\/www.amuz.krakow.pl\/wp-content\/uploads\/2018\/02\/M_Paw\u0142owska_foto-683x1024.jpg 683w\" sizes=\"auto, (max-width: 200px) 100vw, 200px\" \/><\/a><figcaption id=\"caption-attachment-22380\" class=\"wp-caption-text\">photo by Izabela Banaszkiewicz<\/figcaption><\/figure><\/p>\n<p class=\"p2\"><b>Ma\u0142gorzata Paw\u0142owska (PhD)<\/b><\/p>\n<p class=\"p2\">Music theorist, Assistant Professor (\u201cadiunkt\u201d) at the Department of Music Theory and Interpretation of the Krzysztof Penderecki Academy of Music in Krakow, lecturer in subjects such as music literature, music history, musical analysis, ear training, methodology of academic work, and contemporary analytical methods. Member of the editorial board of the journal <i>Res Facta Nova<\/i>.<\/p>\n<p class=\"p2\">M. Paw\u0142owska\u2019s research interests are rooted in anthropologically oriented music theory, open to intermedial and intertextual methodologies. Her doctoral dissertation served as a laboratory for the now dynamically developing field of musical narratology. The musical works analyzed in her studies and publications span a broad historical range, from the 18th to the 21st century.<\/p>\n<p class=\"p2\">Paw\u0142owska graduated with distinction in Music Theory from the Academy of Music in Krak\u00f3w, completing part of her studies at the Royal Conservatory in Brussels. Both her master\u2019s thesis and doctoral dissertation were written under the supervision of Professor Mieczys\u0142aw Tomaszewski. Her master&#8217;s thesis <i>The Devil in 19th- and 20th-Century Music: Selected Examples<\/i> received an award in the 15th National Competition for Master&#8217;s Theses by Graduates of Polish Music Academies. Her doctoral dissertation <i>The Myth of Romeo and Juliet in Music from the Perspective of Narratology<\/i> was awarded the Prime Minister\u2019s Award and received honorable mentions in the 10th National Centre for Culture Competition for Best Doctoral Thesis in Cultural Studies and the H. Feicht Competition organized by the Polish Composers\u2019 Union. This dissertation also won the Foundation for Polish Science \u201cMonographs\u201d competition and was published in revised form as <i>Muzyczne narracje o kochankach z Werony. Wprowadzenie do narratologii muzycznej<\/i> [<i>Musical Narratives about the Lovers of Verona: An Introduction to Musical Narratology<\/i>] in the \u201cMonografie FNP\u201d series by Nicolaus Copernicus University Press (2016). The English version, translated by Marta Robson, appeared in the U.S. as <i>Exploring Musical Narratology: The Romeo and Juliet Myth in Music<\/i> in the <i>Interplay: Music in Interdisciplinary Dialogue<\/i> series by Pendragon Press.<\/p>\n<p class=\"p2\">M. Paw\u0142owska\u2019s<span class=\"Apple-converted-space\">\u00a0 <\/span>scholarly achievements have also been recognized with numerous scholarships, including:<br \/>\n\u2013 2008: Scholarship of the Mayor of Krak\u00f3w for exceptionally gifted students and PhD candidates at Krak\u00f3w universities;<br \/>\n\u2013 2009\u20132012: Ministry of Science and Higher Education grant;<br \/>\n\u2013 2013\u20132016: Scholarship of the Ministry of Science and Higher Education for outstanding young researchers.<\/p>\n<p class=\"p2\">Paw\u0142owska has presented papers at international conferences in musicology, semiotics, and narratology in Finland, Denmark, France, Belgium, Spain, Serbia, and Bulgaria. She is a member of the European Narratological Network, the Musicologists\u2019 Section of the Polish Composers\u2019 Union, and the Laboratory of Musical Thought. She has frequently coordinated or co-organized academic and artistic projects. She also holds a postgraduate diploma in <i>Cultural Management in the European Context<\/i> from the Academy of Music in Krak\u00f3w.<\/p>\n<p class=\"p2\"><b>SELECTED PUBLICATIONS<\/b><\/p>\n<p class=\"p2\"><b>Monographs<\/b><br \/>\n<i>Exploring Musical Narratology: The Romeo and Juliet Myth in Music<\/i>, series <i>Interplay: Music in Interdisciplinary Dialogue<\/i>, Pendragon Press, New York 2018.<\/p>\n<p class=\"p2\"><i>Muzyczne narracje o kochankach z Werony. Wprowadzenie do narratologii muzycznej<\/i>, series <i>Monografie FNP<\/i>, Nicolaus Copernicus University Press, Toru\u0144 2016, ISBN 9788323137214.<\/p>\n<p class=\"p2\"><b>Selected Academic Articles<\/b><br \/>\n\u2013 <i>Musical Narratives on the Gates of Jerusalem by Bronius Kutavi\u010dius and Krzysztof Penderecki<\/i>, in: M. Janicka-S\u0142ysz (ed.), <i>Music of Change. Expression of Liberation in Polish and Lithuanian Music before and after 1989<\/i>, Musica Iagellonica, Penderecki Academy of Music in Krak\u00f3w, 2023, pp. 183\u2013232. [This publication emerged from the DAINA 1 research project no. 2017\/27\/L\/HS2\/03240 funded by the National Science Centre of Poland. The monograph received a Gold Diploma at the 4th International \u201cMusic Eagles\u201d Competition 2024 in the \u201cScientific Publication\u201d category.]<\/p>\n<p class=\"p2\">\u2013 <i>The Presence of Great Myths in Music: Faust, Romeo and Juliet, Don Juan<\/i>, in: K. Kiwa\u0142a (ed.), <i>Re-Interpreting Music. Mieczys\u0142aw Tomaszewski\u2019s Krak\u00f3w School of Music Theory. Studies \u2013 Syntheses \u2013 Constructs<\/i>, Penderecki Academy of Music in Krak\u00f3w 2022, ISBN 978-83-67055-12-3, pp. 501\u2013514.<\/p>\n<p class=\"p2\">\u2013 <i>Narrative and Time in Music. A Few Insights<\/i>, in: M. Aydintan, F. Edler, R. Graybill, L. Kr\u00e4mer (eds.), <i>Gegliederte Zeit. 15. Jahreskongress der Gesellschaft f\u00fcr Musiktheorie<\/i>, Berlin 2015, Georg Olms Verlag, Hildesheim, Z\u00fcrich, New York 2020, pp. 344\u2013356.<\/p>\n<p class=\"p2\">\u2013 <i>Narratology in Music Analysis: Reconnaissance, Perspectives<\/i>, in: A. Granat-Janki (ed.), <i>Musical Analysis. Historia \u2013 Theoria \u2013 Praxis<\/i>, vol. V, Karol Lipi\u0144ski Academy of Music in Wroc\u0142aw, 2019, pp. 57\u201374.<\/p>\n<p class=\"p2\">\u2013 <i>Intermedial Transposition \u2013 From Verbal Story to Music. Narrative in Musical Works on \u201cRomeo and Juliet\u201d<\/i>, in: J. Pier, P. Roussin (eds.), <i>Emerging Vectors on Narratology<\/i>, series <i>Narratologia<\/i>, Walter de Gruyter, Berlin\/Boston 2017, pp. 285\u2013313.<\/p>\n<p class=\"p2\">\u2013 <i>A Story or Not a Story? Pascal Dusapin\u2019s \u201cRom\u00e9o &amp; Juliette\u201d and New Ways of Musical Narratives<\/i>, in: M. Reybrouck, C. Maeder (eds.), <i>Music, Semiotics, and Intermediality. New Perspectives in Musical Semiotics<\/i>, Leuven University Press 2015, pp. 257\u2013273.<\/p>\n<p class=\"p2\">\u2013 <i>Narrative and Music: On the Global \u201cNarratological Effect\u201d and Its Consequences in Thinking about Music<\/i>, in: <i>Kultura wsp\u00f3\u0142czesna<\/i> 3, 2014, pp. 166\u2013178.<\/p>\n<p class=\"p2\">\u2013 <i>\u201cUne aventure extraordinaire\u201d: Pascal Dusapin\u2019s \u201cRom\u00e9o &amp; Juliette\u201d<\/i>, in: <i>Res Facta Nova. Texts on Contemporary Music<\/i>, 14 (26), pp. 17\u201344.<\/p>\n<p class=\"p2\">\u2013 <i>The Faces of Sonorism in the Early Works of Zbigniew Bujarski<\/i>, in: T. Malecka et al. (eds.), <i>Teoria Muzyki. Studia, Interpretacje, Dokumentacje<\/i>, no. 5, 2014.<\/p>\n<p class=\"p2\">\u2013 <i>Musical Narratology \u2013 An Outline<\/i>, in: J. Alber, P. K. Hansen (eds.), <i>Unnatural and Transmedial Narrative and Narratology<\/i>, series <i>Narratologia<\/i>, Walter de Gruyter, Berlin 2013, pp. 197\u2013220.<\/p>\n<p class=\"p2\">\u2013 <i>Diabolus in Musica<\/i>, in: G. Branny, G. Holland (eds.), <i>Fictions and Metafictions of Evil<\/i>, Peter Lang Edition, 2013, pp. 187\u2013198.<\/p>\n<p class=\"p2\">\u2013 <i>The Story of Romeo and Juliet Liberated From Words. A Narratological Analysis of the Works by Tchaikovsky and Prokofiev<\/i>, in: M. Zatkalik et al. (eds.), <i>Histories and Narratives of Music Analysis<\/i>, Cambridge Scholars Publishing, 2013, pp. 160\u2013194.<\/p>\n<p class=\"p2\">\u2013 <i>The Semantics of Love in Musical Interpretations of the Romeo and Juliet Myth<\/i>, in: T. Malecka, M. Paw\u0142owska (eds.), <i>Music: Function and Value<\/i>, Proceedings of the 11th International Congress on Musical Signification, Krak\u00f3w 2010, vol. 1, 2013, pp. 304\u2013317.<\/p>\n<p class=\"p2\">\u2013 <i>Eero Tarasti\u2019s \u201cSemiotics of Classical Music. How Mozart, Brahms and Wagner Talk to Us\u201d (2012)<\/i>, in: T. Malecka et al. (eds.), <i>Teoria Muzyki. Studia, Interpretacje, Dokumentacje<\/i>, vol. II, no. 2, 2013, pp. 129\u2013134.<\/p>\n<p class=\"p2\">\u2013 <i>The Myth of Romeo and Juliet in Music from a Narratological Perspective<\/i>, in: T. Malecka et al. (eds.), <i>Teoria Muzyki. Studia, Interpretacje, Dokumentacje<\/i>, vol. II, no. 2, 2013, pp. 107\u2013115.<\/p>\n<p class=\"p2\">\u2013 <i>The Operatic Hero between the Sacred and the Profane: Epiphanic Religious Motifs in \u201cRobert the Devil\u201d by Meyerbeer, \u201cFaust\u201d by Gounod, and \u201cDoktor Faust\u201d by Busoni<\/i>, in: K. Turek, B. Mika (eds.), <i>Religious Music \u2013 Between Epochs and Cultures<\/i>, vol. II, University of Silesia Press, Katowice 2009.<\/p>\n<p class=\"p2\"><b>Editorial Work<\/b><br \/>\n\u2013 Ma\u0142gorzata Paw\u0142owska (ed.), <i>Res Facta Nova. Texts on Contemporary Music<\/i>, no. 24 (33), PWM 2023 [volume dedicated to the topic theory and topical analysis of music]<\/p>\n<p class=\"p2\">Teresa Malecka, Ma\u0142gorzata Paw\u0142owska (eds.), <i>Music: Function and Value<\/i>. Proceedings of the 11th International Congress on Musical Signification 27 IX-2 X 2010, Krak\u00f3w, Poland, Musica Iagiellonica, Akademia Muzyczna w Krakowie 2013<\/p>\n<p class=\"p2\">Teresa Malecka, Ma\u0142gorzata Paw\u0142owska (eds.), <i>Music as a Message of Truth and Beauty<\/i>, Akademia Muzyczna w Krakowie 2014.<\/p>\n<p><a href=\"mailto:malgorzata.pawlowska@amuz.krakow.pl\">malgorzata.pawlowska@amuz.krakow.pl<\/a><\/p>","protected":false},"excerpt":{"rendered":"<p>Ma\u0142gorzata Paw\u0142owska (PhD) Music theorist, Assistant Professor (\u201cadiunkt\u201d) at the Department of Music Theory and Interpretation of the Krzysztof Penderecki Academy of Music in Krakow, lecturer in subjects such as&hellip; <a href=\"https:\/\/www.amuz.krakow.pl\/en\/wydzialy\/wydzial-i-tworczosci-interpretacji-i-edukacji-muzycznej\/katedra-teorii-i-interpretacji-dziela-muzycznego\/pracownicy\/dr-malgorzata-pawlowska\/\">Continue reading<\/a><\/p>\n","protected":false},"author":72,"featured_media":22380,"parent":33630,"menu_order":8,"comment_status":"closed","ping_status":"closed","template":"","meta":{"footnotes":"","_links_to":"","_links_to_target":""},"class_list":["post-1317","page","type-page","status-publish","has-post-thumbnail","hentry"],"yoast_head":"<!-- This site is optimized with the Yoast SEO plugin v27.2 - https:\/\/yoast.com\/product\/yoast-seo-wordpress\/ -->\n<title>AMKP - Akademia Muzyczna im. Krzysztofa Pendereckiego w Krakowie<\/title>\n<meta name=\"robots\" content=\"index, follow, max-snippet:-1, max-image-preview:large, max-video-preview:-1\" \/>\n<link rel=\"canonical\" href=\"https:\/\/www.amuz.krakow.pl\/wydzialy\/wydzial-i-tworczosci-interpretacji-i-edukacji-muzycznej\/katedra-teorii-i-interpretacji-dziela-muzycznego\/pracownicy\/dr-malgorzata-pawlowska\/\" \/>\n<meta property=\"og:locale\" content=\"en_US\" \/>\n<meta property=\"og:type\" content=\"article\" \/>\n<meta property=\"og:title\" content=\"AMKP - Akademia Muzyczna im. Krzysztofa Pendereckiego w Krakowie\" \/>\n<meta property=\"og:description\" content=\"Ma\u0142gorzata Paw\u0142owska (PhD) Music theorist, Assistant Professor (\u201cadiunkt\u201d) at the Department of Music Theory and Interpretation of the Krzysztof Penderecki Academy of Music in Krakow, lecturer in subjects such as&hellip; Continue reading\" \/>\n<meta property=\"og:url\" content=\"https:\/\/www.amuz.krakow.pl\/wydzialy\/wydzial-i-tworczosci-interpretacji-i-edukacji-muzycznej\/katedra-teorii-i-interpretacji-dziela-muzycznego\/pracownicy\/dr-malgorzata-pawlowska\/\" \/>\n<meta property=\"og:site_name\" content=\"Akademia Muzyczna im. Krzysztofa Pendereckiego w Krakowie\" \/>\n<meta property=\"article:publisher\" content=\"https:\/\/www.facebook.com\/amuz.krakow\" \/>\n<meta property=\"article:modified_time\" content=\"2025-07-02T10:19:24+00:00\" \/>\n<meta property=\"og:image\" content=\"https:\/\/www.amuz.krakow.pl\/wp-content\/uploads\/2018\/02\/M_Paw\u0142owska_foto-683x1024.jpg\" \/>\n\t<meta property=\"og:image:width\" content=\"683\" \/>\n\t<meta property=\"og:image:height\" content=\"1024\" \/>\n\t<meta property=\"og:image:type\" content=\"image\/jpeg\" \/>\n<meta name=\"twitter:card\" content=\"summary_large_image\" \/>\n<meta name=\"twitter:label1\" content=\"Est. reading time\" \/>\n\t<meta name=\"twitter:data1\" content=\"8 minutes\" \/>\n<script type=\"application\/ld+json\" class=\"yoast-schema-graph\">{\"@context\":\"https:\/\/schema.org\",\"@graph\":[{\"@type\":\"WebPage\",\"@id\":\"https:\/\/www.amuz.krakow.pl\/wydzialy\/wydzial-i-tworczosci-interpretacji-i-edukacji-muzycznej\/katedra-teorii-i-interpretacji-dziela-muzycznego\/pracownicy\/dr-malgorzata-pawlowska\/\",\"url\":\"https:\/\/www.amuz.krakow.pl\/wydzialy\/wydzial-i-tworczosci-interpretacji-i-edukacji-muzycznej\/katedra-teorii-i-interpretacji-dziela-muzycznego\/pracownicy\/dr-malgorzata-pawlowska\/\",\"name\":\"AMKP - Akademia Muzyczna im. Krzysztofa Pendereckiego w Krakowie\",\"isPartOf\":{\"@id\":\"https:\/\/www.amuz.krakow.pl\/#website\"},\"primaryImageOfPage\":{\"@id\":\"https:\/\/www.amuz.krakow.pl\/wydzialy\/wydzial-i-tworczosci-interpretacji-i-edukacji-muzycznej\/katedra-teorii-i-interpretacji-dziela-muzycznego\/pracownicy\/dr-malgorzata-pawlowska\/#primaryimage\"},\"image\":{\"@id\":\"https:\/\/www.amuz.krakow.pl\/wydzialy\/wydzial-i-tworczosci-interpretacji-i-edukacji-muzycznej\/katedra-teorii-i-interpretacji-dziela-muzycznego\/pracownicy\/dr-malgorzata-pawlowska\/#primaryimage\"},\"thumbnailUrl\":\"https:\/\/www.amuz.krakow.pl\/wp-content\/uploads\/2018\/02\/M_Paw\u0142owska_foto.jpg\",\"datePublished\":\"2016-02-14T20:38:59+00:00\",\"dateModified\":\"2025-07-02T10:19:24+00:00\",\"breadcrumb\":{\"@id\":\"https:\/\/www.amuz.krakow.pl\/wydzialy\/wydzial-i-tworczosci-interpretacji-i-edukacji-muzycznej\/katedra-teorii-i-interpretacji-dziela-muzycznego\/pracownicy\/dr-malgorzata-pawlowska\/#breadcrumb\"},\"inLanguage\":\"en-US\",\"potentialAction\":[{\"@type\":\"ReadAction\",\"target\":[\"https:\/\/www.amuz.krakow.pl\/wydzialy\/wydzial-i-tworczosci-interpretacji-i-edukacji-muzycznej\/katedra-teorii-i-interpretacji-dziela-muzycznego\/pracownicy\/dr-malgorzata-pawlowska\/\"]}]},{\"@type\":\"ImageObject\",\"inLanguage\":\"en-US\",\"@id\":\"https:\/\/www.amuz.krakow.pl\/wydzialy\/wydzial-i-tworczosci-interpretacji-i-edukacji-muzycznej\/katedra-teorii-i-interpretacji-dziela-muzycznego\/pracownicy\/dr-malgorzata-pawlowska\/#primaryimage\",\"url\":\"https:\/\/www.amuz.krakow.pl\/wp-content\/uploads\/2018\/02\/M_Paw\u0142owska_foto.jpg\",\"contentUrl\":\"https:\/\/www.amuz.krakow.pl\/wp-content\/uploads\/2018\/02\/M_Paw\u0142owska_foto.jpg\",\"width\":2592,\"height\":3888},{\"@type\":\"BreadcrumbList\",\"@id\":\"https:\/\/www.amuz.krakow.pl\/wydzialy\/wydzial-i-tworczosci-interpretacji-i-edukacji-muzycznej\/katedra-teorii-i-interpretacji-dziela-muzycznego\/pracownicy\/dr-malgorzata-pawlowska\/#breadcrumb\",\"itemListElement\":[{\"@type\":\"ListItem\",\"position\":1,\"name\":\"Strona g\u0142\u00f3wna\",\"item\":\"https:\/\/www.amuz.krakow.pl\/\"},{\"@type\":\"ListItem\",\"position\":2,\"name\":\"WYDZIA\u0141Y\",\"item\":\"https:\/\/www.amuz.krakow.pl\/wydzialy\/\"},{\"@type\":\"ListItem\",\"position\":3,\"name\":\"Wydzia\u0142 Tw\u00f3rczo\u015bci, Interpretacji i Edukacji Muzycznej\",\"item\":\"https:\/\/www.amuz.krakow.pl\/wydzialy\/wydzial-i-tworczosci-interpretacji-i-edukacji-muzycznej\/\"},{\"@type\":\"ListItem\",\"position\":4,\"name\":\"Katedra Teorii i Interpretacji Dzie\u0142a Muzycznego\",\"item\":\"https:\/\/www.amuz.krakow.pl\/wydzialy\/wydzial-i-tworczosci-interpretacji-i-edukacji-muzycznej\/katedra-teorii-i-interpretacji-dziela-muzycznego\/\"},{\"@type\":\"ListItem\",\"position\":5,\"name\":\"Pracownicy Katedry\",\"item\":\"https:\/\/www.amuz.krakow.pl\/wydzialy\/wydzial-i-tworczosci-interpretacji-i-edukacji-muzycznej\/katedra-teorii-i-interpretacji-dziela-muzycznego\/pracownicy\/\"},{\"@type\":\"ListItem\",\"position\":6,\"name\":\"dr Ma\u0142gorzata Paw\u0142owska\"}]},{\"@type\":\"WebSite\",\"@id\":\"https:\/\/www.amuz.krakow.pl\/#website\",\"url\":\"https:\/\/www.amuz.krakow.pl\/\",\"name\":\"Akademia Muzyczna im. Krzysztofa Pendereckiego w Krakowie\",\"description\":\"Oficjalna strona Akademii Muzycznej im. Krzysztofa Pendereckiego w Krakowie (AMKP).\",\"publisher\":{\"@id\":\"https:\/\/www.amuz.krakow.pl\/#organization\"},\"alternateName\":\"AMKP\",\"potentialAction\":[{\"@type\":\"SearchAction\",\"target\":{\"@type\":\"EntryPoint\",\"urlTemplate\":\"https:\/\/www.amuz.krakow.pl\/?s={search_term_string}\"},\"query-input\":{\"@type\":\"PropertyValueSpecification\",\"valueRequired\":true,\"valueName\":\"search_term_string\"}}],\"inLanguage\":\"en-US\"},{\"@type\":\"Organization\",\"@id\":\"https:\/\/www.amuz.krakow.pl\/#organization\",\"name\":\"Akademia Muzyczna im. Krzysztofa Pendereckiego w Krakowie\",\"alternateName\":\"AMKP\",\"url\":\"https:\/\/www.amuz.krakow.pl\/\",\"logo\":{\"@type\":\"ImageObject\",\"inLanguage\":\"en-US\",\"@id\":\"https:\/\/www.amuz.krakow.pl\/#\/schema\/logo\/image\/\",\"url\":\"https:\/\/www.amuz.krakow.pl\/wp-content\/uploads\/2021\/11\/amkp.jpg\",\"contentUrl\":\"https:\/\/www.amuz.krakow.pl\/wp-content\/uploads\/2021\/11\/amkp.jpg\",\"width\":1193,\"height\":591,\"caption\":\"Akademia Muzyczna im. Krzysztofa Pendereckiego w Krakowie\"},\"image\":{\"@id\":\"https:\/\/www.amuz.krakow.pl\/#\/schema\/logo\/image\/\"},\"sameAs\":[\"https:\/\/www.facebook.com\/amuz.krakow\",\"https:\/\/www.instagram.com\/amkpenderecki\/\",\"https:\/\/www.youtube.com\/@amkpenderecki4806\"]}]}<\/script>\n<!-- \/ Yoast SEO plugin. -->","yoast_head_json":{"title":"AMKP - Akademia Muzyczna im. Krzysztofa Pendereckiego w Krakowie","robots":{"index":"index","follow":"follow","max-snippet":"max-snippet:-1","max-image-preview":"max-image-preview:large","max-video-preview":"max-video-preview:-1"},"canonical":"https:\/\/www.amuz.krakow.pl\/wydzialy\/wydzial-i-tworczosci-interpretacji-i-edukacji-muzycznej\/katedra-teorii-i-interpretacji-dziela-muzycznego\/pracownicy\/dr-malgorzata-pawlowska\/","og_locale":"en_US","og_type":"article","og_title":"AMKP - Akademia Muzyczna im. Krzysztofa Pendereckiego w Krakowie","og_description":"Ma\u0142gorzata Paw\u0142owska (PhD) Music theorist, Assistant Professor (\u201cadiunkt\u201d) at the Department of Music Theory and Interpretation of the Krzysztof Penderecki Academy of Music in Krakow, lecturer in subjects such as&hellip; Continue reading","og_url":"https:\/\/www.amuz.krakow.pl\/wydzialy\/wydzial-i-tworczosci-interpretacji-i-edukacji-muzycznej\/katedra-teorii-i-interpretacji-dziela-muzycznego\/pracownicy\/dr-malgorzata-pawlowska\/","og_site_name":"Akademia Muzyczna im. Krzysztofa Pendereckiego w Krakowie","article_publisher":"https:\/\/www.facebook.com\/amuz.krakow","article_modified_time":"2025-07-02T10:19:24+00:00","og_image":[{"width":683,"height":1024,"url":"https:\/\/www.amuz.krakow.pl\/wp-content\/uploads\/2018\/02\/M_Paw\u0142owska_foto-683x1024.jpg","type":"image\/jpeg"}],"twitter_card":"summary_large_image","twitter_misc":{"Est. reading time":"8 minutes"},"schema":{"@context":"https:\/\/schema.org","@graph":[{"@type":"WebPage","@id":"https:\/\/www.amuz.krakow.pl\/wydzialy\/wydzial-i-tworczosci-interpretacji-i-edukacji-muzycznej\/katedra-teorii-i-interpretacji-dziela-muzycznego\/pracownicy\/dr-malgorzata-pawlowska\/","url":"https:\/\/www.amuz.krakow.pl\/wydzialy\/wydzial-i-tworczosci-interpretacji-i-edukacji-muzycznej\/katedra-teorii-i-interpretacji-dziela-muzycznego\/pracownicy\/dr-malgorzata-pawlowska\/","name":"AMKP - Akademia Muzyczna im. Krzysztofa Pendereckiego w Krakowie","isPartOf":{"@id":"https:\/\/www.amuz.krakow.pl\/#website"},"primaryImageOfPage":{"@id":"https:\/\/www.amuz.krakow.pl\/wydzialy\/wydzial-i-tworczosci-interpretacji-i-edukacji-muzycznej\/katedra-teorii-i-interpretacji-dziela-muzycznego\/pracownicy\/dr-malgorzata-pawlowska\/#primaryimage"},"image":{"@id":"https:\/\/www.amuz.krakow.pl\/wydzialy\/wydzial-i-tworczosci-interpretacji-i-edukacji-muzycznej\/katedra-teorii-i-interpretacji-dziela-muzycznego\/pracownicy\/dr-malgorzata-pawlowska\/#primaryimage"},"thumbnailUrl":"https:\/\/www.amuz.krakow.pl\/wp-content\/uploads\/2018\/02\/M_Paw\u0142owska_foto.jpg","datePublished":"2016-02-14T20:38:59+00:00","dateModified":"2025-07-02T10:19:24+00:00","breadcrumb":{"@id":"https:\/\/www.amuz.krakow.pl\/wydzialy\/wydzial-i-tworczosci-interpretacji-i-edukacji-muzycznej\/katedra-teorii-i-interpretacji-dziela-muzycznego\/pracownicy\/dr-malgorzata-pawlowska\/#breadcrumb"},"inLanguage":"en-US","potentialAction":[{"@type":"ReadAction","target":["https:\/\/www.amuz.krakow.pl\/wydzialy\/wydzial-i-tworczosci-interpretacji-i-edukacji-muzycznej\/katedra-teorii-i-interpretacji-dziela-muzycznego\/pracownicy\/dr-malgorzata-pawlowska\/"]}]},{"@type":"ImageObject","inLanguage":"en-US","@id":"https:\/\/www.amuz.krakow.pl\/wydzialy\/wydzial-i-tworczosci-interpretacji-i-edukacji-muzycznej\/katedra-teorii-i-interpretacji-dziela-muzycznego\/pracownicy\/dr-malgorzata-pawlowska\/#primaryimage","url":"https:\/\/www.amuz.krakow.pl\/wp-content\/uploads\/2018\/02\/M_Paw\u0142owska_foto.jpg","contentUrl":"https:\/\/www.amuz.krakow.pl\/wp-content\/uploads\/2018\/02\/M_Paw\u0142owska_foto.jpg","width":2592,"height":3888},{"@type":"BreadcrumbList","@id":"https:\/\/www.amuz.krakow.pl\/wydzialy\/wydzial-i-tworczosci-interpretacji-i-edukacji-muzycznej\/katedra-teorii-i-interpretacji-dziela-muzycznego\/pracownicy\/dr-malgorzata-pawlowska\/#breadcrumb","itemListElement":[{"@type":"ListItem","position":1,"name":"Strona g\u0142\u00f3wna","item":"https:\/\/www.amuz.krakow.pl\/"},{"@type":"ListItem","position":2,"name":"WYDZIA\u0141Y","item":"https:\/\/www.amuz.krakow.pl\/wydzialy\/"},{"@type":"ListItem","position":3,"name":"Wydzia\u0142 Tw\u00f3rczo\u015bci, Interpretacji i Edukacji Muzycznej","item":"https:\/\/www.amuz.krakow.pl\/wydzialy\/wydzial-i-tworczosci-interpretacji-i-edukacji-muzycznej\/"},{"@type":"ListItem","position":4,"name":"Katedra Teorii i Interpretacji Dzie\u0142a Muzycznego","item":"https:\/\/www.amuz.krakow.pl\/wydzialy\/wydzial-i-tworczosci-interpretacji-i-edukacji-muzycznej\/katedra-teorii-i-interpretacji-dziela-muzycznego\/"},{"@type":"ListItem","position":5,"name":"Pracownicy Katedry","item":"https:\/\/www.amuz.krakow.pl\/wydzialy\/wydzial-i-tworczosci-interpretacji-i-edukacji-muzycznej\/katedra-teorii-i-interpretacji-dziela-muzycznego\/pracownicy\/"},{"@type":"ListItem","position":6,"name":"dr Ma\u0142gorzata Paw\u0142owska"}]},{"@type":"WebSite","@id":"https:\/\/www.amuz.krakow.pl\/#website","url":"https:\/\/www.amuz.krakow.pl\/","name":"Akademia Muzyczna im. Krzysztofa Pendereckiego w Krakowie","description":"Oficjalna strona Akademii Muzycznej im. Krzysztofa Pendereckiego w Krakowie (AMKP).","publisher":{"@id":"https:\/\/www.amuz.krakow.pl\/#organization"},"alternateName":"AMKP","potentialAction":[{"@type":"SearchAction","target":{"@type":"EntryPoint","urlTemplate":"https:\/\/www.amuz.krakow.pl\/?s={search_term_string}"},"query-input":{"@type":"PropertyValueSpecification","valueRequired":true,"valueName":"search_term_string"}}],"inLanguage":"en-US"},{"@type":"Organization","@id":"https:\/\/www.amuz.krakow.pl\/#organization","name":"Akademia Muzyczna im. Krzysztofa Pendereckiego w Krakowie","alternateName":"AMKP","url":"https:\/\/www.amuz.krakow.pl\/","logo":{"@type":"ImageObject","inLanguage":"en-US","@id":"https:\/\/www.amuz.krakow.pl\/#\/schema\/logo\/image\/","url":"https:\/\/www.amuz.krakow.pl\/wp-content\/uploads\/2021\/11\/amkp.jpg","contentUrl":"https:\/\/www.amuz.krakow.pl\/wp-content\/uploads\/2021\/11\/amkp.jpg","width":1193,"height":591,"caption":"Akademia Muzyczna im. Krzysztofa Pendereckiego w Krakowie"},"image":{"@id":"https:\/\/www.amuz.krakow.pl\/#\/schema\/logo\/image\/"},"sameAs":["https:\/\/www.facebook.com\/amuz.krakow","https:\/\/www.instagram.com\/amkpenderecki\/","https:\/\/www.youtube.com\/@amkpenderecki4806"]}]}},"_links":{"self":[{"href":"https:\/\/www.amuz.krakow.pl\/en\/wp-json\/wp\/v2\/pages\/1317","targetHints":{"allow":["GET"]}}],"collection":[{"href":"https:\/\/www.amuz.krakow.pl\/en\/wp-json\/wp\/v2\/pages"}],"about":[{"href":"https:\/\/www.amuz.krakow.pl\/en\/wp-json\/wp\/v2\/types\/page"}],"author":[{"embeddable":true,"href":"https:\/\/www.amuz.krakow.pl\/en\/wp-json\/wp\/v2\/users\/72"}],"replies":[{"embeddable":true,"href":"https:\/\/www.amuz.krakow.pl\/en\/wp-json\/wp\/v2\/comments?post=1317"}],"version-history":[{"count":12,"href":"https:\/\/www.amuz.krakow.pl\/en\/wp-json\/wp\/v2\/pages\/1317\/revisions"}],"predecessor-version":[{"id":105767,"href":"https:\/\/www.amuz.krakow.pl\/en\/wp-json\/wp\/v2\/pages\/1317\/revisions\/105767"}],"up":[{"embeddable":true,"href":"https:\/\/www.amuz.krakow.pl\/en\/wp-json\/wp\/v2\/pages\/33630"}],"wp:featuredmedia":[{"embeddable":true,"href":"https:\/\/www.amuz.krakow.pl\/en\/wp-json\/wp\/v2\/media\/22380"}],"wp:attachment":[{"href":"https:\/\/www.amuz.krakow.pl\/en\/wp-json\/wp\/v2\/media?parent=1317"}],"curies":[{"name":"wp","href":"https:\/\/api.w.org\/{rel}","templated":true}]}}