{"id":12381,"date":"2016-11-07T21:09:57","date_gmt":"2016-11-07T20:09:57","guid":{"rendered":"http:\/\/www.amuz.krakow.pl\/?page_id=12381"},"modified":"2020-11-08T13:00:23","modified_gmt":"2020-11-08T12:00:23","slug":"dr-justyna-piekos-kedzierska","status":"publish","type":"page","link":"https:\/\/www.amuz.krakow.pl\/en\/wydzialy\/wydzial-ii-instrumentalny\/katedra-perkusji-i-muzyki-wspolczesnej\/pracownicy\/dr-justyna-piekos-kedzierska\/","title":{"rendered":"dr Justyna Pi\u0119ko\u015b-K\u0119dzierska"},"content":{"rendered":"<p><\/p>\n<p style=\"text-align: justify;\"><a href=\"https:\/\/www.amuz.krakow.pl\/wp-content\/uploads\/2016\/11\/Piekos-Justyna.jpg.jpg\"><img loading=\"lazy\" decoding=\"async\" class=\"alignleft wp-image-12384 \" src=\"https:\/\/www.amuz.krakow.pl\/wp-content\/uploads\/2016\/11\/Piekos-Justyna.jpg-199x300.jpg\" alt=\"Piekos Justyna\" width=\"200\" height=\"302\" srcset=\"https:\/\/www.amuz.krakow.pl\/wp-content\/uploads\/2016\/11\/Piekos-Justyna.jpg-199x300.jpg 199w, https:\/\/www.amuz.krakow.pl\/wp-content\/uploads\/2016\/11\/Piekos-Justyna.jpg.jpg 543w\" sizes=\"auto, (max-width: 200px) 100vw, 200px\" \/><\/a>Justyna Maria Etsuko Pi\u0119ko\u015b &#8211; born on November 5<sup>th<\/sup>, 1982 in Cologne, Germany. Plays three instruments: piano, violin and viola, and also composes. She started to play the piano when she was three years old, under the guidance of\u00a0 her mother\u00a0 Tokiko\u00a0 Ishibashi &#8211; Pi\u0119ko\u015b, and continued it later\u00a0 with her father Wies\u0142aw\u00a0 Pi\u0119ko\u015b; she started to study the piano with him in 2002 at\u00a0 Robert Schumann Hochschule f\u00fcr Musik in D\u00fcsseldorf. In 2006, she completed her first piano course, the piano pedagogy, with very good result. A year later, she completed her second course, in piano mastery, also with very good result. She also completed her post-graduate course in piano mastery, the so-called \u201eKonzertexamen\u201c under the guidance of her father (2011), with excellent result.<\/p>\n<p style=\"text-align: justify;\">In 2015 she obtained doctor degree on dissertation \u201cBetween tradition and the <em>avant garde<\/em>: Krzysztof Meyer\u2019s <em>24 Preludes for piano Op. 43.<\/em> A catalogue of expressive and textural models, and composing techniques based on own interpretation of the piece\u201d.<\/p>\n<p style=\"text-align: justify;\">Since she was eight years old, she has been giving public performances in numerous German, Polish, Italian, English and Spanish cities, as a pianist, violinist, violist, member of a string-quartett and composer.\u00a0 She is the winner of many awards in piano, strings and chamber music competitions in Germany. Many interviews and concerts of \u00a0Justyna\u00a0 Pi\u0119ko\u015b were recorded and broadcast by Polish and international TV channels. She participated in numerous Piano Master Courses in Cracow, initiated and managed by Prof. Wies\u0142aw\u00a0 Pi\u0119ko\u015b (1992-2013).<\/p>\n<p style=\"text-align: justify;\">In addition to her career as a soloist (recitals), she played at renowned music festivals such as International Karol Szymanowski Festival in Zakopane, Gala Chopin Concerto at Steinway \u2013 Hall,\u00a0 D\u00fcsseldorf, organised on the occasion of the International Chopin Year 2000, Mozart Festival in D\u00fcsseldorf,\u00a0 International Music Festival\u00a0 Endenicher Herbst in\u00a0 Bonn \u2013 Endenich and International Piano Festival \u201cRuhr Klavierfestival\u201d in\u00a0 Essen.<\/p>\n<p style=\"text-align: justify;\">As a pianist and violinist she played at a concert commemorating the Year of Karol Szymanowski, at the Gala Concert of the 2<sup>nd<\/sup> and 3<sup>rd<\/sup> Congress of Polonia Intellectuals, Artists and Scientists in Barcelona and Munich. She also participated in a charity concerts, for example for children \u2013 victims of Chernobyl, arranged by Rotary Club of Dormagen.<\/p>\n<p style=\"text-align: justify;\">As a composer, she co-created music for a number of large projects including\u00a0 opera <em>Ein falsches M\u00e4rchen<\/em> (<em>The False Fairy-Tale<\/em>), musical theatre <em>Harry\u00b4s Revue<\/em> (based on poetry by Heinrich Heine) and oratory <em>Selma<\/em>; some of the pieces composed by Justyna Pi\u0119ko\u015b for the oratory were recorded and broadcast by\u00a0 WDR 3. In 2010 she was artistic director of the International Piano Festival <em>Chopin jenseits aller Grenzen <\/em>in Cologne. She received gratitude letter from the Minister of Culture and National Heritage, Bogdan Zdrojewski, for propagation of Frederic Chopin\u2019s music in the world.<\/p>\n<p style=\"text-align: justify;\">2009-2013 she taught the piano at the Frederic Chopin University of Music in Warsaw. Currently she works at the Music Academy in Cracow (Instrumental Department, Chair of Contemporary Music, Jazz and Percussion) as well as Secondary F. Chopin Music School and Primary St. Wiechowicz Music School in Cracow.<\/p>\n<p><a href=\"mailto:justyna.piekos@amuz.krakow.pl\">justyna.piekos@amuz.krakow.pl<\/a><\/p>","protected":false},"excerpt":{"rendered":"<p>Justyna Maria Etsuko Pi\u0119ko\u015b &#8211; born on November 5th, 1982 in Cologne, Germany. Plays three instruments: piano, violin and viola, and also composes. She started to play the piano when&hellip; <a href=\"https:\/\/www.amuz.krakow.pl\/en\/wydzialy\/wydzial-ii-instrumentalny\/katedra-perkusji-i-muzyki-wspolczesnej\/pracownicy\/dr-justyna-piekos-kedzierska\/\">Continue reading<\/a><\/p>\n","protected":false},"author":72,"featured_media":0,"parent":43993,"menu_order":5,"comment_status":"closed","ping_status":"closed","template":"","meta":{"footnotes":"","_links_to":"","_links_to_target":""},"class_list":["post-12381","page","type-page","status-publish","hentry"],"yoast_head":"<!-- This site is optimized with the Yoast SEO plugin v27.2 - https:\/\/yoast.com\/product\/yoast-seo-wordpress\/ -->\n<title>AMKP - Akademia Muzyczna im. Krzysztofa Pendereckiego w Krakowie<\/title>\n<meta name=\"robots\" content=\"index, follow, max-snippet:-1, max-image-preview:large, max-video-preview:-1\" \/>\n<link rel=\"canonical\" href=\"https:\/\/www.amuz.krakow.pl\/wydzialy\/wydzial-ii-instrumentalny\/katedra-perkusji-i-muzyki-wspolczesnej\/pracownicy\/dr-justyna-piekos-kedzierska\/\" \/>\n<meta property=\"og:locale\" content=\"en_US\" \/>\n<meta property=\"og:type\" content=\"article\" \/>\n<meta property=\"og:title\" content=\"AMKP - Akademia Muzyczna im. Krzysztofa Pendereckiego w Krakowie\" \/>\n<meta property=\"og:description\" content=\"Justyna Maria Etsuko Pi\u0119ko\u015b &#8211; born on November 5th, 1982 in Cologne, Germany. Plays three instruments: piano, violin and viola, and also composes. She started to play the piano when&hellip; Continue reading\" \/>\n<meta property=\"og:url\" content=\"https:\/\/www.amuz.krakow.pl\/wydzialy\/wydzial-ii-instrumentalny\/katedra-perkusji-i-muzyki-wspolczesnej\/pracownicy\/dr-justyna-piekos-kedzierska\/\" \/>\n<meta property=\"og:site_name\" content=\"Akademia Muzyczna im. Krzysztofa Pendereckiego w Krakowie\" \/>\n<meta property=\"article:publisher\" content=\"https:\/\/www.facebook.com\/amuz.krakow\" \/>\n<meta property=\"article:modified_time\" content=\"2020-11-08T12:00:23+00:00\" \/>\n<meta property=\"og:image\" content=\"https:\/\/www.amuz.krakow.pl\/wp-content\/uploads\/2016\/11\/Piekos-Justyna.jpg-199x300.jpg\" \/>\n<meta name=\"twitter:card\" content=\"summary_large_image\" \/>\n<meta name=\"twitter:label1\" content=\"Est. reading time\" \/>\n\t<meta name=\"twitter:data1\" content=\"5 minutes\" \/>\n<script type=\"application\/ld+json\" class=\"yoast-schema-graph\">{\"@context\":\"https:\/\/schema.org\",\"@graph\":[{\"@type\":\"WebPage\",\"@id\":\"https:\/\/www.amuz.krakow.pl\/wydzialy\/wydzial-ii-instrumentalny\/katedra-perkusji-i-muzyki-wspolczesnej\/pracownicy\/dr-justyna-piekos-kedzierska\/\",\"url\":\"https:\/\/www.amuz.krakow.pl\/wydzialy\/wydzial-ii-instrumentalny\/katedra-perkusji-i-muzyki-wspolczesnej\/pracownicy\/dr-justyna-piekos-kedzierska\/\",\"name\":\"AMKP - Akademia Muzyczna im. Krzysztofa Pendereckiego w Krakowie\",\"isPartOf\":{\"@id\":\"https:\/\/www.amuz.krakow.pl\/#website\"},\"primaryImageOfPage\":{\"@id\":\"https:\/\/www.amuz.krakow.pl\/wydzialy\/wydzial-ii-instrumentalny\/katedra-perkusji-i-muzyki-wspolczesnej\/pracownicy\/dr-justyna-piekos-kedzierska\/#primaryimage\"},\"image\":{\"@id\":\"https:\/\/www.amuz.krakow.pl\/wydzialy\/wydzial-ii-instrumentalny\/katedra-perkusji-i-muzyki-wspolczesnej\/pracownicy\/dr-justyna-piekos-kedzierska\/#primaryimage\"},\"thumbnailUrl\":\"https:\/\/www.amuz.krakow.pl\/wp-content\/uploads\/2016\/11\/Piekos-Justyna.jpg-199x300.jpg\",\"datePublished\":\"2016-11-07T20:09:57+00:00\",\"dateModified\":\"2020-11-08T12:00:23+00:00\",\"breadcrumb\":{\"@id\":\"https:\/\/www.amuz.krakow.pl\/wydzialy\/wydzial-ii-instrumentalny\/katedra-perkusji-i-muzyki-wspolczesnej\/pracownicy\/dr-justyna-piekos-kedzierska\/#breadcrumb\"},\"inLanguage\":\"en-US\",\"potentialAction\":[{\"@type\":\"ReadAction\",\"target\":[\"https:\/\/www.amuz.krakow.pl\/wydzialy\/wydzial-ii-instrumentalny\/katedra-perkusji-i-muzyki-wspolczesnej\/pracownicy\/dr-justyna-piekos-kedzierska\/\"]}]},{\"@type\":\"ImageObject\",\"inLanguage\":\"en-US\",\"@id\":\"https:\/\/www.amuz.krakow.pl\/wydzialy\/wydzial-ii-instrumentalny\/katedra-perkusji-i-muzyki-wspolczesnej\/pracownicy\/dr-justyna-piekos-kedzierska\/#primaryimage\",\"url\":\"https:\/\/www.amuz.krakow.pl\/wp-content\/uploads\/2016\/11\/Piekos-Justyna.jpg-199x300.jpg\",\"contentUrl\":\"https:\/\/www.amuz.krakow.pl\/wp-content\/uploads\/2016\/11\/Piekos-Justyna.jpg-199x300.jpg\"},{\"@type\":\"BreadcrumbList\",\"@id\":\"https:\/\/www.amuz.krakow.pl\/wydzialy\/wydzial-ii-instrumentalny\/katedra-perkusji-i-muzyki-wspolczesnej\/pracownicy\/dr-justyna-piekos-kedzierska\/#breadcrumb\",\"itemListElement\":[{\"@type\":\"ListItem\",\"position\":1,\"name\":\"Strona g\u0142\u00f3wna\",\"item\":\"https:\/\/www.amuz.krakow.pl\/\"},{\"@type\":\"ListItem\",\"position\":2,\"name\":\"WYDZIA\u0141Y\",\"item\":\"https:\/\/www.amuz.krakow.pl\/wydzialy\/\"},{\"@type\":\"ListItem\",\"position\":3,\"name\":\"Wydzia\u0142 Instrumentalny\",\"item\":\"https:\/\/www.amuz.krakow.pl\/wydzialy\/wydzial-ii-instrumentalny\/\"},{\"@type\":\"ListItem\",\"position\":4,\"name\":\"Katedra Perkusji i&nbsp;Muzyki Wsp\u00f3\u0142czesnej\",\"item\":\"https:\/\/www.amuz.krakow.pl\/wydzialy\/wydzial-ii-instrumentalny\/katedra-perkusji-i-muzyki-wspolczesnej\/\"},{\"@type\":\"ListItem\",\"position\":5,\"name\":\"Pracownicy Katedry\",\"item\":\"https:\/\/www.amuz.krakow.pl\/wydzialy\/wydzial-ii-instrumentalny\/katedra-perkusji-i-muzyki-wspolczesnej\/pracownicy\/\"},{\"@type\":\"ListItem\",\"position\":6,\"name\":\"dr Justyna Pi\u0119ko\u015b-K\u0119dzierska\"}]},{\"@type\":\"WebSite\",\"@id\":\"https:\/\/www.amuz.krakow.pl\/#website\",\"url\":\"https:\/\/www.amuz.krakow.pl\/\",\"name\":\"Akademia Muzyczna im. Krzysztofa Pendereckiego w Krakowie\",\"description\":\"Oficjalna strona Akademii Muzycznej im. Krzysztofa Pendereckiego w Krakowie (AMKP).\",\"publisher\":{\"@id\":\"https:\/\/www.amuz.krakow.pl\/#organization\"},\"alternateName\":\"AMKP\",\"potentialAction\":[{\"@type\":\"SearchAction\",\"target\":{\"@type\":\"EntryPoint\",\"urlTemplate\":\"https:\/\/www.amuz.krakow.pl\/?s={search_term_string}\"},\"query-input\":{\"@type\":\"PropertyValueSpecification\",\"valueRequired\":true,\"valueName\":\"search_term_string\"}}],\"inLanguage\":\"en-US\"},{\"@type\":\"Organization\",\"@id\":\"https:\/\/www.amuz.krakow.pl\/#organization\",\"name\":\"Akademia Muzyczna im. Krzysztofa Pendereckiego w Krakowie\",\"alternateName\":\"AMKP\",\"url\":\"https:\/\/www.amuz.krakow.pl\/\",\"logo\":{\"@type\":\"ImageObject\",\"inLanguage\":\"en-US\",\"@id\":\"https:\/\/www.amuz.krakow.pl\/#\/schema\/logo\/image\/\",\"url\":\"https:\/\/www.amuz.krakow.pl\/wp-content\/uploads\/2021\/11\/amkp.jpg\",\"contentUrl\":\"https:\/\/www.amuz.krakow.pl\/wp-content\/uploads\/2021\/11\/amkp.jpg\",\"width\":1193,\"height\":591,\"caption\":\"Akademia Muzyczna im. Krzysztofa Pendereckiego w Krakowie\"},\"image\":{\"@id\":\"https:\/\/www.amuz.krakow.pl\/#\/schema\/logo\/image\/\"},\"sameAs\":[\"https:\/\/www.facebook.com\/amuz.krakow\",\"https:\/\/www.instagram.com\/amkpenderecki\/\",\"https:\/\/www.youtube.com\/@amkpenderecki4806\"]}]}<\/script>\n<!-- \/ Yoast SEO plugin. -->","yoast_head_json":{"title":"AMKP - Akademia Muzyczna im. Krzysztofa Pendereckiego w Krakowie","robots":{"index":"index","follow":"follow","max-snippet":"max-snippet:-1","max-image-preview":"max-image-preview:large","max-video-preview":"max-video-preview:-1"},"canonical":"https:\/\/www.amuz.krakow.pl\/wydzialy\/wydzial-ii-instrumentalny\/katedra-perkusji-i-muzyki-wspolczesnej\/pracownicy\/dr-justyna-piekos-kedzierska\/","og_locale":"en_US","og_type":"article","og_title":"AMKP - Akademia Muzyczna im. Krzysztofa Pendereckiego w Krakowie","og_description":"Justyna Maria Etsuko Pi\u0119ko\u015b &#8211; born on November 5th, 1982 in Cologne, Germany. Plays three instruments: piano, violin and viola, and also composes. She started to play the piano when&hellip; Continue reading","og_url":"https:\/\/www.amuz.krakow.pl\/wydzialy\/wydzial-ii-instrumentalny\/katedra-perkusji-i-muzyki-wspolczesnej\/pracownicy\/dr-justyna-piekos-kedzierska\/","og_site_name":"Akademia Muzyczna im. Krzysztofa Pendereckiego w Krakowie","article_publisher":"https:\/\/www.facebook.com\/amuz.krakow","article_modified_time":"2020-11-08T12:00:23+00:00","og_image":[{"url":"https:\/\/www.amuz.krakow.pl\/wp-content\/uploads\/2016\/11\/Piekos-Justyna.jpg-199x300.jpg","type":"","width":"","height":""}],"twitter_card":"summary_large_image","twitter_misc":{"Est. reading time":"5 minutes"},"schema":{"@context":"https:\/\/schema.org","@graph":[{"@type":"WebPage","@id":"https:\/\/www.amuz.krakow.pl\/wydzialy\/wydzial-ii-instrumentalny\/katedra-perkusji-i-muzyki-wspolczesnej\/pracownicy\/dr-justyna-piekos-kedzierska\/","url":"https:\/\/www.amuz.krakow.pl\/wydzialy\/wydzial-ii-instrumentalny\/katedra-perkusji-i-muzyki-wspolczesnej\/pracownicy\/dr-justyna-piekos-kedzierska\/","name":"AMKP - Akademia Muzyczna im. Krzysztofa Pendereckiego w Krakowie","isPartOf":{"@id":"https:\/\/www.amuz.krakow.pl\/#website"},"primaryImageOfPage":{"@id":"https:\/\/www.amuz.krakow.pl\/wydzialy\/wydzial-ii-instrumentalny\/katedra-perkusji-i-muzyki-wspolczesnej\/pracownicy\/dr-justyna-piekos-kedzierska\/#primaryimage"},"image":{"@id":"https:\/\/www.amuz.krakow.pl\/wydzialy\/wydzial-ii-instrumentalny\/katedra-perkusji-i-muzyki-wspolczesnej\/pracownicy\/dr-justyna-piekos-kedzierska\/#primaryimage"},"thumbnailUrl":"https:\/\/www.amuz.krakow.pl\/wp-content\/uploads\/2016\/11\/Piekos-Justyna.jpg-199x300.jpg","datePublished":"2016-11-07T20:09:57+00:00","dateModified":"2020-11-08T12:00:23+00:00","breadcrumb":{"@id":"https:\/\/www.amuz.krakow.pl\/wydzialy\/wydzial-ii-instrumentalny\/katedra-perkusji-i-muzyki-wspolczesnej\/pracownicy\/dr-justyna-piekos-kedzierska\/#breadcrumb"},"inLanguage":"en-US","potentialAction":[{"@type":"ReadAction","target":["https:\/\/www.amuz.krakow.pl\/wydzialy\/wydzial-ii-instrumentalny\/katedra-perkusji-i-muzyki-wspolczesnej\/pracownicy\/dr-justyna-piekos-kedzierska\/"]}]},{"@type":"ImageObject","inLanguage":"en-US","@id":"https:\/\/www.amuz.krakow.pl\/wydzialy\/wydzial-ii-instrumentalny\/katedra-perkusji-i-muzyki-wspolczesnej\/pracownicy\/dr-justyna-piekos-kedzierska\/#primaryimage","url":"https:\/\/www.amuz.krakow.pl\/wp-content\/uploads\/2016\/11\/Piekos-Justyna.jpg-199x300.jpg","contentUrl":"https:\/\/www.amuz.krakow.pl\/wp-content\/uploads\/2016\/11\/Piekos-Justyna.jpg-199x300.jpg"},{"@type":"BreadcrumbList","@id":"https:\/\/www.amuz.krakow.pl\/wydzialy\/wydzial-ii-instrumentalny\/katedra-perkusji-i-muzyki-wspolczesnej\/pracownicy\/dr-justyna-piekos-kedzierska\/#breadcrumb","itemListElement":[{"@type":"ListItem","position":1,"name":"Strona g\u0142\u00f3wna","item":"https:\/\/www.amuz.krakow.pl\/"},{"@type":"ListItem","position":2,"name":"WYDZIA\u0141Y","item":"https:\/\/www.amuz.krakow.pl\/wydzialy\/"},{"@type":"ListItem","position":3,"name":"Wydzia\u0142 Instrumentalny","item":"https:\/\/www.amuz.krakow.pl\/wydzialy\/wydzial-ii-instrumentalny\/"},{"@type":"ListItem","position":4,"name":"Katedra Perkusji i&nbsp;Muzyki Wsp\u00f3\u0142czesnej","item":"https:\/\/www.amuz.krakow.pl\/wydzialy\/wydzial-ii-instrumentalny\/katedra-perkusji-i-muzyki-wspolczesnej\/"},{"@type":"ListItem","position":5,"name":"Pracownicy Katedry","item":"https:\/\/www.amuz.krakow.pl\/wydzialy\/wydzial-ii-instrumentalny\/katedra-perkusji-i-muzyki-wspolczesnej\/pracownicy\/"},{"@type":"ListItem","position":6,"name":"dr Justyna Pi\u0119ko\u015b-K\u0119dzierska"}]},{"@type":"WebSite","@id":"https:\/\/www.amuz.krakow.pl\/#website","url":"https:\/\/www.amuz.krakow.pl\/","name":"Akademia Muzyczna im. Krzysztofa Pendereckiego w Krakowie","description":"Oficjalna strona Akademii Muzycznej im. Krzysztofa Pendereckiego w Krakowie (AMKP).","publisher":{"@id":"https:\/\/www.amuz.krakow.pl\/#organization"},"alternateName":"AMKP","potentialAction":[{"@type":"SearchAction","target":{"@type":"EntryPoint","urlTemplate":"https:\/\/www.amuz.krakow.pl\/?s={search_term_string}"},"query-input":{"@type":"PropertyValueSpecification","valueRequired":true,"valueName":"search_term_string"}}],"inLanguage":"en-US"},{"@type":"Organization","@id":"https:\/\/www.amuz.krakow.pl\/#organization","name":"Akademia Muzyczna im. Krzysztofa Pendereckiego w Krakowie","alternateName":"AMKP","url":"https:\/\/www.amuz.krakow.pl\/","logo":{"@type":"ImageObject","inLanguage":"en-US","@id":"https:\/\/www.amuz.krakow.pl\/#\/schema\/logo\/image\/","url":"https:\/\/www.amuz.krakow.pl\/wp-content\/uploads\/2021\/11\/amkp.jpg","contentUrl":"https:\/\/www.amuz.krakow.pl\/wp-content\/uploads\/2021\/11\/amkp.jpg","width":1193,"height":591,"caption":"Akademia Muzyczna im. Krzysztofa Pendereckiego w Krakowie"},"image":{"@id":"https:\/\/www.amuz.krakow.pl\/#\/schema\/logo\/image\/"},"sameAs":["https:\/\/www.facebook.com\/amuz.krakow","https:\/\/www.instagram.com\/amkpenderecki\/","https:\/\/www.youtube.com\/@amkpenderecki4806"]}]}},"_links":{"self":[{"href":"https:\/\/www.amuz.krakow.pl\/en\/wp-json\/wp\/v2\/pages\/12381","targetHints":{"allow":["GET"]}}],"collection":[{"href":"https:\/\/www.amuz.krakow.pl\/en\/wp-json\/wp\/v2\/pages"}],"about":[{"href":"https:\/\/www.amuz.krakow.pl\/en\/wp-json\/wp\/v2\/types\/page"}],"author":[{"embeddable":true,"href":"https:\/\/www.amuz.krakow.pl\/en\/wp-json\/wp\/v2\/users\/72"}],"replies":[{"embeddable":true,"href":"https:\/\/www.amuz.krakow.pl\/en\/wp-json\/wp\/v2\/comments?post=12381"}],"version-history":[{"count":3,"href":"https:\/\/www.amuz.krakow.pl\/en\/wp-json\/wp\/v2\/pages\/12381\/revisions"}],"predecessor-version":[{"id":43997,"href":"https:\/\/www.amuz.krakow.pl\/en\/wp-json\/wp\/v2\/pages\/12381\/revisions\/43997"}],"up":[{"embeddable":true,"href":"https:\/\/www.amuz.krakow.pl\/en\/wp-json\/wp\/v2\/pages\/43993"}],"wp:attachment":[{"href":"https:\/\/www.amuz.krakow.pl\/en\/wp-json\/wp\/v2\/media?parent=12381"}],"curies":[{"name":"wp","href":"https:\/\/api.w.org\/{rel}","templated":true}]}}