{"id":119950,"date":"2026-05-12T13:37:25","date_gmt":"2026-05-12T11:37:25","guid":{"rendered":"https:\/\/www.amuz.krakow.pl\/?page_id=119950"},"modified":"2026-05-12T14:12:09","modified_gmt":"2026-05-12T12:12:09","slug":"orkiestrowy-maj-w-amkp","status":"publish","type":"page","link":"https:\/\/www.amuz.krakow.pl\/en\/orkiestrowy-maj-w-amkp\/","title":{"rendered":"Orchestral May in AMKP"},"content":{"rendered":"<p><img loading=\"lazy\" decoding=\"async\" class=\"aligncenter wp-image-119999 size-full\" src=\"https:\/\/www.amuz.krakow.pl\/wp-content\/uploads\/2026\/05\/slajder-orkiestrowy-maj.jpg\" alt=\"\" width=\"1800\" height=\"720\" srcset=\"https:\/\/www.amuz.krakow.pl\/wp-content\/uploads\/2026\/05\/slajder-orkiestrowy-maj.jpg 1800w, https:\/\/www.amuz.krakow.pl\/wp-content\/uploads\/2026\/05\/slajder-orkiestrowy-maj-300x120.jpg 300w, https:\/\/www.amuz.krakow.pl\/wp-content\/uploads\/2026\/05\/slajder-orkiestrowy-maj-768x307.jpg 768w, https:\/\/www.amuz.krakow.pl\/wp-content\/uploads\/2026\/05\/slajder-orkiestrowy-maj-1536x614.jpg 1536w\" sizes=\"auto, (max-width: 1800px) 100vw, 1800px\" \/><\/p>\n<p>Join us in May for the final concerts of the academic year by our ensembles &#8211; Big Band, Sympchony Orchestra, Chamber Orchestra and Choir.<\/p>\n<p>&nbsp;<\/p>\n<p>&nbsp;<\/p>\n<p style=\"text-align: center;\"><span style=\"font-size: 12pt;\"><strong>14 May 2026<br \/>\n7:00 PM<br \/>\nAMKP Chamber Hall<\/strong><\/span><\/p>\n<p style=\"text-align: center;\">Concert JAZZ in ACADEMY, po\u015bwi\u0119cony tw\u00f3rczo\u015bci Zbigniewa Seiferta. Go\u015bciem specjalnym tej edycji b\u0119dzie Mateusz Smoczy\u0144ski.<\/p>\n<p style=\"text-align: center;\">Wyst\u0105pi\u0105 zespo\u0142y jazzowe student\u00f3w i pedagog\u00f3w AMKP oraz Big Band AMKP.<br \/>\nProwadzenie: Wojciech Groborz i Jacek Namys\u0142owski.<\/p>\n<figure id=\"attachment_119306\" aria-describedby=\"caption-attachment-119306\" style=\"width: 300px\" class=\"wp-caption aligncenter\"><a href=\"https:\/\/www.amuz.krakow.pl\/orkiestry-akademickie\/big-band\/koncerty-2025-2026\/jazz-w-akademii-seifert-14-05-2026\/\" target=\"_blank\" rel=\"noopener\"><img loading=\"lazy\" decoding=\"async\" class=\"wp-image-119306 size-medium\" src=\"https:\/\/www.amuz.krakow.pl\/wp-content\/uploads\/2026\/04\/big-band-seifert-SOCIALE-kafel-300x150.jpg\" alt=\"\" width=\"300\" height=\"150\" srcset=\"https:\/\/www.amuz.krakow.pl\/wp-content\/uploads\/2026\/04\/big-band-seifert-SOCIALE-kafel-300x150.jpg 300w, https:\/\/www.amuz.krakow.pl\/wp-content\/uploads\/2026\/04\/big-band-seifert-SOCIALE-kafel-768x384.jpg 768w, https:\/\/www.amuz.krakow.pl\/wp-content\/uploads\/2026\/04\/big-band-seifert-SOCIALE-kafel-1536x768.jpg 1536w, https:\/\/www.amuz.krakow.pl\/wp-content\/uploads\/2026\/04\/big-band-seifert-SOCIALE-kafel.jpg 1920w\" sizes=\"auto, (max-width: 300px) 100vw, 300px\" \/><\/a><figcaption id=\"caption-attachment-119306\" class=\"wp-caption-text\">More information \u2bad<\/figcaption><\/figure>\n<p>&nbsp;<\/p>\n<hr \/>\n<p>&nbsp;<\/p>\n<p style=\"text-align: center;\"><span style=\"font-size: 12pt;\"><strong>19 May 2026<br \/>\n7:00 PM<br \/>\nKrakow Philharmonic<\/strong><\/span><\/p>\n<p style=\"text-align: center;\">AMKP Symphony Orchestra &#8211; under the baton of Emilia Grzy\u015bka and Leonard Paw\u0142owski.<\/p>\n<p style=\"text-align: center;\">Joanna Habich &#8211; violin<\/p>\n<figure id=\"attachment_96695\" aria-describedby=\"caption-attachment-96695\" style=\"width: 300px\" class=\"wp-caption aligncenter\"><a href=\"https:\/\/www.amuz.krakow.pl\/orkiestry-akademickie\/orkiestra-symfoniczna\/koncerty-2025-2026\/koncert-orkiestry-symfonicznej-amkp-19-05-2026\/\" target=\"_blank\" rel=\"noopener\"><img loading=\"lazy\" decoding=\"async\" class=\"wp-image-96695 size-medium\" src=\"https:\/\/www.amuz.krakow.pl\/wp-content\/uploads\/2025\/02\/SO-300x150.jpg\" alt=\"\" width=\"300\" height=\"150\" srcset=\"https:\/\/www.amuz.krakow.pl\/wp-content\/uploads\/2025\/02\/SO-300x150.jpg 300w, https:\/\/www.amuz.krakow.pl\/wp-content\/uploads\/2025\/02\/SO-768x384.jpg 768w, https:\/\/www.amuz.krakow.pl\/wp-content\/uploads\/2025\/02\/SO.jpg 850w\" sizes=\"auto, (max-width: 300px) 100vw, 300px\" \/><\/a><figcaption id=\"caption-attachment-96695\" class=\"wp-caption-text\">More information \u2bad<\/figcaption><\/figure>\n<p>&nbsp;<\/p>\n<hr \/>\n<p>&nbsp;<\/p>\n<p style=\"text-align: center;\"><span style=\"font-size: 12pt;\"><strong>20 May 2026<br \/>\n7:00 PM<br \/>\nKrakow Philharmonic<\/strong><\/span><\/p>\n<p style=\"text-align: center;\">AMKP Chamber Orchestra &amp; Choir &#8211; conducted by Maciej Tworek.<\/p>\n<p style=\"text-align: center;\">Soloists: Sylwia Olszy\u0144ska, Pawe\u0142 \u017burawski, Marcin Wolak, Joanna Zaucha, Adam Wrazid\u0142o<\/p>\n<figure id=\"attachment_119922\" aria-describedby=\"caption-attachment-119922\" style=\"width: 300px\" class=\"wp-caption aligncenter\"><a href=\"https:\/\/www.amuz.krakow.pl\/orkiestry-akademickie\/orkiestra-kameralna\/koncerty-2025-2026\/koncert-orkiestry-kameralnej-i-choru-amkp-20-05-2026\/\" target=\"_blank\" rel=\"noopener\"><img loading=\"lazy\" decoding=\"async\" class=\"wp-image-119922 size-medium\" src=\"https:\/\/www.amuz.krakow.pl\/wp-content\/uploads\/2026\/04\/stworzenie-swiata-kafel-300x150.jpg\" alt=\"\" width=\"300\" height=\"150\" srcset=\"https:\/\/www.amuz.krakow.pl\/wp-content\/uploads\/2026\/04\/stworzenie-swiata-kafel-300x150.jpg 300w, https:\/\/www.amuz.krakow.pl\/wp-content\/uploads\/2026\/04\/stworzenie-swiata-kafel-768x384.jpg 768w, https:\/\/www.amuz.krakow.pl\/wp-content\/uploads\/2026\/04\/stworzenie-swiata-kafel.jpg 800w\" sizes=\"auto, (max-width: 300px) 100vw, 300px\" \/><\/a><figcaption id=\"caption-attachment-119922\" class=\"wp-caption-text\">More information \u2bad<\/figcaption><\/figure>\n<p>&nbsp;<\/p>","protected":false},"excerpt":{"rendered":"<p>Join us in May for the final concerts of the academic year by our ensembles &#8211; Big Band, Sympchony Orchestra, Chamber Orchestra and Choir. &nbsp; &nbsp; 14 May 2026 7:00&hellip; <a href=\"https:\/\/www.amuz.krakow.pl\/en\/orkiestrowy-maj-w-amkp\/\">Continue reading<\/a><\/p>\n","protected":false},"author":72,"featured_media":119999,"parent":0,"menu_order":0,"comment_status":"closed","ping_status":"closed","template":"","meta":{"footnotes":"","_links_to":"","_links_to_target":""},"class_list":["post-119950","page","type-page","status-publish","has-post-thumbnail","hentry"],"yoast_head":"<!-- This site is optimized with the Yoast SEO plugin v27.5 - https:\/\/yoast.com\/product\/yoast-seo-wordpress\/ -->\n<title>AMKP - Akademia Muzyczna im. Krzysztofa Pendereckiego w Krakowie<\/title>\n<meta name=\"robots\" content=\"index, follow, max-snippet:-1, max-image-preview:large, max-video-preview:-1\" \/>\n<link rel=\"canonical\" href=\"https:\/\/www.amuz.krakow.pl\/orkiestrowy-maj-w-amkp\/\" \/>\n<meta property=\"og:locale\" content=\"en_US\" \/>\n<meta property=\"og:type\" content=\"article\" \/>\n<meta property=\"og:title\" content=\"AMKP - Akademia Muzyczna im. Krzysztofa Pendereckiego w Krakowie\" \/>\n<meta property=\"og:description\" content=\"Join us in May for the final concerts of the academic year by our ensembles &#8211; Big Band, Sympchony Orchestra, Chamber Orchestra and Choir. &nbsp; &nbsp; 14 May 2026 7:00&hellip; Continue reading\" \/>\n<meta property=\"og:url\" content=\"https:\/\/www.amuz.krakow.pl\/orkiestrowy-maj-w-amkp\/\" \/>\n<meta property=\"og:site_name\" content=\"Akademia Muzyczna im. Krzysztofa Pendereckiego w Krakowie\" \/>\n<meta property=\"article:publisher\" content=\"https:\/\/www.facebook.com\/amuz.krakow\" \/>\n<meta property=\"article:modified_time\" content=\"2026-05-12T12:12:09+00:00\" \/>\n<meta property=\"og:image\" content=\"https:\/\/www.amuz.krakow.pl\/wp-content\/uploads\/2026\/05\/slajder-orkiestrowy-maj.jpg\" \/>\n\t<meta property=\"og:image:width\" content=\"1800\" \/>\n\t<meta property=\"og:image:height\" content=\"720\" \/>\n\t<meta property=\"og:image:type\" content=\"image\/jpeg\" \/>\n<meta name=\"twitter:card\" content=\"summary_large_image\" \/>\n<meta name=\"twitter:label1\" content=\"Est. reading time\" \/>\n\t<meta name=\"twitter:data1\" content=\"2 minutes\" \/>\n<script type=\"application\/ld+json\" class=\"yoast-schema-graph\">{\"@context\":\"https:\\\/\\\/schema.org\",\"@graph\":[{\"@type\":\"WebPage\",\"@id\":\"https:\\\/\\\/www.amuz.krakow.pl\\\/orkiestrowy-maj-w-amkp\\\/\",\"url\":\"https:\\\/\\\/www.amuz.krakow.pl\\\/orkiestrowy-maj-w-amkp\\\/\",\"name\":\"AMKP - Akademia Muzyczna im. Krzysztofa Pendereckiego w Krakowie\",\"isPartOf\":{\"@id\":\"https:\\\/\\\/www.amuz.krakow.pl\\\/#website\"},\"primaryImageOfPage\":{\"@id\":\"https:\\\/\\\/www.amuz.krakow.pl\\\/orkiestrowy-maj-w-amkp\\\/#primaryimage\"},\"image\":{\"@id\":\"https:\\\/\\\/www.amuz.krakow.pl\\\/orkiestrowy-maj-w-amkp\\\/#primaryimage\"},\"thumbnailUrl\":\"https:\\\/\\\/www.amuz.krakow.pl\\\/wp-content\\\/uploads\\\/2026\\\/05\\\/slajder-orkiestrowy-maj.jpg\",\"datePublished\":\"2026-05-12T11:37:25+00:00\",\"dateModified\":\"2026-05-12T12:12:09+00:00\",\"breadcrumb\":{\"@id\":\"https:\\\/\\\/www.amuz.krakow.pl\\\/orkiestrowy-maj-w-amkp\\\/#breadcrumb\"},\"inLanguage\":\"en-US\",\"potentialAction\":[{\"@type\":\"ReadAction\",\"target\":[\"https:\\\/\\\/www.amuz.krakow.pl\\\/orkiestrowy-maj-w-amkp\\\/\"]}]},{\"@type\":\"ImageObject\",\"inLanguage\":\"en-US\",\"@id\":\"https:\\\/\\\/www.amuz.krakow.pl\\\/orkiestrowy-maj-w-amkp\\\/#primaryimage\",\"url\":\"https:\\\/\\\/www.amuz.krakow.pl\\\/wp-content\\\/uploads\\\/2026\\\/05\\\/slajder-orkiestrowy-maj.jpg\",\"contentUrl\":\"https:\\\/\\\/www.amuz.krakow.pl\\\/wp-content\\\/uploads\\\/2026\\\/05\\\/slajder-orkiestrowy-maj.jpg\",\"width\":1800,\"height\":720},{\"@type\":\"BreadcrumbList\",\"@id\":\"https:\\\/\\\/www.amuz.krakow.pl\\\/orkiestrowy-maj-w-amkp\\\/#breadcrumb\",\"itemListElement\":[{\"@type\":\"ListItem\",\"position\":1,\"name\":\"Strona g\u0142\u00f3wna\",\"item\":\"https:\\\/\\\/www.amuz.krakow.pl\\\/\"},{\"@type\":\"ListItem\",\"position\":2,\"name\":\"Orkiestrowy maj w AMKP\"}]},{\"@type\":\"WebSite\",\"@id\":\"https:\\\/\\\/www.amuz.krakow.pl\\\/#website\",\"url\":\"https:\\\/\\\/www.amuz.krakow.pl\\\/\",\"name\":\"Akademia Muzyczna im. Krzysztofa Pendereckiego w Krakowie\",\"description\":\"Oficjalna strona Akademii Muzycznej im. Krzysztofa Pendereckiego w Krakowie (AMKP).\",\"publisher\":{\"@id\":\"https:\\\/\\\/www.amuz.krakow.pl\\\/#organization\"},\"alternateName\":\"AMKP\",\"potentialAction\":[{\"@type\":\"SearchAction\",\"target\":{\"@type\":\"EntryPoint\",\"urlTemplate\":\"https:\\\/\\\/www.amuz.krakow.pl\\\/?s={search_term_string}\"},\"query-input\":{\"@type\":\"PropertyValueSpecification\",\"valueRequired\":true,\"valueName\":\"search_term_string\"}}],\"inLanguage\":\"en-US\"},{\"@type\":\"Organization\",\"@id\":\"https:\\\/\\\/www.amuz.krakow.pl\\\/#organization\",\"name\":\"Akademia Muzyczna im. Krzysztofa Pendereckiego w Krakowie\",\"alternateName\":\"AMKP\",\"url\":\"https:\\\/\\\/www.amuz.krakow.pl\\\/\",\"logo\":{\"@type\":\"ImageObject\",\"inLanguage\":\"en-US\",\"@id\":\"https:\\\/\\\/www.amuz.krakow.pl\\\/#\\\/schema\\\/logo\\\/image\\\/\",\"url\":\"https:\\\/\\\/www.amuz.krakow.pl\\\/wp-content\\\/uploads\\\/2021\\\/11\\\/amkp.jpg\",\"contentUrl\":\"https:\\\/\\\/www.amuz.krakow.pl\\\/wp-content\\\/uploads\\\/2021\\\/11\\\/amkp.jpg\",\"width\":1193,\"height\":591,\"caption\":\"Akademia Muzyczna im. Krzysztofa Pendereckiego w Krakowie\"},\"image\":{\"@id\":\"https:\\\/\\\/www.amuz.krakow.pl\\\/#\\\/schema\\\/logo\\\/image\\\/\"},\"sameAs\":[\"https:\\\/\\\/www.facebook.com\\\/amuz.krakow\",\"https:\\\/\\\/www.instagram.com\\\/amkpenderecki\\\/\",\"https:\\\/\\\/www.youtube.com\\\/@amkpenderecki4806\"]}]}<\/script>\n<!-- \/ Yoast SEO plugin. -->","yoast_head_json":{"title":"AMKP - Akademia Muzyczna im. Krzysztofa Pendereckiego w Krakowie","robots":{"index":"index","follow":"follow","max-snippet":"max-snippet:-1","max-image-preview":"max-image-preview:large","max-video-preview":"max-video-preview:-1"},"canonical":"https:\/\/www.amuz.krakow.pl\/orkiestrowy-maj-w-amkp\/","og_locale":"en_US","og_type":"article","og_title":"AMKP - Akademia Muzyczna im. Krzysztofa Pendereckiego w Krakowie","og_description":"Join us in May for the final concerts of the academic year by our ensembles &#8211; Big Band, Sympchony Orchestra, Chamber Orchestra and Choir. &nbsp; &nbsp; 14 May 2026 7:00&hellip; Continue reading","og_url":"https:\/\/www.amuz.krakow.pl\/orkiestrowy-maj-w-amkp\/","og_site_name":"Akademia Muzyczna im. Krzysztofa Pendereckiego w Krakowie","article_publisher":"https:\/\/www.facebook.com\/amuz.krakow","article_modified_time":"2026-05-12T12:12:09+00:00","og_image":[{"width":1800,"height":720,"url":"https:\/\/www.amuz.krakow.pl\/wp-content\/uploads\/2026\/05\/slajder-orkiestrowy-maj.jpg","type":"image\/jpeg"}],"twitter_card":"summary_large_image","twitter_misc":{"Est. reading time":"2 minutes"},"schema":{"@context":"https:\/\/schema.org","@graph":[{"@type":"WebPage","@id":"https:\/\/www.amuz.krakow.pl\/orkiestrowy-maj-w-amkp\/","url":"https:\/\/www.amuz.krakow.pl\/orkiestrowy-maj-w-amkp\/","name":"AMKP - Akademia Muzyczna im. Krzysztofa Pendereckiego w Krakowie","isPartOf":{"@id":"https:\/\/www.amuz.krakow.pl\/#website"},"primaryImageOfPage":{"@id":"https:\/\/www.amuz.krakow.pl\/orkiestrowy-maj-w-amkp\/#primaryimage"},"image":{"@id":"https:\/\/www.amuz.krakow.pl\/orkiestrowy-maj-w-amkp\/#primaryimage"},"thumbnailUrl":"https:\/\/www.amuz.krakow.pl\/wp-content\/uploads\/2026\/05\/slajder-orkiestrowy-maj.jpg","datePublished":"2026-05-12T11:37:25+00:00","dateModified":"2026-05-12T12:12:09+00:00","breadcrumb":{"@id":"https:\/\/www.amuz.krakow.pl\/orkiestrowy-maj-w-amkp\/#breadcrumb"},"inLanguage":"en-US","potentialAction":[{"@type":"ReadAction","target":["https:\/\/www.amuz.krakow.pl\/orkiestrowy-maj-w-amkp\/"]}]},{"@type":"ImageObject","inLanguage":"en-US","@id":"https:\/\/www.amuz.krakow.pl\/orkiestrowy-maj-w-amkp\/#primaryimage","url":"https:\/\/www.amuz.krakow.pl\/wp-content\/uploads\/2026\/05\/slajder-orkiestrowy-maj.jpg","contentUrl":"https:\/\/www.amuz.krakow.pl\/wp-content\/uploads\/2026\/05\/slajder-orkiestrowy-maj.jpg","width":1800,"height":720},{"@type":"BreadcrumbList","@id":"https:\/\/www.amuz.krakow.pl\/orkiestrowy-maj-w-amkp\/#breadcrumb","itemListElement":[{"@type":"ListItem","position":1,"name":"Strona g\u0142\u00f3wna","item":"https:\/\/www.amuz.krakow.pl\/"},{"@type":"ListItem","position":2,"name":"Orkiestrowy maj w AMKP"}]},{"@type":"WebSite","@id":"https:\/\/www.amuz.krakow.pl\/#website","url":"https:\/\/www.amuz.krakow.pl\/","name":"Akademia Muzyczna im. Krzysztofa Pendereckiego w Krakowie","description":"Oficjalna strona Akademii Muzycznej im. Krzysztofa Pendereckiego w Krakowie (AMKP).","publisher":{"@id":"https:\/\/www.amuz.krakow.pl\/#organization"},"alternateName":"AMKP","potentialAction":[{"@type":"SearchAction","target":{"@type":"EntryPoint","urlTemplate":"https:\/\/www.amuz.krakow.pl\/?s={search_term_string}"},"query-input":{"@type":"PropertyValueSpecification","valueRequired":true,"valueName":"search_term_string"}}],"inLanguage":"en-US"},{"@type":"Organization","@id":"https:\/\/www.amuz.krakow.pl\/#organization","name":"Akademia Muzyczna im. Krzysztofa Pendereckiego w Krakowie","alternateName":"AMKP","url":"https:\/\/www.amuz.krakow.pl\/","logo":{"@type":"ImageObject","inLanguage":"en-US","@id":"https:\/\/www.amuz.krakow.pl\/#\/schema\/logo\/image\/","url":"https:\/\/www.amuz.krakow.pl\/wp-content\/uploads\/2021\/11\/amkp.jpg","contentUrl":"https:\/\/www.amuz.krakow.pl\/wp-content\/uploads\/2021\/11\/amkp.jpg","width":1193,"height":591,"caption":"Akademia Muzyczna im. Krzysztofa Pendereckiego w Krakowie"},"image":{"@id":"https:\/\/www.amuz.krakow.pl\/#\/schema\/logo\/image\/"},"sameAs":["https:\/\/www.facebook.com\/amuz.krakow","https:\/\/www.instagram.com\/amkpenderecki\/","https:\/\/www.youtube.com\/@amkpenderecki4806"]}]}},"_links":{"self":[{"href":"https:\/\/www.amuz.krakow.pl\/en\/wp-json\/wp\/v2\/pages\/119950","targetHints":{"allow":["GET"]}}],"collection":[{"href":"https:\/\/www.amuz.krakow.pl\/en\/wp-json\/wp\/v2\/pages"}],"about":[{"href":"https:\/\/www.amuz.krakow.pl\/en\/wp-json\/wp\/v2\/types\/page"}],"author":[{"embeddable":true,"href":"https:\/\/www.amuz.krakow.pl\/en\/wp-json\/wp\/v2\/users\/72"}],"replies":[{"embeddable":true,"href":"https:\/\/www.amuz.krakow.pl\/en\/wp-json\/wp\/v2\/comments?post=119950"}],"version-history":[{"count":1,"href":"https:\/\/www.amuz.krakow.pl\/en\/wp-json\/wp\/v2\/pages\/119950\/revisions"}],"predecessor-version":[{"id":120004,"href":"https:\/\/www.amuz.krakow.pl\/en\/wp-json\/wp\/v2\/pages\/119950\/revisions\/120004"}],"wp:featuredmedia":[{"embeddable":true,"href":"https:\/\/www.amuz.krakow.pl\/en\/wp-json\/wp\/v2\/media\/119999"}],"wp:attachment":[{"href":"https:\/\/www.amuz.krakow.pl\/en\/wp-json\/wp\/v2\/media?parent=119950"}],"curies":[{"name":"wp","href":"https:\/\/api.w.org\/{rel}","templated":true}]}}