{"id":119640,"date":"2026-04-30T11:19:55","date_gmt":"2026-04-30T09:19:55","guid":{"rendered":"https:\/\/www.amuz.krakow.pl\/?page_id=119640"},"modified":"2026-04-30T11:38:07","modified_gmt":"2026-04-30T09:38:07","slug":"martyna-zakrzewska-wykonawstwo-muzyki-xx-i-xxi-wieku-pianisci-zespoly-z-fortepianem","status":"publish","type":"page","link":"https:\/\/www.amuz.krakow.pl\/en\/letnia-akademia-muzyczna\/wykaz-kursow\/instrumenty-klawiszowe\/martyna-zakrzewska-wykonawstwo-muzyki-xx-i-xxi-wieku-pianisci-zespoly-z-fortepianem\/","title":{"rendered":"Martyna Zakrzewska &#8211; 20th- and 21st-century music performance course (for pianists \/ ensembles with piano)"},"content":{"rendered":"<p><figure id=\"attachment_119644\" aria-describedby=\"caption-attachment-119644\" style=\"width: 250px\" class=\"wp-caption alignleft\"><a href=\"https:\/\/www.amuz.krakow.pl\/wp-content\/uploads\/2026\/04\/Martyna-Zakrzewska_fot.Aleksandra-Oldak.png\" target=\"_blank\" rel=\"noopener\"><img loading=\"lazy\" decoding=\"async\" class=\"wp-image-119644\" src=\"https:\/\/www.amuz.krakow.pl\/wp-content\/uploads\/2026\/04\/Martyna-Zakrzewska_fot.Aleksandra-Oldak-169x300.png\" alt=\"\" width=\"250\" height=\"444\" srcset=\"https:\/\/www.amuz.krakow.pl\/wp-content\/uploads\/2026\/04\/Martyna-Zakrzewska_fot.Aleksandra-Oldak-169x300.png 169w, https:\/\/www.amuz.krakow.pl\/wp-content\/uploads\/2026\/04\/Martyna-Zakrzewska_fot.Aleksandra-Oldak-768x1365.png 768w, https:\/\/www.amuz.krakow.pl\/wp-content\/uploads\/2026\/04\/Martyna-Zakrzewska_fot.Aleksandra-Oldak-864x1536.png 864w, https:\/\/www.amuz.krakow.pl\/wp-content\/uploads\/2026\/04\/Martyna-Zakrzewska_fot.Aleksandra-Oldak.png 1125w\" sizes=\"auto, (max-width: 250px) 100vw, 250px\" \/><\/a><figcaption id=\"caption-attachment-119644\" class=\"wp-caption-text\">photo by Aleksandra Oldak<\/figcaption><\/figure><\/p>\n<p style=\"text-align: center;\">***<\/p>\n<p>The course is open both to participants with an established repertoire of 20th- and 21st-century music and to instrumentalists with no experience in new music. Pianists and ensembles interested in the course but without a prepared programme may contact Martyna to discuss a suitable repertoire at:<\/p>\n<p><a href=\"mailto:martynaemiliazakrzewska@gmail.com\">martynaemiliazakrzewska@gmail.com<\/a><\/p>\n<p style=\"text-align: center;\">***<\/p>\n<hr \/>\n<p>MARTYNA ZAKRZEWSKA: born and raised in Racib\u00f3rz, Silesia; pianist\u2014soloist and chamber musician\u2014specialising in performance of contemporary music, Doctor of Fine Arts. Teacher as a vocation, yogi as a spiritual calling. She was taught in Racib\u00f3rz, Rybnik, Krak\u00f3w, and Cologne. MA graduate of the Krzysztof Penderecki Academy of Music in Krak\u00f3w, where she studied with prof. Milena K\u0119dra (BA with prof. Mariusz Sielski), and of Hochschule f\u00fcr Musik und Tanz K\u00f6ln, with prof. David Smeyers (also, class of prof. Pierre-Laurent Aimard). In 2021 she defended, with honours, her doctoral thesis: \u2018The pianist in the light of piano literature from the avant-garde of the 1960s up until the present: roles and hearing tropes,\u2019 which involved recording works by Elliott Carter, George Crumb, and Georges Aperghis, among others. In 2025 she began studies in symphonic and operatic conducting at the Karol Szymanowski Academy of Music in Katowice, under Prof Szymon Bywalec.<\/p>\n<p>As pianist she was awarded special prize in the 2014 edition of the 20<sup>th<\/sup>&#8211; &amp; 21<sup>st<\/sup>-Century Music Competition for Young Performers in Radziejowice, second prize in the 23<sup>rd<\/sup> Concorso Luigi Nono, a scholarship from Poland\u2019s Ministry of Culture and National Heritage, and a grant from the President of the City of Krak\u00f3w. From 2013 to 2015 she was a member of the European Workshop for Contemporary Music, with whom she performed during the International Summer Course for New Music in Darmstadt and at the International Festival of Contemporary Music \u2018Warsaw Autumn\u2019. In Cologne she was given the opportunity to work with the Musikfabrik ensemble\u2014a collaboration which concluded with a concert at the Universit\u00e4t der K\u00fcnste Berlin. As a soloist she has performed in\u2014among other venues and institutions\u2014the University of Music and Performing Arts Graz, WDR, Deutschlandfunk, the Lviv Philharmonic, the \u2018\u015awi\u0119tokrzyska\u2019 Philharmonic, and the Witold Lutos\u0142awski Concert Studio of the Polish Radio in Warsaw, as well as with the Polish National Radio Symphony Orchestra (NOSPR).<\/p>\n<p>She has performed at many festivals\u2014including Wien Modern, Acht Br\u00fccken, \u2018Warsaw Autumn\u2019, Witold Lutos\u0142awski Festival \u2018Chain\u2019 in Warsaw, Krak\u00f3w\u2019s Sacrum Profanum, Audio Art, ELEMENTI, unsound, and aXes, MUSICA MODERNA in \u0141\u00f3d\u017a, NeoArte in Gda\u0144sk, as well as 7 Nurt\u00f3w [Seven Currents] and TRZY-CZTE-RY in Warsaw\u2014and worked with such conductors as R\u00fcdiger Bohn, Marek Mo\u015b, and Jose Luis Castillo. She has given first performances of pieces by\u2014among other composers\u2014Andrzej Kwieci\u0144ski, Artur Zagajewski, Cezary Duchnowski, Joanna Wo\u017any, Jaros\u0142aw P\u0142onka, Jacek Sotomski, Marta \u015aniady, Pawe\u0142 Malinowski, Monika Szpyrka, Anna Sowa, Nina Fukuoka, \u017baneta Rydzewska, and Martyna Kosecka.<\/p>\n<p>She has taken masterclasses from\u2014among other pianists and ensembles\u2014Aleksey Orlovetsky, Nicolas Hodges, Benjamin Kobler, Sebastian Berweck, Maciej Grzybowski, Ensemble Musikfabrik, Ensemble Modern, and ensemble recherche. She has attended the impuls Academy in Graz, Darmstadt\u2019s Internationale Ferienkurse f\u00fcr Neue Musik, Ostrava Days, and Stockhausen-kurse in K\u00fcrten. In 2022 and 2023 she taught her own piano class during consecutive editions of the Summer New Music Courses for Performers (Wakacyjne Kursy Nowej Muzyki dla Wykonawc\u00f3w) in Bydgoszcz. Her regular teaching includes a class in contemporary music at her alma mater in Krak\u00f3w.<\/p>\n<p>In 2014 she conceived and founded the Sp\u00f3\u0142dzielnia Muzyczna contemporary ensemble, which she led and was part of until 2023, earning the Siemens Musikstiftung Ensemble Prize among other achievements. The year 2020 saw the premiere of her original project \u2018Feminine forms\u2019, focused on women\u2019s performance of pieces by contemporary female composers. Rediscovering Poland\u2019s music, she came across the \u0153uvre of Barbara Buczek, which resulted in a project covering the composer\u2019s complete works for the piano, premiered in 2021 as part of that year\u2019s Sacrum Profanum festival. In 2025 she recorded her original interpretation of <em>Sonatas and Interludes<\/em> for prepared piano by John Cage, a project presented in several concerts around Poland so far. At the Krzysztof Penderecki Academy of Music in Krak\u00f3w, where she is assistant professor, since 2024 she has been supervising students\u2019 research and performance group New Wayve, acting as conductor of its student ensembles.<\/p>","protected":false},"excerpt":{"rendered":"<p>*** The course is open both to participants with an established repertoire of 20th- and 21st-century music and to instrumentalists with no experience in new music. Pianists and ensembles interested&hellip; <a href=\"https:\/\/www.amuz.krakow.pl\/en\/letnia-akademia-muzyczna\/wykaz-kursow\/instrumenty-klawiszowe\/martyna-zakrzewska-wykonawstwo-muzyki-xx-i-xxi-wieku-pianisci-zespoly-z-fortepianem\/\">Continue reading<\/a><\/p>\n","protected":false},"author":72,"featured_media":119645,"parent":47050,"menu_order":100,"comment_status":"closed","ping_status":"closed","template":"","meta":{"footnotes":"","_links_to":"","_links_to_target":""},"class_list":["post-119640","page","type-page","status-publish","has-post-thumbnail","hentry"],"yoast_head":"<!-- This site is optimized with the Yoast SEO plugin v27.5 - https:\/\/yoast.com\/product\/yoast-seo-wordpress\/ -->\n<title>AMKP - Akademia Muzyczna im. Krzysztofa Pendereckiego w Krakowie<\/title>\n<meta name=\"robots\" content=\"index, follow, max-snippet:-1, max-image-preview:large, max-video-preview:-1\" \/>\n<link rel=\"canonical\" href=\"https:\/\/www.amuz.krakow.pl\/letnia-akademia-muzyczna\/wykaz-kursow\/instrumenty-klawiszowe\/martyna-zakrzewska-wykonawstwo-muzyki-xx-i-xxi-wieku-pianisci-zespoly-z-fortepianem\/\" \/>\n<meta property=\"og:locale\" content=\"en_US\" \/>\n<meta property=\"og:type\" content=\"article\" \/>\n<meta property=\"og:title\" content=\"AMKP - Akademia Muzyczna im. Krzysztofa Pendereckiego w Krakowie\" \/>\n<meta property=\"og:description\" content=\"*** The course is open both to participants with an established repertoire of 20th- and 21st-century music and to instrumentalists with no experience in new music. Pianists and ensembles interested&hellip; Continue reading\" \/>\n<meta property=\"og:url\" content=\"https:\/\/www.amuz.krakow.pl\/letnia-akademia-muzyczna\/wykaz-kursow\/instrumenty-klawiszowe\/martyna-zakrzewska-wykonawstwo-muzyki-xx-i-xxi-wieku-pianisci-zespoly-z-fortepianem\/\" \/>\n<meta property=\"og:site_name\" content=\"Akademia Muzyczna im. Krzysztofa Pendereckiego w Krakowie\" \/>\n<meta property=\"article:publisher\" content=\"https:\/\/www.facebook.com\/amuz.krakow\" \/>\n<meta property=\"article:modified_time\" content=\"2026-04-30T09:38:07+00:00\" \/>\n<meta property=\"og:image\" content=\"https:\/\/www.amuz.krakow.pl\/wp-content\/uploads\/2026\/04\/Martyna-Zakrzewska_fot.Aleksandra-Oldak-1.png\" \/>\n\t<meta property=\"og:image:width\" content=\"1125\" \/>\n\t<meta property=\"og:image:height\" content=\"563\" \/>\n\t<meta property=\"og:image:type\" content=\"image\/png\" \/>\n<meta name=\"twitter:card\" content=\"summary_large_image\" \/>\n<meta name=\"twitter:label1\" content=\"Est. reading time\" \/>\n\t<meta name=\"twitter:data1\" content=\"5 minutes\" \/>\n<script type=\"application\/ld+json\" class=\"yoast-schema-graph\">{\"@context\":\"https:\\\/\\\/schema.org\",\"@graph\":[{\"@type\":\"WebPage\",\"@id\":\"https:\\\/\\\/www.amuz.krakow.pl\\\/letnia-akademia-muzyczna\\\/wykaz-kursow\\\/instrumenty-klawiszowe\\\/martyna-zakrzewska-wykonawstwo-muzyki-xx-i-xxi-wieku-pianisci-zespoly-z-fortepianem\\\/\",\"url\":\"https:\\\/\\\/www.amuz.krakow.pl\\\/letnia-akademia-muzyczna\\\/wykaz-kursow\\\/instrumenty-klawiszowe\\\/martyna-zakrzewska-wykonawstwo-muzyki-xx-i-xxi-wieku-pianisci-zespoly-z-fortepianem\\\/\",\"name\":\"AMKP - Akademia Muzyczna im. Krzysztofa Pendereckiego w Krakowie\",\"isPartOf\":{\"@id\":\"https:\\\/\\\/www.amuz.krakow.pl\\\/#website\"},\"primaryImageOfPage\":{\"@id\":\"https:\\\/\\\/www.amuz.krakow.pl\\\/letnia-akademia-muzyczna\\\/wykaz-kursow\\\/instrumenty-klawiszowe\\\/martyna-zakrzewska-wykonawstwo-muzyki-xx-i-xxi-wieku-pianisci-zespoly-z-fortepianem\\\/#primaryimage\"},\"image\":{\"@id\":\"https:\\\/\\\/www.amuz.krakow.pl\\\/letnia-akademia-muzyczna\\\/wykaz-kursow\\\/instrumenty-klawiszowe\\\/martyna-zakrzewska-wykonawstwo-muzyki-xx-i-xxi-wieku-pianisci-zespoly-z-fortepianem\\\/#primaryimage\"},\"thumbnailUrl\":\"https:\\\/\\\/www.amuz.krakow.pl\\\/wp-content\\\/uploads\\\/2026\\\/04\\\/Martyna-Zakrzewska_fot.Aleksandra-Oldak-1.png\",\"datePublished\":\"2026-04-30T09:19:55+00:00\",\"dateModified\":\"2026-04-30T09:38:07+00:00\",\"breadcrumb\":{\"@id\":\"https:\\\/\\\/www.amuz.krakow.pl\\\/letnia-akademia-muzyczna\\\/wykaz-kursow\\\/instrumenty-klawiszowe\\\/martyna-zakrzewska-wykonawstwo-muzyki-xx-i-xxi-wieku-pianisci-zespoly-z-fortepianem\\\/#breadcrumb\"},\"inLanguage\":\"en-US\",\"potentialAction\":[{\"@type\":\"ReadAction\",\"target\":[\"https:\\\/\\\/www.amuz.krakow.pl\\\/letnia-akademia-muzyczna\\\/wykaz-kursow\\\/instrumenty-klawiszowe\\\/martyna-zakrzewska-wykonawstwo-muzyki-xx-i-xxi-wieku-pianisci-zespoly-z-fortepianem\\\/\"]}]},{\"@type\":\"ImageObject\",\"inLanguage\":\"en-US\",\"@id\":\"https:\\\/\\\/www.amuz.krakow.pl\\\/letnia-akademia-muzyczna\\\/wykaz-kursow\\\/instrumenty-klawiszowe\\\/martyna-zakrzewska-wykonawstwo-muzyki-xx-i-xxi-wieku-pianisci-zespoly-z-fortepianem\\\/#primaryimage\",\"url\":\"https:\\\/\\\/www.amuz.krakow.pl\\\/wp-content\\\/uploads\\\/2026\\\/04\\\/Martyna-Zakrzewska_fot.Aleksandra-Oldak-1.png\",\"contentUrl\":\"https:\\\/\\\/www.amuz.krakow.pl\\\/wp-content\\\/uploads\\\/2026\\\/04\\\/Martyna-Zakrzewska_fot.Aleksandra-Oldak-1.png\",\"width\":1125,\"height\":563},{\"@type\":\"BreadcrumbList\",\"@id\":\"https:\\\/\\\/www.amuz.krakow.pl\\\/letnia-akademia-muzyczna\\\/wykaz-kursow\\\/instrumenty-klawiszowe\\\/martyna-zakrzewska-wykonawstwo-muzyki-xx-i-xxi-wieku-pianisci-zespoly-z-fortepianem\\\/#breadcrumb\",\"itemListElement\":[{\"@type\":\"ListItem\",\"position\":1,\"name\":\"Strona g\u0142\u00f3wna\",\"item\":\"https:\\\/\\\/www.amuz.krakow.pl\\\/\"},{\"@type\":\"ListItem\",\"position\":2,\"name\":\"Letnia Akademia Muzyczna\",\"item\":\"https:\\\/\\\/www.amuz.krakow.pl\\\/letnia-akademia-muzyczna\\\/\"},{\"@type\":\"ListItem\",\"position\":3,\"name\":\"Wykaz kurs\u00f3w\",\"item\":\"https:\\\/\\\/www.amuz.krakow.pl\\\/letnia-akademia-muzyczna\\\/wykaz-kursow\\\/\"},{\"@type\":\"ListItem\",\"position\":4,\"name\":\"Instrumenty klawiszowe\",\"item\":\"https:\\\/\\\/www.amuz.krakow.pl\\\/letnia-akademia-muzyczna\\\/wykaz-kursow\\\/instrumenty-klawiszowe\\\/\"},{\"@type\":\"ListItem\",\"position\":5,\"name\":\"Martyna Zakrzewska &#8211; wykonawstwo muzyki XX i XXI wieku (piani\u015bci \\\/ zespo\u0142y z fortepianem)\"}]},{\"@type\":\"WebSite\",\"@id\":\"https:\\\/\\\/www.amuz.krakow.pl\\\/#website\",\"url\":\"https:\\\/\\\/www.amuz.krakow.pl\\\/\",\"name\":\"Akademia Muzyczna im. Krzysztofa Pendereckiego w Krakowie\",\"description\":\"Oficjalna strona Akademii Muzycznej im. Krzysztofa Pendereckiego w Krakowie (AMKP).\",\"publisher\":{\"@id\":\"https:\\\/\\\/www.amuz.krakow.pl\\\/#organization\"},\"alternateName\":\"AMKP\",\"potentialAction\":[{\"@type\":\"SearchAction\",\"target\":{\"@type\":\"EntryPoint\",\"urlTemplate\":\"https:\\\/\\\/www.amuz.krakow.pl\\\/?s={search_term_string}\"},\"query-input\":{\"@type\":\"PropertyValueSpecification\",\"valueRequired\":true,\"valueName\":\"search_term_string\"}}],\"inLanguage\":\"en-US\"},{\"@type\":\"Organization\",\"@id\":\"https:\\\/\\\/www.amuz.krakow.pl\\\/#organization\",\"name\":\"Akademia Muzyczna im. Krzysztofa Pendereckiego w Krakowie\",\"alternateName\":\"AMKP\",\"url\":\"https:\\\/\\\/www.amuz.krakow.pl\\\/\",\"logo\":{\"@type\":\"ImageObject\",\"inLanguage\":\"en-US\",\"@id\":\"https:\\\/\\\/www.amuz.krakow.pl\\\/#\\\/schema\\\/logo\\\/image\\\/\",\"url\":\"https:\\\/\\\/www.amuz.krakow.pl\\\/wp-content\\\/uploads\\\/2021\\\/11\\\/amkp.jpg\",\"contentUrl\":\"https:\\\/\\\/www.amuz.krakow.pl\\\/wp-content\\\/uploads\\\/2021\\\/11\\\/amkp.jpg\",\"width\":1193,\"height\":591,\"caption\":\"Akademia Muzyczna im. Krzysztofa Pendereckiego w Krakowie\"},\"image\":{\"@id\":\"https:\\\/\\\/www.amuz.krakow.pl\\\/#\\\/schema\\\/logo\\\/image\\\/\"},\"sameAs\":[\"https:\\\/\\\/www.facebook.com\\\/amuz.krakow\",\"https:\\\/\\\/www.instagram.com\\\/amkpenderecki\\\/\",\"https:\\\/\\\/www.youtube.com\\\/@amkpenderecki4806\"]}]}<\/script>\n<!-- \/ Yoast SEO plugin. -->","yoast_head_json":{"title":"AMKP - Akademia Muzyczna im. Krzysztofa Pendereckiego w Krakowie","robots":{"index":"index","follow":"follow","max-snippet":"max-snippet:-1","max-image-preview":"max-image-preview:large","max-video-preview":"max-video-preview:-1"},"canonical":"https:\/\/www.amuz.krakow.pl\/letnia-akademia-muzyczna\/wykaz-kursow\/instrumenty-klawiszowe\/martyna-zakrzewska-wykonawstwo-muzyki-xx-i-xxi-wieku-pianisci-zespoly-z-fortepianem\/","og_locale":"en_US","og_type":"article","og_title":"AMKP - Akademia Muzyczna im. Krzysztofa Pendereckiego w Krakowie","og_description":"*** The course is open both to participants with an established repertoire of 20th- and 21st-century music and to instrumentalists with no experience in new music. Pianists and ensembles interested&hellip; Continue reading","og_url":"https:\/\/www.amuz.krakow.pl\/letnia-akademia-muzyczna\/wykaz-kursow\/instrumenty-klawiszowe\/martyna-zakrzewska-wykonawstwo-muzyki-xx-i-xxi-wieku-pianisci-zespoly-z-fortepianem\/","og_site_name":"Akademia Muzyczna im. Krzysztofa Pendereckiego w Krakowie","article_publisher":"https:\/\/www.facebook.com\/amuz.krakow","article_modified_time":"2026-04-30T09:38:07+00:00","og_image":[{"width":1125,"height":563,"url":"https:\/\/www.amuz.krakow.pl\/wp-content\/uploads\/2026\/04\/Martyna-Zakrzewska_fot.Aleksandra-Oldak-1.png","type":"image\/png"}],"twitter_card":"summary_large_image","twitter_misc":{"Est. reading time":"5 minutes"},"schema":{"@context":"https:\/\/schema.org","@graph":[{"@type":"WebPage","@id":"https:\/\/www.amuz.krakow.pl\/letnia-akademia-muzyczna\/wykaz-kursow\/instrumenty-klawiszowe\/martyna-zakrzewska-wykonawstwo-muzyki-xx-i-xxi-wieku-pianisci-zespoly-z-fortepianem\/","url":"https:\/\/www.amuz.krakow.pl\/letnia-akademia-muzyczna\/wykaz-kursow\/instrumenty-klawiszowe\/martyna-zakrzewska-wykonawstwo-muzyki-xx-i-xxi-wieku-pianisci-zespoly-z-fortepianem\/","name":"AMKP - Akademia Muzyczna im. Krzysztofa Pendereckiego w Krakowie","isPartOf":{"@id":"https:\/\/www.amuz.krakow.pl\/#website"},"primaryImageOfPage":{"@id":"https:\/\/www.amuz.krakow.pl\/letnia-akademia-muzyczna\/wykaz-kursow\/instrumenty-klawiszowe\/martyna-zakrzewska-wykonawstwo-muzyki-xx-i-xxi-wieku-pianisci-zespoly-z-fortepianem\/#primaryimage"},"image":{"@id":"https:\/\/www.amuz.krakow.pl\/letnia-akademia-muzyczna\/wykaz-kursow\/instrumenty-klawiszowe\/martyna-zakrzewska-wykonawstwo-muzyki-xx-i-xxi-wieku-pianisci-zespoly-z-fortepianem\/#primaryimage"},"thumbnailUrl":"https:\/\/www.amuz.krakow.pl\/wp-content\/uploads\/2026\/04\/Martyna-Zakrzewska_fot.Aleksandra-Oldak-1.png","datePublished":"2026-04-30T09:19:55+00:00","dateModified":"2026-04-30T09:38:07+00:00","breadcrumb":{"@id":"https:\/\/www.amuz.krakow.pl\/letnia-akademia-muzyczna\/wykaz-kursow\/instrumenty-klawiszowe\/martyna-zakrzewska-wykonawstwo-muzyki-xx-i-xxi-wieku-pianisci-zespoly-z-fortepianem\/#breadcrumb"},"inLanguage":"en-US","potentialAction":[{"@type":"ReadAction","target":["https:\/\/www.amuz.krakow.pl\/letnia-akademia-muzyczna\/wykaz-kursow\/instrumenty-klawiszowe\/martyna-zakrzewska-wykonawstwo-muzyki-xx-i-xxi-wieku-pianisci-zespoly-z-fortepianem\/"]}]},{"@type":"ImageObject","inLanguage":"en-US","@id":"https:\/\/www.amuz.krakow.pl\/letnia-akademia-muzyczna\/wykaz-kursow\/instrumenty-klawiszowe\/martyna-zakrzewska-wykonawstwo-muzyki-xx-i-xxi-wieku-pianisci-zespoly-z-fortepianem\/#primaryimage","url":"https:\/\/www.amuz.krakow.pl\/wp-content\/uploads\/2026\/04\/Martyna-Zakrzewska_fot.Aleksandra-Oldak-1.png","contentUrl":"https:\/\/www.amuz.krakow.pl\/wp-content\/uploads\/2026\/04\/Martyna-Zakrzewska_fot.Aleksandra-Oldak-1.png","width":1125,"height":563},{"@type":"BreadcrumbList","@id":"https:\/\/www.amuz.krakow.pl\/letnia-akademia-muzyczna\/wykaz-kursow\/instrumenty-klawiszowe\/martyna-zakrzewska-wykonawstwo-muzyki-xx-i-xxi-wieku-pianisci-zespoly-z-fortepianem\/#breadcrumb","itemListElement":[{"@type":"ListItem","position":1,"name":"Strona g\u0142\u00f3wna","item":"https:\/\/www.amuz.krakow.pl\/"},{"@type":"ListItem","position":2,"name":"Letnia Akademia Muzyczna","item":"https:\/\/www.amuz.krakow.pl\/letnia-akademia-muzyczna\/"},{"@type":"ListItem","position":3,"name":"Wykaz kurs\u00f3w","item":"https:\/\/www.amuz.krakow.pl\/letnia-akademia-muzyczna\/wykaz-kursow\/"},{"@type":"ListItem","position":4,"name":"Instrumenty klawiszowe","item":"https:\/\/www.amuz.krakow.pl\/letnia-akademia-muzyczna\/wykaz-kursow\/instrumenty-klawiszowe\/"},{"@type":"ListItem","position":5,"name":"Martyna Zakrzewska &#8211; wykonawstwo muzyki XX i XXI wieku (piani\u015bci \/ zespo\u0142y z fortepianem)"}]},{"@type":"WebSite","@id":"https:\/\/www.amuz.krakow.pl\/#website","url":"https:\/\/www.amuz.krakow.pl\/","name":"Akademia Muzyczna im. Krzysztofa Pendereckiego w Krakowie","description":"Oficjalna strona Akademii Muzycznej im. Krzysztofa Pendereckiego w Krakowie (AMKP).","publisher":{"@id":"https:\/\/www.amuz.krakow.pl\/#organization"},"alternateName":"AMKP","potentialAction":[{"@type":"SearchAction","target":{"@type":"EntryPoint","urlTemplate":"https:\/\/www.amuz.krakow.pl\/?s={search_term_string}"},"query-input":{"@type":"PropertyValueSpecification","valueRequired":true,"valueName":"search_term_string"}}],"inLanguage":"en-US"},{"@type":"Organization","@id":"https:\/\/www.amuz.krakow.pl\/#organization","name":"Akademia Muzyczna im. Krzysztofa Pendereckiego w Krakowie","alternateName":"AMKP","url":"https:\/\/www.amuz.krakow.pl\/","logo":{"@type":"ImageObject","inLanguage":"en-US","@id":"https:\/\/www.amuz.krakow.pl\/#\/schema\/logo\/image\/","url":"https:\/\/www.amuz.krakow.pl\/wp-content\/uploads\/2021\/11\/amkp.jpg","contentUrl":"https:\/\/www.amuz.krakow.pl\/wp-content\/uploads\/2021\/11\/amkp.jpg","width":1193,"height":591,"caption":"Akademia Muzyczna im. Krzysztofa Pendereckiego w Krakowie"},"image":{"@id":"https:\/\/www.amuz.krakow.pl\/#\/schema\/logo\/image\/"},"sameAs":["https:\/\/www.facebook.com\/amuz.krakow","https:\/\/www.instagram.com\/amkpenderecki\/","https:\/\/www.youtube.com\/@amkpenderecki4806"]}]}},"_links":{"self":[{"href":"https:\/\/www.amuz.krakow.pl\/en\/wp-json\/wp\/v2\/pages\/119640","targetHints":{"allow":["GET"]}}],"collection":[{"href":"https:\/\/www.amuz.krakow.pl\/en\/wp-json\/wp\/v2\/pages"}],"about":[{"href":"https:\/\/www.amuz.krakow.pl\/en\/wp-json\/wp\/v2\/types\/page"}],"author":[{"embeddable":true,"href":"https:\/\/www.amuz.krakow.pl\/en\/wp-json\/wp\/v2\/users\/72"}],"replies":[{"embeddable":true,"href":"https:\/\/www.amuz.krakow.pl\/en\/wp-json\/wp\/v2\/comments?post=119640"}],"version-history":[{"count":3,"href":"https:\/\/www.amuz.krakow.pl\/en\/wp-json\/wp\/v2\/pages\/119640\/revisions"}],"predecessor-version":[{"id":119648,"href":"https:\/\/www.amuz.krakow.pl\/en\/wp-json\/wp\/v2\/pages\/119640\/revisions\/119648"}],"up":[{"embeddable":true,"href":"https:\/\/www.amuz.krakow.pl\/en\/wp-json\/wp\/v2\/pages\/47050"}],"wp:featuredmedia":[{"embeddable":true,"href":"https:\/\/www.amuz.krakow.pl\/en\/wp-json\/wp\/v2\/media\/119645"}],"wp:attachment":[{"href":"https:\/\/www.amuz.krakow.pl\/en\/wp-json\/wp\/v2\/media?parent=119640"}],"curies":[{"name":"wp","href":"https:\/\/api.w.org\/{rel}","templated":true}]}}