{"id":118226,"date":"2026-04-09T12:26:18","date_gmt":"2026-04-09T10:26:18","guid":{"rendered":"https:\/\/www.amuz.krakow.pl\/?page_id=118226"},"modified":"2026-04-10T13:29:04","modified_gmt":"2026-04-10T11:29:04","slug":"szczegolowe-wymagania-kwalifikacyjne","status":"publish","type":"page","link":"https:\/\/www.amuz.krakow.pl\/en\/kursanci\/uzupelniajacy-kurs-artystyczny-w-jezyku-angielskim\/szczegolowe-wymagania-kwalifikacyjne\/","title":{"rendered":"Detailed qualification requirements"},"content":{"rendered":"<p><\/p>\n<p style=\"text-align: center;\"><span style=\"font-size: 12pt;\">Detailed programme requirements for admission<\/span><br \/>\n<span style=\"font-size: 12pt;\">to the Artistic Course at AMKP<\/span><\/p>\n<p>&nbsp;<\/p>\n<p><strong>Faculty of Composition, Interpretation and Music Education<\/strong><\/p>\n<p>Course in the following areas:<\/p>\n<ul>\n<li><strong>composition<\/strong><\/li>\n<\/ul>\n<p>Scores or sketches of three pieces for various ensembles (excluding popular music). Description of the candidate&#8217;s compositional experience to date.<\/p>\n<ul>\n<li><strong>conducting<\/strong><\/li>\n<\/ul>\n<p>Recording including a presentation of the candidate conducting classical orchestral repertoire (performed by an orchestra or on the piano).<\/p>\n<p>&nbsp;<\/p>\n<p><strong>Instrumental Faculty<\/strong><\/p>\n<p>Course in the following areas:<\/p>\n<ul>\n<li><strong>instrumental studies<\/strong><\/li>\n<\/ul>\n<p>Programme covering classical music repertoire \u2013 15 min.<\/p>\n<ul>\n<li><strong>jazz and improvised music<\/strong><\/li>\n<\/ul>\n<p>Programme covering jazz repertoire \u2013 15 min.<\/p>\n<p>&nbsp;<\/p>\n<p><strong>Faculty of Voice and Drama<\/strong><\/p>\n<p>Course in the area of:<\/p>\n<ul>\n<li><strong>vocal studies<\/strong><\/li>\n<\/ul>\n<p>2 pieces from classical literature \u2013 aria, song from European literature, from the field of classical music, from the area of opera, operetta.<\/p>\n<p>&nbsp;<\/p>\n<p><span style=\"font-size: 12pt;\"><strong>General <\/strong><strong>rules:<\/strong><\/span><\/p>\n<ol>\n<li>If the repertoire is presented in the form of an audiovisual recording, it must not be edited. The programme must be recorded in its entirety (without cuts between pieces). Recordings containing individual pieces, technical errors, or making it impossible to identify the person playing\/singing\/conducting (from a distance, from behind, etc.) will not be considered.<\/li>\n<li>The interview referred to in \u00a7 4(2)(2) of the Regulations is conducted in During the interview, the candidate answers the questions of the committee, in particular those verifying the candidate\u2019s general musical knowledge.<\/li>\n<li>It is the responsibility of the candidate undergoing online qualification to ensure proper connectivity. In the event of technical faults preventing the online interview from taking place on the appointed date, another, final date may be set. The candidate&#8217;s absence during the interview or technical problems preventing the interview from taking place on the second date will result in the rejection of the application.<\/li>\n<\/ol>\n<p><\/p>","protected":false},"excerpt":{"rendered":"<p>Detailed programme requirements for admission to the Artistic Course at AMKP &nbsp; Faculty of Composition, Interpretation and Music Education Course in the following areas: composition Scores or sketches of three&hellip; <a href=\"https:\/\/www.amuz.krakow.pl\/en\/kursanci\/uzupelniajacy-kurs-artystyczny-w-jezyku-angielskim\/szczegolowe-wymagania-kwalifikacyjne\/\">Continue reading<\/a><\/p>\n","protected":false},"author":72,"featured_media":118308,"parent":117255,"menu_order":3,"comment_status":"closed","ping_status":"closed","template":"","meta":{"footnotes":"","_links_to":"","_links_to_target":""},"class_list":["post-118226","page","type-page","status-publish","has-post-thumbnail","hentry"],"yoast_head":"<!-- This site is optimized with the Yoast SEO plugin v27.2 - https:\/\/yoast.com\/product\/yoast-seo-wordpress\/ -->\n<title>AMKP - Akademia Muzyczna im. Krzysztofa Pendereckiego w Krakowie<\/title>\n<meta name=\"robots\" content=\"index, follow, max-snippet:-1, max-image-preview:large, max-video-preview:-1\" \/>\n<link rel=\"canonical\" href=\"https:\/\/www.amuz.krakow.pl\/kursanci\/uzupelniajacy-kurs-artystyczny-w-jezyku-angielskim\/szczegolowe-wymagania-kwalifikacyjne\/\" \/>\n<meta property=\"og:locale\" content=\"en_US\" \/>\n<meta property=\"og:type\" content=\"article\" \/>\n<meta property=\"og:title\" content=\"AMKP - Akademia Muzyczna im. Krzysztofa Pendereckiego w Krakowie\" \/>\n<meta property=\"og:description\" content=\"Detailed programme requirements for admission to the Artistic Course at AMKP &nbsp; Faculty of Composition, Interpretation and Music Education Course in the following areas: composition Scores or sketches of three&hellip; Continue reading\" \/>\n<meta property=\"og:url\" content=\"https:\/\/www.amuz.krakow.pl\/kursanci\/uzupelniajacy-kurs-artystyczny-w-jezyku-angielskim\/szczegolowe-wymagania-kwalifikacyjne\/\" \/>\n<meta property=\"og:site_name\" content=\"Akademia Muzyczna im. Krzysztofa Pendereckiego w Krakowie\" \/>\n<meta property=\"article:publisher\" content=\"https:\/\/www.facebook.com\/amuz.krakow\" \/>\n<meta property=\"article:modified_time\" content=\"2026-04-10T11:29:04+00:00\" \/>\n<meta property=\"og:image\" content=\"https:\/\/www.amuz.krakow.pl\/wp-content\/uploads\/2026\/04\/kurs-4.jpg\" \/>\n\t<meta property=\"og:image:width\" content=\"900\" \/>\n\t<meta property=\"og:image:height\" content=\"450\" \/>\n\t<meta property=\"og:image:type\" content=\"image\/jpeg\" \/>\n<meta name=\"twitter:card\" content=\"summary_large_image\" \/>\n<meta name=\"twitter:label1\" content=\"Est. reading time\" \/>\n\t<meta name=\"twitter:data1\" content=\"2 minutes\" \/>\n<script type=\"application\/ld+json\" class=\"yoast-schema-graph\">{\"@context\":\"https:\/\/schema.org\",\"@graph\":[{\"@type\":\"WebPage\",\"@id\":\"https:\/\/www.amuz.krakow.pl\/kursanci\/uzupelniajacy-kurs-artystyczny-w-jezyku-angielskim\/szczegolowe-wymagania-kwalifikacyjne\/\",\"url\":\"https:\/\/www.amuz.krakow.pl\/kursanci\/uzupelniajacy-kurs-artystyczny-w-jezyku-angielskim\/szczegolowe-wymagania-kwalifikacyjne\/\",\"name\":\"AMKP - Akademia Muzyczna im. Krzysztofa Pendereckiego w Krakowie\",\"isPartOf\":{\"@id\":\"https:\/\/www.amuz.krakow.pl\/#website\"},\"primaryImageOfPage\":{\"@id\":\"https:\/\/www.amuz.krakow.pl\/kursanci\/uzupelniajacy-kurs-artystyczny-w-jezyku-angielskim\/szczegolowe-wymagania-kwalifikacyjne\/#primaryimage\"},\"image\":{\"@id\":\"https:\/\/www.amuz.krakow.pl\/kursanci\/uzupelniajacy-kurs-artystyczny-w-jezyku-angielskim\/szczegolowe-wymagania-kwalifikacyjne\/#primaryimage\"},\"thumbnailUrl\":\"https:\/\/www.amuz.krakow.pl\/wp-content\/uploads\/2026\/04\/kurs-4.jpg\",\"datePublished\":\"2026-04-09T10:26:18+00:00\",\"dateModified\":\"2026-04-10T11:29:04+00:00\",\"breadcrumb\":{\"@id\":\"https:\/\/www.amuz.krakow.pl\/kursanci\/uzupelniajacy-kurs-artystyczny-w-jezyku-angielskim\/szczegolowe-wymagania-kwalifikacyjne\/#breadcrumb\"},\"inLanguage\":\"en-US\",\"potentialAction\":[{\"@type\":\"ReadAction\",\"target\":[\"https:\/\/www.amuz.krakow.pl\/kursanci\/uzupelniajacy-kurs-artystyczny-w-jezyku-angielskim\/szczegolowe-wymagania-kwalifikacyjne\/\"]}]},{\"@type\":\"ImageObject\",\"inLanguage\":\"en-US\",\"@id\":\"https:\/\/www.amuz.krakow.pl\/kursanci\/uzupelniajacy-kurs-artystyczny-w-jezyku-angielskim\/szczegolowe-wymagania-kwalifikacyjne\/#primaryimage\",\"url\":\"https:\/\/www.amuz.krakow.pl\/wp-content\/uploads\/2026\/04\/kurs-4.jpg\",\"contentUrl\":\"https:\/\/www.amuz.krakow.pl\/wp-content\/uploads\/2026\/04\/kurs-4.jpg\",\"width\":900,\"height\":450},{\"@type\":\"BreadcrumbList\",\"@id\":\"https:\/\/www.amuz.krakow.pl\/kursanci\/uzupelniajacy-kurs-artystyczny-w-jezyku-angielskim\/szczegolowe-wymagania-kwalifikacyjne\/#breadcrumb\",\"itemListElement\":[{\"@type\":\"ListItem\",\"position\":1,\"name\":\"Strona g\u0142\u00f3wna\",\"item\":\"https:\/\/www.amuz.krakow.pl\/\"},{\"@type\":\"ListItem\",\"position\":2,\"name\":\"Kursanci\",\"item\":\"https:\/\/www.amuz.krakow.pl\/kursanci\/\"},{\"@type\":\"ListItem\",\"position\":3,\"name\":\"Uzupe\u0142niaj\u0105cy kurs artystyczny w j\u0119zyku angielskim\",\"item\":\"https:\/\/www.amuz.krakow.pl\/kursanci\/uzupelniajacy-kurs-artystyczny-w-jezyku-angielskim\/\"},{\"@type\":\"ListItem\",\"position\":4,\"name\":\"Szczeg\u00f3\u0142owe wymagania kwalifikacyjne\"}]},{\"@type\":\"WebSite\",\"@id\":\"https:\/\/www.amuz.krakow.pl\/#website\",\"url\":\"https:\/\/www.amuz.krakow.pl\/\",\"name\":\"Akademia Muzyczna im. Krzysztofa Pendereckiego w Krakowie\",\"description\":\"Oficjalna strona Akademii Muzycznej im. Krzysztofa Pendereckiego w Krakowie (AMKP).\",\"publisher\":{\"@id\":\"https:\/\/www.amuz.krakow.pl\/#organization\"},\"alternateName\":\"AMKP\",\"potentialAction\":[{\"@type\":\"SearchAction\",\"target\":{\"@type\":\"EntryPoint\",\"urlTemplate\":\"https:\/\/www.amuz.krakow.pl\/?s={search_term_string}\"},\"query-input\":{\"@type\":\"PropertyValueSpecification\",\"valueRequired\":true,\"valueName\":\"search_term_string\"}}],\"inLanguage\":\"en-US\"},{\"@type\":\"Organization\",\"@id\":\"https:\/\/www.amuz.krakow.pl\/#organization\",\"name\":\"Akademia Muzyczna im. Krzysztofa Pendereckiego w Krakowie\",\"alternateName\":\"AMKP\",\"url\":\"https:\/\/www.amuz.krakow.pl\/\",\"logo\":{\"@type\":\"ImageObject\",\"inLanguage\":\"en-US\",\"@id\":\"https:\/\/www.amuz.krakow.pl\/#\/schema\/logo\/image\/\",\"url\":\"https:\/\/www.amuz.krakow.pl\/wp-content\/uploads\/2021\/11\/amkp.jpg\",\"contentUrl\":\"https:\/\/www.amuz.krakow.pl\/wp-content\/uploads\/2021\/11\/amkp.jpg\",\"width\":1193,\"height\":591,\"caption\":\"Akademia Muzyczna im. Krzysztofa Pendereckiego w Krakowie\"},\"image\":{\"@id\":\"https:\/\/www.amuz.krakow.pl\/#\/schema\/logo\/image\/\"},\"sameAs\":[\"https:\/\/www.facebook.com\/amuz.krakow\",\"https:\/\/www.instagram.com\/amkpenderecki\/\",\"https:\/\/www.youtube.com\/@amkpenderecki4806\"]}]}<\/script>\n<!-- \/ Yoast SEO plugin. -->","yoast_head_json":{"title":"AMKP - Akademia Muzyczna im. Krzysztofa Pendereckiego w Krakowie","robots":{"index":"index","follow":"follow","max-snippet":"max-snippet:-1","max-image-preview":"max-image-preview:large","max-video-preview":"max-video-preview:-1"},"canonical":"https:\/\/www.amuz.krakow.pl\/kursanci\/uzupelniajacy-kurs-artystyczny-w-jezyku-angielskim\/szczegolowe-wymagania-kwalifikacyjne\/","og_locale":"en_US","og_type":"article","og_title":"AMKP - Akademia Muzyczna im. Krzysztofa Pendereckiego w Krakowie","og_description":"Detailed programme requirements for admission to the Artistic Course at AMKP &nbsp; Faculty of Composition, Interpretation and Music Education Course in the following areas: composition Scores or sketches of three&hellip; Continue reading","og_url":"https:\/\/www.amuz.krakow.pl\/kursanci\/uzupelniajacy-kurs-artystyczny-w-jezyku-angielskim\/szczegolowe-wymagania-kwalifikacyjne\/","og_site_name":"Akademia Muzyczna im. Krzysztofa Pendereckiego w Krakowie","article_publisher":"https:\/\/www.facebook.com\/amuz.krakow","article_modified_time":"2026-04-10T11:29:04+00:00","og_image":[{"width":900,"height":450,"url":"https:\/\/www.amuz.krakow.pl\/wp-content\/uploads\/2026\/04\/kurs-4.jpg","type":"image\/jpeg"}],"twitter_card":"summary_large_image","twitter_misc":{"Est. reading time":"2 minutes"},"schema":{"@context":"https:\/\/schema.org","@graph":[{"@type":"WebPage","@id":"https:\/\/www.amuz.krakow.pl\/kursanci\/uzupelniajacy-kurs-artystyczny-w-jezyku-angielskim\/szczegolowe-wymagania-kwalifikacyjne\/","url":"https:\/\/www.amuz.krakow.pl\/kursanci\/uzupelniajacy-kurs-artystyczny-w-jezyku-angielskim\/szczegolowe-wymagania-kwalifikacyjne\/","name":"AMKP - Akademia Muzyczna im. Krzysztofa Pendereckiego w Krakowie","isPartOf":{"@id":"https:\/\/www.amuz.krakow.pl\/#website"},"primaryImageOfPage":{"@id":"https:\/\/www.amuz.krakow.pl\/kursanci\/uzupelniajacy-kurs-artystyczny-w-jezyku-angielskim\/szczegolowe-wymagania-kwalifikacyjne\/#primaryimage"},"image":{"@id":"https:\/\/www.amuz.krakow.pl\/kursanci\/uzupelniajacy-kurs-artystyczny-w-jezyku-angielskim\/szczegolowe-wymagania-kwalifikacyjne\/#primaryimage"},"thumbnailUrl":"https:\/\/www.amuz.krakow.pl\/wp-content\/uploads\/2026\/04\/kurs-4.jpg","datePublished":"2026-04-09T10:26:18+00:00","dateModified":"2026-04-10T11:29:04+00:00","breadcrumb":{"@id":"https:\/\/www.amuz.krakow.pl\/kursanci\/uzupelniajacy-kurs-artystyczny-w-jezyku-angielskim\/szczegolowe-wymagania-kwalifikacyjne\/#breadcrumb"},"inLanguage":"en-US","potentialAction":[{"@type":"ReadAction","target":["https:\/\/www.amuz.krakow.pl\/kursanci\/uzupelniajacy-kurs-artystyczny-w-jezyku-angielskim\/szczegolowe-wymagania-kwalifikacyjne\/"]}]},{"@type":"ImageObject","inLanguage":"en-US","@id":"https:\/\/www.amuz.krakow.pl\/kursanci\/uzupelniajacy-kurs-artystyczny-w-jezyku-angielskim\/szczegolowe-wymagania-kwalifikacyjne\/#primaryimage","url":"https:\/\/www.amuz.krakow.pl\/wp-content\/uploads\/2026\/04\/kurs-4.jpg","contentUrl":"https:\/\/www.amuz.krakow.pl\/wp-content\/uploads\/2026\/04\/kurs-4.jpg","width":900,"height":450},{"@type":"BreadcrumbList","@id":"https:\/\/www.amuz.krakow.pl\/kursanci\/uzupelniajacy-kurs-artystyczny-w-jezyku-angielskim\/szczegolowe-wymagania-kwalifikacyjne\/#breadcrumb","itemListElement":[{"@type":"ListItem","position":1,"name":"Strona g\u0142\u00f3wna","item":"https:\/\/www.amuz.krakow.pl\/"},{"@type":"ListItem","position":2,"name":"Kursanci","item":"https:\/\/www.amuz.krakow.pl\/kursanci\/"},{"@type":"ListItem","position":3,"name":"Uzupe\u0142niaj\u0105cy kurs artystyczny w j\u0119zyku angielskim","item":"https:\/\/www.amuz.krakow.pl\/kursanci\/uzupelniajacy-kurs-artystyczny-w-jezyku-angielskim\/"},{"@type":"ListItem","position":4,"name":"Szczeg\u00f3\u0142owe wymagania kwalifikacyjne"}]},{"@type":"WebSite","@id":"https:\/\/www.amuz.krakow.pl\/#website","url":"https:\/\/www.amuz.krakow.pl\/","name":"Akademia Muzyczna im. Krzysztofa Pendereckiego w Krakowie","description":"Oficjalna strona Akademii Muzycznej im. Krzysztofa Pendereckiego w Krakowie (AMKP).","publisher":{"@id":"https:\/\/www.amuz.krakow.pl\/#organization"},"alternateName":"AMKP","potentialAction":[{"@type":"SearchAction","target":{"@type":"EntryPoint","urlTemplate":"https:\/\/www.amuz.krakow.pl\/?s={search_term_string}"},"query-input":{"@type":"PropertyValueSpecification","valueRequired":true,"valueName":"search_term_string"}}],"inLanguage":"en-US"},{"@type":"Organization","@id":"https:\/\/www.amuz.krakow.pl\/#organization","name":"Akademia Muzyczna im. Krzysztofa Pendereckiego w Krakowie","alternateName":"AMKP","url":"https:\/\/www.amuz.krakow.pl\/","logo":{"@type":"ImageObject","inLanguage":"en-US","@id":"https:\/\/www.amuz.krakow.pl\/#\/schema\/logo\/image\/","url":"https:\/\/www.amuz.krakow.pl\/wp-content\/uploads\/2021\/11\/amkp.jpg","contentUrl":"https:\/\/www.amuz.krakow.pl\/wp-content\/uploads\/2021\/11\/amkp.jpg","width":1193,"height":591,"caption":"Akademia Muzyczna im. Krzysztofa Pendereckiego w Krakowie"},"image":{"@id":"https:\/\/www.amuz.krakow.pl\/#\/schema\/logo\/image\/"},"sameAs":["https:\/\/www.facebook.com\/amuz.krakow","https:\/\/www.instagram.com\/amkpenderecki\/","https:\/\/www.youtube.com\/@amkpenderecki4806"]}]}},"_links":{"self":[{"href":"https:\/\/www.amuz.krakow.pl\/en\/wp-json\/wp\/v2\/pages\/118226","targetHints":{"allow":["GET"]}}],"collection":[{"href":"https:\/\/www.amuz.krakow.pl\/en\/wp-json\/wp\/v2\/pages"}],"about":[{"href":"https:\/\/www.amuz.krakow.pl\/en\/wp-json\/wp\/v2\/types\/page"}],"author":[{"embeddable":true,"href":"https:\/\/www.amuz.krakow.pl\/en\/wp-json\/wp\/v2\/users\/72"}],"replies":[{"embeddable":true,"href":"https:\/\/www.amuz.krakow.pl\/en\/wp-json\/wp\/v2\/comments?post=118226"}],"version-history":[{"count":3,"href":"https:\/\/www.amuz.krakow.pl\/en\/wp-json\/wp\/v2\/pages\/118226\/revisions"}],"predecessor-version":[{"id":118239,"href":"https:\/\/www.amuz.krakow.pl\/en\/wp-json\/wp\/v2\/pages\/118226\/revisions\/118239"}],"up":[{"embeddable":true,"href":"https:\/\/www.amuz.krakow.pl\/en\/wp-json\/wp\/v2\/pages\/117255"}],"wp:featuredmedia":[{"embeddable":true,"href":"https:\/\/www.amuz.krakow.pl\/en\/wp-json\/wp\/v2\/media\/118308"}],"wp:attachment":[{"href":"https:\/\/www.amuz.krakow.pl\/en\/wp-json\/wp\/v2\/media?parent=118226"}],"curies":[{"name":"wp","href":"https:\/\/api.w.org\/{rel}","templated":true}]}}