{"id":117656,"date":"2026-04-01T13:55:34","date_gmt":"2026-04-01T11:55:34","guid":{"rendered":"https:\/\/www.amuz.krakow.pl\/?page_id=117656"},"modified":"2026-04-01T15:48:28","modified_gmt":"2026-04-01T13:48:28","slug":"spektakl-operowy-dydona-i-eneasz-w-wykonaniu-studentow-wydzialu-wokalno-aktorskiego-i-orkiestry-barokowej-amkp","status":"publish","type":"page","link":"https:\/\/www.amuz.krakow.pl\/en\/wydzialy\/wydzial-iii-wokalno-aktorski\/katedra-wokalistyki\/aktualnosci-25\/spektakl-operowy-dydona-i-eneasz-w-wykonaniu-studentow-wydzialu-wokalno-aktorskiego-i-orkiestry-barokowej-amkp\/","title":{"rendered":"Spektakl operowy &#8220;Dydona i Eneasz&#8221; &#8211; w wykonaniu student\u00f3w Wydzia\u0142u Wokalno-Aktorskiego i Orkiestry Barokowej AMKP"},"content":{"rendered":"<p>Wydzia\u0142 Wokalno-Aktorski oraz Katedra Muzyki Dawnej zapraszaj\u0105 na <strong>spektakl operowy &#8220;Dydona i Eneasz&#8221; Henry&#8217;ego Purcella<\/strong>.<\/p>\n<p>Wyst\u0105pi\u0105 studenci Wydzia\u0142u Wokalno-Aktorskiego, Orkiestra Barokowa AMKP oraz tancerze Krakowskiej Szko\u0142y Sztuki Ta\u0144ca <em>L&#8217;Art de la Danse.<\/em><\/p>\n<p>Koordynacja projektu: prof. dr hab. Jacek Ozimkowski<\/p>\n<p>&nbsp;<\/p>\n<p><span style=\"font-size: 12pt;\"><strong>\u015broda 29 \/ czwartek 30 kwietnia 2026 <\/strong><\/span><br \/>\n<span style=\"font-size: 12pt;\"><strong>Teatr \u0141a\u017ania Nowa<\/strong><\/span><br \/>\n<span style=\"font-size: 12pt;\"><strong>os. Szkolne 25, Krak\u00f3w<\/strong><\/span><\/p>\n<p><span style=\"font-size: 12pt;\">HENRY PURCELL (1651-1695) <em>Dydona i Eneasz<\/em><\/span><\/p>\n<p><strong>B\u0142a\u017cej Peszek<\/strong> re\u017cyseria<br \/>\n<strong>Tomasz Tokarczyk<\/strong> dyrygent\/kierownictwo muzyczne<br \/>\n<strong>Katarzyna Starzycka \/ Olga Tsymbaluk<\/strong>\u00a0przygotowanie muzyczne<br \/>\n<strong>Monika My\u015bliwiec<\/strong>\u00a0choreografia \/ ruch sceniczny<br \/>\n<strong>Katarzyna Pawelec<\/strong>\u00a0scenografia \/ kostiumy<br \/>\n<strong>Dariusz Pawelec<\/strong> re\u017cyseria\/ realizacja \u015bwiat\u0142a<\/p>\n<p><strong>Tancerze Krakowskiej Szko\u0142y Sztuki Ta\u0144ca <em>L&#8217;Art de la Danse<\/em><\/strong><br \/>\n<strong>Studenci Wydzia\u0142u Wokalno-Aktorskiego AMKP<\/strong><br \/>\n<strong>Orkiestra Barokowa AMKP<\/strong><\/p>\n<hr \/>\n<p>Bilety w cenie 30 z\u0142 \/ 40 z\u0142.<br \/>\nInformacja o mo\u017cliwo\u015bci nabycia bilet\u00f3w &#8211; wkr\u00f3tce.<\/p>","protected":false},"excerpt":{"rendered":"<p>Wydzia\u0142 Wokalno-Aktorski oraz Katedra Muzyki Dawnej zapraszaj\u0105 na spektakl operowy &#8220;Dydona i Eneasz&#8221; Henry&#8217;ego Purcella. Wyst\u0105pi\u0105 studenci Wydzia\u0142u Wokalno-Aktorskiego, Orkiestra Barokowa AMKP oraz tancerze Krakowskiej Szko\u0142y Sztuki Ta\u0144ca L&#8217;Art de&hellip; <a href=\"https:\/\/www.amuz.krakow.pl\/en\/wydzialy\/wydzial-iii-wokalno-aktorski\/katedra-wokalistyki\/aktualnosci-25\/spektakl-operowy-dydona-i-eneasz-w-wykonaniu-studentow-wydzialu-wokalno-aktorskiego-i-orkiestry-barokowej-amkp\/\">Continue reading<\/a><\/p>\n","protected":false},"author":72,"featured_media":117699,"parent":106670,"menu_order":-19,"comment_status":"closed","ping_status":"closed","template":"","meta":{"footnotes":"","_links_to":"","_links_to_target":""},"class_list":["post-117656","page","type-page","status-publish","has-post-thumbnail","hentry"],"yoast_head":"<!-- This site is optimized with the Yoast SEO plugin v27.2 - https:\/\/yoast.com\/product\/yoast-seo-wordpress\/ -->\n<title>AMKP - Akademia Muzyczna im. Krzysztofa Pendereckiego w Krakowie<\/title>\n<meta name=\"robots\" content=\"index, follow, max-snippet:-1, max-image-preview:large, max-video-preview:-1\" \/>\n<link rel=\"canonical\" href=\"https:\/\/www.amuz.krakow.pl\/wydzialy\/wydzial-iii-wokalno-aktorski\/katedra-wokalistyki\/aktualnosci-25\/spektakl-operowy-dydona-i-eneasz-w-wykonaniu-studentow-wydzialu-wokalno-aktorskiego-i-orkiestry-barokowej-amkp\/\" \/>\n<meta property=\"og:locale\" content=\"en_US\" \/>\n<meta property=\"og:type\" content=\"article\" \/>\n<meta property=\"og:title\" content=\"AMKP - Akademia Muzyczna im. Krzysztofa Pendereckiego w Krakowie\" \/>\n<meta property=\"og:description\" content=\"Wydzia\u0142 Wokalno-Aktorski oraz Katedra Muzyki Dawnej zapraszaj\u0105 na spektakl operowy &#8220;Dydona i Eneasz&#8221; Henry&#8217;ego Purcella. Wyst\u0105pi\u0105 studenci Wydzia\u0142u Wokalno-Aktorskiego, Orkiestra Barokowa AMKP oraz tancerze Krakowskiej Szko\u0142y Sztuki Ta\u0144ca L&#8217;Art de&hellip; Continue reading\" \/>\n<meta property=\"og:url\" content=\"https:\/\/www.amuz.krakow.pl\/wydzialy\/wydzial-iii-wokalno-aktorski\/katedra-wokalistyki\/aktualnosci-25\/spektakl-operowy-dydona-i-eneasz-w-wykonaniu-studentow-wydzialu-wokalno-aktorskiego-i-orkiestry-barokowej-amkp\/\" \/>\n<meta property=\"og:site_name\" content=\"Akademia Muzyczna im. Krzysztofa Pendereckiego w Krakowie\" \/>\n<meta property=\"article:publisher\" content=\"https:\/\/www.facebook.com\/amuz.krakow\" \/>\n<meta property=\"article:modified_time\" content=\"2026-04-01T13:48:28+00:00\" \/>\n<meta property=\"og:image\" content=\"https:\/\/www.amuz.krakow.pl\/wp-content\/uploads\/2026\/04\/SOCIALE-dydona-i-eneasz-WWW.jpg\" \/>\n\t<meta property=\"og:image:width\" content=\"1920\" \/>\n\t<meta property=\"og:image:height\" content=\"960\" \/>\n\t<meta property=\"og:image:type\" content=\"image\/jpeg\" \/>\n<meta name=\"twitter:card\" content=\"summary_large_image\" \/>\n<meta name=\"twitter:label1\" content=\"Est. reading time\" \/>\n\t<meta name=\"twitter:data1\" content=\"2 minutes\" \/>\n<script type=\"application\/ld+json\" class=\"yoast-schema-graph\">{\"@context\":\"https:\/\/schema.org\",\"@graph\":[{\"@type\":\"WebPage\",\"@id\":\"https:\/\/www.amuz.krakow.pl\/wydzialy\/wydzial-iii-wokalno-aktorski\/katedra-wokalistyki\/aktualnosci-25\/spektakl-operowy-dydona-i-eneasz-w-wykonaniu-studentow-wydzialu-wokalno-aktorskiego-i-orkiestry-barokowej-amkp\/\",\"url\":\"https:\/\/www.amuz.krakow.pl\/wydzialy\/wydzial-iii-wokalno-aktorski\/katedra-wokalistyki\/aktualnosci-25\/spektakl-operowy-dydona-i-eneasz-w-wykonaniu-studentow-wydzialu-wokalno-aktorskiego-i-orkiestry-barokowej-amkp\/\",\"name\":\"AMKP - Akademia Muzyczna im. Krzysztofa Pendereckiego w Krakowie\",\"isPartOf\":{\"@id\":\"https:\/\/www.amuz.krakow.pl\/#website\"},\"primaryImageOfPage\":{\"@id\":\"https:\/\/www.amuz.krakow.pl\/wydzialy\/wydzial-iii-wokalno-aktorski\/katedra-wokalistyki\/aktualnosci-25\/spektakl-operowy-dydona-i-eneasz-w-wykonaniu-studentow-wydzialu-wokalno-aktorskiego-i-orkiestry-barokowej-amkp\/#primaryimage\"},\"image\":{\"@id\":\"https:\/\/www.amuz.krakow.pl\/wydzialy\/wydzial-iii-wokalno-aktorski\/katedra-wokalistyki\/aktualnosci-25\/spektakl-operowy-dydona-i-eneasz-w-wykonaniu-studentow-wydzialu-wokalno-aktorskiego-i-orkiestry-barokowej-amkp\/#primaryimage\"},\"thumbnailUrl\":\"https:\/\/www.amuz.krakow.pl\/wp-content\/uploads\/2026\/04\/SOCIALE-dydona-i-eneasz-WWW.jpg\",\"datePublished\":\"2026-04-01T11:55:34+00:00\",\"dateModified\":\"2026-04-01T13:48:28+00:00\",\"breadcrumb\":{\"@id\":\"https:\/\/www.amuz.krakow.pl\/wydzialy\/wydzial-iii-wokalno-aktorski\/katedra-wokalistyki\/aktualnosci-25\/spektakl-operowy-dydona-i-eneasz-w-wykonaniu-studentow-wydzialu-wokalno-aktorskiego-i-orkiestry-barokowej-amkp\/#breadcrumb\"},\"inLanguage\":\"en-US\",\"potentialAction\":[{\"@type\":\"ReadAction\",\"target\":[\"https:\/\/www.amuz.krakow.pl\/wydzialy\/wydzial-iii-wokalno-aktorski\/katedra-wokalistyki\/aktualnosci-25\/spektakl-operowy-dydona-i-eneasz-w-wykonaniu-studentow-wydzialu-wokalno-aktorskiego-i-orkiestry-barokowej-amkp\/\"]}]},{\"@type\":\"ImageObject\",\"inLanguage\":\"en-US\",\"@id\":\"https:\/\/www.amuz.krakow.pl\/wydzialy\/wydzial-iii-wokalno-aktorski\/katedra-wokalistyki\/aktualnosci-25\/spektakl-operowy-dydona-i-eneasz-w-wykonaniu-studentow-wydzialu-wokalno-aktorskiego-i-orkiestry-barokowej-amkp\/#primaryimage\",\"url\":\"https:\/\/www.amuz.krakow.pl\/wp-content\/uploads\/2026\/04\/SOCIALE-dydona-i-eneasz-WWW.jpg\",\"contentUrl\":\"https:\/\/www.amuz.krakow.pl\/wp-content\/uploads\/2026\/04\/SOCIALE-dydona-i-eneasz-WWW.jpg\",\"width\":1920,\"height\":960},{\"@type\":\"BreadcrumbList\",\"@id\":\"https:\/\/www.amuz.krakow.pl\/wydzialy\/wydzial-iii-wokalno-aktorski\/katedra-wokalistyki\/aktualnosci-25\/spektakl-operowy-dydona-i-eneasz-w-wykonaniu-studentow-wydzialu-wokalno-aktorskiego-i-orkiestry-barokowej-amkp\/#breadcrumb\",\"itemListElement\":[{\"@type\":\"ListItem\",\"position\":1,\"name\":\"Strona g\u0142\u00f3wna\",\"item\":\"https:\/\/www.amuz.krakow.pl\/\"},{\"@type\":\"ListItem\",\"position\":2,\"name\":\"WYDZIA\u0141Y\",\"item\":\"https:\/\/www.amuz.krakow.pl\/wydzialy\/\"},{\"@type\":\"ListItem\",\"position\":3,\"name\":\"Wydzia\u0142 Wokalno-Aktorski\",\"item\":\"https:\/\/www.amuz.krakow.pl\/wydzialy\/wydzial-iii-wokalno-aktorski\/\"},{\"@type\":\"ListItem\",\"position\":4,\"name\":\"Katedra Wokalistyki\",\"item\":\"https:\/\/www.amuz.krakow.pl\/wydzialy\/wydzial-iii-wokalno-aktorski\/katedra-wokalistyki\/\"},{\"@type\":\"ListItem\",\"position\":5,\"name\":\"Aktualno\u015bci\",\"item\":\"https:\/\/www.amuz.krakow.pl\/wydzialy\/wydzial-iii-wokalno-aktorski\/katedra-wokalistyki\/aktualnosci-25\/\"},{\"@type\":\"ListItem\",\"position\":6,\"name\":\"Spektakl operowy &#8222;Dydona i Eneasz&#8221; &#8211; w wykonaniu student\u00f3w Wydzia\u0142u Wokalno-Aktorskiego i Orkiestry Barokowej AMKP | 29\/30.04.2026\"}]},{\"@type\":\"WebSite\",\"@id\":\"https:\/\/www.amuz.krakow.pl\/#website\",\"url\":\"https:\/\/www.amuz.krakow.pl\/\",\"name\":\"Akademia Muzyczna im. Krzysztofa Pendereckiego w Krakowie\",\"description\":\"Oficjalna strona Akademii Muzycznej im. Krzysztofa Pendereckiego w Krakowie (AMKP).\",\"publisher\":{\"@id\":\"https:\/\/www.amuz.krakow.pl\/#organization\"},\"alternateName\":\"AMKP\",\"potentialAction\":[{\"@type\":\"SearchAction\",\"target\":{\"@type\":\"EntryPoint\",\"urlTemplate\":\"https:\/\/www.amuz.krakow.pl\/?s={search_term_string}\"},\"query-input\":{\"@type\":\"PropertyValueSpecification\",\"valueRequired\":true,\"valueName\":\"search_term_string\"}}],\"inLanguage\":\"en-US\"},{\"@type\":\"Organization\",\"@id\":\"https:\/\/www.amuz.krakow.pl\/#organization\",\"name\":\"Akademia Muzyczna im. Krzysztofa Pendereckiego w Krakowie\",\"alternateName\":\"AMKP\",\"url\":\"https:\/\/www.amuz.krakow.pl\/\",\"logo\":{\"@type\":\"ImageObject\",\"inLanguage\":\"en-US\",\"@id\":\"https:\/\/www.amuz.krakow.pl\/#\/schema\/logo\/image\/\",\"url\":\"https:\/\/www.amuz.krakow.pl\/wp-content\/uploads\/2021\/11\/amkp.jpg\",\"contentUrl\":\"https:\/\/www.amuz.krakow.pl\/wp-content\/uploads\/2021\/11\/amkp.jpg\",\"width\":1193,\"height\":591,\"caption\":\"Akademia Muzyczna im. Krzysztofa Pendereckiego w Krakowie\"},\"image\":{\"@id\":\"https:\/\/www.amuz.krakow.pl\/#\/schema\/logo\/image\/\"},\"sameAs\":[\"https:\/\/www.facebook.com\/amuz.krakow\",\"https:\/\/www.instagram.com\/amkpenderecki\/\",\"https:\/\/www.youtube.com\/@amkpenderecki4806\"]}]}<\/script>\n<!-- \/ Yoast SEO plugin. -->","yoast_head_json":{"title":"AMKP - Akademia Muzyczna im. Krzysztofa Pendereckiego w Krakowie","robots":{"index":"index","follow":"follow","max-snippet":"max-snippet:-1","max-image-preview":"max-image-preview:large","max-video-preview":"max-video-preview:-1"},"canonical":"https:\/\/www.amuz.krakow.pl\/wydzialy\/wydzial-iii-wokalno-aktorski\/katedra-wokalistyki\/aktualnosci-25\/spektakl-operowy-dydona-i-eneasz-w-wykonaniu-studentow-wydzialu-wokalno-aktorskiego-i-orkiestry-barokowej-amkp\/","og_locale":"en_US","og_type":"article","og_title":"AMKP - Akademia Muzyczna im. Krzysztofa Pendereckiego w Krakowie","og_description":"Wydzia\u0142 Wokalno-Aktorski oraz Katedra Muzyki Dawnej zapraszaj\u0105 na spektakl operowy &#8220;Dydona i Eneasz&#8221; Henry&#8217;ego Purcella. Wyst\u0105pi\u0105 studenci Wydzia\u0142u Wokalno-Aktorskiego, Orkiestra Barokowa AMKP oraz tancerze Krakowskiej Szko\u0142y Sztuki Ta\u0144ca L&#8217;Art de&hellip; Continue reading","og_url":"https:\/\/www.amuz.krakow.pl\/wydzialy\/wydzial-iii-wokalno-aktorski\/katedra-wokalistyki\/aktualnosci-25\/spektakl-operowy-dydona-i-eneasz-w-wykonaniu-studentow-wydzialu-wokalno-aktorskiego-i-orkiestry-barokowej-amkp\/","og_site_name":"Akademia Muzyczna im. Krzysztofa Pendereckiego w Krakowie","article_publisher":"https:\/\/www.facebook.com\/amuz.krakow","article_modified_time":"2026-04-01T13:48:28+00:00","og_image":[{"width":1920,"height":960,"url":"https:\/\/www.amuz.krakow.pl\/wp-content\/uploads\/2026\/04\/SOCIALE-dydona-i-eneasz-WWW.jpg","type":"image\/jpeg"}],"twitter_card":"summary_large_image","twitter_misc":{"Est. reading time":"2 minutes"},"schema":{"@context":"https:\/\/schema.org","@graph":[{"@type":"WebPage","@id":"https:\/\/www.amuz.krakow.pl\/wydzialy\/wydzial-iii-wokalno-aktorski\/katedra-wokalistyki\/aktualnosci-25\/spektakl-operowy-dydona-i-eneasz-w-wykonaniu-studentow-wydzialu-wokalno-aktorskiego-i-orkiestry-barokowej-amkp\/","url":"https:\/\/www.amuz.krakow.pl\/wydzialy\/wydzial-iii-wokalno-aktorski\/katedra-wokalistyki\/aktualnosci-25\/spektakl-operowy-dydona-i-eneasz-w-wykonaniu-studentow-wydzialu-wokalno-aktorskiego-i-orkiestry-barokowej-amkp\/","name":"AMKP - Akademia Muzyczna im. Krzysztofa Pendereckiego w Krakowie","isPartOf":{"@id":"https:\/\/www.amuz.krakow.pl\/#website"},"primaryImageOfPage":{"@id":"https:\/\/www.amuz.krakow.pl\/wydzialy\/wydzial-iii-wokalno-aktorski\/katedra-wokalistyki\/aktualnosci-25\/spektakl-operowy-dydona-i-eneasz-w-wykonaniu-studentow-wydzialu-wokalno-aktorskiego-i-orkiestry-barokowej-amkp\/#primaryimage"},"image":{"@id":"https:\/\/www.amuz.krakow.pl\/wydzialy\/wydzial-iii-wokalno-aktorski\/katedra-wokalistyki\/aktualnosci-25\/spektakl-operowy-dydona-i-eneasz-w-wykonaniu-studentow-wydzialu-wokalno-aktorskiego-i-orkiestry-barokowej-amkp\/#primaryimage"},"thumbnailUrl":"https:\/\/www.amuz.krakow.pl\/wp-content\/uploads\/2026\/04\/SOCIALE-dydona-i-eneasz-WWW.jpg","datePublished":"2026-04-01T11:55:34+00:00","dateModified":"2026-04-01T13:48:28+00:00","breadcrumb":{"@id":"https:\/\/www.amuz.krakow.pl\/wydzialy\/wydzial-iii-wokalno-aktorski\/katedra-wokalistyki\/aktualnosci-25\/spektakl-operowy-dydona-i-eneasz-w-wykonaniu-studentow-wydzialu-wokalno-aktorskiego-i-orkiestry-barokowej-amkp\/#breadcrumb"},"inLanguage":"en-US","potentialAction":[{"@type":"ReadAction","target":["https:\/\/www.amuz.krakow.pl\/wydzialy\/wydzial-iii-wokalno-aktorski\/katedra-wokalistyki\/aktualnosci-25\/spektakl-operowy-dydona-i-eneasz-w-wykonaniu-studentow-wydzialu-wokalno-aktorskiego-i-orkiestry-barokowej-amkp\/"]}]},{"@type":"ImageObject","inLanguage":"en-US","@id":"https:\/\/www.amuz.krakow.pl\/wydzialy\/wydzial-iii-wokalno-aktorski\/katedra-wokalistyki\/aktualnosci-25\/spektakl-operowy-dydona-i-eneasz-w-wykonaniu-studentow-wydzialu-wokalno-aktorskiego-i-orkiestry-barokowej-amkp\/#primaryimage","url":"https:\/\/www.amuz.krakow.pl\/wp-content\/uploads\/2026\/04\/SOCIALE-dydona-i-eneasz-WWW.jpg","contentUrl":"https:\/\/www.amuz.krakow.pl\/wp-content\/uploads\/2026\/04\/SOCIALE-dydona-i-eneasz-WWW.jpg","width":1920,"height":960},{"@type":"BreadcrumbList","@id":"https:\/\/www.amuz.krakow.pl\/wydzialy\/wydzial-iii-wokalno-aktorski\/katedra-wokalistyki\/aktualnosci-25\/spektakl-operowy-dydona-i-eneasz-w-wykonaniu-studentow-wydzialu-wokalno-aktorskiego-i-orkiestry-barokowej-amkp\/#breadcrumb","itemListElement":[{"@type":"ListItem","position":1,"name":"Strona g\u0142\u00f3wna","item":"https:\/\/www.amuz.krakow.pl\/"},{"@type":"ListItem","position":2,"name":"WYDZIA\u0141Y","item":"https:\/\/www.amuz.krakow.pl\/wydzialy\/"},{"@type":"ListItem","position":3,"name":"Wydzia\u0142 Wokalno-Aktorski","item":"https:\/\/www.amuz.krakow.pl\/wydzialy\/wydzial-iii-wokalno-aktorski\/"},{"@type":"ListItem","position":4,"name":"Katedra Wokalistyki","item":"https:\/\/www.amuz.krakow.pl\/wydzialy\/wydzial-iii-wokalno-aktorski\/katedra-wokalistyki\/"},{"@type":"ListItem","position":5,"name":"Aktualno\u015bci","item":"https:\/\/www.amuz.krakow.pl\/wydzialy\/wydzial-iii-wokalno-aktorski\/katedra-wokalistyki\/aktualnosci-25\/"},{"@type":"ListItem","position":6,"name":"Spektakl operowy &#8222;Dydona i Eneasz&#8221; &#8211; w wykonaniu student\u00f3w Wydzia\u0142u Wokalno-Aktorskiego i Orkiestry Barokowej AMKP | 29\/30.04.2026"}]},{"@type":"WebSite","@id":"https:\/\/www.amuz.krakow.pl\/#website","url":"https:\/\/www.amuz.krakow.pl\/","name":"Akademia Muzyczna im. Krzysztofa Pendereckiego w Krakowie","description":"Oficjalna strona Akademii Muzycznej im. Krzysztofa Pendereckiego w Krakowie (AMKP).","publisher":{"@id":"https:\/\/www.amuz.krakow.pl\/#organization"},"alternateName":"AMKP","potentialAction":[{"@type":"SearchAction","target":{"@type":"EntryPoint","urlTemplate":"https:\/\/www.amuz.krakow.pl\/?s={search_term_string}"},"query-input":{"@type":"PropertyValueSpecification","valueRequired":true,"valueName":"search_term_string"}}],"inLanguage":"en-US"},{"@type":"Organization","@id":"https:\/\/www.amuz.krakow.pl\/#organization","name":"Akademia Muzyczna im. Krzysztofa Pendereckiego w Krakowie","alternateName":"AMKP","url":"https:\/\/www.amuz.krakow.pl\/","logo":{"@type":"ImageObject","inLanguage":"en-US","@id":"https:\/\/www.amuz.krakow.pl\/#\/schema\/logo\/image\/","url":"https:\/\/www.amuz.krakow.pl\/wp-content\/uploads\/2021\/11\/amkp.jpg","contentUrl":"https:\/\/www.amuz.krakow.pl\/wp-content\/uploads\/2021\/11\/amkp.jpg","width":1193,"height":591,"caption":"Akademia Muzyczna im. Krzysztofa Pendereckiego w Krakowie"},"image":{"@id":"https:\/\/www.amuz.krakow.pl\/#\/schema\/logo\/image\/"},"sameAs":["https:\/\/www.facebook.com\/amuz.krakow","https:\/\/www.instagram.com\/amkpenderecki\/","https:\/\/www.youtube.com\/@amkpenderecki4806"]}]}},"_links":{"self":[{"href":"https:\/\/www.amuz.krakow.pl\/en\/wp-json\/wp\/v2\/pages\/117656","targetHints":{"allow":["GET"]}}],"collection":[{"href":"https:\/\/www.amuz.krakow.pl\/en\/wp-json\/wp\/v2\/pages"}],"about":[{"href":"https:\/\/www.amuz.krakow.pl\/en\/wp-json\/wp\/v2\/types\/page"}],"author":[{"embeddable":true,"href":"https:\/\/www.amuz.krakow.pl\/en\/wp-json\/wp\/v2\/users\/72"}],"replies":[{"embeddable":true,"href":"https:\/\/www.amuz.krakow.pl\/en\/wp-json\/wp\/v2\/comments?post=117656"}],"version-history":[{"count":5,"href":"https:\/\/www.amuz.krakow.pl\/en\/wp-json\/wp\/v2\/pages\/117656\/revisions"}],"predecessor-version":[{"id":117707,"href":"https:\/\/www.amuz.krakow.pl\/en\/wp-json\/wp\/v2\/pages\/117656\/revisions\/117707"}],"up":[{"embeddable":true,"href":"https:\/\/www.amuz.krakow.pl\/en\/wp-json\/wp\/v2\/pages\/106670"}],"wp:featuredmedia":[{"embeddable":true,"href":"https:\/\/www.amuz.krakow.pl\/en\/wp-json\/wp\/v2\/media\/117699"}],"wp:attachment":[{"href":"https:\/\/www.amuz.krakow.pl\/en\/wp-json\/wp\/v2\/media?parent=117656"}],"curies":[{"name":"wp","href":"https:\/\/api.w.org\/{rel}","templated":true}]}}