{"id":116826,"date":"2026-03-20T15:17:34","date_gmt":"2026-03-20T14:17:34","guid":{"rendered":"https:\/\/www.amuz.krakow.pl\/?page_id=116826"},"modified":"2026-03-20T16:01:55","modified_gmt":"2026-03-20T15:01:55","slug":"ksztalcenie-sluchu-zakres-egzaminu-wstepnego-dla-kandydatow-na-studia-i-stopnia","status":"publish","type":"page","link":"https:\/\/www.amuz.krakow.pl\/en\/ksztalcenie-sluchu-zakres-egzaminu-wstepnego-dla-kandydatow-na-studia-i-stopnia\/","title":{"rendered":"Ear training \u2013 requirements for the entrance examination for applicants to first-cycle degree programmes"},"content":{"rendered":"<p>Dear Candidates,<\/p>\n<p>Please check the requirements for the supplementary ear training oral examination, applicable to:<\/p>\n<ul>\n<li>first-cycle degree programmes in the following fields:<br \/>\n<strong>&#8211; Music Education (Musical Arts), major: Rhythmics<\/strong><br \/>\n<strong>&#8211; Church Music<\/strong><\/li>\n<\/ul>\n<p>Details:<\/p>\n<p>&#8211; identification of two simple intervals (up to an octave),<br \/>\n&#8211; identification of one compound interval (larger than an octave),<br \/>\n&#8211; identification of two triads (major or minor) and their inversions,<br \/>\n&#8211; identification of one seventh chord (major or minor, minor or major seventh) and its inversion,<br \/>\n&#8211; identification of notes in a 5-note melody (first note given),<br \/>\n&#8211; identifying triads (major or minor) by naming their constituent notes \u2013 starting from the given note \u2018A\u2019,<br \/>\n&#8211; analysing a 4-part major-minor harmonic progression (identifying chords or harmonic functions),<br \/>\n&#8211; performing a multi-bar 2-part rhythmic exercise (on two selected piano keys),<br \/>\n&#8211; performing a multi-bar 2-part melodic exercise (singing one part, playing the other part on the piano).<\/p>\n<p>&nbsp;<\/p>\n<ul>\n<li>for first-cycle studies in the field of:<br \/>\n<strong>Instrumental Studies, major: Piano<\/strong><\/li>\n<\/ul>\n<p>Details:<\/p>\n<p>&#8211; recognition of keys,<br \/>\n&#8211; recognition of sound structures (intervals, triads and seventh chords),<br \/>\n&#8211; analysis of the harmonic structure performed on the piano,<br \/>\n&#8211; performance of a two-part rhythm,<br \/>\n&#8211; polyphonic exercise: from a given polyphonic passage, performing two parts \u2013 one sung, the other played on the piano.<\/p>\n<p>&nbsp;<\/p>","protected":false},"excerpt":{"rendered":"<p>Dear Candidates, Please check the requirements for the supplementary ear training oral examination, applicable to: first-cycle degree programmes in the following fields: &#8211; Music Education (Musical Arts), major: Rhythmics &#8211;&hellip; <a href=\"https:\/\/www.amuz.krakow.pl\/en\/ksztalcenie-sluchu-zakres-egzaminu-wstepnego-dla-kandydatow-na-studia-i-stopnia\/\">Continue reading<\/a><\/p>\n","protected":false},"author":72,"featured_media":116784,"parent":0,"menu_order":0,"comment_status":"closed","ping_status":"closed","template":"","meta":{"footnotes":"","_links_to":"","_links_to_target":""},"class_list":["post-116826","page","type-page","status-publish","has-post-thumbnail","hentry"],"yoast_head":"<!-- This site is optimized with the Yoast SEO plugin v27.4 - https:\/\/yoast.com\/product\/yoast-seo-wordpress\/ -->\n<title>AMKP - Akademia Muzyczna im. Krzysztofa Pendereckiego w Krakowie<\/title>\n<meta name=\"robots\" content=\"index, follow, max-snippet:-1, max-image-preview:large, max-video-preview:-1\" \/>\n<link rel=\"canonical\" href=\"https:\/\/www.amuz.krakow.pl\/ksztalcenie-sluchu-zakres-egzaminu-wstepnego-dla-kandydatow-na-studia-i-stopnia\/\" \/>\n<meta property=\"og:locale\" content=\"en_US\" \/>\n<meta property=\"og:type\" content=\"article\" \/>\n<meta property=\"og:title\" content=\"AMKP - Akademia Muzyczna im. Krzysztofa Pendereckiego w Krakowie\" \/>\n<meta property=\"og:description\" content=\"Dear Candidates, Please check the requirements for the supplementary ear training oral examination, applicable to: first-cycle degree programmes in the following fields: &#8211; Music Education (Musical Arts), major: Rhythmics &#8211;&hellip; Continue reading\" \/>\n<meta property=\"og:url\" content=\"https:\/\/www.amuz.krakow.pl\/ksztalcenie-sluchu-zakres-egzaminu-wstepnego-dla-kandydatow-na-studia-i-stopnia\/\" \/>\n<meta property=\"og:site_name\" content=\"Akademia Muzyczna im. Krzysztofa Pendereckiego w Krakowie\" \/>\n<meta property=\"article:publisher\" content=\"https:\/\/www.facebook.com\/amuz.krakow\" \/>\n<meta property=\"article:modified_time\" content=\"2026-03-20T15:01:55+00:00\" \/>\n<meta property=\"og:image\" content=\"https:\/\/www.amuz.krakow.pl\/wp-content\/uploads\/2026\/03\/Kafelek-strona_Ksztalcenie-sluchu-.jpg\" \/>\n\t<meta property=\"og:image:width\" content=\"1772\" \/>\n\t<meta property=\"og:image:height\" content=\"887\" \/>\n\t<meta property=\"og:image:type\" content=\"image\/jpeg\" \/>\n<meta name=\"twitter:card\" content=\"summary_large_image\" \/>\n<meta name=\"twitter:label1\" content=\"Est. reading time\" \/>\n\t<meta name=\"twitter:data1\" content=\"2 minutes\" \/>\n<script type=\"application\/ld+json\" class=\"yoast-schema-graph\">{\"@context\":\"https:\\\/\\\/schema.org\",\"@graph\":[{\"@type\":\"WebPage\",\"@id\":\"https:\\\/\\\/www.amuz.krakow.pl\\\/ksztalcenie-sluchu-zakres-egzaminu-wstepnego-dla-kandydatow-na-studia-i-stopnia\\\/\",\"url\":\"https:\\\/\\\/www.amuz.krakow.pl\\\/ksztalcenie-sluchu-zakres-egzaminu-wstepnego-dla-kandydatow-na-studia-i-stopnia\\\/\",\"name\":\"AMKP - Akademia Muzyczna im. Krzysztofa Pendereckiego w Krakowie\",\"isPartOf\":{\"@id\":\"https:\\\/\\\/www.amuz.krakow.pl\\\/#website\"},\"primaryImageOfPage\":{\"@id\":\"https:\\\/\\\/www.amuz.krakow.pl\\\/ksztalcenie-sluchu-zakres-egzaminu-wstepnego-dla-kandydatow-na-studia-i-stopnia\\\/#primaryimage\"},\"image\":{\"@id\":\"https:\\\/\\\/www.amuz.krakow.pl\\\/ksztalcenie-sluchu-zakres-egzaminu-wstepnego-dla-kandydatow-na-studia-i-stopnia\\\/#primaryimage\"},\"thumbnailUrl\":\"https:\\\/\\\/www.amuz.krakow.pl\\\/wp-content\\\/uploads\\\/2026\\\/03\\\/Kafelek-strona_Ksztalcenie-sluchu-.jpg\",\"datePublished\":\"2026-03-20T14:17:34+00:00\",\"dateModified\":\"2026-03-20T15:01:55+00:00\",\"breadcrumb\":{\"@id\":\"https:\\\/\\\/www.amuz.krakow.pl\\\/ksztalcenie-sluchu-zakres-egzaminu-wstepnego-dla-kandydatow-na-studia-i-stopnia\\\/#breadcrumb\"},\"inLanguage\":\"en-US\",\"potentialAction\":[{\"@type\":\"ReadAction\",\"target\":[\"https:\\\/\\\/www.amuz.krakow.pl\\\/ksztalcenie-sluchu-zakres-egzaminu-wstepnego-dla-kandydatow-na-studia-i-stopnia\\\/\"]}]},{\"@type\":\"ImageObject\",\"inLanguage\":\"en-US\",\"@id\":\"https:\\\/\\\/www.amuz.krakow.pl\\\/ksztalcenie-sluchu-zakres-egzaminu-wstepnego-dla-kandydatow-na-studia-i-stopnia\\\/#primaryimage\",\"url\":\"https:\\\/\\\/www.amuz.krakow.pl\\\/wp-content\\\/uploads\\\/2026\\\/03\\\/Kafelek-strona_Ksztalcenie-sluchu-.jpg\",\"contentUrl\":\"https:\\\/\\\/www.amuz.krakow.pl\\\/wp-content\\\/uploads\\\/2026\\\/03\\\/Kafelek-strona_Ksztalcenie-sluchu-.jpg\",\"width\":1772,\"height\":887},{\"@type\":\"BreadcrumbList\",\"@id\":\"https:\\\/\\\/www.amuz.krakow.pl\\\/ksztalcenie-sluchu-zakres-egzaminu-wstepnego-dla-kandydatow-na-studia-i-stopnia\\\/#breadcrumb\",\"itemListElement\":[{\"@type\":\"ListItem\",\"position\":1,\"name\":\"Strona g\u0142\u00f3wna\",\"item\":\"https:\\\/\\\/www.amuz.krakow.pl\\\/\"},{\"@type\":\"ListItem\",\"position\":2,\"name\":\"Kszta\u0142cenie s\u0142uchu &#8211; zakres egzaminu wst\u0119pnego dla kandydat\u00f3w na studia I stopnia\"}]},{\"@type\":\"WebSite\",\"@id\":\"https:\\\/\\\/www.amuz.krakow.pl\\\/#website\",\"url\":\"https:\\\/\\\/www.amuz.krakow.pl\\\/\",\"name\":\"Akademia Muzyczna im. Krzysztofa Pendereckiego w Krakowie\",\"description\":\"Oficjalna strona Akademii Muzycznej im. Krzysztofa Pendereckiego w Krakowie (AMKP).\",\"publisher\":{\"@id\":\"https:\\\/\\\/www.amuz.krakow.pl\\\/#organization\"},\"alternateName\":\"AMKP\",\"potentialAction\":[{\"@type\":\"SearchAction\",\"target\":{\"@type\":\"EntryPoint\",\"urlTemplate\":\"https:\\\/\\\/www.amuz.krakow.pl\\\/?s={search_term_string}\"},\"query-input\":{\"@type\":\"PropertyValueSpecification\",\"valueRequired\":true,\"valueName\":\"search_term_string\"}}],\"inLanguage\":\"en-US\"},{\"@type\":\"Organization\",\"@id\":\"https:\\\/\\\/www.amuz.krakow.pl\\\/#organization\",\"name\":\"Akademia Muzyczna im. Krzysztofa Pendereckiego w Krakowie\",\"alternateName\":\"AMKP\",\"url\":\"https:\\\/\\\/www.amuz.krakow.pl\\\/\",\"logo\":{\"@type\":\"ImageObject\",\"inLanguage\":\"en-US\",\"@id\":\"https:\\\/\\\/www.amuz.krakow.pl\\\/#\\\/schema\\\/logo\\\/image\\\/\",\"url\":\"https:\\\/\\\/www.amuz.krakow.pl\\\/wp-content\\\/uploads\\\/2021\\\/11\\\/amkp.jpg\",\"contentUrl\":\"https:\\\/\\\/www.amuz.krakow.pl\\\/wp-content\\\/uploads\\\/2021\\\/11\\\/amkp.jpg\",\"width\":1193,\"height\":591,\"caption\":\"Akademia Muzyczna im. Krzysztofa Pendereckiego w Krakowie\"},\"image\":{\"@id\":\"https:\\\/\\\/www.amuz.krakow.pl\\\/#\\\/schema\\\/logo\\\/image\\\/\"},\"sameAs\":[\"https:\\\/\\\/www.facebook.com\\\/amuz.krakow\",\"https:\\\/\\\/www.instagram.com\\\/amkpenderecki\\\/\",\"https:\\\/\\\/www.youtube.com\\\/@amkpenderecki4806\"]}]}<\/script>\n<!-- \/ Yoast SEO plugin. -->","yoast_head_json":{"title":"AMKP - Akademia Muzyczna im. Krzysztofa Pendereckiego w Krakowie","robots":{"index":"index","follow":"follow","max-snippet":"max-snippet:-1","max-image-preview":"max-image-preview:large","max-video-preview":"max-video-preview:-1"},"canonical":"https:\/\/www.amuz.krakow.pl\/ksztalcenie-sluchu-zakres-egzaminu-wstepnego-dla-kandydatow-na-studia-i-stopnia\/","og_locale":"en_US","og_type":"article","og_title":"AMKP - Akademia Muzyczna im. Krzysztofa Pendereckiego w Krakowie","og_description":"Dear Candidates, Please check the requirements for the supplementary ear training oral examination, applicable to: first-cycle degree programmes in the following fields: &#8211; Music Education (Musical Arts), major: Rhythmics &#8211;&hellip; Continue reading","og_url":"https:\/\/www.amuz.krakow.pl\/ksztalcenie-sluchu-zakres-egzaminu-wstepnego-dla-kandydatow-na-studia-i-stopnia\/","og_site_name":"Akademia Muzyczna im. Krzysztofa Pendereckiego w Krakowie","article_publisher":"https:\/\/www.facebook.com\/amuz.krakow","article_modified_time":"2026-03-20T15:01:55+00:00","og_image":[{"width":1772,"height":887,"url":"https:\/\/www.amuz.krakow.pl\/wp-content\/uploads\/2026\/03\/Kafelek-strona_Ksztalcenie-sluchu-.jpg","type":"image\/jpeg"}],"twitter_card":"summary_large_image","twitter_misc":{"Est. reading time":"2 minutes"},"schema":{"@context":"https:\/\/schema.org","@graph":[{"@type":"WebPage","@id":"https:\/\/www.amuz.krakow.pl\/ksztalcenie-sluchu-zakres-egzaminu-wstepnego-dla-kandydatow-na-studia-i-stopnia\/","url":"https:\/\/www.amuz.krakow.pl\/ksztalcenie-sluchu-zakres-egzaminu-wstepnego-dla-kandydatow-na-studia-i-stopnia\/","name":"AMKP - Akademia Muzyczna im. Krzysztofa Pendereckiego w Krakowie","isPartOf":{"@id":"https:\/\/www.amuz.krakow.pl\/#website"},"primaryImageOfPage":{"@id":"https:\/\/www.amuz.krakow.pl\/ksztalcenie-sluchu-zakres-egzaminu-wstepnego-dla-kandydatow-na-studia-i-stopnia\/#primaryimage"},"image":{"@id":"https:\/\/www.amuz.krakow.pl\/ksztalcenie-sluchu-zakres-egzaminu-wstepnego-dla-kandydatow-na-studia-i-stopnia\/#primaryimage"},"thumbnailUrl":"https:\/\/www.amuz.krakow.pl\/wp-content\/uploads\/2026\/03\/Kafelek-strona_Ksztalcenie-sluchu-.jpg","datePublished":"2026-03-20T14:17:34+00:00","dateModified":"2026-03-20T15:01:55+00:00","breadcrumb":{"@id":"https:\/\/www.amuz.krakow.pl\/ksztalcenie-sluchu-zakres-egzaminu-wstepnego-dla-kandydatow-na-studia-i-stopnia\/#breadcrumb"},"inLanguage":"en-US","potentialAction":[{"@type":"ReadAction","target":["https:\/\/www.amuz.krakow.pl\/ksztalcenie-sluchu-zakres-egzaminu-wstepnego-dla-kandydatow-na-studia-i-stopnia\/"]}]},{"@type":"ImageObject","inLanguage":"en-US","@id":"https:\/\/www.amuz.krakow.pl\/ksztalcenie-sluchu-zakres-egzaminu-wstepnego-dla-kandydatow-na-studia-i-stopnia\/#primaryimage","url":"https:\/\/www.amuz.krakow.pl\/wp-content\/uploads\/2026\/03\/Kafelek-strona_Ksztalcenie-sluchu-.jpg","contentUrl":"https:\/\/www.amuz.krakow.pl\/wp-content\/uploads\/2026\/03\/Kafelek-strona_Ksztalcenie-sluchu-.jpg","width":1772,"height":887},{"@type":"BreadcrumbList","@id":"https:\/\/www.amuz.krakow.pl\/ksztalcenie-sluchu-zakres-egzaminu-wstepnego-dla-kandydatow-na-studia-i-stopnia\/#breadcrumb","itemListElement":[{"@type":"ListItem","position":1,"name":"Strona g\u0142\u00f3wna","item":"https:\/\/www.amuz.krakow.pl\/"},{"@type":"ListItem","position":2,"name":"Kszta\u0142cenie s\u0142uchu &#8211; zakres egzaminu wst\u0119pnego dla kandydat\u00f3w na studia I stopnia"}]},{"@type":"WebSite","@id":"https:\/\/www.amuz.krakow.pl\/#website","url":"https:\/\/www.amuz.krakow.pl\/","name":"Akademia Muzyczna im. Krzysztofa Pendereckiego w Krakowie","description":"Oficjalna strona Akademii Muzycznej im. Krzysztofa Pendereckiego w Krakowie (AMKP).","publisher":{"@id":"https:\/\/www.amuz.krakow.pl\/#organization"},"alternateName":"AMKP","potentialAction":[{"@type":"SearchAction","target":{"@type":"EntryPoint","urlTemplate":"https:\/\/www.amuz.krakow.pl\/?s={search_term_string}"},"query-input":{"@type":"PropertyValueSpecification","valueRequired":true,"valueName":"search_term_string"}}],"inLanguage":"en-US"},{"@type":"Organization","@id":"https:\/\/www.amuz.krakow.pl\/#organization","name":"Akademia Muzyczna im. Krzysztofa Pendereckiego w Krakowie","alternateName":"AMKP","url":"https:\/\/www.amuz.krakow.pl\/","logo":{"@type":"ImageObject","inLanguage":"en-US","@id":"https:\/\/www.amuz.krakow.pl\/#\/schema\/logo\/image\/","url":"https:\/\/www.amuz.krakow.pl\/wp-content\/uploads\/2021\/11\/amkp.jpg","contentUrl":"https:\/\/www.amuz.krakow.pl\/wp-content\/uploads\/2021\/11\/amkp.jpg","width":1193,"height":591,"caption":"Akademia Muzyczna im. Krzysztofa Pendereckiego w Krakowie"},"image":{"@id":"https:\/\/www.amuz.krakow.pl\/#\/schema\/logo\/image\/"},"sameAs":["https:\/\/www.facebook.com\/amuz.krakow","https:\/\/www.instagram.com\/amkpenderecki\/","https:\/\/www.youtube.com\/@amkpenderecki4806"]}]}},"_links":{"self":[{"href":"https:\/\/www.amuz.krakow.pl\/en\/wp-json\/wp\/v2\/pages\/116826","targetHints":{"allow":["GET"]}}],"collection":[{"href":"https:\/\/www.amuz.krakow.pl\/en\/wp-json\/wp\/v2\/pages"}],"about":[{"href":"https:\/\/www.amuz.krakow.pl\/en\/wp-json\/wp\/v2\/types\/page"}],"author":[{"embeddable":true,"href":"https:\/\/www.amuz.krakow.pl\/en\/wp-json\/wp\/v2\/users\/72"}],"replies":[{"embeddable":true,"href":"https:\/\/www.amuz.krakow.pl\/en\/wp-json\/wp\/v2\/comments?post=116826"}],"version-history":[{"count":2,"href":"https:\/\/www.amuz.krakow.pl\/en\/wp-json\/wp\/v2\/pages\/116826\/revisions"}],"predecessor-version":[{"id":116832,"href":"https:\/\/www.amuz.krakow.pl\/en\/wp-json\/wp\/v2\/pages\/116826\/revisions\/116832"}],"wp:featuredmedia":[{"embeddable":true,"href":"https:\/\/www.amuz.krakow.pl\/en\/wp-json\/wp\/v2\/media\/116784"}],"wp:attachment":[{"href":"https:\/\/www.amuz.krakow.pl\/en\/wp-json\/wp\/v2\/media?parent=116826"}],"curies":[{"name":"wp","href":"https:\/\/api.w.org\/{rel}","templated":true}]}}