{"id":116516,"date":"2026-03-17T13:27:17","date_gmt":"2026-03-17T12:27:17","guid":{"rendered":"https:\/\/www.amuz.krakow.pl\/?page_id=116516"},"modified":"2026-04-01T16:01:59","modified_gmt":"2026-04-01T14:01:59","slug":"constantin-sandu-fortepian","status":"publish","type":"page","link":"https:\/\/www.amuz.krakow.pl\/en\/letnia-akademia-muzyczna\/wykaz-kursow\/instrumenty-klawiszowe\/constantin-sandu-fortepian\/","title":{"rendered":"Constantin Sandu &#8211; piano"},"content":{"rendered":"<p>The performing art of Constantin Sandu has developed under the influence of his Romanian masters \u2013 Sonia Ratescu, Constantin Nitu and, later on, Constantin Ionescu-Vovu at the &#8220;Ciprian Porumbescu&#8221; Higher Music Conservatory of Bucharest \u2013 and of other outstanding individualities such as Sequeira Costa, Dimitri Bashkirov, Helena S\u00e1 e Costa and T\u00e2nia Achot. His unique artistic personality blends accuracy and respect for the musical text with fascinating poetical sensitivity and imaginative sound spectrum<\/p>\n<p>At the age of 14, he started his career as a soloist with orchestra. Since then, he has been involved in an intense musical activity \u2013 hundreds of recitals, chamber music and concerts with orchestra \u2013 in several European and Asian countries, having had favourable appreciation from both the public and the critics: \u201chis sensitive personality helps him give a very personal though valid version\u201d (Piano Journal \u2013 United Kingdom); \u201ca musician of an undoubted personality, (\u2026) a magnificent sense of colour and rhythm, together with undeniable virtuosity\u201d (Diario de Sevilla \u2013 Spain); \u201ca superb pianist, (\u2026) a masterful hue and delicacy (\u2026) irreproachable mastery. Overwhelming.\u201d (ABC \u2013 Spain); \u201can artistic performance of real excellence\u201d (Muzica \u2013 Romania); \u201ca concerto full of expression and emotion\u201d (P\u00fablico \u2013 Portugal); &#8220;A General leading his troops, the Bodensee Symphonic Orchestra.&#8221; (L&#8217; Est R\u00e9publicain \u2013 France); \u201cThe delicate and deep playing, the almost immaterial sound, carried the audience into a dimension of dream.\u201d (Corriere Valsesiano \u2013 Italy).<\/p>\n<p>He holds several awards at international competitions: Senigallia \u2013 Italy 1980 (2nd), Viotti-Valsesia \u2013 Italy 1981 (1st), Paloma O\u2019Shea \u2013 Santander, Spain 1984 (Honourable mention), Epinal \u2013 France 1985 (2nd) and Maria Canals \u2013 Barcelona, Spain 1985 (3rd and Alberto Mozatti special prize).<\/p>\n<p>He has participated in important Festivals, namely: George Enescu \u2013 Bucharest, Chopin \u2013 Paris, Festival Internacional de Santander, Festival de Primavera &#8211; Sevilla, Ciudad de Ayamonte, Internationale Trossinger Tastentage, Muziksev &#8211; Izmir, Vara Magica &#8211; Bucharest, Figueira da Foz, Espinho, Guimar\u00e3es.<\/p>\n<p>He is a regular guest soloist of the most significant Romanian orchestras, such as: George Enescu \u2013 Bucharest, Transilvania \u2013 Cluj, Oltenia \u2013 Craiova Philharmonics, the National Radio Orchestra of Romania. He has also played with noteworthy European orchestras, as for instance: Arthur Rubinstein \u2013 Lodz, Halle Philharmonic, Bodensee Orchestra \u2013 Konstanz, National Orchestra of Belarus, Symphonic Orchestra of Radio \u2013 television of Kiev, National Philharmonic of Moldavia, National Orchestra of Porto.<\/p>\n<p>He has played with renowned conductors, such as: Cristian Mandeal, Horia Andreescu, Ludovic Bacs, Emanuel Elenescu, Christian Badea, Camil Marinescu, Daisuke Soga, Ilya Stupel, Thomas Koncz, Victor Dubrovski, Emil Hatchaturian, Elena Herrera, Meir Minsky, Mark Stephenson, Heribert Beissel, Johen Wehner, Robert E. Luther, Didier Benetti, and Piero Bellugi, Roberto Salvalaio, Salvalaio, Theo Wolters and Wong Kah Chun.<\/p>\n<p>He has performed in celebrated concert halls (Ateneul Roman \u2013 Bucharest, Concert Hall of the Romanian Broadcasting Society &#8211; Bucharest, Palau de la M\u00fasica Catalana \u2013 Barcelona, Iturbi hall of the Palau de la M\u00fasica \u2013 Valencia, Manuel de Falla Auditorium \u2013 Granada, Mozart hall of the Zaragoza Auditorium, Teatro de Rojas \u2013 Toledo, Teatro Cervantes \u2013 Malaga, Calouste Gulbenkian Foundation &#8211; Lisbon, Suggia hall of Casa da M\u00fasica \u2013 Porto) and in other important musical centres (London, Paris, Berlin, Hamburg, Brussels Rome, Turin, Madrid, Seville, Budapest, Bratislava, Xi&#8217;an, etc.).<\/p>\n<p>He was a member of the jury of the following International Competitions: Epinal, France 2015, 2017 and 2019, president of the jury in 2021, Vianna da Motta \u2014 Lisbon, Portugal 2001, Cidade do Porto \u2014 Portugal 1996, 1998, 2003 and 2010, Viotti-Valsesia \u2014 Italy 1995, Pinerollo-Citt\u00e1 della cavalleria \u2014 Italy 1994 and 1996, Helena S\u00e1 e Costa \u2014 Aveiro, Portugal 2004, Florinda Santos \u2014 S\u00e3o Jo\u00e3o de Madeira, Portugal 2004, 2012, Ciudad de Toledo \u2013 Spain 2007 and Propiano \u2013 Bucharest, Romania, 2008 &#8211; 2013 2015, 2017, 2019 &#8211; 2023, Pa\u00e7os\u2019 Premium 2009, 2011, 2013 and 2017, Santa Cecilia &#8211; Porto, Portugal 2017. He was invited to be the president of the jury of<br \/>\nthe 28th Epinal International Piano Competition in 2021.<\/p>\n<p>He has given several master classes, among which the following are to be mentioned: Porto International Music Courses 1998, Celebrating the Great Pianists Festival in Aveiro 2001, International Music Courses Ciudad de Gandia 2003, National Music University of Bucharest 2005, 2013, International Music Forum of Torrelodones 2008, Encuentros Internacionales de M\u00fasica &#8211; Alcobendas 2012, Hochschule f\u03cbr Musik Trossingen 2012, F\u00f3rum Internacional de M\u00fasica &#8220;Ciudad de Orihuela&#8221; 2013 &#8211; 2019, Steinway &amp; Sons House &#8211; Xi&#8217;an 2019, National Music Conservatory of Lisbon 2008 and 2020 and several editions of the International Instrumental Courses of ARTAVE \/ Centro de Cultura Musical.<\/p>\n<p>Within the ERASMUS+ programme, he has given master classes at prestigious Conservatories and Universities, such as Conservat\u00f3ire National Sup\u00e9rieur de Musique et de Danse de Paris 2018, Universit\u00e4t f\u00fcr Musik und Darstellende Kunst Wien, Conservatoire Royal de Bruxelles 2016, Hogeschool Zuyd Maastricht 2013, Yasar University Izmir 2014 and 2020.<\/p>\n<p>Within Porto 2001 \u2014 European Capital of Culture, he performed Rachmaninov Piano Concerto No. 2 with the Porto National Orchestra, under the direction of Mark Tardue. This performance was integrated in an all-Rachmaninov-Concertos programme, in which he participated together with Vladimir Viardo, Sequeira Costa e Artur Pizarro.<\/p>\n<p>He recorded several CDs \u2013 Beethoven (2001, 2020), Albeniz and Gershwin (2002), Portuguese and Romanian piano music (2005, 2021), Mozart and A. J. Fernandes Concertos (2009) and other collective or chamber music works.<\/p>\n<p>In 2006, he received the title of Ph. D. in music at the National Music University of Bucharest, with the thesis Portuguese Piano Music.<\/p>\n<p>He has lived in Portugal since 1991 and presently teaches the piano at the Porto Higher School of Music and the Performing Arts, where he is the current Head of The Piano Department.<\/p>\n<p>In 2019, the Government of Romania distinguished him with the Excellency Prize and Medal 100 pentru Centenar, for his contribution to the &#8220;preservation of the Romanian cultural heritage&#8221;.<\/p>\n<p><a href=\"https:\/\/www.constantinsandu.com\/\" target=\"_blank\" rel=\"noopener\">Official website<\/a><\/p>","protected":false},"excerpt":{"rendered":"<p>The performing art of Constantin Sandu has developed under the influence of his Romanian masters \u2013 Sonia Ratescu, Constantin Nitu and, later on, Constantin Ionescu-Vovu at the &#8220;Ciprian Porumbescu&#8221; Higher&hellip; <a href=\"https:\/\/www.amuz.krakow.pl\/en\/letnia-akademia-muzyczna\/wykaz-kursow\/instrumenty-klawiszowe\/constantin-sandu-fortepian\/\">Continue reading<\/a><\/p>\n","protected":false},"author":72,"featured_media":0,"parent":47050,"menu_order":1,"comment_status":"closed","ping_status":"closed","template":"","meta":{"footnotes":"","_links_to":"","_links_to_target":""},"class_list":["post-116516","page","type-page","status-publish","hentry"],"yoast_head":"<!-- This site is optimized with the Yoast SEO plugin v27.2 - https:\/\/yoast.com\/product\/yoast-seo-wordpress\/ -->\n<title>AMKP - Akademia Muzyczna im. Krzysztofa Pendereckiego w Krakowie<\/title>\n<meta name=\"robots\" content=\"index, follow, max-snippet:-1, max-image-preview:large, max-video-preview:-1\" \/>\n<link rel=\"canonical\" href=\"https:\/\/www.amuz.krakow.pl\/letnia-akademia-muzyczna\/wykaz-kursow\/instrumenty-klawiszowe\/constantin-sandu-fortepian\/\" \/>\n<meta property=\"og:locale\" content=\"en_US\" \/>\n<meta property=\"og:type\" content=\"article\" \/>\n<meta property=\"og:title\" content=\"AMKP - Akademia Muzyczna im. Krzysztofa Pendereckiego w Krakowie\" \/>\n<meta property=\"og:description\" content=\"The performing art of Constantin Sandu has developed under the influence of his Romanian masters \u2013 Sonia Ratescu, Constantin Nitu and, later on, Constantin Ionescu-Vovu at the &#8220;Ciprian Porumbescu&#8221; Higher&hellip; Continue reading\" \/>\n<meta property=\"og:url\" content=\"https:\/\/www.amuz.krakow.pl\/letnia-akademia-muzyczna\/wykaz-kursow\/instrumenty-klawiszowe\/constantin-sandu-fortepian\/\" \/>\n<meta property=\"og:site_name\" content=\"Akademia Muzyczna im. Krzysztofa Pendereckiego w Krakowie\" \/>\n<meta property=\"article:publisher\" content=\"https:\/\/www.facebook.com\/amuz.krakow\" \/>\n<meta property=\"article:modified_time\" content=\"2026-04-01T14:01:59+00:00\" \/>\n<meta property=\"og:image\" content=\"https:\/\/www.amuz.krakow.pl\/wp-content\/uploads\/2021\/11\/amkp.jpg\" \/>\n\t<meta property=\"og:image:width\" content=\"1193\" \/>\n\t<meta property=\"og:image:height\" content=\"591\" \/>\n\t<meta property=\"og:image:type\" content=\"image\/jpeg\" \/>\n<meta name=\"twitter:card\" content=\"summary_large_image\" \/>\n<meta name=\"twitter:label1\" content=\"Est. reading time\" \/>\n\t<meta name=\"twitter:data1\" content=\"6 minutes\" \/>\n<script type=\"application\/ld+json\" class=\"yoast-schema-graph\">{\"@context\":\"https:\/\/schema.org\",\"@graph\":[{\"@type\":\"WebPage\",\"@id\":\"https:\/\/www.amuz.krakow.pl\/letnia-akademia-muzyczna\/wykaz-kursow\/instrumenty-klawiszowe\/constantin-sandu-fortepian\/\",\"url\":\"https:\/\/www.amuz.krakow.pl\/letnia-akademia-muzyczna\/wykaz-kursow\/instrumenty-klawiszowe\/constantin-sandu-fortepian\/\",\"name\":\"AMKP - Akademia Muzyczna im. Krzysztofa Pendereckiego w Krakowie\",\"isPartOf\":{\"@id\":\"https:\/\/www.amuz.krakow.pl\/#website\"},\"datePublished\":\"2026-03-17T12:27:17+00:00\",\"dateModified\":\"2026-04-01T14:01:59+00:00\",\"breadcrumb\":{\"@id\":\"https:\/\/www.amuz.krakow.pl\/letnia-akademia-muzyczna\/wykaz-kursow\/instrumenty-klawiszowe\/constantin-sandu-fortepian\/#breadcrumb\"},\"inLanguage\":\"en-US\",\"potentialAction\":[{\"@type\":\"ReadAction\",\"target\":[\"https:\/\/www.amuz.krakow.pl\/letnia-akademia-muzyczna\/wykaz-kursow\/instrumenty-klawiszowe\/constantin-sandu-fortepian\/\"]}]},{\"@type\":\"BreadcrumbList\",\"@id\":\"https:\/\/www.amuz.krakow.pl\/letnia-akademia-muzyczna\/wykaz-kursow\/instrumenty-klawiszowe\/constantin-sandu-fortepian\/#breadcrumb\",\"itemListElement\":[{\"@type\":\"ListItem\",\"position\":1,\"name\":\"Strona g\u0142\u00f3wna\",\"item\":\"https:\/\/www.amuz.krakow.pl\/\"},{\"@type\":\"ListItem\",\"position\":2,\"name\":\"Letnia Akademia Muzyczna\",\"item\":\"https:\/\/www.amuz.krakow.pl\/letnia-akademia-muzyczna\/\"},{\"@type\":\"ListItem\",\"position\":3,\"name\":\"Wykaz kurs\u00f3w\",\"item\":\"https:\/\/www.amuz.krakow.pl\/letnia-akademia-muzyczna\/wykaz-kursow\/\"},{\"@type\":\"ListItem\",\"position\":4,\"name\":\"Instrumenty klawiszowe\",\"item\":\"https:\/\/www.amuz.krakow.pl\/letnia-akademia-muzyczna\/wykaz-kursow\/instrumenty-klawiszowe\/\"},{\"@type\":\"ListItem\",\"position\":5,\"name\":\"Constantin Sandu &#8211; fortepian\"}]},{\"@type\":\"WebSite\",\"@id\":\"https:\/\/www.amuz.krakow.pl\/#website\",\"url\":\"https:\/\/www.amuz.krakow.pl\/\",\"name\":\"Akademia Muzyczna im. Krzysztofa Pendereckiego w Krakowie\",\"description\":\"Oficjalna strona Akademii Muzycznej im. Krzysztofa Pendereckiego w Krakowie (AMKP).\",\"publisher\":{\"@id\":\"https:\/\/www.amuz.krakow.pl\/#organization\"},\"alternateName\":\"AMKP\",\"potentialAction\":[{\"@type\":\"SearchAction\",\"target\":{\"@type\":\"EntryPoint\",\"urlTemplate\":\"https:\/\/www.amuz.krakow.pl\/?s={search_term_string}\"},\"query-input\":{\"@type\":\"PropertyValueSpecification\",\"valueRequired\":true,\"valueName\":\"search_term_string\"}}],\"inLanguage\":\"en-US\"},{\"@type\":\"Organization\",\"@id\":\"https:\/\/www.amuz.krakow.pl\/#organization\",\"name\":\"Akademia Muzyczna im. Krzysztofa Pendereckiego w Krakowie\",\"alternateName\":\"AMKP\",\"url\":\"https:\/\/www.amuz.krakow.pl\/\",\"logo\":{\"@type\":\"ImageObject\",\"inLanguage\":\"en-US\",\"@id\":\"https:\/\/www.amuz.krakow.pl\/#\/schema\/logo\/image\/\",\"url\":\"https:\/\/www.amuz.krakow.pl\/wp-content\/uploads\/2021\/11\/amkp.jpg\",\"contentUrl\":\"https:\/\/www.amuz.krakow.pl\/wp-content\/uploads\/2021\/11\/amkp.jpg\",\"width\":1193,\"height\":591,\"caption\":\"Akademia Muzyczna im. Krzysztofa Pendereckiego w Krakowie\"},\"image\":{\"@id\":\"https:\/\/www.amuz.krakow.pl\/#\/schema\/logo\/image\/\"},\"sameAs\":[\"https:\/\/www.facebook.com\/amuz.krakow\",\"https:\/\/www.instagram.com\/amkpenderecki\/\",\"https:\/\/www.youtube.com\/@amkpenderecki4806\"]}]}<\/script>\n<!-- \/ Yoast SEO plugin. -->","yoast_head_json":{"title":"AMKP - Akademia Muzyczna im. Krzysztofa Pendereckiego w Krakowie","robots":{"index":"index","follow":"follow","max-snippet":"max-snippet:-1","max-image-preview":"max-image-preview:large","max-video-preview":"max-video-preview:-1"},"canonical":"https:\/\/www.amuz.krakow.pl\/letnia-akademia-muzyczna\/wykaz-kursow\/instrumenty-klawiszowe\/constantin-sandu-fortepian\/","og_locale":"en_US","og_type":"article","og_title":"AMKP - Akademia Muzyczna im. Krzysztofa Pendereckiego w Krakowie","og_description":"The performing art of Constantin Sandu has developed under the influence of his Romanian masters \u2013 Sonia Ratescu, Constantin Nitu and, later on, Constantin Ionescu-Vovu at the &#8220;Ciprian Porumbescu&#8221; Higher&hellip; Continue reading","og_url":"https:\/\/www.amuz.krakow.pl\/letnia-akademia-muzyczna\/wykaz-kursow\/instrumenty-klawiszowe\/constantin-sandu-fortepian\/","og_site_name":"Akademia Muzyczna im. Krzysztofa Pendereckiego w Krakowie","article_publisher":"https:\/\/www.facebook.com\/amuz.krakow","article_modified_time":"2026-04-01T14:01:59+00:00","og_image":[{"width":1193,"height":591,"url":"https:\/\/www.amuz.krakow.pl\/wp-content\/uploads\/2021\/11\/amkp.jpg","type":"image\/jpeg"}],"twitter_card":"summary_large_image","twitter_misc":{"Est. reading time":"6 minutes"},"schema":{"@context":"https:\/\/schema.org","@graph":[{"@type":"WebPage","@id":"https:\/\/www.amuz.krakow.pl\/letnia-akademia-muzyczna\/wykaz-kursow\/instrumenty-klawiszowe\/constantin-sandu-fortepian\/","url":"https:\/\/www.amuz.krakow.pl\/letnia-akademia-muzyczna\/wykaz-kursow\/instrumenty-klawiszowe\/constantin-sandu-fortepian\/","name":"AMKP - Akademia Muzyczna im. Krzysztofa Pendereckiego w Krakowie","isPartOf":{"@id":"https:\/\/www.amuz.krakow.pl\/#website"},"datePublished":"2026-03-17T12:27:17+00:00","dateModified":"2026-04-01T14:01:59+00:00","breadcrumb":{"@id":"https:\/\/www.amuz.krakow.pl\/letnia-akademia-muzyczna\/wykaz-kursow\/instrumenty-klawiszowe\/constantin-sandu-fortepian\/#breadcrumb"},"inLanguage":"en-US","potentialAction":[{"@type":"ReadAction","target":["https:\/\/www.amuz.krakow.pl\/letnia-akademia-muzyczna\/wykaz-kursow\/instrumenty-klawiszowe\/constantin-sandu-fortepian\/"]}]},{"@type":"BreadcrumbList","@id":"https:\/\/www.amuz.krakow.pl\/letnia-akademia-muzyczna\/wykaz-kursow\/instrumenty-klawiszowe\/constantin-sandu-fortepian\/#breadcrumb","itemListElement":[{"@type":"ListItem","position":1,"name":"Strona g\u0142\u00f3wna","item":"https:\/\/www.amuz.krakow.pl\/"},{"@type":"ListItem","position":2,"name":"Letnia Akademia Muzyczna","item":"https:\/\/www.amuz.krakow.pl\/letnia-akademia-muzyczna\/"},{"@type":"ListItem","position":3,"name":"Wykaz kurs\u00f3w","item":"https:\/\/www.amuz.krakow.pl\/letnia-akademia-muzyczna\/wykaz-kursow\/"},{"@type":"ListItem","position":4,"name":"Instrumenty klawiszowe","item":"https:\/\/www.amuz.krakow.pl\/letnia-akademia-muzyczna\/wykaz-kursow\/instrumenty-klawiszowe\/"},{"@type":"ListItem","position":5,"name":"Constantin Sandu &#8211; fortepian"}]},{"@type":"WebSite","@id":"https:\/\/www.amuz.krakow.pl\/#website","url":"https:\/\/www.amuz.krakow.pl\/","name":"Akademia Muzyczna im. Krzysztofa Pendereckiego w Krakowie","description":"Oficjalna strona Akademii Muzycznej im. Krzysztofa Pendereckiego w Krakowie (AMKP).","publisher":{"@id":"https:\/\/www.amuz.krakow.pl\/#organization"},"alternateName":"AMKP","potentialAction":[{"@type":"SearchAction","target":{"@type":"EntryPoint","urlTemplate":"https:\/\/www.amuz.krakow.pl\/?s={search_term_string}"},"query-input":{"@type":"PropertyValueSpecification","valueRequired":true,"valueName":"search_term_string"}}],"inLanguage":"en-US"},{"@type":"Organization","@id":"https:\/\/www.amuz.krakow.pl\/#organization","name":"Akademia Muzyczna im. Krzysztofa Pendereckiego w Krakowie","alternateName":"AMKP","url":"https:\/\/www.amuz.krakow.pl\/","logo":{"@type":"ImageObject","inLanguage":"en-US","@id":"https:\/\/www.amuz.krakow.pl\/#\/schema\/logo\/image\/","url":"https:\/\/www.amuz.krakow.pl\/wp-content\/uploads\/2021\/11\/amkp.jpg","contentUrl":"https:\/\/www.amuz.krakow.pl\/wp-content\/uploads\/2021\/11\/amkp.jpg","width":1193,"height":591,"caption":"Akademia Muzyczna im. Krzysztofa Pendereckiego w Krakowie"},"image":{"@id":"https:\/\/www.amuz.krakow.pl\/#\/schema\/logo\/image\/"},"sameAs":["https:\/\/www.facebook.com\/amuz.krakow","https:\/\/www.instagram.com\/amkpenderecki\/","https:\/\/www.youtube.com\/@amkpenderecki4806"]}]}},"_links":{"self":[{"href":"https:\/\/www.amuz.krakow.pl\/en\/wp-json\/wp\/v2\/pages\/116516","targetHints":{"allow":["GET"]}}],"collection":[{"href":"https:\/\/www.amuz.krakow.pl\/en\/wp-json\/wp\/v2\/pages"}],"about":[{"href":"https:\/\/www.amuz.krakow.pl\/en\/wp-json\/wp\/v2\/types\/page"}],"author":[{"embeddable":true,"href":"https:\/\/www.amuz.krakow.pl\/en\/wp-json\/wp\/v2\/users\/72"}],"replies":[{"embeddable":true,"href":"https:\/\/www.amuz.krakow.pl\/en\/wp-json\/wp\/v2\/comments?post=116516"}],"version-history":[{"count":2,"href":"https:\/\/www.amuz.krakow.pl\/en\/wp-json\/wp\/v2\/pages\/116516\/revisions"}],"predecessor-version":[{"id":117712,"href":"https:\/\/www.amuz.krakow.pl\/en\/wp-json\/wp\/v2\/pages\/116516\/revisions\/117712"}],"up":[{"embeddable":true,"href":"https:\/\/www.amuz.krakow.pl\/en\/wp-json\/wp\/v2\/pages\/47050"}],"wp:attachment":[{"href":"https:\/\/www.amuz.krakow.pl\/en\/wp-json\/wp\/v2\/media?parent=116516"}],"curies":[{"name":"wp","href":"https:\/\/api.w.org\/{rel}","templated":true}]}}