{"id":11540,"date":"2016-10-05T13:34:47","date_gmt":"2016-10-05T11:34:47","guid":{"rendered":"http:\/\/www.amuz.krakow.pl\/?page_id=11540"},"modified":"2023-09-26T10:41:11","modified_gmt":"2023-09-26T08:41:11","slug":"aleksandra-kuls-koziak","status":"publish","type":"page","link":"https:\/\/www.amuz.krakow.pl\/en\/wydzialy\/wydzial-ii-instrumentalny\/katedra-skrzypiec-i-altowki\/pracownicy-katedry\/aleksandra-kuls-koziak\/","title":{"rendered":"dr Aleksandra Kuls-Koziak"},"content":{"rendered":"<p><figure id=\"attachment_38585\" aria-describedby=\"caption-attachment-38585\" style=\"width: 293px\" class=\"wp-caption alignleft\"><a href=\"https:\/\/www.amuz.krakow.pl\/wydzialy\/wydzial-ii-instrumentalny\/katedra-skrzypiec-i-altowki\/pracownicy-katedry\/mgr-aleksandra-kuls-koziak\/aleksandra-kuls-koziak-fot-piotr-iwaszko\/\" rel=\"attachment wp-att-38585\"><img loading=\"lazy\" decoding=\"async\" class=\" wp-image-38585\" src=\"https:\/\/www.amuz.krakow.pl\/wp-content\/uploads\/2020\/05\/Aleksandra-Kuls-Koziak-fot.-Piotr-Iwaszko-300x200.jpeg\" alt=\"\" width=\"293\" height=\"195\" srcset=\"https:\/\/www.amuz.krakow.pl\/wp-content\/uploads\/2020\/05\/Aleksandra-Kuls-Koziak-fot.-Piotr-Iwaszko-300x200.jpeg 300w, https:\/\/www.amuz.krakow.pl\/wp-content\/uploads\/2020\/05\/Aleksandra-Kuls-Koziak-fot.-Piotr-Iwaszko-scaled.jpeg 2048w, https:\/\/www.amuz.krakow.pl\/wp-content\/uploads\/2020\/05\/Aleksandra-Kuls-Koziak-fot.-Piotr-Iwaszko-768x512.jpeg 768w, https:\/\/www.amuz.krakow.pl\/wp-content\/uploads\/2020\/05\/Aleksandra-Kuls-Koziak-fot.-Piotr-Iwaszko-1536x1024.jpeg 1536w\" sizes=\"auto, (max-width: 293px) 100vw, 293px\" \/><\/a><figcaption id=\"caption-attachment-38585\" class=\"wp-caption-text\">Photo by Piotr Iwaszko<\/figcaption><\/figure><\/p>\n<p style=\"text-align: justify;\">Aleksandra Kuls is a laureate of many international competitions, including the Jozsef Szigeti International Violin and Viola Competition in Budapest (2012, First Prize) and the Henryk Wieniawski International Violin Competition in Pozna\u0144 (2011, Wanda Wi\u0142komirska\u2019s Prize for the best performance of a work by Karol Szymanowski and a Special Prize of the Critics\u2019 Chapter). In December 2019 she was awarded II Prize at the Gra\u017cyna Bacewicz International Violin Competition in \u0141\u00f3d\u017a.<br \/>\nShe was a student of Kaja Danczowska at the Academy of Music in Krakow, where she graduated in 2015. Currently she is Assistant Professor of Violin.<br \/>\nAleksandra Kuls has performed as a soloist in Poland (e.g. with Warsaw Philharmonic Orchestra, Krak\u00f3w Philharmonic Orchestra, Polish National Radio Symphony Orchestra of Katowice, Sinfonia Varsovia), the USA, Italy, France, Spain (Real Filharmonia de Galicia and Orquesta Sinf\u00f3nica de Navarra), Germany (Zielona G\u00f3ra Philharmonic Orchestra), Brazil (Orquestra Sinfonica do Paran\u00e1), Turkey (Istanbul Devlet Senfoni Orkestras\u0131), Hungary (Hungarian Radio Symphony Orchestra and Duna Symphony Orchestra), Ukraine (Lviv Philharmonic Orchestra), China (China Philharmonic Orchestra), and took part in many international festivals: Chopin and his Europe (2012-2015), Polish Culture Festival in Beijing (2014), Krzysztof Penderecki Festival in Warsaw (2013), International Kaposv\u00e1r Chamber Music Festival in Hungary (2013), Music in Old Krakow (2012), and International Festival of Young Laureates of Music Contests in Katowice (2012). The artist had an honour of working with conductors such as Krzysztof Penderecki, Tadeusz Struga\u0142a, Antoni Wit, Jerzy Maksymiuk, Micha\u0142 Dworzy\u0144ski, Andr\u00e9s Mustonen, Yan Pascal Tortelier, Yang Yang and many others. She participated in master classes with Maxim Vengerov.<br \/>\nAleksandra Kuls was granted many scholarships and awards for artistic achievements, including \u201cPolityka\u2019s Passport 2011\u201d in the classical music category, an award and scholarship from the Minister of Culture and National Heritage (2011, 2012), a scholarship from the Minister of Science and Higher Education (2012), and \u201cM\u0142oda Polska\u201d scholarship for recording a debut CD album (2013).<br \/>\nSince 2013 the artist recorded two CD albums for DUX Recording Producers (one with pianist Justyna Danczowska, the other featuring pieces for violin solo only) as well as: <em>the Violin Concerto<\/em> by the Polish composer Ignacy Waghalter (recorded with Andr\u00e9s Mustonen and Sinfonia Varsovia), pieces for violin and piano by Giorgy Catoire (for Sarton Recordings, recorded with J. Danczowska), <em>Polish Rhapsody <\/em>by Stefan Poradowski (Polish Radio Orchestra and conductor Pawel Przytocki), Sofia Gubaidulina&#8217;s Violin Concerto &#8211; <em>Offertorium (<\/em>live concert recording, Marek Mo\u015b, CORda Cracovia Orchestra)<\/p>\n<p><a href=\"mailto:aleksandra.kuls.koziak@amuz.krakow.pl\">aleksandra.kuls.koziak@amuz.krakow.pl<\/a><\/p>","protected":false},"excerpt":{"rendered":"<p>Aleksandra Kuls is a laureate of many international competitions, including the Jozsef Szigeti International Violin and Viola Competition in Budapest (2012, First Prize) and the Henryk Wieniawski International Violin Competition&hellip; <a href=\"https:\/\/www.amuz.krakow.pl\/en\/wydzialy\/wydzial-ii-instrumentalny\/katedra-skrzypiec-i-altowki\/pracownicy-katedry\/aleksandra-kuls-koziak\/\">Continue reading<\/a><\/p>\n","protected":false},"author":72,"featured_media":38585,"parent":2009,"menu_order":135,"comment_status":"closed","ping_status":"closed","template":"","meta":{"footnotes":"","_links_to":"","_links_to_target":""},"class_list":["post-11540","page","type-page","status-publish","has-post-thumbnail","hentry"],"yoast_head":"<!-- This site is optimized with the Yoast SEO plugin v27.2 - https:\/\/yoast.com\/product\/yoast-seo-wordpress\/ -->\n<title>AMKP - Akademia Muzyczna im. Krzysztofa Pendereckiego w Krakowie<\/title>\n<meta name=\"robots\" content=\"index, follow, max-snippet:-1, max-image-preview:large, max-video-preview:-1\" \/>\n<link rel=\"canonical\" href=\"https:\/\/www.amuz.krakow.pl\/wydzialy\/wydzial-ii-instrumentalny\/katedra-skrzypiec-i-altowki\/pracownicy-katedry\/aleksandra-kuls-koziak\/\" \/>\n<meta property=\"og:locale\" content=\"en_US\" \/>\n<meta property=\"og:type\" content=\"article\" \/>\n<meta property=\"og:title\" content=\"AMKP - Akademia Muzyczna im. Krzysztofa Pendereckiego w Krakowie\" \/>\n<meta property=\"og:description\" content=\"Aleksandra Kuls is a laureate of many international competitions, including the Jozsef Szigeti International Violin and Viola Competition in Budapest (2012, First Prize) and the Henryk Wieniawski International Violin Competition&hellip; Continue reading\" \/>\n<meta property=\"og:url\" content=\"https:\/\/www.amuz.krakow.pl\/wydzialy\/wydzial-ii-instrumentalny\/katedra-skrzypiec-i-altowki\/pracownicy-katedry\/aleksandra-kuls-koziak\/\" \/>\n<meta property=\"og:site_name\" content=\"Akademia Muzyczna im. Krzysztofa Pendereckiego w Krakowie\" \/>\n<meta property=\"article:publisher\" content=\"https:\/\/www.facebook.com\/amuz.krakow\" \/>\n<meta property=\"article:modified_time\" content=\"2023-09-26T08:41:11+00:00\" \/>\n<meta property=\"og:image\" content=\"https:\/\/www.amuz.krakow.pl\/wp-content\/uploads\/2020\/05\/Aleksandra-Kuls-Koziak-fot.-Piotr-Iwaszko-scaled.jpeg\" \/>\n\t<meta property=\"og:image:width\" content=\"2048\" \/>\n\t<meta property=\"og:image:height\" content=\"1365\" \/>\n\t<meta property=\"og:image:type\" content=\"image\/jpeg\" \/>\n<meta name=\"twitter:card\" content=\"summary_large_image\" \/>\n<meta name=\"twitter:label1\" content=\"Est. reading time\" \/>\n\t<meta name=\"twitter:data1\" content=\"3 minutes\" \/>\n<script type=\"application\/ld+json\" class=\"yoast-schema-graph\">{\"@context\":\"https:\/\/schema.org\",\"@graph\":[{\"@type\":\"WebPage\",\"@id\":\"https:\/\/www.amuz.krakow.pl\/wydzialy\/wydzial-ii-instrumentalny\/katedra-skrzypiec-i-altowki\/pracownicy-katedry\/aleksandra-kuls-koziak\/\",\"url\":\"https:\/\/www.amuz.krakow.pl\/wydzialy\/wydzial-ii-instrumentalny\/katedra-skrzypiec-i-altowki\/pracownicy-katedry\/aleksandra-kuls-koziak\/\",\"name\":\"AMKP - Akademia Muzyczna im. Krzysztofa Pendereckiego w Krakowie\",\"isPartOf\":{\"@id\":\"https:\/\/www.amuz.krakow.pl\/#website\"},\"primaryImageOfPage\":{\"@id\":\"https:\/\/www.amuz.krakow.pl\/wydzialy\/wydzial-ii-instrumentalny\/katedra-skrzypiec-i-altowki\/pracownicy-katedry\/aleksandra-kuls-koziak\/#primaryimage\"},\"image\":{\"@id\":\"https:\/\/www.amuz.krakow.pl\/wydzialy\/wydzial-ii-instrumentalny\/katedra-skrzypiec-i-altowki\/pracownicy-katedry\/aleksandra-kuls-koziak\/#primaryimage\"},\"thumbnailUrl\":\"https:\/\/www.amuz.krakow.pl\/wp-content\/uploads\/2020\/05\/Aleksandra-Kuls-Koziak-fot.-Piotr-Iwaszko-scaled.jpeg\",\"datePublished\":\"2016-10-05T11:34:47+00:00\",\"dateModified\":\"2023-09-26T08:41:11+00:00\",\"breadcrumb\":{\"@id\":\"https:\/\/www.amuz.krakow.pl\/wydzialy\/wydzial-ii-instrumentalny\/katedra-skrzypiec-i-altowki\/pracownicy-katedry\/aleksandra-kuls-koziak\/#breadcrumb\"},\"inLanguage\":\"en-US\",\"potentialAction\":[{\"@type\":\"ReadAction\",\"target\":[\"https:\/\/www.amuz.krakow.pl\/wydzialy\/wydzial-ii-instrumentalny\/katedra-skrzypiec-i-altowki\/pracownicy-katedry\/aleksandra-kuls-koziak\/\"]}]},{\"@type\":\"ImageObject\",\"inLanguage\":\"en-US\",\"@id\":\"https:\/\/www.amuz.krakow.pl\/wydzialy\/wydzial-ii-instrumentalny\/katedra-skrzypiec-i-altowki\/pracownicy-katedry\/aleksandra-kuls-koziak\/#primaryimage\",\"url\":\"https:\/\/www.amuz.krakow.pl\/wp-content\/uploads\/2020\/05\/Aleksandra-Kuls-Koziak-fot.-Piotr-Iwaszko-scaled.jpeg\",\"contentUrl\":\"https:\/\/www.amuz.krakow.pl\/wp-content\/uploads\/2020\/05\/Aleksandra-Kuls-Koziak-fot.-Piotr-Iwaszko-scaled.jpeg\",\"width\":2048,\"height\":1365,\"caption\":\"Photo by Piotr Iwaszko\"},{\"@type\":\"BreadcrumbList\",\"@id\":\"https:\/\/www.amuz.krakow.pl\/wydzialy\/wydzial-ii-instrumentalny\/katedra-skrzypiec-i-altowki\/pracownicy-katedry\/aleksandra-kuls-koziak\/#breadcrumb\",\"itemListElement\":[{\"@type\":\"ListItem\",\"position\":1,\"name\":\"Strona g\u0142\u00f3wna\",\"item\":\"https:\/\/www.amuz.krakow.pl\/\"},{\"@type\":\"ListItem\",\"position\":2,\"name\":\"WYDZIA\u0141Y\",\"item\":\"https:\/\/www.amuz.krakow.pl\/wydzialy\/\"},{\"@type\":\"ListItem\",\"position\":3,\"name\":\"Wydzia\u0142 Instrumentalny\",\"item\":\"https:\/\/www.amuz.krakow.pl\/wydzialy\/wydzial-ii-instrumentalny\/\"},{\"@type\":\"ListItem\",\"position\":4,\"name\":\"Katedra Skrzypiec i Alt\u00f3wki\",\"item\":\"https:\/\/www.amuz.krakow.pl\/wydzialy\/wydzial-ii-instrumentalny\/katedra-skrzypiec-i-altowki\/\"},{\"@type\":\"ListItem\",\"position\":5,\"name\":\"Pracownicy Katedry\",\"item\":\"https:\/\/www.amuz.krakow.pl\/wydzialy\/wydzial-ii-instrumentalny\/katedra-skrzypiec-i-altowki\/pracownicy-katedry\/\"},{\"@type\":\"ListItem\",\"position\":6,\"name\":\"dr Aleksandra Kuls-Koziak\"}]},{\"@type\":\"WebSite\",\"@id\":\"https:\/\/www.amuz.krakow.pl\/#website\",\"url\":\"https:\/\/www.amuz.krakow.pl\/\",\"name\":\"Akademia Muzyczna im. Krzysztofa Pendereckiego w Krakowie\",\"description\":\"Oficjalna strona Akademii Muzycznej im. Krzysztofa Pendereckiego w Krakowie (AMKP).\",\"publisher\":{\"@id\":\"https:\/\/www.amuz.krakow.pl\/#organization\"},\"alternateName\":\"AMKP\",\"potentialAction\":[{\"@type\":\"SearchAction\",\"target\":{\"@type\":\"EntryPoint\",\"urlTemplate\":\"https:\/\/www.amuz.krakow.pl\/?s={search_term_string}\"},\"query-input\":{\"@type\":\"PropertyValueSpecification\",\"valueRequired\":true,\"valueName\":\"search_term_string\"}}],\"inLanguage\":\"en-US\"},{\"@type\":\"Organization\",\"@id\":\"https:\/\/www.amuz.krakow.pl\/#organization\",\"name\":\"Akademia Muzyczna im. Krzysztofa Pendereckiego w Krakowie\",\"alternateName\":\"AMKP\",\"url\":\"https:\/\/www.amuz.krakow.pl\/\",\"logo\":{\"@type\":\"ImageObject\",\"inLanguage\":\"en-US\",\"@id\":\"https:\/\/www.amuz.krakow.pl\/#\/schema\/logo\/image\/\",\"url\":\"https:\/\/www.amuz.krakow.pl\/wp-content\/uploads\/2021\/11\/amkp.jpg\",\"contentUrl\":\"https:\/\/www.amuz.krakow.pl\/wp-content\/uploads\/2021\/11\/amkp.jpg\",\"width\":1193,\"height\":591,\"caption\":\"Akademia Muzyczna im. Krzysztofa Pendereckiego w Krakowie\"},\"image\":{\"@id\":\"https:\/\/www.amuz.krakow.pl\/#\/schema\/logo\/image\/\"},\"sameAs\":[\"https:\/\/www.facebook.com\/amuz.krakow\",\"https:\/\/www.instagram.com\/amkpenderecki\/\",\"https:\/\/www.youtube.com\/@amkpenderecki4806\"]}]}<\/script>\n<!-- \/ Yoast SEO plugin. -->","yoast_head_json":{"title":"AMKP - Akademia Muzyczna im. Krzysztofa Pendereckiego w Krakowie","robots":{"index":"index","follow":"follow","max-snippet":"max-snippet:-1","max-image-preview":"max-image-preview:large","max-video-preview":"max-video-preview:-1"},"canonical":"https:\/\/www.amuz.krakow.pl\/wydzialy\/wydzial-ii-instrumentalny\/katedra-skrzypiec-i-altowki\/pracownicy-katedry\/aleksandra-kuls-koziak\/","og_locale":"en_US","og_type":"article","og_title":"AMKP - Akademia Muzyczna im. Krzysztofa Pendereckiego w Krakowie","og_description":"Aleksandra Kuls is a laureate of many international competitions, including the Jozsef Szigeti International Violin and Viola Competition in Budapest (2012, First Prize) and the Henryk Wieniawski International Violin Competition&hellip; Continue reading","og_url":"https:\/\/www.amuz.krakow.pl\/wydzialy\/wydzial-ii-instrumentalny\/katedra-skrzypiec-i-altowki\/pracownicy-katedry\/aleksandra-kuls-koziak\/","og_site_name":"Akademia Muzyczna im. Krzysztofa Pendereckiego w Krakowie","article_publisher":"https:\/\/www.facebook.com\/amuz.krakow","article_modified_time":"2023-09-26T08:41:11+00:00","og_image":[{"width":2048,"height":1365,"url":"https:\/\/www.amuz.krakow.pl\/wp-content\/uploads\/2020\/05\/Aleksandra-Kuls-Koziak-fot.-Piotr-Iwaszko-scaled.jpeg","type":"image\/jpeg"}],"twitter_card":"summary_large_image","twitter_misc":{"Est. reading time":"3 minutes"},"schema":{"@context":"https:\/\/schema.org","@graph":[{"@type":"WebPage","@id":"https:\/\/www.amuz.krakow.pl\/wydzialy\/wydzial-ii-instrumentalny\/katedra-skrzypiec-i-altowki\/pracownicy-katedry\/aleksandra-kuls-koziak\/","url":"https:\/\/www.amuz.krakow.pl\/wydzialy\/wydzial-ii-instrumentalny\/katedra-skrzypiec-i-altowki\/pracownicy-katedry\/aleksandra-kuls-koziak\/","name":"AMKP - Akademia Muzyczna im. Krzysztofa Pendereckiego w Krakowie","isPartOf":{"@id":"https:\/\/www.amuz.krakow.pl\/#website"},"primaryImageOfPage":{"@id":"https:\/\/www.amuz.krakow.pl\/wydzialy\/wydzial-ii-instrumentalny\/katedra-skrzypiec-i-altowki\/pracownicy-katedry\/aleksandra-kuls-koziak\/#primaryimage"},"image":{"@id":"https:\/\/www.amuz.krakow.pl\/wydzialy\/wydzial-ii-instrumentalny\/katedra-skrzypiec-i-altowki\/pracownicy-katedry\/aleksandra-kuls-koziak\/#primaryimage"},"thumbnailUrl":"https:\/\/www.amuz.krakow.pl\/wp-content\/uploads\/2020\/05\/Aleksandra-Kuls-Koziak-fot.-Piotr-Iwaszko-scaled.jpeg","datePublished":"2016-10-05T11:34:47+00:00","dateModified":"2023-09-26T08:41:11+00:00","breadcrumb":{"@id":"https:\/\/www.amuz.krakow.pl\/wydzialy\/wydzial-ii-instrumentalny\/katedra-skrzypiec-i-altowki\/pracownicy-katedry\/aleksandra-kuls-koziak\/#breadcrumb"},"inLanguage":"en-US","potentialAction":[{"@type":"ReadAction","target":["https:\/\/www.amuz.krakow.pl\/wydzialy\/wydzial-ii-instrumentalny\/katedra-skrzypiec-i-altowki\/pracownicy-katedry\/aleksandra-kuls-koziak\/"]}]},{"@type":"ImageObject","inLanguage":"en-US","@id":"https:\/\/www.amuz.krakow.pl\/wydzialy\/wydzial-ii-instrumentalny\/katedra-skrzypiec-i-altowki\/pracownicy-katedry\/aleksandra-kuls-koziak\/#primaryimage","url":"https:\/\/www.amuz.krakow.pl\/wp-content\/uploads\/2020\/05\/Aleksandra-Kuls-Koziak-fot.-Piotr-Iwaszko-scaled.jpeg","contentUrl":"https:\/\/www.amuz.krakow.pl\/wp-content\/uploads\/2020\/05\/Aleksandra-Kuls-Koziak-fot.-Piotr-Iwaszko-scaled.jpeg","width":2048,"height":1365,"caption":"Photo by Piotr Iwaszko"},{"@type":"BreadcrumbList","@id":"https:\/\/www.amuz.krakow.pl\/wydzialy\/wydzial-ii-instrumentalny\/katedra-skrzypiec-i-altowki\/pracownicy-katedry\/aleksandra-kuls-koziak\/#breadcrumb","itemListElement":[{"@type":"ListItem","position":1,"name":"Strona g\u0142\u00f3wna","item":"https:\/\/www.amuz.krakow.pl\/"},{"@type":"ListItem","position":2,"name":"WYDZIA\u0141Y","item":"https:\/\/www.amuz.krakow.pl\/wydzialy\/"},{"@type":"ListItem","position":3,"name":"Wydzia\u0142 Instrumentalny","item":"https:\/\/www.amuz.krakow.pl\/wydzialy\/wydzial-ii-instrumentalny\/"},{"@type":"ListItem","position":4,"name":"Katedra Skrzypiec i Alt\u00f3wki","item":"https:\/\/www.amuz.krakow.pl\/wydzialy\/wydzial-ii-instrumentalny\/katedra-skrzypiec-i-altowki\/"},{"@type":"ListItem","position":5,"name":"Pracownicy Katedry","item":"https:\/\/www.amuz.krakow.pl\/wydzialy\/wydzial-ii-instrumentalny\/katedra-skrzypiec-i-altowki\/pracownicy-katedry\/"},{"@type":"ListItem","position":6,"name":"dr Aleksandra Kuls-Koziak"}]},{"@type":"WebSite","@id":"https:\/\/www.amuz.krakow.pl\/#website","url":"https:\/\/www.amuz.krakow.pl\/","name":"Akademia Muzyczna im. Krzysztofa Pendereckiego w Krakowie","description":"Oficjalna strona Akademii Muzycznej im. Krzysztofa Pendereckiego w Krakowie (AMKP).","publisher":{"@id":"https:\/\/www.amuz.krakow.pl\/#organization"},"alternateName":"AMKP","potentialAction":[{"@type":"SearchAction","target":{"@type":"EntryPoint","urlTemplate":"https:\/\/www.amuz.krakow.pl\/?s={search_term_string}"},"query-input":{"@type":"PropertyValueSpecification","valueRequired":true,"valueName":"search_term_string"}}],"inLanguage":"en-US"},{"@type":"Organization","@id":"https:\/\/www.amuz.krakow.pl\/#organization","name":"Akademia Muzyczna im. Krzysztofa Pendereckiego w Krakowie","alternateName":"AMKP","url":"https:\/\/www.amuz.krakow.pl\/","logo":{"@type":"ImageObject","inLanguage":"en-US","@id":"https:\/\/www.amuz.krakow.pl\/#\/schema\/logo\/image\/","url":"https:\/\/www.amuz.krakow.pl\/wp-content\/uploads\/2021\/11\/amkp.jpg","contentUrl":"https:\/\/www.amuz.krakow.pl\/wp-content\/uploads\/2021\/11\/amkp.jpg","width":1193,"height":591,"caption":"Akademia Muzyczna im. Krzysztofa Pendereckiego w Krakowie"},"image":{"@id":"https:\/\/www.amuz.krakow.pl\/#\/schema\/logo\/image\/"},"sameAs":["https:\/\/www.facebook.com\/amuz.krakow","https:\/\/www.instagram.com\/amkpenderecki\/","https:\/\/www.youtube.com\/@amkpenderecki4806"]}]}},"_links":{"self":[{"href":"https:\/\/www.amuz.krakow.pl\/en\/wp-json\/wp\/v2\/pages\/11540","targetHints":{"allow":["GET"]}}],"collection":[{"href":"https:\/\/www.amuz.krakow.pl\/en\/wp-json\/wp\/v2\/pages"}],"about":[{"href":"https:\/\/www.amuz.krakow.pl\/en\/wp-json\/wp\/v2\/types\/page"}],"author":[{"embeddable":true,"href":"https:\/\/www.amuz.krakow.pl\/en\/wp-json\/wp\/v2\/users\/72"}],"replies":[{"embeddable":true,"href":"https:\/\/www.amuz.krakow.pl\/en\/wp-json\/wp\/v2\/comments?post=11540"}],"version-history":[{"count":4,"href":"https:\/\/www.amuz.krakow.pl\/en\/wp-json\/wp\/v2\/pages\/11540\/revisions"}],"predecessor-version":[{"id":78189,"href":"https:\/\/www.amuz.krakow.pl\/en\/wp-json\/wp\/v2\/pages\/11540\/revisions\/78189"}],"up":[{"embeddable":true,"href":"https:\/\/www.amuz.krakow.pl\/en\/wp-json\/wp\/v2\/pages\/2009"}],"wp:featuredmedia":[{"embeddable":true,"href":"https:\/\/www.amuz.krakow.pl\/en\/wp-json\/wp\/v2\/media\/38585"}],"wp:attachment":[{"href":"https:\/\/www.amuz.krakow.pl\/en\/wp-json\/wp\/v2\/media?parent=11540"}],"curies":[{"name":"wp","href":"https:\/\/api.w.org\/{rel}","templated":true}]}}