{"id":11525,"date":"2016-10-05T13:00:37","date_gmt":"2016-10-05T11:00:37","guid":{"rendered":"http:\/\/www.amuz.krakow.pl\/?page_id=11525"},"modified":"2025-07-14T10:16:53","modified_gmt":"2025-07-14T08:16:53","slug":"dr-hab-maria-shetty","status":"publish","type":"page","link":"https:\/\/www.amuz.krakow.pl\/en\/wydzialy\/wydzial-ii-instrumentalny\/katedra-skrzypiec-i-altowki\/pracownicy-katedry\/dr-hab-maria-shetty\/","title":{"rendered":"prof. dr hab. Maria Shetty"},"content":{"rendered":"<p><figure id=\"attachment_99325\" aria-describedby=\"caption-attachment-99325\" style=\"width: 200px\" class=\"wp-caption alignleft\"><a href=\"https:\/\/www.amuz.krakow.pl\/wp-content\/uploads\/2025\/03\/Shetty-Maria_fot-Magdalena-Halas-scaled.jpg\" target=\"_blank\" rel=\"noopener\"><img loading=\"lazy\" decoding=\"async\" class=\"wp-image-99325 size-medium\" src=\"https:\/\/www.amuz.krakow.pl\/wp-content\/uploads\/2025\/03\/Shetty-Maria_fot-Magdalena-Halas-200x300.jpg\" alt=\"\" width=\"200\" height=\"300\" srcset=\"https:\/\/www.amuz.krakow.pl\/wp-content\/uploads\/2025\/03\/Shetty-Maria_fot-Magdalena-Halas-200x300.jpg 200w, https:\/\/www.amuz.krakow.pl\/wp-content\/uploads\/2025\/03\/Shetty-Maria_fot-Magdalena-Halas-scaled.jpg 1367w, https:\/\/www.amuz.krakow.pl\/wp-content\/uploads\/2025\/03\/Shetty-Maria_fot-Magdalena-Halas-768x1150.jpg 768w, https:\/\/www.amuz.krakow.pl\/wp-content\/uploads\/2025\/03\/Shetty-Maria_fot-Magdalena-Halas-1025x1536.jpg 1025w\" sizes=\"auto, (max-width: 200px) 100vw, 200px\" \/><\/a><figcaption id=\"caption-attachment-99325\" class=\"wp-caption-text\">photo by Magdalena Ha\u0142as<\/figcaption><\/figure><\/p>\n<p>Maria Shetty graduated with honors from the Krzysztof Penderecki Academy of Music in Krakow under the guidance of Prof. Janusz Pisarski and. She pursued postgraduate studies at the University f\u00fcr Musik und darstellende Kunst Wien with Prof. Wolfgang Klos and asst. Ulrich Sch\u00f6nauer. Additionally, she honed her skills at the esteemed European Chamber Music Academy and participated in masterclasses led by notable musicians and ensembles, including H. Beyerle, J. Meissl, A. Kouyoumdjian, Apollon Musagete Quartet, and Tokyo String Quartet. In 2015, Maria earned her Doctor of Arts title, focusing on her doctoral dissertation about Paul Hindemith\u2019s compositions for the viola. Since 2016, she has been associated with the Krzysztof Penderecki Music Academy in Krakow, where she initially gained experience as an assistant to Professor Janusz Pisarski. Since 2021, as a habilitated doctor, she has been conducting her viola class in the Department of Violin and Viola at her alma mater. In 2025, she was awarded the title of professor of art.<\/p>\n<p>From 2011 to 2025 she was a violist at the National Polish Radio Symphony Orchestra in Katowice with whom she performed in Poland and around the world and made numerous CD, radio and television recordings. Maria has achieved recognition in national and international competitions, securing awards like the Second Prize and Special Prize for Interpretation of Shostakovich&#8217;s Music at the International Chamber Music Competition in Plovdiv (2015) and the Second Prize and Special Prize Baerenreiter Urtext Preis at the Charles Hennen Concours in Holland (2011).<\/p>\n<p>Maria has received scholarships from programs like &#8220;Young Poland,&#8221; the Polish Ministry of Culture and National Heritage Republic of Poland, Scientific Scholarship of the City of Krakow, the European Chamber Music Academy, Pacific Music Festival in Japan, and the Adam Mickiewicz Institute. As a chamber musician, she regularly performs in various formations and participates in NOSPR Chamber Series. She has performed at such festivals as Festival Pablo Casals in Prades, Mozartiade in Augsburg, Kalkalpen Festival in Grossraming, Pacific Music Festival in Sapporo, Imago Dei Festival in Austria, Internationales Musikfest Goslar-Harz, Paderewski Festival in Paso Robles \u2013 California.<\/p>\n<p>Co-founding the Messages Quartet in 2014, specializing in Polish chamber music, Maria contributed to the debut album released by DUX recording company, featuring string quartets by Szymon Laks. The quartet&#8217;s second album, &#8220;Messages,&#8221; with compositions by A. Panufnik, S. Moniuszko, and K. Penderecki, gained acclaim. Another recording, &#8220;Bacewicz\/Tansman &#8211; Piano Quintets,&#8221; by the Messages Quartet, nominated for the Fryderyk award and was honoured with the Musical Eagle in 2022 for the best chamber ensemble. Messages Quartet was further distinguished with a nomination for the Coryphaeus of Polish Music award in the \u201cPersonality of the Year\u201d category in 2023. Maria has also collaborated on the album &#8220;Karolina Stalmachowska and Friends &#8211; Jean Francaix &#8211; Musique pour Plaisir.&#8221; In 2023, an album presenting Polish clarinet quintets was released, featuring the collaboration between the Messages Quartet and Piotr Lato. The following year, 2024, the DUX record label released the solo album &#8220;HINDEMITH.&#8221; In addition to the solo sonata, Maria recorded two piano sonatas with Monika Wili\u0144ska-Tarcholik. This album received phenomenal reviews in the esteemed foreign press. Maria also recorded for such publishing houses as Acte Prealable and Chopin University Press.<\/p>\n<p>Maria actively engages in teaching and has conducted music courses in Poland and abroad, including Brazil and Austria. Annually, she is invited to lead the viola class at the Ma\u0142opolska Academy of Talents and the Mi\u0119dzynarodowy Kurs Interpretacji Muzycznej w Nowym S\u0105czu.<\/p>\n<p><a href=\"mailto:maria.shetty@amuz.krakow.pl\">maria.shetty@amuz.krakow.pl<\/a><\/p>","protected":false},"excerpt":{"rendered":"<p>Maria Shetty graduated with honors from the Krzysztof Penderecki Academy of Music in Krakow under the guidance of Prof. Janusz Pisarski and. She pursued postgraduate studies at the University f\u00fcr&hellip; <a href=\"https:\/\/www.amuz.krakow.pl\/en\/wydzialy\/wydzial-ii-instrumentalny\/katedra-skrzypiec-i-altowki\/pracownicy-katedry\/dr-hab-maria-shetty\/\">Continue reading<\/a><\/p>\n","protected":false},"author":72,"featured_media":106022,"parent":2009,"menu_order":53,"comment_status":"closed","ping_status":"closed","template":"","meta":{"footnotes":"","_links_to":"","_links_to_target":""},"class_list":["post-11525","page","type-page","status-publish","has-post-thumbnail","hentry"],"yoast_head":"<!-- This site is optimized with the Yoast SEO plugin v27.2 - https:\/\/yoast.com\/product\/yoast-seo-wordpress\/ -->\n<title>AMKP - Akademia Muzyczna im. Krzysztofa Pendereckiego w Krakowie<\/title>\n<meta name=\"robots\" content=\"index, follow, max-snippet:-1, max-image-preview:large, max-video-preview:-1\" \/>\n<link rel=\"canonical\" href=\"https:\/\/www.amuz.krakow.pl\/wydzialy\/wydzial-ii-instrumentalny\/katedra-skrzypiec-i-altowki\/pracownicy-katedry\/dr-hab-maria-shetty\/\" \/>\n<meta property=\"og:locale\" content=\"en_US\" \/>\n<meta property=\"og:type\" content=\"article\" \/>\n<meta property=\"og:title\" content=\"AMKP - Akademia Muzyczna im. Krzysztofa Pendereckiego w Krakowie\" \/>\n<meta property=\"og:description\" content=\"Maria Shetty graduated with honors from the Krzysztof Penderecki Academy of Music in Krakow under the guidance of Prof. Janusz Pisarski and. She pursued postgraduate studies at the University f\u00fcr&hellip; Continue reading\" \/>\n<meta property=\"og:url\" content=\"https:\/\/www.amuz.krakow.pl\/wydzialy\/wydzial-ii-instrumentalny\/katedra-skrzypiec-i-altowki\/pracownicy-katedry\/dr-hab-maria-shetty\/\" \/>\n<meta property=\"og:site_name\" content=\"Akademia Muzyczna im. Krzysztofa Pendereckiego w Krakowie\" \/>\n<meta property=\"article:publisher\" content=\"https:\/\/www.facebook.com\/amuz.krakow\" \/>\n<meta property=\"article:modified_time\" content=\"2025-07-14T08:16:53+00:00\" \/>\n<meta property=\"og:image\" content=\"https:\/\/www.amuz.krakow.pl\/wp-content\/uploads\/2025\/07\/Shetty-Maria_fot-Magdalena-Halas-scaled-1.jpg\" \/>\n\t<meta property=\"og:image:width\" content=\"1079\" \/>\n\t<meta property=\"og:image:height\" content=\"539\" \/>\n\t<meta property=\"og:image:type\" content=\"image\/jpeg\" \/>\n<meta name=\"twitter:card\" content=\"summary_large_image\" \/>\n<meta name=\"twitter:label1\" content=\"Est. reading time\" \/>\n\t<meta name=\"twitter:data1\" content=\"4 minutes\" \/>\n<script type=\"application\/ld+json\" class=\"yoast-schema-graph\">{\"@context\":\"https:\/\/schema.org\",\"@graph\":[{\"@type\":\"WebPage\",\"@id\":\"https:\/\/www.amuz.krakow.pl\/wydzialy\/wydzial-ii-instrumentalny\/katedra-skrzypiec-i-altowki\/pracownicy-katedry\/dr-hab-maria-shetty\/\",\"url\":\"https:\/\/www.amuz.krakow.pl\/wydzialy\/wydzial-ii-instrumentalny\/katedra-skrzypiec-i-altowki\/pracownicy-katedry\/dr-hab-maria-shetty\/\",\"name\":\"AMKP - Akademia Muzyczna im. Krzysztofa Pendereckiego w Krakowie\",\"isPartOf\":{\"@id\":\"https:\/\/www.amuz.krakow.pl\/#website\"},\"primaryImageOfPage\":{\"@id\":\"https:\/\/www.amuz.krakow.pl\/wydzialy\/wydzial-ii-instrumentalny\/katedra-skrzypiec-i-altowki\/pracownicy-katedry\/dr-hab-maria-shetty\/#primaryimage\"},\"image\":{\"@id\":\"https:\/\/www.amuz.krakow.pl\/wydzialy\/wydzial-ii-instrumentalny\/katedra-skrzypiec-i-altowki\/pracownicy-katedry\/dr-hab-maria-shetty\/#primaryimage\"},\"thumbnailUrl\":\"https:\/\/www.amuz.krakow.pl\/wp-content\/uploads\/2025\/07\/Shetty-Maria_fot-Magdalena-Halas-scaled-1.jpg\",\"datePublished\":\"2016-10-05T11:00:37+00:00\",\"dateModified\":\"2025-07-14T08:16:53+00:00\",\"breadcrumb\":{\"@id\":\"https:\/\/www.amuz.krakow.pl\/wydzialy\/wydzial-ii-instrumentalny\/katedra-skrzypiec-i-altowki\/pracownicy-katedry\/dr-hab-maria-shetty\/#breadcrumb\"},\"inLanguage\":\"en-US\",\"potentialAction\":[{\"@type\":\"ReadAction\",\"target\":[\"https:\/\/www.amuz.krakow.pl\/wydzialy\/wydzial-ii-instrumentalny\/katedra-skrzypiec-i-altowki\/pracownicy-katedry\/dr-hab-maria-shetty\/\"]}]},{\"@type\":\"ImageObject\",\"inLanguage\":\"en-US\",\"@id\":\"https:\/\/www.amuz.krakow.pl\/wydzialy\/wydzial-ii-instrumentalny\/katedra-skrzypiec-i-altowki\/pracownicy-katedry\/dr-hab-maria-shetty\/#primaryimage\",\"url\":\"https:\/\/www.amuz.krakow.pl\/wp-content\/uploads\/2025\/07\/Shetty-Maria_fot-Magdalena-Halas-scaled-1.jpg\",\"contentUrl\":\"https:\/\/www.amuz.krakow.pl\/wp-content\/uploads\/2025\/07\/Shetty-Maria_fot-Magdalena-Halas-scaled-1.jpg\",\"width\":1079,\"height\":539},{\"@type\":\"BreadcrumbList\",\"@id\":\"https:\/\/www.amuz.krakow.pl\/wydzialy\/wydzial-ii-instrumentalny\/katedra-skrzypiec-i-altowki\/pracownicy-katedry\/dr-hab-maria-shetty\/#breadcrumb\",\"itemListElement\":[{\"@type\":\"ListItem\",\"position\":1,\"name\":\"Strona g\u0142\u00f3wna\",\"item\":\"https:\/\/www.amuz.krakow.pl\/\"},{\"@type\":\"ListItem\",\"position\":2,\"name\":\"WYDZIA\u0141Y\",\"item\":\"https:\/\/www.amuz.krakow.pl\/wydzialy\/\"},{\"@type\":\"ListItem\",\"position\":3,\"name\":\"Wydzia\u0142 Instrumentalny\",\"item\":\"https:\/\/www.amuz.krakow.pl\/wydzialy\/wydzial-ii-instrumentalny\/\"},{\"@type\":\"ListItem\",\"position\":4,\"name\":\"Katedra Skrzypiec i Alt\u00f3wki\",\"item\":\"https:\/\/www.amuz.krakow.pl\/wydzialy\/wydzial-ii-instrumentalny\/katedra-skrzypiec-i-altowki\/\"},{\"@type\":\"ListItem\",\"position\":5,\"name\":\"Pracownicy Katedry\",\"item\":\"https:\/\/www.amuz.krakow.pl\/wydzialy\/wydzial-ii-instrumentalny\/katedra-skrzypiec-i-altowki\/pracownicy-katedry\/\"},{\"@type\":\"ListItem\",\"position\":6,\"name\":\"prof. dr hab. Maria Shetty\"}]},{\"@type\":\"WebSite\",\"@id\":\"https:\/\/www.amuz.krakow.pl\/#website\",\"url\":\"https:\/\/www.amuz.krakow.pl\/\",\"name\":\"Akademia Muzyczna im. Krzysztofa Pendereckiego w Krakowie\",\"description\":\"Oficjalna strona Akademii Muzycznej im. Krzysztofa Pendereckiego w Krakowie (AMKP).\",\"publisher\":{\"@id\":\"https:\/\/www.amuz.krakow.pl\/#organization\"},\"alternateName\":\"AMKP\",\"potentialAction\":[{\"@type\":\"SearchAction\",\"target\":{\"@type\":\"EntryPoint\",\"urlTemplate\":\"https:\/\/www.amuz.krakow.pl\/?s={search_term_string}\"},\"query-input\":{\"@type\":\"PropertyValueSpecification\",\"valueRequired\":true,\"valueName\":\"search_term_string\"}}],\"inLanguage\":\"en-US\"},{\"@type\":\"Organization\",\"@id\":\"https:\/\/www.amuz.krakow.pl\/#organization\",\"name\":\"Akademia Muzyczna im. Krzysztofa Pendereckiego w Krakowie\",\"alternateName\":\"AMKP\",\"url\":\"https:\/\/www.amuz.krakow.pl\/\",\"logo\":{\"@type\":\"ImageObject\",\"inLanguage\":\"en-US\",\"@id\":\"https:\/\/www.amuz.krakow.pl\/#\/schema\/logo\/image\/\",\"url\":\"https:\/\/www.amuz.krakow.pl\/wp-content\/uploads\/2021\/11\/amkp.jpg\",\"contentUrl\":\"https:\/\/www.amuz.krakow.pl\/wp-content\/uploads\/2021\/11\/amkp.jpg\",\"width\":1193,\"height\":591,\"caption\":\"Akademia Muzyczna im. Krzysztofa Pendereckiego w Krakowie\"},\"image\":{\"@id\":\"https:\/\/www.amuz.krakow.pl\/#\/schema\/logo\/image\/\"},\"sameAs\":[\"https:\/\/www.facebook.com\/amuz.krakow\",\"https:\/\/www.instagram.com\/amkpenderecki\/\",\"https:\/\/www.youtube.com\/@amkpenderecki4806\"]}]}<\/script>\n<!-- \/ Yoast SEO plugin. -->","yoast_head_json":{"title":"AMKP - Akademia Muzyczna im. Krzysztofa Pendereckiego w Krakowie","robots":{"index":"index","follow":"follow","max-snippet":"max-snippet:-1","max-image-preview":"max-image-preview:large","max-video-preview":"max-video-preview:-1"},"canonical":"https:\/\/www.amuz.krakow.pl\/wydzialy\/wydzial-ii-instrumentalny\/katedra-skrzypiec-i-altowki\/pracownicy-katedry\/dr-hab-maria-shetty\/","og_locale":"en_US","og_type":"article","og_title":"AMKP - Akademia Muzyczna im. Krzysztofa Pendereckiego w Krakowie","og_description":"Maria Shetty graduated with honors from the Krzysztof Penderecki Academy of Music in Krakow under the guidance of Prof. Janusz Pisarski and. She pursued postgraduate studies at the University f\u00fcr&hellip; Continue reading","og_url":"https:\/\/www.amuz.krakow.pl\/wydzialy\/wydzial-ii-instrumentalny\/katedra-skrzypiec-i-altowki\/pracownicy-katedry\/dr-hab-maria-shetty\/","og_site_name":"Akademia Muzyczna im. Krzysztofa Pendereckiego w Krakowie","article_publisher":"https:\/\/www.facebook.com\/amuz.krakow","article_modified_time":"2025-07-14T08:16:53+00:00","og_image":[{"width":1079,"height":539,"url":"https:\/\/www.amuz.krakow.pl\/wp-content\/uploads\/2025\/07\/Shetty-Maria_fot-Magdalena-Halas-scaled-1.jpg","type":"image\/jpeg"}],"twitter_card":"summary_large_image","twitter_misc":{"Est. reading time":"4 minutes"},"schema":{"@context":"https:\/\/schema.org","@graph":[{"@type":"WebPage","@id":"https:\/\/www.amuz.krakow.pl\/wydzialy\/wydzial-ii-instrumentalny\/katedra-skrzypiec-i-altowki\/pracownicy-katedry\/dr-hab-maria-shetty\/","url":"https:\/\/www.amuz.krakow.pl\/wydzialy\/wydzial-ii-instrumentalny\/katedra-skrzypiec-i-altowki\/pracownicy-katedry\/dr-hab-maria-shetty\/","name":"AMKP - Akademia Muzyczna im. Krzysztofa Pendereckiego w Krakowie","isPartOf":{"@id":"https:\/\/www.amuz.krakow.pl\/#website"},"primaryImageOfPage":{"@id":"https:\/\/www.amuz.krakow.pl\/wydzialy\/wydzial-ii-instrumentalny\/katedra-skrzypiec-i-altowki\/pracownicy-katedry\/dr-hab-maria-shetty\/#primaryimage"},"image":{"@id":"https:\/\/www.amuz.krakow.pl\/wydzialy\/wydzial-ii-instrumentalny\/katedra-skrzypiec-i-altowki\/pracownicy-katedry\/dr-hab-maria-shetty\/#primaryimage"},"thumbnailUrl":"https:\/\/www.amuz.krakow.pl\/wp-content\/uploads\/2025\/07\/Shetty-Maria_fot-Magdalena-Halas-scaled-1.jpg","datePublished":"2016-10-05T11:00:37+00:00","dateModified":"2025-07-14T08:16:53+00:00","breadcrumb":{"@id":"https:\/\/www.amuz.krakow.pl\/wydzialy\/wydzial-ii-instrumentalny\/katedra-skrzypiec-i-altowki\/pracownicy-katedry\/dr-hab-maria-shetty\/#breadcrumb"},"inLanguage":"en-US","potentialAction":[{"@type":"ReadAction","target":["https:\/\/www.amuz.krakow.pl\/wydzialy\/wydzial-ii-instrumentalny\/katedra-skrzypiec-i-altowki\/pracownicy-katedry\/dr-hab-maria-shetty\/"]}]},{"@type":"ImageObject","inLanguage":"en-US","@id":"https:\/\/www.amuz.krakow.pl\/wydzialy\/wydzial-ii-instrumentalny\/katedra-skrzypiec-i-altowki\/pracownicy-katedry\/dr-hab-maria-shetty\/#primaryimage","url":"https:\/\/www.amuz.krakow.pl\/wp-content\/uploads\/2025\/07\/Shetty-Maria_fot-Magdalena-Halas-scaled-1.jpg","contentUrl":"https:\/\/www.amuz.krakow.pl\/wp-content\/uploads\/2025\/07\/Shetty-Maria_fot-Magdalena-Halas-scaled-1.jpg","width":1079,"height":539},{"@type":"BreadcrumbList","@id":"https:\/\/www.amuz.krakow.pl\/wydzialy\/wydzial-ii-instrumentalny\/katedra-skrzypiec-i-altowki\/pracownicy-katedry\/dr-hab-maria-shetty\/#breadcrumb","itemListElement":[{"@type":"ListItem","position":1,"name":"Strona g\u0142\u00f3wna","item":"https:\/\/www.amuz.krakow.pl\/"},{"@type":"ListItem","position":2,"name":"WYDZIA\u0141Y","item":"https:\/\/www.amuz.krakow.pl\/wydzialy\/"},{"@type":"ListItem","position":3,"name":"Wydzia\u0142 Instrumentalny","item":"https:\/\/www.amuz.krakow.pl\/wydzialy\/wydzial-ii-instrumentalny\/"},{"@type":"ListItem","position":4,"name":"Katedra Skrzypiec i Alt\u00f3wki","item":"https:\/\/www.amuz.krakow.pl\/wydzialy\/wydzial-ii-instrumentalny\/katedra-skrzypiec-i-altowki\/"},{"@type":"ListItem","position":5,"name":"Pracownicy Katedry","item":"https:\/\/www.amuz.krakow.pl\/wydzialy\/wydzial-ii-instrumentalny\/katedra-skrzypiec-i-altowki\/pracownicy-katedry\/"},{"@type":"ListItem","position":6,"name":"prof. dr hab. Maria Shetty"}]},{"@type":"WebSite","@id":"https:\/\/www.amuz.krakow.pl\/#website","url":"https:\/\/www.amuz.krakow.pl\/","name":"Akademia Muzyczna im. Krzysztofa Pendereckiego w Krakowie","description":"Oficjalna strona Akademii Muzycznej im. Krzysztofa Pendereckiego w Krakowie (AMKP).","publisher":{"@id":"https:\/\/www.amuz.krakow.pl\/#organization"},"alternateName":"AMKP","potentialAction":[{"@type":"SearchAction","target":{"@type":"EntryPoint","urlTemplate":"https:\/\/www.amuz.krakow.pl\/?s={search_term_string}"},"query-input":{"@type":"PropertyValueSpecification","valueRequired":true,"valueName":"search_term_string"}}],"inLanguage":"en-US"},{"@type":"Organization","@id":"https:\/\/www.amuz.krakow.pl\/#organization","name":"Akademia Muzyczna im. Krzysztofa Pendereckiego w Krakowie","alternateName":"AMKP","url":"https:\/\/www.amuz.krakow.pl\/","logo":{"@type":"ImageObject","inLanguage":"en-US","@id":"https:\/\/www.amuz.krakow.pl\/#\/schema\/logo\/image\/","url":"https:\/\/www.amuz.krakow.pl\/wp-content\/uploads\/2021\/11\/amkp.jpg","contentUrl":"https:\/\/www.amuz.krakow.pl\/wp-content\/uploads\/2021\/11\/amkp.jpg","width":1193,"height":591,"caption":"Akademia Muzyczna im. Krzysztofa Pendereckiego w Krakowie"},"image":{"@id":"https:\/\/www.amuz.krakow.pl\/#\/schema\/logo\/image\/"},"sameAs":["https:\/\/www.facebook.com\/amuz.krakow","https:\/\/www.instagram.com\/amkpenderecki\/","https:\/\/www.youtube.com\/@amkpenderecki4806"]}]}},"_links":{"self":[{"href":"https:\/\/www.amuz.krakow.pl\/en\/wp-json\/wp\/v2\/pages\/11525","targetHints":{"allow":["GET"]}}],"collection":[{"href":"https:\/\/www.amuz.krakow.pl\/en\/wp-json\/wp\/v2\/pages"}],"about":[{"href":"https:\/\/www.amuz.krakow.pl\/en\/wp-json\/wp\/v2\/types\/page"}],"author":[{"embeddable":true,"href":"https:\/\/www.amuz.krakow.pl\/en\/wp-json\/wp\/v2\/users\/72"}],"replies":[{"embeddable":true,"href":"https:\/\/www.amuz.krakow.pl\/en\/wp-json\/wp\/v2\/comments?post=11525"}],"version-history":[{"count":12,"href":"https:\/\/www.amuz.krakow.pl\/en\/wp-json\/wp\/v2\/pages\/11525\/revisions"}],"predecessor-version":[{"id":106025,"href":"https:\/\/www.amuz.krakow.pl\/en\/wp-json\/wp\/v2\/pages\/11525\/revisions\/106025"}],"up":[{"embeddable":true,"href":"https:\/\/www.amuz.krakow.pl\/en\/wp-json\/wp\/v2\/pages\/2009"}],"wp:featuredmedia":[{"embeddable":true,"href":"https:\/\/www.amuz.krakow.pl\/en\/wp-json\/wp\/v2\/media\/106022"}],"wp:attachment":[{"href":"https:\/\/www.amuz.krakow.pl\/en\/wp-json\/wp\/v2\/media?parent=11525"}],"curies":[{"name":"wp","href":"https:\/\/api.w.org\/{rel}","templated":true}]}}