{"id":11521,"date":"2016-10-05T12:49:17","date_gmt":"2016-10-05T10:49:17","guid":{"rendered":"http:\/\/www.amuz.krakow.pl\/?page_id=11521"},"modified":"2025-09-30T16:22:43","modified_gmt":"2025-09-30T14:22:43","slug":"dr-piotr-kowal","status":"publish","type":"page","link":"https:\/\/www.amuz.krakow.pl\/en\/wydzialy\/wydzial-ii-instrumentalny\/katedra-fortepianu\/pracownicy-katedry\/dr-piotr-kowal\/","title":{"rendered":"dr hab. Piotr Kowal"},"content":{"rendered":"<p><figure id=\"attachment_38095\" aria-describedby=\"caption-attachment-38095\" style=\"width: 290px\" class=\"wp-caption alignleft\"><a href=\"https:\/\/www.amuz.krakow.pl\/wp-content\/uploads\/2020\/04\/Piotr-Kowal-scaled.jpg\"><img loading=\"lazy\" decoding=\"async\" class=\" wp-image-38095\" src=\"https:\/\/www.amuz.krakow.pl\/wp-content\/uploads\/2020\/04\/Piotr-Kowal-300x200.jpg\" alt=\"\" width=\"290\" height=\"193\" srcset=\"https:\/\/www.amuz.krakow.pl\/wp-content\/uploads\/2020\/04\/Piotr-Kowal-300x200.jpg 300w, https:\/\/www.amuz.krakow.pl\/wp-content\/uploads\/2020\/04\/Piotr-Kowal-scaled.jpg 2048w, https:\/\/www.amuz.krakow.pl\/wp-content\/uploads\/2020\/04\/Piotr-Kowal-768x513.jpg 768w, https:\/\/www.amuz.krakow.pl\/wp-content\/uploads\/2020\/04\/Piotr-Kowal-1536x1025.jpg 1536w\" sizes=\"auto, (max-width: 290px) 100vw, 290px\" \/><\/a><figcaption id=\"caption-attachment-38095\" class=\"wp-caption-text\">fot. archiwum artysty<\/figcaption><\/figure><\/p>\n<p style=\"text-align: justify;\">Piotr Kowal, born in 1991 in Wroc\u0142aw and graduated from the Primary and Secondary Karol Szymanowski School of Music under the direction of Marianna Nykiel-Krakowczyk. In 2015, he graduated with distinction from the Academy of Music in Krakow in the piano class of prof. dr hab. Andrzej Pikul, and in July 2018 he received a doctoral degree in art, also becoming an assistant at the Piano Department at his home\u00a0 university. The doctoral dissertation concerned the interpretation of Ludwig van Beethoven&#8217;s sonatas and contained a recording of the sonatas\u00a0 Op. 81a, op. 106 Hammerklavier and op. 111. In 2014, the pianist also developed his skills in the piano class of prof. Konstanze Eickhorst while studying at the Musikhochschule in L\u00fcbeck. From September 2019 he also holds the position of head of the Piano Department at the Bronis\u0142aw Rutkowski Primary and Secondary School of Music in Krakow.<br \/>\nHe has performed at several international festivals, such as Wawel o Zmierzchu (2017) Sierpie\u0144 Talent\u00f3w in Katowice (2014), Piano Festival of the Royal City of Krakow (2013) Polish Music Festival in Iwonicz Zdr\u00f3j (2012, 2013), Liszt Festival (Krakow, 2011). He gave a recital as part of cyclical Chopin concerts in Warsaw at the Ostrogski Palace. He also represented the University during an exchange concert at the Kunstuniversit\u00e4t in Graz (2013).<br \/>\nIn addition to solo playing, an important part of his musical interests is playing in various chamber ensembles. Among other things, as a member of the piano trio he performed at the Krakow Philharmonic (2013) and as part of the International Music Festival in Old Krakow (2013).<br \/>\nThe pianist develops his skills at numerous solo master classes with professors such as Paul Badura-Skoda, Aquiles delle Vigne, Dmitri Bashkirov, Emanuel Krasovsky, Dina Yoffe, Anna Malikova, Elza Kolodin, Konstanze Eickhorst, Evgeni Koroliov, Bruno Canino, Gyorgy Nador, and Tamas Ungar. In the field of chamber music, he also participates in numerous courses and workshops conducted by, among others Peter Buck, Jeroen Reuling, Roberto Trainini, Alexander Gebert, and Mikhail Kopelman.<br \/>\nHe is a laureate and finalist of international piano competitions, among others 1st prize at the Tadeusz \u017bmudzi\u0144ski (2012), II prize J. Bistritzky during the International Tel-Hai Master Courses in Israel (2016), finalist of the International Competition Hansa Buelow in Meiningen (2012) and the International Piano Competition &#8220;Performance without limit&#8221; in \u0141\u00f3d\u017a (2013).<br \/>\nHe also performed with the Cz\u0119stochowa Philharmonic Symphony Orchestra and the Riszon le-Cijjon Symphony Orchestra performing Franz Liszt&#8217;s Concerto in E flat major.<\/p>\n<p><a href=\"mailto:piotr.kowal@amuz.krakow.pl\">piotr.kowal@amuz.krakow.pl<\/a><\/p>","protected":false},"excerpt":{"rendered":"<p>Piotr Kowal, born in 1991 in Wroc\u0142aw and graduated from the Primary and Secondary Karol Szymanowski School of Music under the direction of Marianna Nykiel-Krakowczyk. In 2015, he graduated with&hellip; <a href=\"https:\/\/www.amuz.krakow.pl\/en\/wydzialy\/wydzial-ii-instrumentalny\/katedra-fortepianu\/pracownicy-katedry\/dr-piotr-kowal\/\">Continue reading<\/a><\/p>\n","protected":false},"author":72,"featured_media":38095,"parent":1641,"menu_order":111,"comment_status":"closed","ping_status":"closed","template":"","meta":{"footnotes":"","_links_to":"","_links_to_target":""},"class_list":["post-11521","page","type-page","status-publish","has-post-thumbnail","hentry"],"yoast_head":"<!-- This site is optimized with the Yoast SEO plugin v27.2 - https:\/\/yoast.com\/product\/yoast-seo-wordpress\/ -->\n<title>AMKP - Akademia Muzyczna im. Krzysztofa Pendereckiego w Krakowie<\/title>\n<meta name=\"robots\" content=\"index, follow, max-snippet:-1, max-image-preview:large, max-video-preview:-1\" \/>\n<link rel=\"canonical\" href=\"https:\/\/www.amuz.krakow.pl\/wydzialy\/wydzial-ii-instrumentalny\/katedra-fortepianu\/pracownicy-katedry\/dr-piotr-kowal\/\" \/>\n<meta property=\"og:locale\" content=\"en_US\" \/>\n<meta property=\"og:type\" content=\"article\" \/>\n<meta property=\"og:title\" content=\"AMKP - Akademia Muzyczna im. Krzysztofa Pendereckiego w Krakowie\" \/>\n<meta property=\"og:description\" content=\"Piotr Kowal, born in 1991 in Wroc\u0142aw and graduated from the Primary and Secondary Karol Szymanowski School of Music under the direction of Marianna Nykiel-Krakowczyk. In 2015, he graduated with&hellip; Continue reading\" \/>\n<meta property=\"og:url\" content=\"https:\/\/www.amuz.krakow.pl\/wydzialy\/wydzial-ii-instrumentalny\/katedra-fortepianu\/pracownicy-katedry\/dr-piotr-kowal\/\" \/>\n<meta property=\"og:site_name\" content=\"Akademia Muzyczna im. Krzysztofa Pendereckiego w Krakowie\" \/>\n<meta property=\"article:publisher\" content=\"https:\/\/www.facebook.com\/amuz.krakow\" \/>\n<meta property=\"article:modified_time\" content=\"2025-09-30T14:22:43+00:00\" \/>\n<meta property=\"og:image\" content=\"https:\/\/www.amuz.krakow.pl\/wp-content\/uploads\/2020\/04\/Piotr-Kowal-scaled.jpg\" \/>\n\t<meta property=\"og:image:width\" content=\"2048\" \/>\n\t<meta property=\"og:image:height\" content=\"1367\" \/>\n\t<meta property=\"og:image:type\" content=\"image\/jpeg\" \/>\n<meta name=\"twitter:card\" content=\"summary_large_image\" \/>\n<meta name=\"twitter:label1\" content=\"Est. reading time\" \/>\n\t<meta name=\"twitter:data1\" content=\"3 minutes\" \/>\n<script type=\"application\/ld+json\" class=\"yoast-schema-graph\">{\"@context\":\"https:\/\/schema.org\",\"@graph\":[{\"@type\":\"WebPage\",\"@id\":\"https:\/\/www.amuz.krakow.pl\/wydzialy\/wydzial-ii-instrumentalny\/katedra-fortepianu\/pracownicy-katedry\/dr-piotr-kowal\/\",\"url\":\"https:\/\/www.amuz.krakow.pl\/wydzialy\/wydzial-ii-instrumentalny\/katedra-fortepianu\/pracownicy-katedry\/dr-piotr-kowal\/\",\"name\":\"AMKP - Akademia Muzyczna im. Krzysztofa Pendereckiego w Krakowie\",\"isPartOf\":{\"@id\":\"https:\/\/www.amuz.krakow.pl\/#website\"},\"primaryImageOfPage\":{\"@id\":\"https:\/\/www.amuz.krakow.pl\/wydzialy\/wydzial-ii-instrumentalny\/katedra-fortepianu\/pracownicy-katedry\/dr-piotr-kowal\/#primaryimage\"},\"image\":{\"@id\":\"https:\/\/www.amuz.krakow.pl\/wydzialy\/wydzial-ii-instrumentalny\/katedra-fortepianu\/pracownicy-katedry\/dr-piotr-kowal\/#primaryimage\"},\"thumbnailUrl\":\"https:\/\/www.amuz.krakow.pl\/wp-content\/uploads\/2020\/04\/Piotr-Kowal-scaled.jpg\",\"datePublished\":\"2016-10-05T10:49:17+00:00\",\"dateModified\":\"2025-09-30T14:22:43+00:00\",\"breadcrumb\":{\"@id\":\"https:\/\/www.amuz.krakow.pl\/wydzialy\/wydzial-ii-instrumentalny\/katedra-fortepianu\/pracownicy-katedry\/dr-piotr-kowal\/#breadcrumb\"},\"inLanguage\":\"en-US\",\"potentialAction\":[{\"@type\":\"ReadAction\",\"target\":[\"https:\/\/www.amuz.krakow.pl\/wydzialy\/wydzial-ii-instrumentalny\/katedra-fortepianu\/pracownicy-katedry\/dr-piotr-kowal\/\"]}]},{\"@type\":\"ImageObject\",\"inLanguage\":\"en-US\",\"@id\":\"https:\/\/www.amuz.krakow.pl\/wydzialy\/wydzial-ii-instrumentalny\/katedra-fortepianu\/pracownicy-katedry\/dr-piotr-kowal\/#primaryimage\",\"url\":\"https:\/\/www.amuz.krakow.pl\/wp-content\/uploads\/2020\/04\/Piotr-Kowal-scaled.jpg\",\"contentUrl\":\"https:\/\/www.amuz.krakow.pl\/wp-content\/uploads\/2020\/04\/Piotr-Kowal-scaled.jpg\",\"width\":2048,\"height\":1367,\"caption\":\"fot. archiwum artysty\"},{\"@type\":\"BreadcrumbList\",\"@id\":\"https:\/\/www.amuz.krakow.pl\/wydzialy\/wydzial-ii-instrumentalny\/katedra-fortepianu\/pracownicy-katedry\/dr-piotr-kowal\/#breadcrumb\",\"itemListElement\":[{\"@type\":\"ListItem\",\"position\":1,\"name\":\"Strona g\u0142\u00f3wna\",\"item\":\"https:\/\/www.amuz.krakow.pl\/\"},{\"@type\":\"ListItem\",\"position\":2,\"name\":\"WYDZIA\u0141Y\",\"item\":\"https:\/\/www.amuz.krakow.pl\/wydzialy\/\"},{\"@type\":\"ListItem\",\"position\":3,\"name\":\"Wydzia\u0142 Instrumentalny\",\"item\":\"https:\/\/www.amuz.krakow.pl\/wydzialy\/wydzial-ii-instrumentalny\/\"},{\"@type\":\"ListItem\",\"position\":4,\"name\":\"Katedra Fortepianu\",\"item\":\"https:\/\/www.amuz.krakow.pl\/wydzialy\/wydzial-ii-instrumentalny\/katedra-fortepianu\/\"},{\"@type\":\"ListItem\",\"position\":5,\"name\":\"Pracownicy Katedry\",\"item\":\"https:\/\/www.amuz.krakow.pl\/wydzialy\/wydzial-ii-instrumentalny\/katedra-fortepianu\/pracownicy-katedry\/\"},{\"@type\":\"ListItem\",\"position\":6,\"name\":\"dr hab. Piotr Kowal\"}]},{\"@type\":\"WebSite\",\"@id\":\"https:\/\/www.amuz.krakow.pl\/#website\",\"url\":\"https:\/\/www.amuz.krakow.pl\/\",\"name\":\"Akademia Muzyczna im. Krzysztofa Pendereckiego w Krakowie\",\"description\":\"Oficjalna strona Akademii Muzycznej im. Krzysztofa Pendereckiego w Krakowie (AMKP).\",\"publisher\":{\"@id\":\"https:\/\/www.amuz.krakow.pl\/#organization\"},\"alternateName\":\"AMKP\",\"potentialAction\":[{\"@type\":\"SearchAction\",\"target\":{\"@type\":\"EntryPoint\",\"urlTemplate\":\"https:\/\/www.amuz.krakow.pl\/?s={search_term_string}\"},\"query-input\":{\"@type\":\"PropertyValueSpecification\",\"valueRequired\":true,\"valueName\":\"search_term_string\"}}],\"inLanguage\":\"en-US\"},{\"@type\":\"Organization\",\"@id\":\"https:\/\/www.amuz.krakow.pl\/#organization\",\"name\":\"Akademia Muzyczna im. Krzysztofa Pendereckiego w Krakowie\",\"alternateName\":\"AMKP\",\"url\":\"https:\/\/www.amuz.krakow.pl\/\",\"logo\":{\"@type\":\"ImageObject\",\"inLanguage\":\"en-US\",\"@id\":\"https:\/\/www.amuz.krakow.pl\/#\/schema\/logo\/image\/\",\"url\":\"https:\/\/www.amuz.krakow.pl\/wp-content\/uploads\/2021\/11\/amkp.jpg\",\"contentUrl\":\"https:\/\/www.amuz.krakow.pl\/wp-content\/uploads\/2021\/11\/amkp.jpg\",\"width\":1193,\"height\":591,\"caption\":\"Akademia Muzyczna im. Krzysztofa Pendereckiego w Krakowie\"},\"image\":{\"@id\":\"https:\/\/www.amuz.krakow.pl\/#\/schema\/logo\/image\/\"},\"sameAs\":[\"https:\/\/www.facebook.com\/amuz.krakow\",\"https:\/\/www.instagram.com\/amkpenderecki\/\",\"https:\/\/www.youtube.com\/@amkpenderecki4806\"]}]}<\/script>\n<!-- \/ Yoast SEO plugin. -->","yoast_head_json":{"title":"AMKP - Akademia Muzyczna im. Krzysztofa Pendereckiego w Krakowie","robots":{"index":"index","follow":"follow","max-snippet":"max-snippet:-1","max-image-preview":"max-image-preview:large","max-video-preview":"max-video-preview:-1"},"canonical":"https:\/\/www.amuz.krakow.pl\/wydzialy\/wydzial-ii-instrumentalny\/katedra-fortepianu\/pracownicy-katedry\/dr-piotr-kowal\/","og_locale":"en_US","og_type":"article","og_title":"AMKP - Akademia Muzyczna im. Krzysztofa Pendereckiego w Krakowie","og_description":"Piotr Kowal, born in 1991 in Wroc\u0142aw and graduated from the Primary and Secondary Karol Szymanowski School of Music under the direction of Marianna Nykiel-Krakowczyk. In 2015, he graduated with&hellip; Continue reading","og_url":"https:\/\/www.amuz.krakow.pl\/wydzialy\/wydzial-ii-instrumentalny\/katedra-fortepianu\/pracownicy-katedry\/dr-piotr-kowal\/","og_site_name":"Akademia Muzyczna im. Krzysztofa Pendereckiego w Krakowie","article_publisher":"https:\/\/www.facebook.com\/amuz.krakow","article_modified_time":"2025-09-30T14:22:43+00:00","og_image":[{"width":2048,"height":1367,"url":"https:\/\/www.amuz.krakow.pl\/wp-content\/uploads\/2020\/04\/Piotr-Kowal-scaled.jpg","type":"image\/jpeg"}],"twitter_card":"summary_large_image","twitter_misc":{"Est. reading time":"3 minutes"},"schema":{"@context":"https:\/\/schema.org","@graph":[{"@type":"WebPage","@id":"https:\/\/www.amuz.krakow.pl\/wydzialy\/wydzial-ii-instrumentalny\/katedra-fortepianu\/pracownicy-katedry\/dr-piotr-kowal\/","url":"https:\/\/www.amuz.krakow.pl\/wydzialy\/wydzial-ii-instrumentalny\/katedra-fortepianu\/pracownicy-katedry\/dr-piotr-kowal\/","name":"AMKP - Akademia Muzyczna im. Krzysztofa Pendereckiego w Krakowie","isPartOf":{"@id":"https:\/\/www.amuz.krakow.pl\/#website"},"primaryImageOfPage":{"@id":"https:\/\/www.amuz.krakow.pl\/wydzialy\/wydzial-ii-instrumentalny\/katedra-fortepianu\/pracownicy-katedry\/dr-piotr-kowal\/#primaryimage"},"image":{"@id":"https:\/\/www.amuz.krakow.pl\/wydzialy\/wydzial-ii-instrumentalny\/katedra-fortepianu\/pracownicy-katedry\/dr-piotr-kowal\/#primaryimage"},"thumbnailUrl":"https:\/\/www.amuz.krakow.pl\/wp-content\/uploads\/2020\/04\/Piotr-Kowal-scaled.jpg","datePublished":"2016-10-05T10:49:17+00:00","dateModified":"2025-09-30T14:22:43+00:00","breadcrumb":{"@id":"https:\/\/www.amuz.krakow.pl\/wydzialy\/wydzial-ii-instrumentalny\/katedra-fortepianu\/pracownicy-katedry\/dr-piotr-kowal\/#breadcrumb"},"inLanguage":"en-US","potentialAction":[{"@type":"ReadAction","target":["https:\/\/www.amuz.krakow.pl\/wydzialy\/wydzial-ii-instrumentalny\/katedra-fortepianu\/pracownicy-katedry\/dr-piotr-kowal\/"]}]},{"@type":"ImageObject","inLanguage":"en-US","@id":"https:\/\/www.amuz.krakow.pl\/wydzialy\/wydzial-ii-instrumentalny\/katedra-fortepianu\/pracownicy-katedry\/dr-piotr-kowal\/#primaryimage","url":"https:\/\/www.amuz.krakow.pl\/wp-content\/uploads\/2020\/04\/Piotr-Kowal-scaled.jpg","contentUrl":"https:\/\/www.amuz.krakow.pl\/wp-content\/uploads\/2020\/04\/Piotr-Kowal-scaled.jpg","width":2048,"height":1367,"caption":"fot. archiwum artysty"},{"@type":"BreadcrumbList","@id":"https:\/\/www.amuz.krakow.pl\/wydzialy\/wydzial-ii-instrumentalny\/katedra-fortepianu\/pracownicy-katedry\/dr-piotr-kowal\/#breadcrumb","itemListElement":[{"@type":"ListItem","position":1,"name":"Strona g\u0142\u00f3wna","item":"https:\/\/www.amuz.krakow.pl\/"},{"@type":"ListItem","position":2,"name":"WYDZIA\u0141Y","item":"https:\/\/www.amuz.krakow.pl\/wydzialy\/"},{"@type":"ListItem","position":3,"name":"Wydzia\u0142 Instrumentalny","item":"https:\/\/www.amuz.krakow.pl\/wydzialy\/wydzial-ii-instrumentalny\/"},{"@type":"ListItem","position":4,"name":"Katedra Fortepianu","item":"https:\/\/www.amuz.krakow.pl\/wydzialy\/wydzial-ii-instrumentalny\/katedra-fortepianu\/"},{"@type":"ListItem","position":5,"name":"Pracownicy Katedry","item":"https:\/\/www.amuz.krakow.pl\/wydzialy\/wydzial-ii-instrumentalny\/katedra-fortepianu\/pracownicy-katedry\/"},{"@type":"ListItem","position":6,"name":"dr hab. Piotr Kowal"}]},{"@type":"WebSite","@id":"https:\/\/www.amuz.krakow.pl\/#website","url":"https:\/\/www.amuz.krakow.pl\/","name":"Akademia Muzyczna im. Krzysztofa Pendereckiego w Krakowie","description":"Oficjalna strona Akademii Muzycznej im. Krzysztofa Pendereckiego w Krakowie (AMKP).","publisher":{"@id":"https:\/\/www.amuz.krakow.pl\/#organization"},"alternateName":"AMKP","potentialAction":[{"@type":"SearchAction","target":{"@type":"EntryPoint","urlTemplate":"https:\/\/www.amuz.krakow.pl\/?s={search_term_string}"},"query-input":{"@type":"PropertyValueSpecification","valueRequired":true,"valueName":"search_term_string"}}],"inLanguage":"en-US"},{"@type":"Organization","@id":"https:\/\/www.amuz.krakow.pl\/#organization","name":"Akademia Muzyczna im. Krzysztofa Pendereckiego w Krakowie","alternateName":"AMKP","url":"https:\/\/www.amuz.krakow.pl\/","logo":{"@type":"ImageObject","inLanguage":"en-US","@id":"https:\/\/www.amuz.krakow.pl\/#\/schema\/logo\/image\/","url":"https:\/\/www.amuz.krakow.pl\/wp-content\/uploads\/2021\/11\/amkp.jpg","contentUrl":"https:\/\/www.amuz.krakow.pl\/wp-content\/uploads\/2021\/11\/amkp.jpg","width":1193,"height":591,"caption":"Akademia Muzyczna im. Krzysztofa Pendereckiego w Krakowie"},"image":{"@id":"https:\/\/www.amuz.krakow.pl\/#\/schema\/logo\/image\/"},"sameAs":["https:\/\/www.facebook.com\/amuz.krakow","https:\/\/www.instagram.com\/amkpenderecki\/","https:\/\/www.youtube.com\/@amkpenderecki4806"]}]}},"_links":{"self":[{"href":"https:\/\/www.amuz.krakow.pl\/en\/wp-json\/wp\/v2\/pages\/11521","targetHints":{"allow":["GET"]}}],"collection":[{"href":"https:\/\/www.amuz.krakow.pl\/en\/wp-json\/wp\/v2\/pages"}],"about":[{"href":"https:\/\/www.amuz.krakow.pl\/en\/wp-json\/wp\/v2\/types\/page"}],"author":[{"embeddable":true,"href":"https:\/\/www.amuz.krakow.pl\/en\/wp-json\/wp\/v2\/users\/72"}],"replies":[{"embeddable":true,"href":"https:\/\/www.amuz.krakow.pl\/en\/wp-json\/wp\/v2\/comments?post=11521"}],"version-history":[{"count":6,"href":"https:\/\/www.amuz.krakow.pl\/en\/wp-json\/wp\/v2\/pages\/11521\/revisions"}],"predecessor-version":[{"id":107458,"href":"https:\/\/www.amuz.krakow.pl\/en\/wp-json\/wp\/v2\/pages\/11521\/revisions\/107458"}],"up":[{"embeddable":true,"href":"https:\/\/www.amuz.krakow.pl\/en\/wp-json\/wp\/v2\/pages\/1641"}],"wp:featuredmedia":[{"embeddable":true,"href":"https:\/\/www.amuz.krakow.pl\/en\/wp-json\/wp\/v2\/media\/38095"}],"wp:attachment":[{"href":"https:\/\/www.amuz.krakow.pl\/en\/wp-json\/wp\/v2\/media?parent=11521"}],"curies":[{"name":"wp","href":"https:\/\/api.w.org\/{rel}","templated":true}]}}