{"id":114955,"date":"2026-02-21T12:12:18","date_gmt":"2026-02-21T11:12:18","guid":{"rendered":"https:\/\/www.amuz.krakow.pl\/?page_id=114955"},"modified":"2026-02-24T09:47:27","modified_gmt":"2026-02-24T08:47:27","slug":"zmarl-sp-prof-stanislaw-krawczynski","status":"publish","type":"page","link":"https:\/\/www.amuz.krakow.pl\/en\/zmarl-sp-prof-stanislaw-krawczynski\/","title":{"rendered":"Professor Stanis\u0142aw Krawczy\u0144ski, Rector of the Academy of Music in Krak\u00f3w in 2005-2012 and 2016-2020, passed away"},"content":{"rendered":"<p><figure id=\"attachment_114959\" aria-describedby=\"caption-attachment-114959\" style=\"width: 965px\" class=\"wp-caption aligncenter\"><a href=\"https:\/\/www.amuz.krakow.pl\/wp-content\/uploads\/2026\/02\/krawcz.jpg\" target=\"_blank\" rel=\"noopener\"><img loading=\"lazy\" decoding=\"async\" class=\"wp-image-114959 size-full\" src=\"https:\/\/www.amuz.krakow.pl\/wp-content\/uploads\/2026\/02\/krawcz.jpg\" alt=\"\" width=\"965\" height=\"643\" srcset=\"https:\/\/www.amuz.krakow.pl\/wp-content\/uploads\/2026\/02\/krawcz.jpg 965w, https:\/\/www.amuz.krakow.pl\/wp-content\/uploads\/2026\/02\/krawcz-300x200.jpg 300w, https:\/\/www.amuz.krakow.pl\/wp-content\/uploads\/2026\/02\/krawcz-768x512.jpg 768w\" sizes=\"auto, (max-width: 965px) 100vw, 965px\" \/><\/a><figcaption id=\"caption-attachment-114959\" class=\"wp-caption-text\">photo by Piotr Markowski<\/figcaption><\/figure><\/p>\n<p style=\"text-align: center;\">It is with indescribable regret and immense sadness<br \/>\nthat we received the news of the death of<\/p>\n<p style=\"text-align: center;\"><span style=\"font-size: 14pt;\"><strong>Professor Stanis\u0142aw Krawczy\u0144ski<\/strong><\/span>,<\/p>\n<p style=\"text-align: center;\">Rector of the Academy of Music in Krak\u00f3w<br \/>\nin 2005\u20132012 and 2016\u20132020,<\/p>\n<p style=\"text-align: center;\">a highly regarded choral conductor,<br \/>\nawarded with numerous prizes and titles<br \/>\nfor outstanding achievements in the field of choral music,<\/p>\n<p style=\"text-align: center;\">a promoter of choral singing in all its forms,<\/p>\n<p style=\"text-align: center;\">a wonderful long-time teacher at the AMKP Department of Choral Studies,<\/p>\n<p style=\"text-align: center;\">and the initiator of the Krak\u00f3w choral festivals<br \/>\n<em>Cantate Domino<\/em> and <em>Ma\u0142opolskie Spotkania Kol\u0119dowe<\/em> (Ma\u0142opolska Carol Meetings).<\/p>\n<p style=\"text-align: right;\">Our sincere condolences to the family are extended by<br \/>\nHis Magnificence AMKP Rector, Prof. dr hab. Mariusz Sielski,<br \/>\nVice-Rectors and the entire AMKP community<\/p>\n<p><\/p>","protected":false},"excerpt":{"rendered":"<p>It is with indescribable regret and immense sadness that we received the news of the death of Professor Stanis\u0142aw Krawczy\u0144ski, Rector of the Academy of Music in Krak\u00f3w in 2005\u20132012&hellip; <a href=\"https:\/\/www.amuz.krakow.pl\/en\/zmarl-sp-prof-stanislaw-krawczynski\/\">Continue reading<\/a><\/p>\n","protected":false},"author":72,"featured_media":114959,"parent":0,"menu_order":0,"comment_status":"closed","ping_status":"closed","template":"","meta":{"footnotes":"","_links_to":"","_links_to_target":""},"class_list":["post-114955","page","type-page","status-publish","has-post-thumbnail","hentry"],"yoast_head":"<!-- This site is optimized with the Yoast SEO plugin v27.2 - https:\/\/yoast.com\/product\/yoast-seo-wordpress\/ -->\n<title>AMKP - Akademia Muzyczna im. Krzysztofa Pendereckiego w Krakowie<\/title>\n<meta name=\"robots\" content=\"index, follow, max-snippet:-1, max-image-preview:large, max-video-preview:-1\" \/>\n<link rel=\"canonical\" href=\"https:\/\/www.amuz.krakow.pl\/zmarl-sp-prof-stanislaw-krawczynski\/\" \/>\n<meta property=\"og:locale\" content=\"en_US\" \/>\n<meta property=\"og:type\" content=\"article\" \/>\n<meta property=\"og:title\" content=\"AMKP - Akademia Muzyczna im. Krzysztofa Pendereckiego w Krakowie\" \/>\n<meta property=\"og:description\" content=\"It is with indescribable regret and immense sadness that we received the news of the death of Professor Stanis\u0142aw Krawczy\u0144ski, Rector of the Academy of Music in Krak\u00f3w in 2005\u20132012&hellip; Continue reading\" \/>\n<meta property=\"og:url\" content=\"https:\/\/www.amuz.krakow.pl\/zmarl-sp-prof-stanislaw-krawczynski\/\" \/>\n<meta property=\"og:site_name\" content=\"Akademia Muzyczna im. Krzysztofa Pendereckiego w Krakowie\" \/>\n<meta property=\"article:publisher\" content=\"https:\/\/www.facebook.com\/amuz.krakow\" \/>\n<meta property=\"article:modified_time\" content=\"2026-02-24T08:47:27+00:00\" \/>\n<meta property=\"og:image\" content=\"https:\/\/www.amuz.krakow.pl\/wp-content\/uploads\/2026\/02\/krawcz.jpg\" \/>\n\t<meta property=\"og:image:width\" content=\"965\" \/>\n\t<meta property=\"og:image:height\" content=\"643\" \/>\n\t<meta property=\"og:image:type\" content=\"image\/jpeg\" \/>\n<meta name=\"twitter:card\" content=\"summary_large_image\" \/>\n<meta name=\"twitter:label1\" content=\"Est. reading time\" \/>\n\t<meta name=\"twitter:data1\" content=\"5 minutes\" \/>\n<script type=\"application\/ld+json\" class=\"yoast-schema-graph\">{\"@context\":\"https:\/\/schema.org\",\"@graph\":[{\"@type\":\"WebPage\",\"@id\":\"https:\/\/www.amuz.krakow.pl\/zmarl-sp-prof-stanislaw-krawczynski\/\",\"url\":\"https:\/\/www.amuz.krakow.pl\/zmarl-sp-prof-stanislaw-krawczynski\/\",\"name\":\"AMKP - Akademia Muzyczna im. Krzysztofa Pendereckiego w Krakowie\",\"isPartOf\":{\"@id\":\"https:\/\/www.amuz.krakow.pl\/#website\"},\"primaryImageOfPage\":{\"@id\":\"https:\/\/www.amuz.krakow.pl\/zmarl-sp-prof-stanislaw-krawczynski\/#primaryimage\"},\"image\":{\"@id\":\"https:\/\/www.amuz.krakow.pl\/zmarl-sp-prof-stanislaw-krawczynski\/#primaryimage\"},\"thumbnailUrl\":\"https:\/\/www.amuz.krakow.pl\/wp-content\/uploads\/2026\/02\/krawcz.jpg\",\"datePublished\":\"2026-02-21T11:12:18+00:00\",\"dateModified\":\"2026-02-24T08:47:27+00:00\",\"breadcrumb\":{\"@id\":\"https:\/\/www.amuz.krakow.pl\/zmarl-sp-prof-stanislaw-krawczynski\/#breadcrumb\"},\"inLanguage\":\"en-US\",\"potentialAction\":[{\"@type\":\"ReadAction\",\"target\":[\"https:\/\/www.amuz.krakow.pl\/zmarl-sp-prof-stanislaw-krawczynski\/\"]}]},{\"@type\":\"ImageObject\",\"inLanguage\":\"en-US\",\"@id\":\"https:\/\/www.amuz.krakow.pl\/zmarl-sp-prof-stanislaw-krawczynski\/#primaryimage\",\"url\":\"https:\/\/www.amuz.krakow.pl\/wp-content\/uploads\/2026\/02\/krawcz.jpg\",\"contentUrl\":\"https:\/\/www.amuz.krakow.pl\/wp-content\/uploads\/2026\/02\/krawcz.jpg\",\"width\":965,\"height\":643},{\"@type\":\"BreadcrumbList\",\"@id\":\"https:\/\/www.amuz.krakow.pl\/zmarl-sp-prof-stanislaw-krawczynski\/#breadcrumb\",\"itemListElement\":[{\"@type\":\"ListItem\",\"position\":1,\"name\":\"Strona g\u0142\u00f3wna\",\"item\":\"https:\/\/www.amuz.krakow.pl\/\"},{\"@type\":\"ListItem\",\"position\":2,\"name\":\"Zmar\u0142 \u015bp. prof. Stanis\u0142aw Krawczy\u0144ski, Rektor AMKP w latach 2005-2012 oraz 2016-2020\"}]},{\"@type\":\"WebSite\",\"@id\":\"https:\/\/www.amuz.krakow.pl\/#website\",\"url\":\"https:\/\/www.amuz.krakow.pl\/\",\"name\":\"Akademia Muzyczna im. Krzysztofa Pendereckiego w Krakowie\",\"description\":\"Oficjalna strona Akademii Muzycznej im. Krzysztofa Pendereckiego w Krakowie (AMKP).\",\"publisher\":{\"@id\":\"https:\/\/www.amuz.krakow.pl\/#organization\"},\"alternateName\":\"AMKP\",\"potentialAction\":[{\"@type\":\"SearchAction\",\"target\":{\"@type\":\"EntryPoint\",\"urlTemplate\":\"https:\/\/www.amuz.krakow.pl\/?s={search_term_string}\"},\"query-input\":{\"@type\":\"PropertyValueSpecification\",\"valueRequired\":true,\"valueName\":\"search_term_string\"}}],\"inLanguage\":\"en-US\"},{\"@type\":\"Organization\",\"@id\":\"https:\/\/www.amuz.krakow.pl\/#organization\",\"name\":\"Akademia Muzyczna im. Krzysztofa Pendereckiego w Krakowie\",\"alternateName\":\"AMKP\",\"url\":\"https:\/\/www.amuz.krakow.pl\/\",\"logo\":{\"@type\":\"ImageObject\",\"inLanguage\":\"en-US\",\"@id\":\"https:\/\/www.amuz.krakow.pl\/#\/schema\/logo\/image\/\",\"url\":\"https:\/\/www.amuz.krakow.pl\/wp-content\/uploads\/2021\/11\/amkp.jpg\",\"contentUrl\":\"https:\/\/www.amuz.krakow.pl\/wp-content\/uploads\/2021\/11\/amkp.jpg\",\"width\":1193,\"height\":591,\"caption\":\"Akademia Muzyczna im. Krzysztofa Pendereckiego w Krakowie\"},\"image\":{\"@id\":\"https:\/\/www.amuz.krakow.pl\/#\/schema\/logo\/image\/\"},\"sameAs\":[\"https:\/\/www.facebook.com\/amuz.krakow\",\"https:\/\/www.instagram.com\/amkpenderecki\/\",\"https:\/\/www.youtube.com\/@amkpenderecki4806\"]}]}<\/script>\n<!-- \/ Yoast SEO plugin. -->","yoast_head_json":{"title":"AMKP - Akademia Muzyczna im. Krzysztofa Pendereckiego w Krakowie","robots":{"index":"index","follow":"follow","max-snippet":"max-snippet:-1","max-image-preview":"max-image-preview:large","max-video-preview":"max-video-preview:-1"},"canonical":"https:\/\/www.amuz.krakow.pl\/zmarl-sp-prof-stanislaw-krawczynski\/","og_locale":"en_US","og_type":"article","og_title":"AMKP - Akademia Muzyczna im. Krzysztofa Pendereckiego w Krakowie","og_description":"It is with indescribable regret and immense sadness that we received the news of the death of Professor Stanis\u0142aw Krawczy\u0144ski, Rector of the Academy of Music in Krak\u00f3w in 2005\u20132012&hellip; Continue reading","og_url":"https:\/\/www.amuz.krakow.pl\/zmarl-sp-prof-stanislaw-krawczynski\/","og_site_name":"Akademia Muzyczna im. Krzysztofa Pendereckiego w Krakowie","article_publisher":"https:\/\/www.facebook.com\/amuz.krakow","article_modified_time":"2026-02-24T08:47:27+00:00","og_image":[{"width":965,"height":643,"url":"https:\/\/www.amuz.krakow.pl\/wp-content\/uploads\/2026\/02\/krawcz.jpg","type":"image\/jpeg"}],"twitter_card":"summary_large_image","twitter_misc":{"Est. reading time":"5 minutes"},"schema":{"@context":"https:\/\/schema.org","@graph":[{"@type":"WebPage","@id":"https:\/\/www.amuz.krakow.pl\/zmarl-sp-prof-stanislaw-krawczynski\/","url":"https:\/\/www.amuz.krakow.pl\/zmarl-sp-prof-stanislaw-krawczynski\/","name":"AMKP - Akademia Muzyczna im. Krzysztofa Pendereckiego w Krakowie","isPartOf":{"@id":"https:\/\/www.amuz.krakow.pl\/#website"},"primaryImageOfPage":{"@id":"https:\/\/www.amuz.krakow.pl\/zmarl-sp-prof-stanislaw-krawczynski\/#primaryimage"},"image":{"@id":"https:\/\/www.amuz.krakow.pl\/zmarl-sp-prof-stanislaw-krawczynski\/#primaryimage"},"thumbnailUrl":"https:\/\/www.amuz.krakow.pl\/wp-content\/uploads\/2026\/02\/krawcz.jpg","datePublished":"2026-02-21T11:12:18+00:00","dateModified":"2026-02-24T08:47:27+00:00","breadcrumb":{"@id":"https:\/\/www.amuz.krakow.pl\/zmarl-sp-prof-stanislaw-krawczynski\/#breadcrumb"},"inLanguage":"en-US","potentialAction":[{"@type":"ReadAction","target":["https:\/\/www.amuz.krakow.pl\/zmarl-sp-prof-stanislaw-krawczynski\/"]}]},{"@type":"ImageObject","inLanguage":"en-US","@id":"https:\/\/www.amuz.krakow.pl\/zmarl-sp-prof-stanislaw-krawczynski\/#primaryimage","url":"https:\/\/www.amuz.krakow.pl\/wp-content\/uploads\/2026\/02\/krawcz.jpg","contentUrl":"https:\/\/www.amuz.krakow.pl\/wp-content\/uploads\/2026\/02\/krawcz.jpg","width":965,"height":643},{"@type":"BreadcrumbList","@id":"https:\/\/www.amuz.krakow.pl\/zmarl-sp-prof-stanislaw-krawczynski\/#breadcrumb","itemListElement":[{"@type":"ListItem","position":1,"name":"Strona g\u0142\u00f3wna","item":"https:\/\/www.amuz.krakow.pl\/"},{"@type":"ListItem","position":2,"name":"Zmar\u0142 \u015bp. prof. Stanis\u0142aw Krawczy\u0144ski, Rektor AMKP w latach 2005-2012 oraz 2016-2020"}]},{"@type":"WebSite","@id":"https:\/\/www.amuz.krakow.pl\/#website","url":"https:\/\/www.amuz.krakow.pl\/","name":"Akademia Muzyczna im. Krzysztofa Pendereckiego w Krakowie","description":"Oficjalna strona Akademii Muzycznej im. Krzysztofa Pendereckiego w Krakowie (AMKP).","publisher":{"@id":"https:\/\/www.amuz.krakow.pl\/#organization"},"alternateName":"AMKP","potentialAction":[{"@type":"SearchAction","target":{"@type":"EntryPoint","urlTemplate":"https:\/\/www.amuz.krakow.pl\/?s={search_term_string}"},"query-input":{"@type":"PropertyValueSpecification","valueRequired":true,"valueName":"search_term_string"}}],"inLanguage":"en-US"},{"@type":"Organization","@id":"https:\/\/www.amuz.krakow.pl\/#organization","name":"Akademia Muzyczna im. Krzysztofa Pendereckiego w Krakowie","alternateName":"AMKP","url":"https:\/\/www.amuz.krakow.pl\/","logo":{"@type":"ImageObject","inLanguage":"en-US","@id":"https:\/\/www.amuz.krakow.pl\/#\/schema\/logo\/image\/","url":"https:\/\/www.amuz.krakow.pl\/wp-content\/uploads\/2021\/11\/amkp.jpg","contentUrl":"https:\/\/www.amuz.krakow.pl\/wp-content\/uploads\/2021\/11\/amkp.jpg","width":1193,"height":591,"caption":"Akademia Muzyczna im. Krzysztofa Pendereckiego w Krakowie"},"image":{"@id":"https:\/\/www.amuz.krakow.pl\/#\/schema\/logo\/image\/"},"sameAs":["https:\/\/www.facebook.com\/amuz.krakow","https:\/\/www.instagram.com\/amkpenderecki\/","https:\/\/www.youtube.com\/@amkpenderecki4806"]}]}},"_links":{"self":[{"href":"https:\/\/www.amuz.krakow.pl\/en\/wp-json\/wp\/v2\/pages\/114955","targetHints":{"allow":["GET"]}}],"collection":[{"href":"https:\/\/www.amuz.krakow.pl\/en\/wp-json\/wp\/v2\/pages"}],"about":[{"href":"https:\/\/www.amuz.krakow.pl\/en\/wp-json\/wp\/v2\/types\/page"}],"author":[{"embeddable":true,"href":"https:\/\/www.amuz.krakow.pl\/en\/wp-json\/wp\/v2\/users\/72"}],"replies":[{"embeddable":true,"href":"https:\/\/www.amuz.krakow.pl\/en\/wp-json\/wp\/v2\/comments?post=114955"}],"version-history":[{"count":9,"href":"https:\/\/www.amuz.krakow.pl\/en\/wp-json\/wp\/v2\/pages\/114955\/revisions"}],"predecessor-version":[{"id":115013,"href":"https:\/\/www.amuz.krakow.pl\/en\/wp-json\/wp\/v2\/pages\/114955\/revisions\/115013"}],"wp:featuredmedia":[{"embeddable":true,"href":"https:\/\/www.amuz.krakow.pl\/en\/wp-json\/wp\/v2\/media\/114959"}],"wp:attachment":[{"href":"https:\/\/www.amuz.krakow.pl\/en\/wp-json\/wp\/v2\/media?parent=114955"}],"curies":[{"name":"wp","href":"https:\/\/api.w.org\/{rel}","templated":true}]}}