{"id":1129,"date":"2016-02-13T21:12:24","date_gmt":"2016-02-13T20:12:24","guid":{"rendered":"http:\/\/strony.amuz.krakow.pl\/?page_id=1129"},"modified":"2025-07-11T10:48:13","modified_gmt":"2025-07-11T08:48:13","slug":"prof-dr-hab-marcel-chyrzynski","status":"publish","type":"page","link":"https:\/\/www.amuz.krakow.pl\/en\/wydzialy\/wydzial-i-tworczosci-interpretacji-i-edukacji-muzycznej\/katedra-kompozycji\/pracownicy\/prof-dr-hab-marcel-chyrzynski\/","title":{"rendered":"prof. dr hab. Marcel Chyrzy\u0144ski"},"content":{"rendered":"<p><figure id=\"attachment_49401\" aria-describedby=\"caption-attachment-49401\" style=\"width: 300px\" class=\"wp-caption aligncenter\"><a href=\"https:\/\/www.amuz.krakow.pl\/wp-content\/uploads\/2021\/04\/Marcel-Chyrzynski-by-Bartek-Barczyk_PWM-Edition-scaled.jpg\"><img loading=\"lazy\" decoding=\"async\" class=\"size-medium wp-image-49401\" src=\"https:\/\/www.amuz.krakow.pl\/wp-content\/uploads\/2021\/04\/Marcel-Chyrzynski-by-Bartek-Barczyk_PWM-Edition-300x200.jpg\" alt=\"\" width=\"300\" height=\"200\" srcset=\"https:\/\/www.amuz.krakow.pl\/wp-content\/uploads\/2021\/04\/Marcel-Chyrzynski-by-Bartek-Barczyk_PWM-Edition-300x200.jpg 300w, https:\/\/www.amuz.krakow.pl\/wp-content\/uploads\/2021\/04\/Marcel-Chyrzynski-by-Bartek-Barczyk_PWM-Edition-scaled.jpg 2048w, https:\/\/www.amuz.krakow.pl\/wp-content\/uploads\/2021\/04\/Marcel-Chyrzynski-by-Bartek-Barczyk_PWM-Edition-768x512.jpg 768w, https:\/\/www.amuz.krakow.pl\/wp-content\/uploads\/2021\/04\/Marcel-Chyrzynski-by-Bartek-Barczyk_PWM-Edition-1536x1024.jpg 1536w\" sizes=\"auto, (max-width: 300px) 100vw, 300px\" \/><\/a><figcaption id=\"caption-attachment-49401\" class=\"wp-caption-text\">\u00a9 Polskie Wydawnictwo Muzyczne. Fot. Bartek Barczyk<\/figcaption><\/figure><\/p>\n<p>Marcel Chyrzy\u0144ski (b. 1971) obtained his Master\u2019s degree (with honours) from the Academy of Music in Krakow in 1995, where he studied composition with professor Marek Stachowski, orchestration with professor Krzysztof Penderecki, and computer music with professor Marek Cho\u0142oniewski and Fulbright scholars Richard Boulanger, Cindy McTee and Rodney Oakes. He perfected his compositional skills at many courses both in Poland and abroad, where he worked under the guidance of such prominent composers as among others: Paul Patterson, Sylvano Bussotti, Claude Lefebvre, Joji Yuasa, Bogus\u0142aw Schaeffer, Lidia Zieli\u0144ska, and Hanna Kulenty. In 1998 he was awarded a doctorate in composition and got his habilitation in 2010. 2014\u201319 he has been the head of the Institute of Composition, Conducting and Music Theory at the Krakow Academy of Music. Since December 2020, he is employed as a professor at his alma mater. On February 22, 2021, the President of the Republic of Poland awarded him the title of professor.<\/p>\n<p>He has been a visiting Professor in Mexico (Universidad Nacional Aut\u00f3noma de M\u00e9xico in Mexico City), South Africa (University of Pretoria, University of Cape Town, University of the Witwatersrand in Johannesburg), South Korea (Yeungnam University in Daegu, Inje University in Gimhae), Slovakia (Academy of Performing Arts in Bratislava) and the United States (University of Southern California in Los Angeles, New York Conservatory of Music) and Poland (Institute of Musicology, Jagiellonian University, Academy od Music in Bydgoszcz), as well as at the Takefu International Composition Workshop in Japan and Seoul International Music Festival in South Korea.<\/p>\n<p>Since 1995 he has been a member of the Polish Composers\u2019 Union and in 2005-07, 2009-11 and 2013-27 a member of the Main Board of PCU (in the 2023-25 term \u2013 as vice-president). Since 2005 he also became a member of the Polish Society for Electroacoustic Music. Since 2014 he has been a general and artistic director of the <a href=\"http:\/\/festiwal.zkp.krakow.pl\/en\/o-festiwalu\" target=\"_blank\" rel=\"noopener\">Krakow International Festival of Composers<\/a>. Since 2016 he has been a president of the Krakow Branch of the Polish Composers\u2019 Union.<\/p>\n<p>He won many awards at various composition courses, like the 1st prize for \u201eFerragosto per tromba, pianoforte e batteria\u201d at the Tadeusz Baird Composition Competition for Young Composers in Warsaw (1997). \u201eHaiku No. 3\u201d for solo flute received a distinction in the National Flute Association (USA) competition in the Newly Published Music Competition (2021). In 2025, he was awarded the Silver Medal twice in the international competition Global Music Awards (USA) in the category of contemporary classical \u2013 composer: for pieces from the albums &#8220;Marcel Chyrzy\u0144ski \u2013 Chamber Works&#8221; and &#8220;Marcel Chyrzy\u0144ski \u2013 Clarinet pieces&#8221;.<\/p>\n<p>His works have been performed in most European countries as well as in Georgia, Armenia, Iran, Japan, South Korea, China, Thailand, Australia, New Zealand, South Africa, Mexico, Brazil, Panama, USA, and Canada. His compositions are published by PWM and Edition Ferrimontana \u2013 Frankfurt, they appeared on twenty five CD albums (by DUX, ZPR Records, Acte Pr\u00e9alable, Instytut Sztuki, PWM-DUX, Polskie Radio, AM in Krakow, Phasma-Music, PGMaudio, PWM Edition, Orpheus Classical and Requiem Records) and on Polish Television and Korean KBS; they were also featured by many radio broadcasts in Poland, Great Britain, the Netherlands, Germany, Finland, Estonia and Australia.<\/p>\n<p>Marcel Chyrzy\u0144ski has received numerous awards and distinctions for his work, teaching and organizational work promoting contemporary music, including: the Creative Scholarship of the City of Krakow (1994), the Scholarship of the Minister of Culture and National Heritage (2006, 2009, 2014, 2019), the Medal of the National Education Commission awarded by the Minister of National Education (2017), the Silver Medal for Long Service awarded by the President of the Republic of Poland (2022), the Silver Medal for Merit to Culture Gloria Artis awarded by the Minister of Culture and National Heritage (2023), the Honoris Gratia Badge awarded by the President of the City of Krakow in recognition of services to Krakow and its citizens (2024), the Annual Award of the Polish Composers&#8217; Union (2024) and the Award of the Minister of Culture and National Heritage for creative achievements (2024).<\/p>\n<p style=\"text-align: justify;\">At the Krzysztof Penderecki Academy of Music in Krakow he has got a class of composition. His students and graduates win first prizes in international composition competitions.<\/p>\n<p><a href=\"http:\/\/www.chyrzynski.com\/\" target=\"_blank\" rel=\"noopener noreferrer\">www.chyrzynski.com<\/a><\/p>\n<p><a href=\"mailto:marcel.chyrzynski@amuz.krakow.pl\">marcel.chyrzynski@amuz.krakow.pl<\/a><\/p>","protected":false},"excerpt":{"rendered":"<p>Marcel Chyrzy\u0144ski (b. 1971) obtained his Master\u2019s degree (with honours) from the Academy of Music in Krakow in 1995, where he studied composition with professor Marek Stachowski, orchestration with professor&hellip; <a href=\"https:\/\/www.amuz.krakow.pl\/en\/wydzialy\/wydzial-i-tworczosci-interpretacji-i-edukacji-muzycznej\/katedra-kompozycji\/pracownicy\/prof-dr-hab-marcel-chyrzynski\/\">Continue reading<\/a><\/p>\n","protected":false},"author":72,"featured_media":49401,"parent":33605,"menu_order":6,"comment_status":"closed","ping_status":"closed","template":"","meta":{"footnotes":"","_links_to":"","_links_to_target":""},"class_list":["post-1129","page","type-page","status-publish","has-post-thumbnail","hentry"],"yoast_head":"<!-- This site is optimized with the Yoast SEO plugin v27.2 - https:\/\/yoast.com\/product\/yoast-seo-wordpress\/ -->\n<title>AMKP - Akademia Muzyczna im. Krzysztofa Pendereckiego w Krakowie<\/title>\n<meta name=\"robots\" content=\"index, follow, max-snippet:-1, max-image-preview:large, max-video-preview:-1\" \/>\n<link rel=\"canonical\" href=\"https:\/\/www.amuz.krakow.pl\/wydzialy\/wydzial-i-tworczosci-interpretacji-i-edukacji-muzycznej\/katedra-kompozycji\/pracownicy\/prof-dr-hab-marcel-chyrzynski\/\" \/>\n<meta property=\"og:locale\" content=\"en_US\" \/>\n<meta property=\"og:type\" content=\"article\" \/>\n<meta property=\"og:title\" content=\"AMKP - Akademia Muzyczna im. Krzysztofa Pendereckiego w Krakowie\" \/>\n<meta property=\"og:description\" content=\"Marcel Chyrzy\u0144ski (b. 1971) obtained his Master\u2019s degree (with honours) from the Academy of Music in Krakow in 1995, where he studied composition with professor Marek Stachowski, orchestration with professor&hellip; Continue reading\" \/>\n<meta property=\"og:url\" content=\"https:\/\/www.amuz.krakow.pl\/wydzialy\/wydzial-i-tworczosci-interpretacji-i-edukacji-muzycznej\/katedra-kompozycji\/pracownicy\/prof-dr-hab-marcel-chyrzynski\/\" \/>\n<meta property=\"og:site_name\" content=\"Akademia Muzyczna im. Krzysztofa Pendereckiego w Krakowie\" \/>\n<meta property=\"article:publisher\" content=\"https:\/\/www.facebook.com\/amuz.krakow\" \/>\n<meta property=\"article:modified_time\" content=\"2025-07-11T08:48:13+00:00\" \/>\n<meta property=\"og:image\" content=\"https:\/\/www.amuz.krakow.pl\/wp-content\/uploads\/2021\/04\/Marcel-Chyrzynski-by-Bartek-Barczyk_PWM-Edition-scaled.jpg\" \/>\n\t<meta property=\"og:image:width\" content=\"2048\" \/>\n\t<meta property=\"og:image:height\" content=\"1365\" \/>\n\t<meta property=\"og:image:type\" content=\"image\/jpeg\" \/>\n<meta name=\"twitter:card\" content=\"summary_large_image\" \/>\n<meta name=\"twitter:label1\" content=\"Est. reading time\" \/>\n\t<meta name=\"twitter:data1\" content=\"5 minutes\" \/>\n<script type=\"application\/ld+json\" class=\"yoast-schema-graph\">{\"@context\":\"https:\/\/schema.org\",\"@graph\":[{\"@type\":\"WebPage\",\"@id\":\"https:\/\/www.amuz.krakow.pl\/wydzialy\/wydzial-i-tworczosci-interpretacji-i-edukacji-muzycznej\/katedra-kompozycji\/pracownicy\/prof-dr-hab-marcel-chyrzynski\/\",\"url\":\"https:\/\/www.amuz.krakow.pl\/wydzialy\/wydzial-i-tworczosci-interpretacji-i-edukacji-muzycznej\/katedra-kompozycji\/pracownicy\/prof-dr-hab-marcel-chyrzynski\/\",\"name\":\"AMKP - Akademia Muzyczna im. Krzysztofa Pendereckiego w Krakowie\",\"isPartOf\":{\"@id\":\"https:\/\/www.amuz.krakow.pl\/#website\"},\"primaryImageOfPage\":{\"@id\":\"https:\/\/www.amuz.krakow.pl\/wydzialy\/wydzial-i-tworczosci-interpretacji-i-edukacji-muzycznej\/katedra-kompozycji\/pracownicy\/prof-dr-hab-marcel-chyrzynski\/#primaryimage\"},\"image\":{\"@id\":\"https:\/\/www.amuz.krakow.pl\/wydzialy\/wydzial-i-tworczosci-interpretacji-i-edukacji-muzycznej\/katedra-kompozycji\/pracownicy\/prof-dr-hab-marcel-chyrzynski\/#primaryimage\"},\"thumbnailUrl\":\"https:\/\/www.amuz.krakow.pl\/wp-content\/uploads\/2021\/04\/Marcel-Chyrzynski-by-Bartek-Barczyk_PWM-Edition-scaled.jpg\",\"datePublished\":\"2016-02-13T20:12:24+00:00\",\"dateModified\":\"2025-07-11T08:48:13+00:00\",\"breadcrumb\":{\"@id\":\"https:\/\/www.amuz.krakow.pl\/wydzialy\/wydzial-i-tworczosci-interpretacji-i-edukacji-muzycznej\/katedra-kompozycji\/pracownicy\/prof-dr-hab-marcel-chyrzynski\/#breadcrumb\"},\"inLanguage\":\"en-US\",\"potentialAction\":[{\"@type\":\"ReadAction\",\"target\":[\"https:\/\/www.amuz.krakow.pl\/wydzialy\/wydzial-i-tworczosci-interpretacji-i-edukacji-muzycznej\/katedra-kompozycji\/pracownicy\/prof-dr-hab-marcel-chyrzynski\/\"]}]},{\"@type\":\"ImageObject\",\"inLanguage\":\"en-US\",\"@id\":\"https:\/\/www.amuz.krakow.pl\/wydzialy\/wydzial-i-tworczosci-interpretacji-i-edukacji-muzycznej\/katedra-kompozycji\/pracownicy\/prof-dr-hab-marcel-chyrzynski\/#primaryimage\",\"url\":\"https:\/\/www.amuz.krakow.pl\/wp-content\/uploads\/2021\/04\/Marcel-Chyrzynski-by-Bartek-Barczyk_PWM-Edition-scaled.jpg\",\"contentUrl\":\"https:\/\/www.amuz.krakow.pl\/wp-content\/uploads\/2021\/04\/Marcel-Chyrzynski-by-Bartek-Barczyk_PWM-Edition-scaled.jpg\",\"width\":2048,\"height\":1365,\"caption\":\"\u00a9 Polskie Wydawnictwo Muzyczne. Fot. Bartek Barczyk\"},{\"@type\":\"BreadcrumbList\",\"@id\":\"https:\/\/www.amuz.krakow.pl\/wydzialy\/wydzial-i-tworczosci-interpretacji-i-edukacji-muzycznej\/katedra-kompozycji\/pracownicy\/prof-dr-hab-marcel-chyrzynski\/#breadcrumb\",\"itemListElement\":[{\"@type\":\"ListItem\",\"position\":1,\"name\":\"Strona g\u0142\u00f3wna\",\"item\":\"https:\/\/www.amuz.krakow.pl\/\"},{\"@type\":\"ListItem\",\"position\":2,\"name\":\"WYDZIA\u0141Y\",\"item\":\"https:\/\/www.amuz.krakow.pl\/wydzialy\/\"},{\"@type\":\"ListItem\",\"position\":3,\"name\":\"Wydzia\u0142 Tw\u00f3rczo\u015bci, Interpretacji i Edukacji Muzycznej\",\"item\":\"https:\/\/www.amuz.krakow.pl\/wydzialy\/wydzial-i-tworczosci-interpretacji-i-edukacji-muzycznej\/\"},{\"@type\":\"ListItem\",\"position\":4,\"name\":\"Katedra Kompozycji\",\"item\":\"https:\/\/www.amuz.krakow.pl\/wydzialy\/wydzial-i-tworczosci-interpretacji-i-edukacji-muzycznej\/katedra-kompozycji\/\"},{\"@type\":\"ListItem\",\"position\":5,\"name\":\"Pracownicy Katedry\",\"item\":\"https:\/\/www.amuz.krakow.pl\/wydzialy\/wydzial-i-tworczosci-interpretacji-i-edukacji-muzycznej\/katedra-kompozycji\/pracownicy\/\"},{\"@type\":\"ListItem\",\"position\":6,\"name\":\"prof. dr hab. Marcel Chyrzy\u0144ski\"}]},{\"@type\":\"WebSite\",\"@id\":\"https:\/\/www.amuz.krakow.pl\/#website\",\"url\":\"https:\/\/www.amuz.krakow.pl\/\",\"name\":\"Akademia Muzyczna im. Krzysztofa Pendereckiego w Krakowie\",\"description\":\"Oficjalna strona Akademii Muzycznej im. Krzysztofa Pendereckiego w Krakowie (AMKP).\",\"publisher\":{\"@id\":\"https:\/\/www.amuz.krakow.pl\/#organization\"},\"alternateName\":\"AMKP\",\"potentialAction\":[{\"@type\":\"SearchAction\",\"target\":{\"@type\":\"EntryPoint\",\"urlTemplate\":\"https:\/\/www.amuz.krakow.pl\/?s={search_term_string}\"},\"query-input\":{\"@type\":\"PropertyValueSpecification\",\"valueRequired\":true,\"valueName\":\"search_term_string\"}}],\"inLanguage\":\"en-US\"},{\"@type\":\"Organization\",\"@id\":\"https:\/\/www.amuz.krakow.pl\/#organization\",\"name\":\"Akademia Muzyczna im. Krzysztofa Pendereckiego w Krakowie\",\"alternateName\":\"AMKP\",\"url\":\"https:\/\/www.amuz.krakow.pl\/\",\"logo\":{\"@type\":\"ImageObject\",\"inLanguage\":\"en-US\",\"@id\":\"https:\/\/www.amuz.krakow.pl\/#\/schema\/logo\/image\/\",\"url\":\"https:\/\/www.amuz.krakow.pl\/wp-content\/uploads\/2021\/11\/amkp.jpg\",\"contentUrl\":\"https:\/\/www.amuz.krakow.pl\/wp-content\/uploads\/2021\/11\/amkp.jpg\",\"width\":1193,\"height\":591,\"caption\":\"Akademia Muzyczna im. Krzysztofa Pendereckiego w Krakowie\"},\"image\":{\"@id\":\"https:\/\/www.amuz.krakow.pl\/#\/schema\/logo\/image\/\"},\"sameAs\":[\"https:\/\/www.facebook.com\/amuz.krakow\",\"https:\/\/www.instagram.com\/amkpenderecki\/\",\"https:\/\/www.youtube.com\/@amkpenderecki4806\"]}]}<\/script>\n<!-- \/ Yoast SEO plugin. -->","yoast_head_json":{"title":"AMKP - Akademia Muzyczna im. Krzysztofa Pendereckiego w Krakowie","robots":{"index":"index","follow":"follow","max-snippet":"max-snippet:-1","max-image-preview":"max-image-preview:large","max-video-preview":"max-video-preview:-1"},"canonical":"https:\/\/www.amuz.krakow.pl\/wydzialy\/wydzial-i-tworczosci-interpretacji-i-edukacji-muzycznej\/katedra-kompozycji\/pracownicy\/prof-dr-hab-marcel-chyrzynski\/","og_locale":"en_US","og_type":"article","og_title":"AMKP - Akademia Muzyczna im. Krzysztofa Pendereckiego w Krakowie","og_description":"Marcel Chyrzy\u0144ski (b. 1971) obtained his Master\u2019s degree (with honours) from the Academy of Music in Krakow in 1995, where he studied composition with professor Marek Stachowski, orchestration with professor&hellip; Continue reading","og_url":"https:\/\/www.amuz.krakow.pl\/wydzialy\/wydzial-i-tworczosci-interpretacji-i-edukacji-muzycznej\/katedra-kompozycji\/pracownicy\/prof-dr-hab-marcel-chyrzynski\/","og_site_name":"Akademia Muzyczna im. Krzysztofa Pendereckiego w Krakowie","article_publisher":"https:\/\/www.facebook.com\/amuz.krakow","article_modified_time":"2025-07-11T08:48:13+00:00","og_image":[{"width":2048,"height":1365,"url":"https:\/\/www.amuz.krakow.pl\/wp-content\/uploads\/2021\/04\/Marcel-Chyrzynski-by-Bartek-Barczyk_PWM-Edition-scaled.jpg","type":"image\/jpeg"}],"twitter_card":"summary_large_image","twitter_misc":{"Est. reading time":"5 minutes"},"schema":{"@context":"https:\/\/schema.org","@graph":[{"@type":"WebPage","@id":"https:\/\/www.amuz.krakow.pl\/wydzialy\/wydzial-i-tworczosci-interpretacji-i-edukacji-muzycznej\/katedra-kompozycji\/pracownicy\/prof-dr-hab-marcel-chyrzynski\/","url":"https:\/\/www.amuz.krakow.pl\/wydzialy\/wydzial-i-tworczosci-interpretacji-i-edukacji-muzycznej\/katedra-kompozycji\/pracownicy\/prof-dr-hab-marcel-chyrzynski\/","name":"AMKP - Akademia Muzyczna im. Krzysztofa Pendereckiego w Krakowie","isPartOf":{"@id":"https:\/\/www.amuz.krakow.pl\/#website"},"primaryImageOfPage":{"@id":"https:\/\/www.amuz.krakow.pl\/wydzialy\/wydzial-i-tworczosci-interpretacji-i-edukacji-muzycznej\/katedra-kompozycji\/pracownicy\/prof-dr-hab-marcel-chyrzynski\/#primaryimage"},"image":{"@id":"https:\/\/www.amuz.krakow.pl\/wydzialy\/wydzial-i-tworczosci-interpretacji-i-edukacji-muzycznej\/katedra-kompozycji\/pracownicy\/prof-dr-hab-marcel-chyrzynski\/#primaryimage"},"thumbnailUrl":"https:\/\/www.amuz.krakow.pl\/wp-content\/uploads\/2021\/04\/Marcel-Chyrzynski-by-Bartek-Barczyk_PWM-Edition-scaled.jpg","datePublished":"2016-02-13T20:12:24+00:00","dateModified":"2025-07-11T08:48:13+00:00","breadcrumb":{"@id":"https:\/\/www.amuz.krakow.pl\/wydzialy\/wydzial-i-tworczosci-interpretacji-i-edukacji-muzycznej\/katedra-kompozycji\/pracownicy\/prof-dr-hab-marcel-chyrzynski\/#breadcrumb"},"inLanguage":"en-US","potentialAction":[{"@type":"ReadAction","target":["https:\/\/www.amuz.krakow.pl\/wydzialy\/wydzial-i-tworczosci-interpretacji-i-edukacji-muzycznej\/katedra-kompozycji\/pracownicy\/prof-dr-hab-marcel-chyrzynski\/"]}]},{"@type":"ImageObject","inLanguage":"en-US","@id":"https:\/\/www.amuz.krakow.pl\/wydzialy\/wydzial-i-tworczosci-interpretacji-i-edukacji-muzycznej\/katedra-kompozycji\/pracownicy\/prof-dr-hab-marcel-chyrzynski\/#primaryimage","url":"https:\/\/www.amuz.krakow.pl\/wp-content\/uploads\/2021\/04\/Marcel-Chyrzynski-by-Bartek-Barczyk_PWM-Edition-scaled.jpg","contentUrl":"https:\/\/www.amuz.krakow.pl\/wp-content\/uploads\/2021\/04\/Marcel-Chyrzynski-by-Bartek-Barczyk_PWM-Edition-scaled.jpg","width":2048,"height":1365,"caption":"\u00a9 Polskie Wydawnictwo Muzyczne. Fot. Bartek Barczyk"},{"@type":"BreadcrumbList","@id":"https:\/\/www.amuz.krakow.pl\/wydzialy\/wydzial-i-tworczosci-interpretacji-i-edukacji-muzycznej\/katedra-kompozycji\/pracownicy\/prof-dr-hab-marcel-chyrzynski\/#breadcrumb","itemListElement":[{"@type":"ListItem","position":1,"name":"Strona g\u0142\u00f3wna","item":"https:\/\/www.amuz.krakow.pl\/"},{"@type":"ListItem","position":2,"name":"WYDZIA\u0141Y","item":"https:\/\/www.amuz.krakow.pl\/wydzialy\/"},{"@type":"ListItem","position":3,"name":"Wydzia\u0142 Tw\u00f3rczo\u015bci, Interpretacji i Edukacji Muzycznej","item":"https:\/\/www.amuz.krakow.pl\/wydzialy\/wydzial-i-tworczosci-interpretacji-i-edukacji-muzycznej\/"},{"@type":"ListItem","position":4,"name":"Katedra Kompozycji","item":"https:\/\/www.amuz.krakow.pl\/wydzialy\/wydzial-i-tworczosci-interpretacji-i-edukacji-muzycznej\/katedra-kompozycji\/"},{"@type":"ListItem","position":5,"name":"Pracownicy Katedry","item":"https:\/\/www.amuz.krakow.pl\/wydzialy\/wydzial-i-tworczosci-interpretacji-i-edukacji-muzycznej\/katedra-kompozycji\/pracownicy\/"},{"@type":"ListItem","position":6,"name":"prof. dr hab. Marcel Chyrzy\u0144ski"}]},{"@type":"WebSite","@id":"https:\/\/www.amuz.krakow.pl\/#website","url":"https:\/\/www.amuz.krakow.pl\/","name":"Akademia Muzyczna im. Krzysztofa Pendereckiego w Krakowie","description":"Oficjalna strona Akademii Muzycznej im. Krzysztofa Pendereckiego w Krakowie (AMKP).","publisher":{"@id":"https:\/\/www.amuz.krakow.pl\/#organization"},"alternateName":"AMKP","potentialAction":[{"@type":"SearchAction","target":{"@type":"EntryPoint","urlTemplate":"https:\/\/www.amuz.krakow.pl\/?s={search_term_string}"},"query-input":{"@type":"PropertyValueSpecification","valueRequired":true,"valueName":"search_term_string"}}],"inLanguage":"en-US"},{"@type":"Organization","@id":"https:\/\/www.amuz.krakow.pl\/#organization","name":"Akademia Muzyczna im. Krzysztofa Pendereckiego w Krakowie","alternateName":"AMKP","url":"https:\/\/www.amuz.krakow.pl\/","logo":{"@type":"ImageObject","inLanguage":"en-US","@id":"https:\/\/www.amuz.krakow.pl\/#\/schema\/logo\/image\/","url":"https:\/\/www.amuz.krakow.pl\/wp-content\/uploads\/2021\/11\/amkp.jpg","contentUrl":"https:\/\/www.amuz.krakow.pl\/wp-content\/uploads\/2021\/11\/amkp.jpg","width":1193,"height":591,"caption":"Akademia Muzyczna im. Krzysztofa Pendereckiego w Krakowie"},"image":{"@id":"https:\/\/www.amuz.krakow.pl\/#\/schema\/logo\/image\/"},"sameAs":["https:\/\/www.facebook.com\/amuz.krakow","https:\/\/www.instagram.com\/amkpenderecki\/","https:\/\/www.youtube.com\/@amkpenderecki4806"]}]}},"_links":{"self":[{"href":"https:\/\/www.amuz.krakow.pl\/en\/wp-json\/wp\/v2\/pages\/1129","targetHints":{"allow":["GET"]}}],"collection":[{"href":"https:\/\/www.amuz.krakow.pl\/en\/wp-json\/wp\/v2\/pages"}],"about":[{"href":"https:\/\/www.amuz.krakow.pl\/en\/wp-json\/wp\/v2\/types\/page"}],"author":[{"embeddable":true,"href":"https:\/\/www.amuz.krakow.pl\/en\/wp-json\/wp\/v2\/users\/72"}],"replies":[{"embeddable":true,"href":"https:\/\/www.amuz.krakow.pl\/en\/wp-json\/wp\/v2\/comments?post=1129"}],"version-history":[{"count":18,"href":"https:\/\/www.amuz.krakow.pl\/en\/wp-json\/wp\/v2\/pages\/1129\/revisions"}],"predecessor-version":[{"id":70430,"href":"https:\/\/www.amuz.krakow.pl\/en\/wp-json\/wp\/v2\/pages\/1129\/revisions\/70430"}],"up":[{"embeddable":true,"href":"https:\/\/www.amuz.krakow.pl\/en\/wp-json\/wp\/v2\/pages\/33605"}],"wp:featuredmedia":[{"embeddable":true,"href":"https:\/\/www.amuz.krakow.pl\/en\/wp-json\/wp\/v2\/media\/49401"}],"wp:attachment":[{"href":"https:\/\/www.amuz.krakow.pl\/en\/wp-json\/wp\/v2\/media?parent=1129"}],"curies":[{"name":"wp","href":"https:\/\/api.w.org\/{rel}","templated":true}]}}