{"id":110515,"date":"2025-11-17T13:58:37","date_gmt":"2025-11-17T12:58:37","guid":{"rendered":"https:\/\/www.amuz.krakow.pl\/?page_id=110515"},"modified":"2025-11-17T15:28:06","modified_gmt":"2025-11-17T14:28:06","slug":"spotkanie-z-ekspertem-nagranie-muzyki-klasycznej-od-pierwszej-przymiarki-do-ostatniej-poprawki","status":"publish","type":"page","link":"https:\/\/www.amuz.krakow.pl\/en\/spotkanie-z-ekspertem-nagranie-muzyki-klasycznej-od-pierwszej-przymiarki-do-ostatniej-poprawki\/","title":{"rendered":"Spotkanie z ekspertem: \u201eNagranie muzyki klasycznej. Od pierwszej przymiarki do ostatniej poprawki&#8221;"},"content":{"rendered":"<p><a href=\"https:\/\/www.amuz.krakow.pl\/wp-content\/uploads\/2025\/11\/CRK-plakat-2025-ekspert-27.11.jpg\" target=\"_blank\" rel=\"noopener\"><img loading=\"lazy\" decoding=\"async\" class=\"aligncenter wp-image-110522 size-full\" src=\"https:\/\/www.amuz.krakow.pl\/wp-content\/uploads\/2025\/11\/CRK-plakat-2025-ekspert-27.11.jpg\" alt=\"\" width=\"842\" height=\"1191\" srcset=\"https:\/\/www.amuz.krakow.pl\/wp-content\/uploads\/2025\/11\/CRK-plakat-2025-ekspert-27.11.jpg 842w, https:\/\/www.amuz.krakow.pl\/wp-content\/uploads\/2025\/11\/CRK-plakat-2025-ekspert-27.11-212x300.jpg 212w, https:\/\/www.amuz.krakow.pl\/wp-content\/uploads\/2025\/11\/CRK-plakat-2025-ekspert-27.11-768x1086.jpg 768w\" sizes=\"auto, (max-width: 842px) 100vw, 842px\" \/><\/a><\/p>\n<p>Centrum Rozwoju Kariery AMKP zaprasza na spotkanie warsztatowe z <strong>Wojciechem Marcem<\/strong> pt. <em><strong>Nagranie muzyki klasycznej. Od pierwszej przymiarki do ostatniej poprawki.<\/strong><\/em><\/p>\n<p>Bior\u0105c udzia\u0142 w spotkaniu warsztatowym uczestnicy dowiedz\u0105 si\u0119 m.in.:<\/p>\n<p>&#8211; jak zrobi\u0107 w\u0142a\u015bciw\u0105 analiz\u0119 partytury przed rozpocz\u0119ciem nagra\u0144,<br \/>\n&#8211; jak wybra\u0107 odpowiednie pomieszczenie, w kt\u00f3rym b\u0119dzie wykonywane nagranie,<br \/>\n&#8211; jak przygotowa\u0107 i prowadzi\u0107 sesj\u0119 nagraniow\u0105,<br \/>\n&#8211; jak prowadzi\u0107 dzia\u0142ania we wsp\u00f3\u0142pracy z kompozytorem, muzykami, wydawc\u0105,<\/p>\n<p>a tak\u017ce poznaj\u0105 sposoby monta\u017cu i masteringu.<\/p>\n<p><span style=\"font-size: 12pt;\"><strong>czwartek 27 listopada 2025, 10:00-11:30<\/strong><\/span><br \/>\n<span style=\"font-size: 12pt;\"><strong>Sala Senatu AMKP<\/strong><\/span><br \/>\n<span style=\"font-size: 12pt;\"><strong>ul. \u015awi\u0119tego Tomasza 43<\/strong><\/span><\/p>\n<p>&nbsp;<\/p>\n<h6><strong>ZAPISY<\/strong><\/h6>\n<p>Zapisy uczestnictwa\u00a0<strong>do 25.11.2025<\/strong> (wtorek) pod adresem: <a href=\"mailto:crk@amuz.krakow.pl\">crk@amuz.krakow.pl<\/a>. W\u00a0wiadomo\u015bci mailowej prosimy o\u00a0podanie kierunku studi\u00f3w oraz\u00a0numeru albumu.<br \/>\nLiczba miejsc ograniczona!<\/p>\n<p>&nbsp;<\/p>\n<p><strong>Wojciech Marzec<\/strong> &#8211; re\u017cyser nagra\u0144 muzycznych. Jego zainteresowania na pograniczu radiowego teatru, ilustracji d\u017awi\u0119kowej i nowych technologii w kompozycji muzycznej zaowocowa\u0142y rozpraw\u0105 doktorsk\u0105 o kwadrofonicznym \u201eKinie d\u017awi\u0119ku&#8221; jako alternatywnej formie s\u0142uchowiska radiowego. Od roku 2022 pe\u0142ni obowi\u0105zki kierownika Dzia\u0142u Nagra\u0144 w Narodowej Orkiestrze Symfonicznej Polskiego Radia w Katowicach. Jest wyk\u0142adowc\u0105 na UMFC w Warszawie, a jako wolny strzelec wsp\u00f3\u0142pracuje z polskimi i zagranicznymi wydawnictwami fonograficznymi (CD Accord, DUX, Anaklasis, Aparte Music, Warner Classics, Acte Pr\u00e9alable, ForTune, Grand Piano, Divine Art Re-cording Group, Dacapo) realizuj\u0105c nagrania muzyki kameralnej, jazzowej, barokowej i symfonicznej.<\/p>\n<p>&nbsp;<\/p>\n<hr \/>\n<p><strong><a role=\"link\" href=\"https:\/\/www.amuz.krakow.pl\/crk\/\">\u2190\u00a0 CRK<\/a><\/strong><\/p>","protected":false},"excerpt":{"rendered":"<p>Centrum Rozwoju Kariery AMKP zaprasza na spotkanie warsztatowe z Wojciechem Marcem pt. Nagranie muzyki klasycznej. Od pierwszej przymiarki do ostatniej poprawki. Bior\u0105c udzia\u0142 w spotkaniu warsztatowym uczestnicy dowiedz\u0105 si\u0119 m.in.:&hellip; <a href=\"https:\/\/www.amuz.krakow.pl\/en\/spotkanie-z-ekspertem-nagranie-muzyki-klasycznej-od-pierwszej-przymiarki-do-ostatniej-poprawki\/\">Continue reading<\/a><\/p>\n","protected":false},"author":72,"featured_media":110521,"parent":0,"menu_order":0,"comment_status":"closed","ping_status":"closed","template":"","meta":{"footnotes":"","_links_to":"","_links_to_target":""},"class_list":["post-110515","page","type-page","status-publish","has-post-thumbnail","hentry"],"yoast_head":"<!-- This site is optimized with the Yoast SEO plugin v27.2 - https:\/\/yoast.com\/product\/yoast-seo-wordpress\/ -->\n<title>AMKP - Akademia Muzyczna im. Krzysztofa Pendereckiego w Krakowie<\/title>\n<meta name=\"robots\" content=\"index, follow, max-snippet:-1, max-image-preview:large, max-video-preview:-1\" \/>\n<link rel=\"canonical\" href=\"https:\/\/www.amuz.krakow.pl\/spotkanie-z-ekspertem-nagranie-muzyki-klasycznej-od-pierwszej-przymiarki-do-ostatniej-poprawki\/\" \/>\n<meta property=\"og:locale\" content=\"en_US\" \/>\n<meta property=\"og:type\" content=\"article\" \/>\n<meta property=\"og:title\" content=\"AMKP - Akademia Muzyczna im. Krzysztofa Pendereckiego w Krakowie\" \/>\n<meta property=\"og:description\" content=\"Centrum Rozwoju Kariery AMKP zaprasza na spotkanie warsztatowe z Wojciechem Marcem pt. Nagranie muzyki klasycznej. Od pierwszej przymiarki do ostatniej poprawki. Bior\u0105c udzia\u0142 w spotkaniu warsztatowym uczestnicy dowiedz\u0105 si\u0119 m.in.:&hellip; Continue reading\" \/>\n<meta property=\"og:url\" content=\"https:\/\/www.amuz.krakow.pl\/spotkanie-z-ekspertem-nagranie-muzyki-klasycznej-od-pierwszej-przymiarki-do-ostatniej-poprawki\/\" \/>\n<meta property=\"og:site_name\" content=\"Akademia Muzyczna im. Krzysztofa Pendereckiego w Krakowie\" \/>\n<meta property=\"article:publisher\" content=\"https:\/\/www.facebook.com\/amuz.krakow\" \/>\n<meta property=\"article:modified_time\" content=\"2025-11-17T14:28:06+00:00\" \/>\n<meta property=\"og:image\" content=\"https:\/\/www.amuz.krakow.pl\/wp-content\/uploads\/2025\/11\/CRK-plakat-2025-ekspert-27.11_kafelek.jpg\" \/>\n\t<meta property=\"og:image:width\" content=\"567\" \/>\n\t<meta property=\"og:image:height\" content=\"283\" \/>\n\t<meta property=\"og:image:type\" content=\"image\/jpeg\" \/>\n<meta name=\"twitter:card\" content=\"summary_large_image\" \/>\n<meta name=\"twitter:label1\" content=\"Est. reading time\" \/>\n\t<meta name=\"twitter:data1\" content=\"2 minutes\" \/>\n<script type=\"application\/ld+json\" class=\"yoast-schema-graph\">{\"@context\":\"https:\/\/schema.org\",\"@graph\":[{\"@type\":\"WebPage\",\"@id\":\"https:\/\/www.amuz.krakow.pl\/spotkanie-z-ekspertem-nagranie-muzyki-klasycznej-od-pierwszej-przymiarki-do-ostatniej-poprawki\/\",\"url\":\"https:\/\/www.amuz.krakow.pl\/spotkanie-z-ekspertem-nagranie-muzyki-klasycznej-od-pierwszej-przymiarki-do-ostatniej-poprawki\/\",\"name\":\"AMKP - Akademia Muzyczna im. Krzysztofa Pendereckiego w Krakowie\",\"isPartOf\":{\"@id\":\"https:\/\/www.amuz.krakow.pl\/#website\"},\"primaryImageOfPage\":{\"@id\":\"https:\/\/www.amuz.krakow.pl\/spotkanie-z-ekspertem-nagranie-muzyki-klasycznej-od-pierwszej-przymiarki-do-ostatniej-poprawki\/#primaryimage\"},\"image\":{\"@id\":\"https:\/\/www.amuz.krakow.pl\/spotkanie-z-ekspertem-nagranie-muzyki-klasycznej-od-pierwszej-przymiarki-do-ostatniej-poprawki\/#primaryimage\"},\"thumbnailUrl\":\"https:\/\/www.amuz.krakow.pl\/wp-content\/uploads\/2025\/11\/CRK-plakat-2025-ekspert-27.11_kafelek.jpg\",\"datePublished\":\"2025-11-17T12:58:37+00:00\",\"dateModified\":\"2025-11-17T14:28:06+00:00\",\"breadcrumb\":{\"@id\":\"https:\/\/www.amuz.krakow.pl\/spotkanie-z-ekspertem-nagranie-muzyki-klasycznej-od-pierwszej-przymiarki-do-ostatniej-poprawki\/#breadcrumb\"},\"inLanguage\":\"en-US\",\"potentialAction\":[{\"@type\":\"ReadAction\",\"target\":[\"https:\/\/www.amuz.krakow.pl\/spotkanie-z-ekspertem-nagranie-muzyki-klasycznej-od-pierwszej-przymiarki-do-ostatniej-poprawki\/\"]}]},{\"@type\":\"ImageObject\",\"inLanguage\":\"en-US\",\"@id\":\"https:\/\/www.amuz.krakow.pl\/spotkanie-z-ekspertem-nagranie-muzyki-klasycznej-od-pierwszej-przymiarki-do-ostatniej-poprawki\/#primaryimage\",\"url\":\"https:\/\/www.amuz.krakow.pl\/wp-content\/uploads\/2025\/11\/CRK-plakat-2025-ekspert-27.11_kafelek.jpg\",\"contentUrl\":\"https:\/\/www.amuz.krakow.pl\/wp-content\/uploads\/2025\/11\/CRK-plakat-2025-ekspert-27.11_kafelek.jpg\",\"width\":567,\"height\":283},{\"@type\":\"BreadcrumbList\",\"@id\":\"https:\/\/www.amuz.krakow.pl\/spotkanie-z-ekspertem-nagranie-muzyki-klasycznej-od-pierwszej-przymiarki-do-ostatniej-poprawki\/#breadcrumb\",\"itemListElement\":[{\"@type\":\"ListItem\",\"position\":1,\"name\":\"Strona g\u0142\u00f3wna\",\"item\":\"https:\/\/www.amuz.krakow.pl\/\"},{\"@type\":\"ListItem\",\"position\":2,\"name\":\"Spotkanie z ekspertem: \u201eNagranie muzyki klasycznej. Od pierwszej przymiarki do ostatniej poprawki&#8221;\"}]},{\"@type\":\"WebSite\",\"@id\":\"https:\/\/www.amuz.krakow.pl\/#website\",\"url\":\"https:\/\/www.amuz.krakow.pl\/\",\"name\":\"Akademia Muzyczna im. Krzysztofa Pendereckiego w Krakowie\",\"description\":\"Oficjalna strona Akademii Muzycznej im. Krzysztofa Pendereckiego w Krakowie (AMKP).\",\"publisher\":{\"@id\":\"https:\/\/www.amuz.krakow.pl\/#organization\"},\"alternateName\":\"AMKP\",\"potentialAction\":[{\"@type\":\"SearchAction\",\"target\":{\"@type\":\"EntryPoint\",\"urlTemplate\":\"https:\/\/www.amuz.krakow.pl\/?s={search_term_string}\"},\"query-input\":{\"@type\":\"PropertyValueSpecification\",\"valueRequired\":true,\"valueName\":\"search_term_string\"}}],\"inLanguage\":\"en-US\"},{\"@type\":\"Organization\",\"@id\":\"https:\/\/www.amuz.krakow.pl\/#organization\",\"name\":\"Akademia Muzyczna im. Krzysztofa Pendereckiego w Krakowie\",\"alternateName\":\"AMKP\",\"url\":\"https:\/\/www.amuz.krakow.pl\/\",\"logo\":{\"@type\":\"ImageObject\",\"inLanguage\":\"en-US\",\"@id\":\"https:\/\/www.amuz.krakow.pl\/#\/schema\/logo\/image\/\",\"url\":\"https:\/\/www.amuz.krakow.pl\/wp-content\/uploads\/2021\/11\/amkp.jpg\",\"contentUrl\":\"https:\/\/www.amuz.krakow.pl\/wp-content\/uploads\/2021\/11\/amkp.jpg\",\"width\":1193,\"height\":591,\"caption\":\"Akademia Muzyczna im. Krzysztofa Pendereckiego w Krakowie\"},\"image\":{\"@id\":\"https:\/\/www.amuz.krakow.pl\/#\/schema\/logo\/image\/\"},\"sameAs\":[\"https:\/\/www.facebook.com\/amuz.krakow\",\"https:\/\/www.instagram.com\/amkpenderecki\/\",\"https:\/\/www.youtube.com\/@amkpenderecki4806\"]}]}<\/script>\n<!-- \/ Yoast SEO plugin. -->","yoast_head_json":{"title":"AMKP - Akademia Muzyczna im. Krzysztofa Pendereckiego w Krakowie","robots":{"index":"index","follow":"follow","max-snippet":"max-snippet:-1","max-image-preview":"max-image-preview:large","max-video-preview":"max-video-preview:-1"},"canonical":"https:\/\/www.amuz.krakow.pl\/spotkanie-z-ekspertem-nagranie-muzyki-klasycznej-od-pierwszej-przymiarki-do-ostatniej-poprawki\/","og_locale":"en_US","og_type":"article","og_title":"AMKP - Akademia Muzyczna im. Krzysztofa Pendereckiego w Krakowie","og_description":"Centrum Rozwoju Kariery AMKP zaprasza na spotkanie warsztatowe z Wojciechem Marcem pt. Nagranie muzyki klasycznej. Od pierwszej przymiarki do ostatniej poprawki. Bior\u0105c udzia\u0142 w spotkaniu warsztatowym uczestnicy dowiedz\u0105 si\u0119 m.in.:&hellip; Continue reading","og_url":"https:\/\/www.amuz.krakow.pl\/spotkanie-z-ekspertem-nagranie-muzyki-klasycznej-od-pierwszej-przymiarki-do-ostatniej-poprawki\/","og_site_name":"Akademia Muzyczna im. Krzysztofa Pendereckiego w Krakowie","article_publisher":"https:\/\/www.facebook.com\/amuz.krakow","article_modified_time":"2025-11-17T14:28:06+00:00","og_image":[{"width":567,"height":283,"url":"https:\/\/www.amuz.krakow.pl\/wp-content\/uploads\/2025\/11\/CRK-plakat-2025-ekspert-27.11_kafelek.jpg","type":"image\/jpeg"}],"twitter_card":"summary_large_image","twitter_misc":{"Est. reading time":"2 minutes"},"schema":{"@context":"https:\/\/schema.org","@graph":[{"@type":"WebPage","@id":"https:\/\/www.amuz.krakow.pl\/spotkanie-z-ekspertem-nagranie-muzyki-klasycznej-od-pierwszej-przymiarki-do-ostatniej-poprawki\/","url":"https:\/\/www.amuz.krakow.pl\/spotkanie-z-ekspertem-nagranie-muzyki-klasycznej-od-pierwszej-przymiarki-do-ostatniej-poprawki\/","name":"AMKP - Akademia Muzyczna im. Krzysztofa Pendereckiego w Krakowie","isPartOf":{"@id":"https:\/\/www.amuz.krakow.pl\/#website"},"primaryImageOfPage":{"@id":"https:\/\/www.amuz.krakow.pl\/spotkanie-z-ekspertem-nagranie-muzyki-klasycznej-od-pierwszej-przymiarki-do-ostatniej-poprawki\/#primaryimage"},"image":{"@id":"https:\/\/www.amuz.krakow.pl\/spotkanie-z-ekspertem-nagranie-muzyki-klasycznej-od-pierwszej-przymiarki-do-ostatniej-poprawki\/#primaryimage"},"thumbnailUrl":"https:\/\/www.amuz.krakow.pl\/wp-content\/uploads\/2025\/11\/CRK-plakat-2025-ekspert-27.11_kafelek.jpg","datePublished":"2025-11-17T12:58:37+00:00","dateModified":"2025-11-17T14:28:06+00:00","breadcrumb":{"@id":"https:\/\/www.amuz.krakow.pl\/spotkanie-z-ekspertem-nagranie-muzyki-klasycznej-od-pierwszej-przymiarki-do-ostatniej-poprawki\/#breadcrumb"},"inLanguage":"en-US","potentialAction":[{"@type":"ReadAction","target":["https:\/\/www.amuz.krakow.pl\/spotkanie-z-ekspertem-nagranie-muzyki-klasycznej-od-pierwszej-przymiarki-do-ostatniej-poprawki\/"]}]},{"@type":"ImageObject","inLanguage":"en-US","@id":"https:\/\/www.amuz.krakow.pl\/spotkanie-z-ekspertem-nagranie-muzyki-klasycznej-od-pierwszej-przymiarki-do-ostatniej-poprawki\/#primaryimage","url":"https:\/\/www.amuz.krakow.pl\/wp-content\/uploads\/2025\/11\/CRK-plakat-2025-ekspert-27.11_kafelek.jpg","contentUrl":"https:\/\/www.amuz.krakow.pl\/wp-content\/uploads\/2025\/11\/CRK-plakat-2025-ekspert-27.11_kafelek.jpg","width":567,"height":283},{"@type":"BreadcrumbList","@id":"https:\/\/www.amuz.krakow.pl\/spotkanie-z-ekspertem-nagranie-muzyki-klasycznej-od-pierwszej-przymiarki-do-ostatniej-poprawki\/#breadcrumb","itemListElement":[{"@type":"ListItem","position":1,"name":"Strona g\u0142\u00f3wna","item":"https:\/\/www.amuz.krakow.pl\/"},{"@type":"ListItem","position":2,"name":"Spotkanie z ekspertem: \u201eNagranie muzyki klasycznej. Od pierwszej przymiarki do ostatniej poprawki&#8221;"}]},{"@type":"WebSite","@id":"https:\/\/www.amuz.krakow.pl\/#website","url":"https:\/\/www.amuz.krakow.pl\/","name":"Akademia Muzyczna im. Krzysztofa Pendereckiego w Krakowie","description":"Oficjalna strona Akademii Muzycznej im. Krzysztofa Pendereckiego w Krakowie (AMKP).","publisher":{"@id":"https:\/\/www.amuz.krakow.pl\/#organization"},"alternateName":"AMKP","potentialAction":[{"@type":"SearchAction","target":{"@type":"EntryPoint","urlTemplate":"https:\/\/www.amuz.krakow.pl\/?s={search_term_string}"},"query-input":{"@type":"PropertyValueSpecification","valueRequired":true,"valueName":"search_term_string"}}],"inLanguage":"en-US"},{"@type":"Organization","@id":"https:\/\/www.amuz.krakow.pl\/#organization","name":"Akademia Muzyczna im. Krzysztofa Pendereckiego w Krakowie","alternateName":"AMKP","url":"https:\/\/www.amuz.krakow.pl\/","logo":{"@type":"ImageObject","inLanguage":"en-US","@id":"https:\/\/www.amuz.krakow.pl\/#\/schema\/logo\/image\/","url":"https:\/\/www.amuz.krakow.pl\/wp-content\/uploads\/2021\/11\/amkp.jpg","contentUrl":"https:\/\/www.amuz.krakow.pl\/wp-content\/uploads\/2021\/11\/amkp.jpg","width":1193,"height":591,"caption":"Akademia Muzyczna im. Krzysztofa Pendereckiego w Krakowie"},"image":{"@id":"https:\/\/www.amuz.krakow.pl\/#\/schema\/logo\/image\/"},"sameAs":["https:\/\/www.facebook.com\/amuz.krakow","https:\/\/www.instagram.com\/amkpenderecki\/","https:\/\/www.youtube.com\/@amkpenderecki4806"]}]}},"_links":{"self":[{"href":"https:\/\/www.amuz.krakow.pl\/en\/wp-json\/wp\/v2\/pages\/110515","targetHints":{"allow":["GET"]}}],"collection":[{"href":"https:\/\/www.amuz.krakow.pl\/en\/wp-json\/wp\/v2\/pages"}],"about":[{"href":"https:\/\/www.amuz.krakow.pl\/en\/wp-json\/wp\/v2\/types\/page"}],"author":[{"embeddable":true,"href":"https:\/\/www.amuz.krakow.pl\/en\/wp-json\/wp\/v2\/users\/72"}],"replies":[{"embeddable":true,"href":"https:\/\/www.amuz.krakow.pl\/en\/wp-json\/wp\/v2\/comments?post=110515"}],"version-history":[{"count":2,"href":"https:\/\/www.amuz.krakow.pl\/en\/wp-json\/wp\/v2\/pages\/110515\/revisions"}],"predecessor-version":[{"id":110555,"href":"https:\/\/www.amuz.krakow.pl\/en\/wp-json\/wp\/v2\/pages\/110515\/revisions\/110555"}],"wp:featuredmedia":[{"embeddable":true,"href":"https:\/\/www.amuz.krakow.pl\/en\/wp-json\/wp\/v2\/media\/110521"}],"wp:attachment":[{"href":"https:\/\/www.amuz.krakow.pl\/en\/wp-json\/wp\/v2\/media?parent=110515"}],"curies":[{"name":"wp","href":"https:\/\/api.w.org\/{rel}","templated":true}]}}