{"id":110397,"date":"2025-11-13T12:38:53","date_gmt":"2025-11-13T11:38:53","guid":{"rendered":"https:\/\/www.amuz.krakow.pl\/?page_id=110397"},"modified":"2025-11-13T15:46:48","modified_gmt":"2025-11-13T14:46:48","slug":"o-relacjach-wladzy-sprawczosci-i-srodowisku-w-ktorym-chcemy-pracowac-warsztaty-z-gretchen-amussen","status":"publish","type":"page","link":"https:\/\/www.amuz.krakow.pl\/en\/o-relacjach-wladzy-sprawczosci-i-srodowisku-w-ktorym-chcemy-pracowac-warsztaty-z-gretchen-amussen\/","title":{"rendered":"&#8221;Power Relations in Higher Music Education&#8221; &#8211; workshops with Gretchen Amussen"},"content":{"rendered":"<p><a href=\"https:\/\/www.amuz.krakow.pl\/wp-content\/uploads\/2025\/11\/Power-Relations-in-Higher-Music-Education-2025-2-scaled.jpg\" target=\"_blank\" rel=\"noopener\"><img loading=\"lazy\" decoding=\"async\" class=\"aligncenter wp-image-110400 size-full\" src=\"https:\/\/www.amuz.krakow.pl\/wp-content\/uploads\/2025\/11\/Power-Relations-in-Higher-Music-Education-2025-2-scaled.jpg\" alt=\"\" width=\"1428\" height=\"2048\" srcset=\"https:\/\/www.amuz.krakow.pl\/wp-content\/uploads\/2025\/11\/Power-Relations-in-Higher-Music-Education-2025-2-scaled.jpg 1428w, https:\/\/www.amuz.krakow.pl\/wp-content\/uploads\/2025\/11\/Power-Relations-in-Higher-Music-Education-2025-2-209x300.jpg 209w, https:\/\/www.amuz.krakow.pl\/wp-content\/uploads\/2025\/11\/Power-Relations-in-Higher-Music-Education-2025-2-768x1102.jpg 768w, https:\/\/www.amuz.krakow.pl\/wp-content\/uploads\/2025\/11\/Power-Relations-in-Higher-Music-Education-2025-2-1071x1536.jpg 1071w\" sizes=\"auto, (max-width: 1428px) 100vw, 1428px\" \/><\/a><\/p>\n<p>The Promotion and External Cooperation Office invites to a workshop entitled &#8220;Power Relations in Higher Music Education&#8221; with <strong>Gretchen Amussen<\/strong>, an expert in international cooperation and academic culture.<\/p>\n<p>&#8220;On power relations, agency and the environment in which we want to work&#8221; is a series of workshops aimed at administrative and academic staff, doctoral students and students of the Krzysztof Penderecki Academy of Music in Krakow, devoted to reflection on power relations in higher education institutions. The event will create a space for dialogue on power relations in higher education institutions. The event will create a space for dialogue on how power structures affect everyday academic work, how to build a more inclusive environment, and how to initiate change together. The meeting is inspired by the international PRIHME project, which focused on equal treatment and agency in the academic environment.<\/p>\n<p>The workshops will be held on November 21st and 22nd, 2025 in English, with translation into Polish. They will be interactive, based on group work and the exchange of experiences.<\/p>\n<p>&nbsp;<\/p>\n<h6>Application<\/h6>\n<p>Application deadline: <strong>16 November 2025<br \/>\n<\/strong>(registration link has been sent by e-mail)<\/p>\n<p>&nbsp;<\/p>\n<p><span style=\"font-size: 12pt;\"><strong>Friday 21 November 2025, 10:00 AM-1:00 PM<\/strong><\/span><br \/>\n<span style=\"font-size: 12pt;\"><strong>Florianka Recital Hall<\/strong><\/span><br \/>\n<span style=\"font-size: 12pt;\"><strong>Sereno Fenn&#8217;a 15<\/strong><\/span><\/p>\n<p>Workshops for staff<\/p>\n<p>&nbsp;<\/p>\n<p><span style=\"font-size: 12pt;\"><strong>Saturday 22 November 2025, 3:00 PM-6:00 PM<\/strong><\/span><br \/>\n<span style=\"font-size: 12pt;\"><strong>Senate Room<\/strong><\/span><br \/>\n<span style=\"font-size: 12pt;\"><strong>\u015awi\u0119tego<\/strong><\/span><span style=\"font-size: 12pt;\"><strong>\u00a0Tomasza 43<\/strong><\/span><\/p>\n<p>Workshops for students<\/p>","protected":false},"excerpt":{"rendered":"<p>The Promotion and External Cooperation Office invites to a workshop entitled &#8220;Power Relations in Higher Music Education&#8221; with Gretchen Amussen, an expert in international cooperation and academic culture. &#8220;On power&hellip; <a href=\"https:\/\/www.amuz.krakow.pl\/en\/o-relacjach-wladzy-sprawczosci-i-srodowisku-w-ktorym-chcemy-pracowac-warsztaty-z-gretchen-amussen\/\">Continue reading<\/a><\/p>\n","protected":false},"author":72,"featured_media":110412,"parent":0,"menu_order":0,"comment_status":"closed","ping_status":"closed","template":"","meta":{"footnotes":"","_links_to":"","_links_to_target":""},"class_list":["post-110397","page","type-page","status-publish","has-post-thumbnail","hentry"],"yoast_head":"<!-- This site is optimized with the Yoast SEO plugin v27.4 - https:\/\/yoast.com\/product\/yoast-seo-wordpress\/ -->\n<title>AMKP - Akademia Muzyczna im. Krzysztofa Pendereckiego w Krakowie<\/title>\n<meta name=\"robots\" content=\"index, follow, max-snippet:-1, max-image-preview:large, max-video-preview:-1\" \/>\n<link rel=\"canonical\" href=\"https:\/\/www.amuz.krakow.pl\/o-relacjach-wladzy-sprawczosci-i-srodowisku-w-ktorym-chcemy-pracowac-warsztaty-z-gretchen-amussen\/\" \/>\n<meta property=\"og:locale\" content=\"en_US\" \/>\n<meta property=\"og:type\" content=\"article\" \/>\n<meta property=\"og:title\" content=\"AMKP - Akademia Muzyczna im. Krzysztofa Pendereckiego w Krakowie\" \/>\n<meta property=\"og:description\" content=\"The Promotion and External Cooperation Office invites to a workshop entitled &#8220;Power Relations in Higher Music Education&#8221; with Gretchen Amussen, an expert in international cooperation and academic culture. &#8220;On power&hellip; Continue reading\" \/>\n<meta property=\"og:url\" content=\"https:\/\/www.amuz.krakow.pl\/o-relacjach-wladzy-sprawczosci-i-srodowisku-w-ktorym-chcemy-pracowac-warsztaty-z-gretchen-amussen\/\" \/>\n<meta property=\"og:site_name\" content=\"Akademia Muzyczna im. Krzysztofa Pendereckiego w Krakowie\" \/>\n<meta property=\"article:publisher\" content=\"https:\/\/www.facebook.com\/amuz.krakow\" \/>\n<meta property=\"article:modified_time\" content=\"2025-11-13T14:46:48+00:00\" \/>\n<meta property=\"og:image\" content=\"https:\/\/www.amuz.krakow.pl\/wp-content\/uploads\/2025\/11\/Power-Relations-in-Higher-Music-Education-2025-2-kafel.jpg\" \/>\n\t<meta property=\"og:image:width\" content=\"1417\" \/>\n\t<meta property=\"og:image:height\" content=\"709\" \/>\n\t<meta property=\"og:image:type\" content=\"image\/jpeg\" \/>\n<meta name=\"twitter:card\" content=\"summary_large_image\" \/>\n<meta name=\"twitter:label1\" content=\"Est. reading time\" \/>\n\t<meta name=\"twitter:data1\" content=\"2 minutes\" \/>\n<script type=\"application\/ld+json\" class=\"yoast-schema-graph\">{\"@context\":\"https:\\\/\\\/schema.org\",\"@graph\":[{\"@type\":\"WebPage\",\"@id\":\"https:\\\/\\\/www.amuz.krakow.pl\\\/o-relacjach-wladzy-sprawczosci-i-srodowisku-w-ktorym-chcemy-pracowac-warsztaty-z-gretchen-amussen\\\/\",\"url\":\"https:\\\/\\\/www.amuz.krakow.pl\\\/o-relacjach-wladzy-sprawczosci-i-srodowisku-w-ktorym-chcemy-pracowac-warsztaty-z-gretchen-amussen\\\/\",\"name\":\"AMKP - Akademia Muzyczna im. Krzysztofa Pendereckiego w Krakowie\",\"isPartOf\":{\"@id\":\"https:\\\/\\\/www.amuz.krakow.pl\\\/#website\"},\"primaryImageOfPage\":{\"@id\":\"https:\\\/\\\/www.amuz.krakow.pl\\\/o-relacjach-wladzy-sprawczosci-i-srodowisku-w-ktorym-chcemy-pracowac-warsztaty-z-gretchen-amussen\\\/#primaryimage\"},\"image\":{\"@id\":\"https:\\\/\\\/www.amuz.krakow.pl\\\/o-relacjach-wladzy-sprawczosci-i-srodowisku-w-ktorym-chcemy-pracowac-warsztaty-z-gretchen-amussen\\\/#primaryimage\"},\"thumbnailUrl\":\"https:\\\/\\\/www.amuz.krakow.pl\\\/wp-content\\\/uploads\\\/2025\\\/11\\\/Power-Relations-in-Higher-Music-Education-2025-2-kafel.jpg\",\"datePublished\":\"2025-11-13T11:38:53+00:00\",\"dateModified\":\"2025-11-13T14:46:48+00:00\",\"breadcrumb\":{\"@id\":\"https:\\\/\\\/www.amuz.krakow.pl\\\/o-relacjach-wladzy-sprawczosci-i-srodowisku-w-ktorym-chcemy-pracowac-warsztaty-z-gretchen-amussen\\\/#breadcrumb\"},\"inLanguage\":\"en-US\",\"potentialAction\":[{\"@type\":\"ReadAction\",\"target\":[\"https:\\\/\\\/www.amuz.krakow.pl\\\/o-relacjach-wladzy-sprawczosci-i-srodowisku-w-ktorym-chcemy-pracowac-warsztaty-z-gretchen-amussen\\\/\"]}]},{\"@type\":\"ImageObject\",\"inLanguage\":\"en-US\",\"@id\":\"https:\\\/\\\/www.amuz.krakow.pl\\\/o-relacjach-wladzy-sprawczosci-i-srodowisku-w-ktorym-chcemy-pracowac-warsztaty-z-gretchen-amussen\\\/#primaryimage\",\"url\":\"https:\\\/\\\/www.amuz.krakow.pl\\\/wp-content\\\/uploads\\\/2025\\\/11\\\/Power-Relations-in-Higher-Music-Education-2025-2-kafel.jpg\",\"contentUrl\":\"https:\\\/\\\/www.amuz.krakow.pl\\\/wp-content\\\/uploads\\\/2025\\\/11\\\/Power-Relations-in-Higher-Music-Education-2025-2-kafel.jpg\",\"width\":1417,\"height\":709},{\"@type\":\"BreadcrumbList\",\"@id\":\"https:\\\/\\\/www.amuz.krakow.pl\\\/o-relacjach-wladzy-sprawczosci-i-srodowisku-w-ktorym-chcemy-pracowac-warsztaty-z-gretchen-amussen\\\/#breadcrumb\",\"itemListElement\":[{\"@type\":\"ListItem\",\"position\":1,\"name\":\"Strona g\u0142\u00f3wna\",\"item\":\"https:\\\/\\\/www.amuz.krakow.pl\\\/\"},{\"@type\":\"ListItem\",\"position\":2,\"name\":\"\u201eO relacjach w\u0142adzy, sprawczo\u015bci i \u015brodowisku, w kt\u00f3rym chcemy pracowa\u0107\u201d &#8211; warsztaty z Gretchen Amussen\"}]},{\"@type\":\"WebSite\",\"@id\":\"https:\\\/\\\/www.amuz.krakow.pl\\\/#website\",\"url\":\"https:\\\/\\\/www.amuz.krakow.pl\\\/\",\"name\":\"Akademia Muzyczna im. Krzysztofa Pendereckiego w Krakowie\",\"description\":\"Oficjalna strona Akademii Muzycznej im. Krzysztofa Pendereckiego w Krakowie (AMKP).\",\"publisher\":{\"@id\":\"https:\\\/\\\/www.amuz.krakow.pl\\\/#organization\"},\"alternateName\":\"AMKP\",\"potentialAction\":[{\"@type\":\"SearchAction\",\"target\":{\"@type\":\"EntryPoint\",\"urlTemplate\":\"https:\\\/\\\/www.amuz.krakow.pl\\\/?s={search_term_string}\"},\"query-input\":{\"@type\":\"PropertyValueSpecification\",\"valueRequired\":true,\"valueName\":\"search_term_string\"}}],\"inLanguage\":\"en-US\"},{\"@type\":\"Organization\",\"@id\":\"https:\\\/\\\/www.amuz.krakow.pl\\\/#organization\",\"name\":\"Akademia Muzyczna im. Krzysztofa Pendereckiego w Krakowie\",\"alternateName\":\"AMKP\",\"url\":\"https:\\\/\\\/www.amuz.krakow.pl\\\/\",\"logo\":{\"@type\":\"ImageObject\",\"inLanguage\":\"en-US\",\"@id\":\"https:\\\/\\\/www.amuz.krakow.pl\\\/#\\\/schema\\\/logo\\\/image\\\/\",\"url\":\"https:\\\/\\\/www.amuz.krakow.pl\\\/wp-content\\\/uploads\\\/2021\\\/11\\\/amkp.jpg\",\"contentUrl\":\"https:\\\/\\\/www.amuz.krakow.pl\\\/wp-content\\\/uploads\\\/2021\\\/11\\\/amkp.jpg\",\"width\":1193,\"height\":591,\"caption\":\"Akademia Muzyczna im. Krzysztofa Pendereckiego w Krakowie\"},\"image\":{\"@id\":\"https:\\\/\\\/www.amuz.krakow.pl\\\/#\\\/schema\\\/logo\\\/image\\\/\"},\"sameAs\":[\"https:\\\/\\\/www.facebook.com\\\/amuz.krakow\",\"https:\\\/\\\/www.instagram.com\\\/amkpenderecki\\\/\",\"https:\\\/\\\/www.youtube.com\\\/@amkpenderecki4806\"]}]}<\/script>\n<!-- \/ Yoast SEO plugin. -->","yoast_head_json":{"title":"AMKP - Akademia Muzyczna im. Krzysztofa Pendereckiego w Krakowie","robots":{"index":"index","follow":"follow","max-snippet":"max-snippet:-1","max-image-preview":"max-image-preview:large","max-video-preview":"max-video-preview:-1"},"canonical":"https:\/\/www.amuz.krakow.pl\/o-relacjach-wladzy-sprawczosci-i-srodowisku-w-ktorym-chcemy-pracowac-warsztaty-z-gretchen-amussen\/","og_locale":"en_US","og_type":"article","og_title":"AMKP - Akademia Muzyczna im. Krzysztofa Pendereckiego w Krakowie","og_description":"The Promotion and External Cooperation Office invites to a workshop entitled &#8220;Power Relations in Higher Music Education&#8221; with Gretchen Amussen, an expert in international cooperation and academic culture. &#8220;On power&hellip; Continue reading","og_url":"https:\/\/www.amuz.krakow.pl\/o-relacjach-wladzy-sprawczosci-i-srodowisku-w-ktorym-chcemy-pracowac-warsztaty-z-gretchen-amussen\/","og_site_name":"Akademia Muzyczna im. Krzysztofa Pendereckiego w Krakowie","article_publisher":"https:\/\/www.facebook.com\/amuz.krakow","article_modified_time":"2025-11-13T14:46:48+00:00","og_image":[{"width":1417,"height":709,"url":"https:\/\/www.amuz.krakow.pl\/wp-content\/uploads\/2025\/11\/Power-Relations-in-Higher-Music-Education-2025-2-kafel.jpg","type":"image\/jpeg"}],"twitter_card":"summary_large_image","twitter_misc":{"Est. reading time":"2 minutes"},"schema":{"@context":"https:\/\/schema.org","@graph":[{"@type":"WebPage","@id":"https:\/\/www.amuz.krakow.pl\/o-relacjach-wladzy-sprawczosci-i-srodowisku-w-ktorym-chcemy-pracowac-warsztaty-z-gretchen-amussen\/","url":"https:\/\/www.amuz.krakow.pl\/o-relacjach-wladzy-sprawczosci-i-srodowisku-w-ktorym-chcemy-pracowac-warsztaty-z-gretchen-amussen\/","name":"AMKP - Akademia Muzyczna im. Krzysztofa Pendereckiego w Krakowie","isPartOf":{"@id":"https:\/\/www.amuz.krakow.pl\/#website"},"primaryImageOfPage":{"@id":"https:\/\/www.amuz.krakow.pl\/o-relacjach-wladzy-sprawczosci-i-srodowisku-w-ktorym-chcemy-pracowac-warsztaty-z-gretchen-amussen\/#primaryimage"},"image":{"@id":"https:\/\/www.amuz.krakow.pl\/o-relacjach-wladzy-sprawczosci-i-srodowisku-w-ktorym-chcemy-pracowac-warsztaty-z-gretchen-amussen\/#primaryimage"},"thumbnailUrl":"https:\/\/www.amuz.krakow.pl\/wp-content\/uploads\/2025\/11\/Power-Relations-in-Higher-Music-Education-2025-2-kafel.jpg","datePublished":"2025-11-13T11:38:53+00:00","dateModified":"2025-11-13T14:46:48+00:00","breadcrumb":{"@id":"https:\/\/www.amuz.krakow.pl\/o-relacjach-wladzy-sprawczosci-i-srodowisku-w-ktorym-chcemy-pracowac-warsztaty-z-gretchen-amussen\/#breadcrumb"},"inLanguage":"en-US","potentialAction":[{"@type":"ReadAction","target":["https:\/\/www.amuz.krakow.pl\/o-relacjach-wladzy-sprawczosci-i-srodowisku-w-ktorym-chcemy-pracowac-warsztaty-z-gretchen-amussen\/"]}]},{"@type":"ImageObject","inLanguage":"en-US","@id":"https:\/\/www.amuz.krakow.pl\/o-relacjach-wladzy-sprawczosci-i-srodowisku-w-ktorym-chcemy-pracowac-warsztaty-z-gretchen-amussen\/#primaryimage","url":"https:\/\/www.amuz.krakow.pl\/wp-content\/uploads\/2025\/11\/Power-Relations-in-Higher-Music-Education-2025-2-kafel.jpg","contentUrl":"https:\/\/www.amuz.krakow.pl\/wp-content\/uploads\/2025\/11\/Power-Relations-in-Higher-Music-Education-2025-2-kafel.jpg","width":1417,"height":709},{"@type":"BreadcrumbList","@id":"https:\/\/www.amuz.krakow.pl\/o-relacjach-wladzy-sprawczosci-i-srodowisku-w-ktorym-chcemy-pracowac-warsztaty-z-gretchen-amussen\/#breadcrumb","itemListElement":[{"@type":"ListItem","position":1,"name":"Strona g\u0142\u00f3wna","item":"https:\/\/www.amuz.krakow.pl\/"},{"@type":"ListItem","position":2,"name":"\u201eO relacjach w\u0142adzy, sprawczo\u015bci i \u015brodowisku, w kt\u00f3rym chcemy pracowa\u0107\u201d &#8211; warsztaty z Gretchen Amussen"}]},{"@type":"WebSite","@id":"https:\/\/www.amuz.krakow.pl\/#website","url":"https:\/\/www.amuz.krakow.pl\/","name":"Akademia Muzyczna im. Krzysztofa Pendereckiego w Krakowie","description":"Oficjalna strona Akademii Muzycznej im. Krzysztofa Pendereckiego w Krakowie (AMKP).","publisher":{"@id":"https:\/\/www.amuz.krakow.pl\/#organization"},"alternateName":"AMKP","potentialAction":[{"@type":"SearchAction","target":{"@type":"EntryPoint","urlTemplate":"https:\/\/www.amuz.krakow.pl\/?s={search_term_string}"},"query-input":{"@type":"PropertyValueSpecification","valueRequired":true,"valueName":"search_term_string"}}],"inLanguage":"en-US"},{"@type":"Organization","@id":"https:\/\/www.amuz.krakow.pl\/#organization","name":"Akademia Muzyczna im. Krzysztofa Pendereckiego w Krakowie","alternateName":"AMKP","url":"https:\/\/www.amuz.krakow.pl\/","logo":{"@type":"ImageObject","inLanguage":"en-US","@id":"https:\/\/www.amuz.krakow.pl\/#\/schema\/logo\/image\/","url":"https:\/\/www.amuz.krakow.pl\/wp-content\/uploads\/2021\/11\/amkp.jpg","contentUrl":"https:\/\/www.amuz.krakow.pl\/wp-content\/uploads\/2021\/11\/amkp.jpg","width":1193,"height":591,"caption":"Akademia Muzyczna im. Krzysztofa Pendereckiego w Krakowie"},"image":{"@id":"https:\/\/www.amuz.krakow.pl\/#\/schema\/logo\/image\/"},"sameAs":["https:\/\/www.facebook.com\/amuz.krakow","https:\/\/www.instagram.com\/amkpenderecki\/","https:\/\/www.youtube.com\/@amkpenderecki4806"]}]}},"_links":{"self":[{"href":"https:\/\/www.amuz.krakow.pl\/en\/wp-json\/wp\/v2\/pages\/110397","targetHints":{"allow":["GET"]}}],"collection":[{"href":"https:\/\/www.amuz.krakow.pl\/en\/wp-json\/wp\/v2\/pages"}],"about":[{"href":"https:\/\/www.amuz.krakow.pl\/en\/wp-json\/wp\/v2\/types\/page"}],"author":[{"embeddable":true,"href":"https:\/\/www.amuz.krakow.pl\/en\/wp-json\/wp\/v2\/users\/72"}],"replies":[{"embeddable":true,"href":"https:\/\/www.amuz.krakow.pl\/en\/wp-json\/wp\/v2\/comments?post=110397"}],"version-history":[{"count":3,"href":"https:\/\/www.amuz.krakow.pl\/en\/wp-json\/wp\/v2\/pages\/110397\/revisions"}],"predecessor-version":[{"id":110419,"href":"https:\/\/www.amuz.krakow.pl\/en\/wp-json\/wp\/v2\/pages\/110397\/revisions\/110419"}],"wp:featuredmedia":[{"embeddable":true,"href":"https:\/\/www.amuz.krakow.pl\/en\/wp-json\/wp\/v2\/media\/110412"}],"wp:attachment":[{"href":"https:\/\/www.amuz.krakow.pl\/en\/wp-json\/wp\/v2\/media?parent=110397"}],"curies":[{"name":"wp","href":"https:\/\/api.w.org\/{rel}","templated":true}]}}