{"id":110041,"date":"2025-11-06T09:40:00","date_gmt":"2025-11-06T08:40:00","guid":{"rendered":"https:\/\/www.amuz.krakow.pl\/?page_id=110041"},"modified":"2025-11-07T09:43:17","modified_gmt":"2025-11-07T08:43:17","slug":"ostatnie-pozegnanie-sp-elzbiety-pendereckiej","status":"publish","type":"page","link":"https:\/\/www.amuz.krakow.pl\/en\/ostatnie-pozegnanie-sp-elzbiety-pendereckiej\/","title":{"rendered":"Final farewell to El\u017cbieta Penderecka"},"content":{"rendered":"<p><a href=\"https:\/\/www.amuz.krakow.pl\/wp-content\/uploads\/2025\/11\/E_PENERECKA_klepsydra.jpeg\"><img loading=\"lazy\" decoding=\"async\" class=\"aligncenter size-full wp-image-110045\" src=\"https:\/\/www.amuz.krakow.pl\/wp-content\/uploads\/2025\/11\/E_PENERECKA_klepsydra.jpeg\" alt=\"\" width=\"1280\" height=\"744\" srcset=\"https:\/\/www.amuz.krakow.pl\/wp-content\/uploads\/2025\/11\/E_PENERECKA_klepsydra.jpeg 1280w, https:\/\/www.amuz.krakow.pl\/wp-content\/uploads\/2025\/11\/E_PENERECKA_klepsydra-300x174.jpeg 300w, https:\/\/www.amuz.krakow.pl\/wp-content\/uploads\/2025\/11\/E_PENERECKA_klepsydra-768x446.jpeg 768w\" sizes=\"auto, (max-width: 1280px) 100vw, 1280px\" \/><\/a><\/p>\n<p><span style=\"font-size: 12pt;\"><strong>Friday 7 November 2025, 7:00 PM<\/strong><\/span><br \/>\n<span style=\"font-size: 12pt;\"><strong>Church of SS. Apostles Peter and Paul in Krak\u00f3w<\/strong><\/span><br \/>\n<span style=\"font-size: 12pt;\"><strong>Grodzka 52a<\/strong><\/span><\/p>\n<p><strong><em>Memorial evening<\/em><\/strong> with music of Sinfonietta Cracovia artists, and recitation of Cyprian Kamil Norwid&#8217;s and Czes\u0142aw Mi\u0142osz&#8217;s poetry by actors Dominika Bednarczyk i Rados\u0142aw Krzy\u017cowski<br \/>\nThere will be a possibility to make an entry in the book of remembrance.<\/p>\n<p><span style=\"font-size: 12pt;\"><strong>8 November 2025, 12:00 PM<\/strong><\/span><br \/>\n<span style=\"font-size: 12pt;\"><strong>Church of SS. Apostles Peter and Paul in Krak\u00f3w<\/strong><\/span><br \/>\n<span style=\"font-size: 12pt;\"><strong>Grodzka 52a <\/strong><\/span><\/p>\n<p>Funeral ceremony<\/p>","protected":false},"excerpt":{"rendered":"<p>Friday 7 November 2025, 7:00 PM Church of SS. Apostles Peter and Paul in Krak\u00f3w Grodzka 52a Memorial evening with music of Sinfonietta Cracovia artists, and recitation of Cyprian Kamil&hellip; <a href=\"https:\/\/www.amuz.krakow.pl\/en\/ostatnie-pozegnanie-sp-elzbiety-pendereckiej\/\">Continue reading<\/a><\/p>\n","protected":false},"author":72,"featured_media":110046,"parent":0,"menu_order":0,"comment_status":"closed","ping_status":"closed","template":"","meta":{"footnotes":"","_links_to":"","_links_to_target":""},"class_list":["post-110041","page","type-page","status-publish","has-post-thumbnail","hentry"],"yoast_head":"<!-- This site is optimized with the Yoast SEO plugin v27.2 - https:\/\/yoast.com\/product\/yoast-seo-wordpress\/ -->\n<title>AMKP - Akademia Muzyczna im. Krzysztofa Pendereckiego w Krakowie<\/title>\n<meta name=\"robots\" content=\"index, follow, max-snippet:-1, max-image-preview:large, max-video-preview:-1\" \/>\n<link rel=\"canonical\" href=\"https:\/\/www.amuz.krakow.pl\/ostatnie-pozegnanie-sp-elzbiety-pendereckiej\/\" \/>\n<meta property=\"og:locale\" content=\"en_US\" \/>\n<meta property=\"og:type\" content=\"article\" \/>\n<meta property=\"og:title\" content=\"AMKP - Akademia Muzyczna im. Krzysztofa Pendereckiego w Krakowie\" \/>\n<meta property=\"og:description\" content=\"Friday 7 November 2025, 7:00 PM Church of SS. Apostles Peter and Paul in Krak\u00f3w Grodzka 52a Memorial evening with music of Sinfonietta Cracovia artists, and recitation of Cyprian Kamil&hellip; Continue reading\" \/>\n<meta property=\"og:url\" content=\"https:\/\/www.amuz.krakow.pl\/ostatnie-pozegnanie-sp-elzbiety-pendereckiej\/\" \/>\n<meta property=\"og:site_name\" content=\"Akademia Muzyczna im. Krzysztofa Pendereckiego w Krakowie\" \/>\n<meta property=\"article:publisher\" content=\"https:\/\/www.facebook.com\/amuz.krakow\" \/>\n<meta property=\"article:modified_time\" content=\"2025-11-07T08:43:17+00:00\" \/>\n<meta property=\"og:image\" content=\"https:\/\/www.amuz.krakow.pl\/wp-content\/uploads\/2025\/11\/E_PENERECKA_klepsydra2.jpeg\" \/>\n\t<meta property=\"og:image:width\" content=\"1280\" \/>\n\t<meta property=\"og:image:height\" content=\"640\" \/>\n\t<meta property=\"og:image:type\" content=\"image\/jpeg\" \/>\n<meta name=\"twitter:card\" content=\"summary_large_image\" \/>\n<meta name=\"twitter:label1\" content=\"Est. reading time\" \/>\n\t<meta name=\"twitter:data1\" content=\"3 minutes\" \/>\n<script type=\"application\/ld+json\" class=\"yoast-schema-graph\">{\"@context\":\"https:\/\/schema.org\",\"@graph\":[{\"@type\":\"WebPage\",\"@id\":\"https:\/\/www.amuz.krakow.pl\/ostatnie-pozegnanie-sp-elzbiety-pendereckiej\/\",\"url\":\"https:\/\/www.amuz.krakow.pl\/ostatnie-pozegnanie-sp-elzbiety-pendereckiej\/\",\"name\":\"AMKP - Akademia Muzyczna im. Krzysztofa Pendereckiego w Krakowie\",\"isPartOf\":{\"@id\":\"https:\/\/www.amuz.krakow.pl\/#website\"},\"primaryImageOfPage\":{\"@id\":\"https:\/\/www.amuz.krakow.pl\/ostatnie-pozegnanie-sp-elzbiety-pendereckiej\/#primaryimage\"},\"image\":{\"@id\":\"https:\/\/www.amuz.krakow.pl\/ostatnie-pozegnanie-sp-elzbiety-pendereckiej\/#primaryimage\"},\"thumbnailUrl\":\"https:\/\/www.amuz.krakow.pl\/wp-content\/uploads\/2025\/11\/E_PENERECKA_klepsydra2.jpeg\",\"datePublished\":\"2025-11-06T08:40:00+00:00\",\"dateModified\":\"2025-11-07T08:43:17+00:00\",\"breadcrumb\":{\"@id\":\"https:\/\/www.amuz.krakow.pl\/ostatnie-pozegnanie-sp-elzbiety-pendereckiej\/#breadcrumb\"},\"inLanguage\":\"en-US\",\"potentialAction\":[{\"@type\":\"ReadAction\",\"target\":[\"https:\/\/www.amuz.krakow.pl\/ostatnie-pozegnanie-sp-elzbiety-pendereckiej\/\"]}]},{\"@type\":\"ImageObject\",\"inLanguage\":\"en-US\",\"@id\":\"https:\/\/www.amuz.krakow.pl\/ostatnie-pozegnanie-sp-elzbiety-pendereckiej\/#primaryimage\",\"url\":\"https:\/\/www.amuz.krakow.pl\/wp-content\/uploads\/2025\/11\/E_PENERECKA_klepsydra2.jpeg\",\"contentUrl\":\"https:\/\/www.amuz.krakow.pl\/wp-content\/uploads\/2025\/11\/E_PENERECKA_klepsydra2.jpeg\",\"width\":1280,\"height\":640},{\"@type\":\"BreadcrumbList\",\"@id\":\"https:\/\/www.amuz.krakow.pl\/ostatnie-pozegnanie-sp-elzbiety-pendereckiej\/#breadcrumb\",\"itemListElement\":[{\"@type\":\"ListItem\",\"position\":1,\"name\":\"Strona g\u0142\u00f3wna\",\"item\":\"https:\/\/www.amuz.krakow.pl\/\"},{\"@type\":\"ListItem\",\"position\":2,\"name\":\"Ostatnie po\u017cegnanie \u015bp. El\u017cbiety Pendereckiej\"}]},{\"@type\":\"WebSite\",\"@id\":\"https:\/\/www.amuz.krakow.pl\/#website\",\"url\":\"https:\/\/www.amuz.krakow.pl\/\",\"name\":\"Akademia Muzyczna im. Krzysztofa Pendereckiego w Krakowie\",\"description\":\"Oficjalna strona Akademii Muzycznej im. Krzysztofa Pendereckiego w Krakowie (AMKP).\",\"publisher\":{\"@id\":\"https:\/\/www.amuz.krakow.pl\/#organization\"},\"alternateName\":\"AMKP\",\"potentialAction\":[{\"@type\":\"SearchAction\",\"target\":{\"@type\":\"EntryPoint\",\"urlTemplate\":\"https:\/\/www.amuz.krakow.pl\/?s={search_term_string}\"},\"query-input\":{\"@type\":\"PropertyValueSpecification\",\"valueRequired\":true,\"valueName\":\"search_term_string\"}}],\"inLanguage\":\"en-US\"},{\"@type\":\"Organization\",\"@id\":\"https:\/\/www.amuz.krakow.pl\/#organization\",\"name\":\"Akademia Muzyczna im. Krzysztofa Pendereckiego w Krakowie\",\"alternateName\":\"AMKP\",\"url\":\"https:\/\/www.amuz.krakow.pl\/\",\"logo\":{\"@type\":\"ImageObject\",\"inLanguage\":\"en-US\",\"@id\":\"https:\/\/www.amuz.krakow.pl\/#\/schema\/logo\/image\/\",\"url\":\"https:\/\/www.amuz.krakow.pl\/wp-content\/uploads\/2021\/11\/amkp.jpg\",\"contentUrl\":\"https:\/\/www.amuz.krakow.pl\/wp-content\/uploads\/2021\/11\/amkp.jpg\",\"width\":1193,\"height\":591,\"caption\":\"Akademia Muzyczna im. Krzysztofa Pendereckiego w Krakowie\"},\"image\":{\"@id\":\"https:\/\/www.amuz.krakow.pl\/#\/schema\/logo\/image\/\"},\"sameAs\":[\"https:\/\/www.facebook.com\/amuz.krakow\",\"https:\/\/www.instagram.com\/amkpenderecki\/\",\"https:\/\/www.youtube.com\/@amkpenderecki4806\"]}]}<\/script>\n<!-- \/ Yoast SEO plugin. -->","yoast_head_json":{"title":"AMKP - Akademia Muzyczna im. Krzysztofa Pendereckiego w Krakowie","robots":{"index":"index","follow":"follow","max-snippet":"max-snippet:-1","max-image-preview":"max-image-preview:large","max-video-preview":"max-video-preview:-1"},"canonical":"https:\/\/www.amuz.krakow.pl\/ostatnie-pozegnanie-sp-elzbiety-pendereckiej\/","og_locale":"en_US","og_type":"article","og_title":"AMKP - Akademia Muzyczna im. Krzysztofa Pendereckiego w Krakowie","og_description":"Friday 7 November 2025, 7:00 PM Church of SS. Apostles Peter and Paul in Krak\u00f3w Grodzka 52a Memorial evening with music of Sinfonietta Cracovia artists, and recitation of Cyprian Kamil&hellip; Continue reading","og_url":"https:\/\/www.amuz.krakow.pl\/ostatnie-pozegnanie-sp-elzbiety-pendereckiej\/","og_site_name":"Akademia Muzyczna im. Krzysztofa Pendereckiego w Krakowie","article_publisher":"https:\/\/www.facebook.com\/amuz.krakow","article_modified_time":"2025-11-07T08:43:17+00:00","og_image":[{"width":1280,"height":640,"url":"https:\/\/www.amuz.krakow.pl\/wp-content\/uploads\/2025\/11\/E_PENERECKA_klepsydra2.jpeg","type":"image\/jpeg"}],"twitter_card":"summary_large_image","twitter_misc":{"Est. reading time":"3 minutes"},"schema":{"@context":"https:\/\/schema.org","@graph":[{"@type":"WebPage","@id":"https:\/\/www.amuz.krakow.pl\/ostatnie-pozegnanie-sp-elzbiety-pendereckiej\/","url":"https:\/\/www.amuz.krakow.pl\/ostatnie-pozegnanie-sp-elzbiety-pendereckiej\/","name":"AMKP - Akademia Muzyczna im. Krzysztofa Pendereckiego w Krakowie","isPartOf":{"@id":"https:\/\/www.amuz.krakow.pl\/#website"},"primaryImageOfPage":{"@id":"https:\/\/www.amuz.krakow.pl\/ostatnie-pozegnanie-sp-elzbiety-pendereckiej\/#primaryimage"},"image":{"@id":"https:\/\/www.amuz.krakow.pl\/ostatnie-pozegnanie-sp-elzbiety-pendereckiej\/#primaryimage"},"thumbnailUrl":"https:\/\/www.amuz.krakow.pl\/wp-content\/uploads\/2025\/11\/E_PENERECKA_klepsydra2.jpeg","datePublished":"2025-11-06T08:40:00+00:00","dateModified":"2025-11-07T08:43:17+00:00","breadcrumb":{"@id":"https:\/\/www.amuz.krakow.pl\/ostatnie-pozegnanie-sp-elzbiety-pendereckiej\/#breadcrumb"},"inLanguage":"en-US","potentialAction":[{"@type":"ReadAction","target":["https:\/\/www.amuz.krakow.pl\/ostatnie-pozegnanie-sp-elzbiety-pendereckiej\/"]}]},{"@type":"ImageObject","inLanguage":"en-US","@id":"https:\/\/www.amuz.krakow.pl\/ostatnie-pozegnanie-sp-elzbiety-pendereckiej\/#primaryimage","url":"https:\/\/www.amuz.krakow.pl\/wp-content\/uploads\/2025\/11\/E_PENERECKA_klepsydra2.jpeg","contentUrl":"https:\/\/www.amuz.krakow.pl\/wp-content\/uploads\/2025\/11\/E_PENERECKA_klepsydra2.jpeg","width":1280,"height":640},{"@type":"BreadcrumbList","@id":"https:\/\/www.amuz.krakow.pl\/ostatnie-pozegnanie-sp-elzbiety-pendereckiej\/#breadcrumb","itemListElement":[{"@type":"ListItem","position":1,"name":"Strona g\u0142\u00f3wna","item":"https:\/\/www.amuz.krakow.pl\/"},{"@type":"ListItem","position":2,"name":"Ostatnie po\u017cegnanie \u015bp. El\u017cbiety Pendereckiej"}]},{"@type":"WebSite","@id":"https:\/\/www.amuz.krakow.pl\/#website","url":"https:\/\/www.amuz.krakow.pl\/","name":"Akademia Muzyczna im. Krzysztofa Pendereckiego w Krakowie","description":"Oficjalna strona Akademii Muzycznej im. Krzysztofa Pendereckiego w Krakowie (AMKP).","publisher":{"@id":"https:\/\/www.amuz.krakow.pl\/#organization"},"alternateName":"AMKP","potentialAction":[{"@type":"SearchAction","target":{"@type":"EntryPoint","urlTemplate":"https:\/\/www.amuz.krakow.pl\/?s={search_term_string}"},"query-input":{"@type":"PropertyValueSpecification","valueRequired":true,"valueName":"search_term_string"}}],"inLanguage":"en-US"},{"@type":"Organization","@id":"https:\/\/www.amuz.krakow.pl\/#organization","name":"Akademia Muzyczna im. Krzysztofa Pendereckiego w Krakowie","alternateName":"AMKP","url":"https:\/\/www.amuz.krakow.pl\/","logo":{"@type":"ImageObject","inLanguage":"en-US","@id":"https:\/\/www.amuz.krakow.pl\/#\/schema\/logo\/image\/","url":"https:\/\/www.amuz.krakow.pl\/wp-content\/uploads\/2021\/11\/amkp.jpg","contentUrl":"https:\/\/www.amuz.krakow.pl\/wp-content\/uploads\/2021\/11\/amkp.jpg","width":1193,"height":591,"caption":"Akademia Muzyczna im. Krzysztofa Pendereckiego w Krakowie"},"image":{"@id":"https:\/\/www.amuz.krakow.pl\/#\/schema\/logo\/image\/"},"sameAs":["https:\/\/www.facebook.com\/amuz.krakow","https:\/\/www.instagram.com\/amkpenderecki\/","https:\/\/www.youtube.com\/@amkpenderecki4806"]}]}},"_links":{"self":[{"href":"https:\/\/www.amuz.krakow.pl\/en\/wp-json\/wp\/v2\/pages\/110041","targetHints":{"allow":["GET"]}}],"collection":[{"href":"https:\/\/www.amuz.krakow.pl\/en\/wp-json\/wp\/v2\/pages"}],"about":[{"href":"https:\/\/www.amuz.krakow.pl\/en\/wp-json\/wp\/v2\/types\/page"}],"author":[{"embeddable":true,"href":"https:\/\/www.amuz.krakow.pl\/en\/wp-json\/wp\/v2\/users\/72"}],"replies":[{"embeddable":true,"href":"https:\/\/www.amuz.krakow.pl\/en\/wp-json\/wp\/v2\/comments?post=110041"}],"version-history":[{"count":5,"href":"https:\/\/www.amuz.krakow.pl\/en\/wp-json\/wp\/v2\/pages\/110041\/revisions"}],"predecessor-version":[{"id":110112,"href":"https:\/\/www.amuz.krakow.pl\/en\/wp-json\/wp\/v2\/pages\/110041\/revisions\/110112"}],"wp:featuredmedia":[{"embeddable":true,"href":"https:\/\/www.amuz.krakow.pl\/en\/wp-json\/wp\/v2\/media\/110046"}],"wp:attachment":[{"href":"https:\/\/www.amuz.krakow.pl\/en\/wp-json\/wp\/v2\/media?parent=110041"}],"curies":[{"name":"wp","href":"https:\/\/api.w.org\/{rel}","templated":true}]}}