{"id":109711,"date":"2025-10-31T20:40:26","date_gmt":"2025-10-31T19:40:26","guid":{"rendered":"https:\/\/www.amuz.krakow.pl\/?page_id=109711"},"modified":"2025-11-06T11:29:24","modified_gmt":"2025-11-06T10:29:24","slug":"odeszla-sp-elzbieta-penderecka","status":"publish","type":"page","link":"https:\/\/www.amuz.krakow.pl\/en\/odeszla-sp-elzbieta-penderecka\/","title":{"rendered":"El\u017cbieta Penderecka passed away"},"content":{"rendered":"<p><figure id=\"attachment_109713\" aria-describedby=\"caption-attachment-109713\" style=\"width: 500px\" class=\"wp-caption aligncenter\"><a href=\"https:\/\/www.amuz.krakow.pl\/wp-content\/uploads\/2025\/10\/S.p.-Elzbieta-Penderecka-scaled.jpg\" target=\"_blank\" rel=\"noopener\"><img loading=\"lazy\" decoding=\"async\" class=\"wp-image-109713\" src=\"https:\/\/www.amuz.krakow.pl\/wp-content\/uploads\/2025\/10\/S.p.-Elzbieta-Penderecka-scaled.jpg\" alt=\"\" width=\"500\" height=\"500\" srcset=\"https:\/\/www.amuz.krakow.pl\/wp-content\/uploads\/2025\/10\/S.p.-Elzbieta-Penderecka-scaled.jpg 2048w, https:\/\/www.amuz.krakow.pl\/wp-content\/uploads\/2025\/10\/S.p.-Elzbieta-Penderecka-300x300.jpg 300w, https:\/\/www.amuz.krakow.pl\/wp-content\/uploads\/2025\/10\/S.p.-Elzbieta-Penderecka-150x150.jpg 150w, https:\/\/www.amuz.krakow.pl\/wp-content\/uploads\/2025\/10\/S.p.-Elzbieta-Penderecka-768x768.jpg 768w, https:\/\/www.amuz.krakow.pl\/wp-content\/uploads\/2025\/10\/S.p.-Elzbieta-Penderecka-1536x1536.jpg 1536w\" sizes=\"auto, (max-width: 500px) 100vw, 500px\" \/><\/a><figcaption id=\"caption-attachment-109713\" class=\"wp-caption-text\">photo by Piotr Kucia<\/figcaption><\/figure><\/p>\n<p>With great pain, we received the information that Ms. El\u017cbieta Penderecka passed away.<\/p>\n<p>The promoter of Polish culture, the recipient of the Officer\u2019s Cross of the Order of Polonia Restituta and many distinctions, the Friend of the Krzysztof Penderecki Academy of Music in Krak\u00f3w.<\/p>\n<p>The entire AMKP community is deeply moved and grieved. We extend our deepest sympathy to her family and loved ones.<\/p>\n<p>&nbsp;<\/p>\n<p><a href=\"https:\/\/www.amuz.krakow.pl\/en\/ostatnie-pozegnanie-sp-elzbiety-pendereckiej\/\">INFORMATION ON FUNERAL CELEBRATIONS<\/a><\/p>","protected":false},"excerpt":{"rendered":"<p>With great pain, we received the information that Ms. El\u017cbieta Penderecka passed away. The promoter of Polish culture, the recipient of the Officer\u2019s Cross of the Order of Polonia Restituta&hellip; <a href=\"https:\/\/www.amuz.krakow.pl\/en\/odeszla-sp-elzbieta-penderecka\/\">Continue reading<\/a><\/p>\n","protected":false},"author":72,"featured_media":109715,"parent":0,"menu_order":0,"comment_status":"closed","ping_status":"closed","template":"","meta":{"footnotes":"","_links_to":"","_links_to_target":""},"class_list":["post-109711","page","type-page","status-publish","has-post-thumbnail","hentry"],"yoast_head":"<!-- This site is optimized with the Yoast SEO plugin v27.2 - https:\/\/yoast.com\/product\/yoast-seo-wordpress\/ -->\n<title>AMKP - Akademia Muzyczna im. Krzysztofa Pendereckiego w Krakowie<\/title>\n<meta name=\"robots\" content=\"index, follow, max-snippet:-1, max-image-preview:large, max-video-preview:-1\" \/>\n<link rel=\"canonical\" href=\"https:\/\/www.amuz.krakow.pl\/odeszla-sp-elzbieta-penderecka\/\" \/>\n<meta property=\"og:locale\" content=\"en_US\" \/>\n<meta property=\"og:type\" content=\"article\" \/>\n<meta property=\"og:title\" content=\"AMKP - Akademia Muzyczna im. Krzysztofa Pendereckiego w Krakowie\" \/>\n<meta property=\"og:description\" content=\"With great pain, we received the information that Ms. El\u017cbieta Penderecka passed away. The promoter of Polish culture, the recipient of the Officer\u2019s Cross of the Order of Polonia Restituta&hellip; Continue reading\" \/>\n<meta property=\"og:url\" content=\"https:\/\/www.amuz.krakow.pl\/odeszla-sp-elzbieta-penderecka\/\" \/>\n<meta property=\"og:site_name\" content=\"Akademia Muzyczna im. Krzysztofa Pendereckiego w Krakowie\" \/>\n<meta property=\"article:publisher\" content=\"https:\/\/www.facebook.com\/amuz.krakow\" \/>\n<meta property=\"article:modified_time\" content=\"2025-11-06T10:29:24+00:00\" \/>\n<meta property=\"og:image\" content=\"https:\/\/www.amuz.krakow.pl\/wp-content\/uploads\/2025\/10\/zaduszki-2025-13-scaled.jpg\" \/>\n\t<meta property=\"og:image:width\" content=\"2048\" \/>\n\t<meta property=\"og:image:height\" content=\"1152\" \/>\n\t<meta property=\"og:image:type\" content=\"image\/jpeg\" \/>\n<meta name=\"twitter:card\" content=\"summary_large_image\" \/>\n<meta name=\"twitter:label1\" content=\"Est. reading time\" \/>\n\t<meta name=\"twitter:data1\" content=\"1 minute\" \/>\n<script type=\"application\/ld+json\" class=\"yoast-schema-graph\">{\"@context\":\"https:\/\/schema.org\",\"@graph\":[{\"@type\":\"WebPage\",\"@id\":\"https:\/\/www.amuz.krakow.pl\/odeszla-sp-elzbieta-penderecka\/\",\"url\":\"https:\/\/www.amuz.krakow.pl\/odeszla-sp-elzbieta-penderecka\/\",\"name\":\"AMKP - Akademia Muzyczna im. Krzysztofa Pendereckiego w Krakowie\",\"isPartOf\":{\"@id\":\"https:\/\/www.amuz.krakow.pl\/#website\"},\"primaryImageOfPage\":{\"@id\":\"https:\/\/www.amuz.krakow.pl\/odeszla-sp-elzbieta-penderecka\/#primaryimage\"},\"image\":{\"@id\":\"https:\/\/www.amuz.krakow.pl\/odeszla-sp-elzbieta-penderecka\/#primaryimage\"},\"thumbnailUrl\":\"https:\/\/www.amuz.krakow.pl\/wp-content\/uploads\/2025\/10\/zaduszki-2025-13-scaled.jpg\",\"datePublished\":\"2025-10-31T19:40:26+00:00\",\"dateModified\":\"2025-11-06T10:29:24+00:00\",\"breadcrumb\":{\"@id\":\"https:\/\/www.amuz.krakow.pl\/odeszla-sp-elzbieta-penderecka\/#breadcrumb\"},\"inLanguage\":\"en-US\",\"potentialAction\":[{\"@type\":\"ReadAction\",\"target\":[\"https:\/\/www.amuz.krakow.pl\/odeszla-sp-elzbieta-penderecka\/\"]}]},{\"@type\":\"ImageObject\",\"inLanguage\":\"en-US\",\"@id\":\"https:\/\/www.amuz.krakow.pl\/odeszla-sp-elzbieta-penderecka\/#primaryimage\",\"url\":\"https:\/\/www.amuz.krakow.pl\/wp-content\/uploads\/2025\/10\/zaduszki-2025-13-scaled.jpg\",\"contentUrl\":\"https:\/\/www.amuz.krakow.pl\/wp-content\/uploads\/2025\/10\/zaduszki-2025-13-scaled.jpg\",\"width\":2048,\"height\":1152},{\"@type\":\"BreadcrumbList\",\"@id\":\"https:\/\/www.amuz.krakow.pl\/odeszla-sp-elzbieta-penderecka\/#breadcrumb\",\"itemListElement\":[{\"@type\":\"ListItem\",\"position\":1,\"name\":\"Strona g\u0142\u00f3wna\",\"item\":\"https:\/\/www.amuz.krakow.pl\/\"},{\"@type\":\"ListItem\",\"position\":2,\"name\":\"Odesz\u0142a \u015bp. El\u017cbieta Penderecka\"}]},{\"@type\":\"WebSite\",\"@id\":\"https:\/\/www.amuz.krakow.pl\/#website\",\"url\":\"https:\/\/www.amuz.krakow.pl\/\",\"name\":\"Akademia Muzyczna im. Krzysztofa Pendereckiego w Krakowie\",\"description\":\"Oficjalna strona Akademii Muzycznej im. Krzysztofa Pendereckiego w Krakowie (AMKP).\",\"publisher\":{\"@id\":\"https:\/\/www.amuz.krakow.pl\/#organization\"},\"alternateName\":\"AMKP\",\"potentialAction\":[{\"@type\":\"SearchAction\",\"target\":{\"@type\":\"EntryPoint\",\"urlTemplate\":\"https:\/\/www.amuz.krakow.pl\/?s={search_term_string}\"},\"query-input\":{\"@type\":\"PropertyValueSpecification\",\"valueRequired\":true,\"valueName\":\"search_term_string\"}}],\"inLanguage\":\"en-US\"},{\"@type\":\"Organization\",\"@id\":\"https:\/\/www.amuz.krakow.pl\/#organization\",\"name\":\"Akademia Muzyczna im. Krzysztofa Pendereckiego w Krakowie\",\"alternateName\":\"AMKP\",\"url\":\"https:\/\/www.amuz.krakow.pl\/\",\"logo\":{\"@type\":\"ImageObject\",\"inLanguage\":\"en-US\",\"@id\":\"https:\/\/www.amuz.krakow.pl\/#\/schema\/logo\/image\/\",\"url\":\"https:\/\/www.amuz.krakow.pl\/wp-content\/uploads\/2021\/11\/amkp.jpg\",\"contentUrl\":\"https:\/\/www.amuz.krakow.pl\/wp-content\/uploads\/2021\/11\/amkp.jpg\",\"width\":1193,\"height\":591,\"caption\":\"Akademia Muzyczna im. Krzysztofa Pendereckiego w Krakowie\"},\"image\":{\"@id\":\"https:\/\/www.amuz.krakow.pl\/#\/schema\/logo\/image\/\"},\"sameAs\":[\"https:\/\/www.facebook.com\/amuz.krakow\",\"https:\/\/www.instagram.com\/amkpenderecki\/\",\"https:\/\/www.youtube.com\/@amkpenderecki4806\"]}]}<\/script>\n<!-- \/ Yoast SEO plugin. -->","yoast_head_json":{"title":"AMKP - Akademia Muzyczna im. Krzysztofa Pendereckiego w Krakowie","robots":{"index":"index","follow":"follow","max-snippet":"max-snippet:-1","max-image-preview":"max-image-preview:large","max-video-preview":"max-video-preview:-1"},"canonical":"https:\/\/www.amuz.krakow.pl\/odeszla-sp-elzbieta-penderecka\/","og_locale":"en_US","og_type":"article","og_title":"AMKP - Akademia Muzyczna im. Krzysztofa Pendereckiego w Krakowie","og_description":"With great pain, we received the information that Ms. El\u017cbieta Penderecka passed away. The promoter of Polish culture, the recipient of the Officer\u2019s Cross of the Order of Polonia Restituta&hellip; Continue reading","og_url":"https:\/\/www.amuz.krakow.pl\/odeszla-sp-elzbieta-penderecka\/","og_site_name":"Akademia Muzyczna im. Krzysztofa Pendereckiego w Krakowie","article_publisher":"https:\/\/www.facebook.com\/amuz.krakow","article_modified_time":"2025-11-06T10:29:24+00:00","og_image":[{"width":2048,"height":1152,"url":"https:\/\/www.amuz.krakow.pl\/wp-content\/uploads\/2025\/10\/zaduszki-2025-13-scaled.jpg","type":"image\/jpeg"}],"twitter_card":"summary_large_image","twitter_misc":{"Est. reading time":"1 minute"},"schema":{"@context":"https:\/\/schema.org","@graph":[{"@type":"WebPage","@id":"https:\/\/www.amuz.krakow.pl\/odeszla-sp-elzbieta-penderecka\/","url":"https:\/\/www.amuz.krakow.pl\/odeszla-sp-elzbieta-penderecka\/","name":"AMKP - Akademia Muzyczna im. Krzysztofa Pendereckiego w Krakowie","isPartOf":{"@id":"https:\/\/www.amuz.krakow.pl\/#website"},"primaryImageOfPage":{"@id":"https:\/\/www.amuz.krakow.pl\/odeszla-sp-elzbieta-penderecka\/#primaryimage"},"image":{"@id":"https:\/\/www.amuz.krakow.pl\/odeszla-sp-elzbieta-penderecka\/#primaryimage"},"thumbnailUrl":"https:\/\/www.amuz.krakow.pl\/wp-content\/uploads\/2025\/10\/zaduszki-2025-13-scaled.jpg","datePublished":"2025-10-31T19:40:26+00:00","dateModified":"2025-11-06T10:29:24+00:00","breadcrumb":{"@id":"https:\/\/www.amuz.krakow.pl\/odeszla-sp-elzbieta-penderecka\/#breadcrumb"},"inLanguage":"en-US","potentialAction":[{"@type":"ReadAction","target":["https:\/\/www.amuz.krakow.pl\/odeszla-sp-elzbieta-penderecka\/"]}]},{"@type":"ImageObject","inLanguage":"en-US","@id":"https:\/\/www.amuz.krakow.pl\/odeszla-sp-elzbieta-penderecka\/#primaryimage","url":"https:\/\/www.amuz.krakow.pl\/wp-content\/uploads\/2025\/10\/zaduszki-2025-13-scaled.jpg","contentUrl":"https:\/\/www.amuz.krakow.pl\/wp-content\/uploads\/2025\/10\/zaduszki-2025-13-scaled.jpg","width":2048,"height":1152},{"@type":"BreadcrumbList","@id":"https:\/\/www.amuz.krakow.pl\/odeszla-sp-elzbieta-penderecka\/#breadcrumb","itemListElement":[{"@type":"ListItem","position":1,"name":"Strona g\u0142\u00f3wna","item":"https:\/\/www.amuz.krakow.pl\/"},{"@type":"ListItem","position":2,"name":"Odesz\u0142a \u015bp. El\u017cbieta Penderecka"}]},{"@type":"WebSite","@id":"https:\/\/www.amuz.krakow.pl\/#website","url":"https:\/\/www.amuz.krakow.pl\/","name":"Akademia Muzyczna im. Krzysztofa Pendereckiego w Krakowie","description":"Oficjalna strona Akademii Muzycznej im. Krzysztofa Pendereckiego w Krakowie (AMKP).","publisher":{"@id":"https:\/\/www.amuz.krakow.pl\/#organization"},"alternateName":"AMKP","potentialAction":[{"@type":"SearchAction","target":{"@type":"EntryPoint","urlTemplate":"https:\/\/www.amuz.krakow.pl\/?s={search_term_string}"},"query-input":{"@type":"PropertyValueSpecification","valueRequired":true,"valueName":"search_term_string"}}],"inLanguage":"en-US"},{"@type":"Organization","@id":"https:\/\/www.amuz.krakow.pl\/#organization","name":"Akademia Muzyczna im. Krzysztofa Pendereckiego w Krakowie","alternateName":"AMKP","url":"https:\/\/www.amuz.krakow.pl\/","logo":{"@type":"ImageObject","inLanguage":"en-US","@id":"https:\/\/www.amuz.krakow.pl\/#\/schema\/logo\/image\/","url":"https:\/\/www.amuz.krakow.pl\/wp-content\/uploads\/2021\/11\/amkp.jpg","contentUrl":"https:\/\/www.amuz.krakow.pl\/wp-content\/uploads\/2021\/11\/amkp.jpg","width":1193,"height":591,"caption":"Akademia Muzyczna im. Krzysztofa Pendereckiego w Krakowie"},"image":{"@id":"https:\/\/www.amuz.krakow.pl\/#\/schema\/logo\/image\/"},"sameAs":["https:\/\/www.facebook.com\/amuz.krakow","https:\/\/www.instagram.com\/amkpenderecki\/","https:\/\/www.youtube.com\/@amkpenderecki4806"]}]}},"_links":{"self":[{"href":"https:\/\/www.amuz.krakow.pl\/en\/wp-json\/wp\/v2\/pages\/109711","targetHints":{"allow":["GET"]}}],"collection":[{"href":"https:\/\/www.amuz.krakow.pl\/en\/wp-json\/wp\/v2\/pages"}],"about":[{"href":"https:\/\/www.amuz.krakow.pl\/en\/wp-json\/wp\/v2\/types\/page"}],"author":[{"embeddable":true,"href":"https:\/\/www.amuz.krakow.pl\/en\/wp-json\/wp\/v2\/users\/72"}],"replies":[{"embeddable":true,"href":"https:\/\/www.amuz.krakow.pl\/en\/wp-json\/wp\/v2\/comments?post=109711"}],"version-history":[{"count":5,"href":"https:\/\/www.amuz.krakow.pl\/en\/wp-json\/wp\/v2\/pages\/109711\/revisions"}],"predecessor-version":[{"id":110069,"href":"https:\/\/www.amuz.krakow.pl\/en\/wp-json\/wp\/v2\/pages\/109711\/revisions\/110069"}],"wp:featuredmedia":[{"embeddable":true,"href":"https:\/\/www.amuz.krakow.pl\/en\/wp-json\/wp\/v2\/media\/109715"}],"wp:attachment":[{"href":"https:\/\/www.amuz.krakow.pl\/en\/wp-json\/wp\/v2\/media?parent=109711"}],"curies":[{"name":"wp","href":"https:\/\/api.w.org\/{rel}","templated":true}]}}