{"id":108833,"date":"2025-10-21T13:07:21","date_gmt":"2025-10-21T11:07:21","guid":{"rendered":"https:\/\/www.amuz.krakow.pl\/?page_id=108833"},"modified":"2025-10-21T13:20:28","modified_gmt":"2025-10-21T11:20:28","slug":"laureaci","status":"publish","type":"page","link":"https:\/\/www.amuz.krakow.pl\/en\/konkursy\/konkursy-interpretacji-muzyki\/miedzynarodowy-konkurs-duetow-fortepianowych\/2024-2\/laureaci\/","title":{"rendered":"Laureates"},"content":{"rendered":"<p><\/p>\n<p style=\"text-align: center;\"><strong>Results of the 2nd International Piano Duo Competition &#8220;DUETTISSIMO&#8221;<\/strong><\/p>\n<h6 style=\"text-align: center;\">Category I:<\/h6>\n<p style=\"text-align: center;\">I prize<br \/>\n<strong>Tomasz Azczepankiewicz, Adrian Sarkowicz<\/strong><\/p>\n<p style=\"text-align: center;\">II prize<br \/>\n<strong>Malwina Paku\u0142a, Mi\u0142osz Ko\u015blak<\/strong><\/p>\n<p style=\"text-align: center;\">III prize<br \/>\n<strong>Ulkar Alizade, Ruya Aydin<\/strong><\/p>\n<p style=\"text-align: center;\">Special Prize for the best performance of a Mozart&#8217;s sonata<br \/>\n<strong>Tomasz Szczepankiewicz, Adrian Sarkowicz<\/strong><\/p>\n<p style=\"text-align: center;\">Special Prize for the best performance of a Polish composer&#8217;s work<br \/>\n<strong>Magdalena Trojanowska, Wiktoria Latos<\/strong><\/p>\n<p>&nbsp;<\/p>\n<h6 style=\"text-align: center;\">Category II:<\/h6>\n<p style=\"text-align: center;\">I prize<br \/>\n<strong>Nao Kanemura, Joshiaki Sato<\/strong><\/p>\n<p style=\"text-align: center;\">II prize<br \/>\n<strong>Nana Shibata, Masahiro Sato<\/strong><\/p>\n<p style=\"text-align: center;\">III prize<br \/>\n<strong>Agnieszka Zahaczewska-Ksi\u0105\u017cek, Krzysztof Ksi\u0105\u017cek<\/strong><\/p>\n<p style=\"text-align: center;\">Honourable mention<br \/>\n<strong>Kotone Yokoyama, Kanon Yokoyama<\/strong><\/p>\n<p style=\"text-align: center;\">Special Prize for the best performance of a Mozart&#8217;s sonata<br \/>\n<strong>Aleksandra Pazdyga-Chojnacka, Micha\u0142 Chojnacki<\/strong><\/p>\n<p style=\"text-align: center;\">Special Prize for the best performance of a Polish composer&#8217;s work<br \/>\n<strong>Agnieszka Zahaczewska-Ksi\u0105\u017cek, Krzysztof Ksi\u0105\u017cek<\/strong><\/p>\n<p>&nbsp;<\/p>\n<hr \/>\n<div class=\"wp-block-columns\">\n<div class=\"wp-block-column\">\n<p class=\"has-text-align-center\"><strong><em><em id=\"MKiDN\"><img loading=\"lazy\" decoding=\"async\" class=\"wp-image-68717 aligncenter\" src=\"https:\/\/www.amuz.krakow.pl\/wp-content\/uploads\/2022\/11\/01_znak_podstawowy_kolor_biale_tlo.png\" sizes=\"auto, (max-width: 250px) 100vw, 250px\" srcset=\"https:\/\/www.amuz.krakow.pl\/wp-content\/uploads\/2022\/11\/01_znak_podstawowy_kolor_biale_tlo.png 1536w, https:\/\/www.amuz.krakow.pl\/wp-content\/uploads\/2022\/11\/01_znak_podstawowy_kolor_biale_tlo-300x84.png 300w, https:\/\/www.amuz.krakow.pl\/wp-content\/uploads\/2022\/11\/01_znak_podstawowy_kolor_biale_tlo-768x216.png 768w\" alt=\"\" width=\"250\" height=\"70\" \/><\/em><\/em><\/strong><\/p>\n<\/div>\n<div class=\"wp-block-column\">\n<p class=\"has-text-align-left\">Co-financed by the Polish Ministry of Culture and National Heritage from the Culture Promotion Fund \u2013 national special purpose fund.<\/p>\n<\/div>\n<\/div>\n<p><\/p>","protected":false},"excerpt":{"rendered":"<p>Results of the 2nd International Piano Duo Competition &#8220;DUETTISSIMO&#8221; Category I: I prize Tomasz Azczepankiewicz, Adrian Sarkowicz II prize Malwina Paku\u0142a, Mi\u0142osz Ko\u015blak III prize Ulkar Alizade, Ruya Aydin Special&hellip; <a href=\"https:\/\/www.amuz.krakow.pl\/en\/konkursy\/konkursy-interpretacji-muzyki\/miedzynarodowy-konkurs-duetow-fortepianowych\/2024-2\/laureaci\/\">Continue reading<\/a><\/p>\n","protected":false},"author":72,"featured_media":83928,"parent":77385,"menu_order":-1,"comment_status":"closed","ping_status":"closed","template":"","meta":{"footnotes":"","_links_to":"","_links_to_target":""},"class_list":["post-108833","page","type-page","status-publish","has-post-thumbnail","hentry"],"yoast_head":"<!-- This site is optimized with the Yoast SEO plugin v27.2 - https:\/\/yoast.com\/product\/yoast-seo-wordpress\/ -->\n<title>AMKP - Akademia Muzyczna im. Krzysztofa Pendereckiego w Krakowie<\/title>\n<meta name=\"robots\" content=\"index, follow, max-snippet:-1, max-image-preview:large, max-video-preview:-1\" \/>\n<link rel=\"canonical\" href=\"https:\/\/www.amuz.krakow.pl\/konkursy\/konkursy-interpretacji-muzyki\/miedzynarodowy-konkurs-duetow-fortepianowych\/2024-2\/laureaci\/\" \/>\n<meta property=\"og:locale\" content=\"en_US\" \/>\n<meta property=\"og:type\" content=\"article\" \/>\n<meta property=\"og:title\" content=\"AMKP - Akademia Muzyczna im. Krzysztofa Pendereckiego w Krakowie\" \/>\n<meta property=\"og:description\" content=\"Results of the 2nd International Piano Duo Competition &#8220;DUETTISSIMO&#8221; Category I: I prize Tomasz Azczepankiewicz, Adrian Sarkowicz II prize Malwina Paku\u0142a, Mi\u0142osz Ko\u015blak III prize Ulkar Alizade, Ruya Aydin Special&hellip; Continue reading\" \/>\n<meta property=\"og:url\" content=\"https:\/\/www.amuz.krakow.pl\/konkursy\/konkursy-interpretacji-muzyki\/miedzynarodowy-konkurs-duetow-fortepianowych\/2024-2\/laureaci\/\" \/>\n<meta property=\"og:site_name\" content=\"Akademia Muzyczna im. Krzysztofa Pendereckiego w Krakowie\" \/>\n<meta property=\"article:publisher\" content=\"https:\/\/www.facebook.com\/amuz.krakow\" \/>\n<meta property=\"article:modified_time\" content=\"2025-10-21T11:20:28+00:00\" \/>\n<meta property=\"og:image\" content=\"https:\/\/www.amuz.krakow.pl\/wp-content\/uploads\/2023\/12\/duettisimo-grafiki-KAFEL-1.png\" \/>\n\t<meta property=\"og:image:width\" content=\"2160\" \/>\n\t<meta property=\"og:image:height\" content=\"1080\" \/>\n\t<meta property=\"og:image:type\" content=\"image\/png\" \/>\n<meta name=\"twitter:card\" content=\"summary_large_image\" \/>\n<meta name=\"twitter:label1\" content=\"Est. reading time\" \/>\n\t<meta name=\"twitter:data1\" content=\"2 minutes\" \/>\n<script type=\"application\/ld+json\" class=\"yoast-schema-graph\">{\"@context\":\"https:\/\/schema.org\",\"@graph\":[{\"@type\":\"WebPage\",\"@id\":\"https:\/\/www.amuz.krakow.pl\/konkursy\/konkursy-interpretacji-muzyki\/miedzynarodowy-konkurs-duetow-fortepianowych\/2024-2\/laureaci\/\",\"url\":\"https:\/\/www.amuz.krakow.pl\/konkursy\/konkursy-interpretacji-muzyki\/miedzynarodowy-konkurs-duetow-fortepianowych\/2024-2\/laureaci\/\",\"name\":\"AMKP - Akademia Muzyczna im. Krzysztofa Pendereckiego w Krakowie\",\"isPartOf\":{\"@id\":\"https:\/\/www.amuz.krakow.pl\/#website\"},\"primaryImageOfPage\":{\"@id\":\"https:\/\/www.amuz.krakow.pl\/konkursy\/konkursy-interpretacji-muzyki\/miedzynarodowy-konkurs-duetow-fortepianowych\/2024-2\/laureaci\/#primaryimage\"},\"image\":{\"@id\":\"https:\/\/www.amuz.krakow.pl\/konkursy\/konkursy-interpretacji-muzyki\/miedzynarodowy-konkurs-duetow-fortepianowych\/2024-2\/laureaci\/#primaryimage\"},\"thumbnailUrl\":\"https:\/\/www.amuz.krakow.pl\/wp-content\/uploads\/2023\/12\/duettisimo-grafiki-KAFEL-1.png\",\"datePublished\":\"2025-10-21T11:07:21+00:00\",\"dateModified\":\"2025-10-21T11:20:28+00:00\",\"breadcrumb\":{\"@id\":\"https:\/\/www.amuz.krakow.pl\/konkursy\/konkursy-interpretacji-muzyki\/miedzynarodowy-konkurs-duetow-fortepianowych\/2024-2\/laureaci\/#breadcrumb\"},\"inLanguage\":\"en-US\",\"potentialAction\":[{\"@type\":\"ReadAction\",\"target\":[\"https:\/\/www.amuz.krakow.pl\/konkursy\/konkursy-interpretacji-muzyki\/miedzynarodowy-konkurs-duetow-fortepianowych\/2024-2\/laureaci\/\"]}]},{\"@type\":\"ImageObject\",\"inLanguage\":\"en-US\",\"@id\":\"https:\/\/www.amuz.krakow.pl\/konkursy\/konkursy-interpretacji-muzyki\/miedzynarodowy-konkurs-duetow-fortepianowych\/2024-2\/laureaci\/#primaryimage\",\"url\":\"https:\/\/www.amuz.krakow.pl\/wp-content\/uploads\/2023\/12\/duettisimo-grafiki-KAFEL-1.png\",\"contentUrl\":\"https:\/\/www.amuz.krakow.pl\/wp-content\/uploads\/2023\/12\/duettisimo-grafiki-KAFEL-1.png\",\"width\":2160,\"height\":1080},{\"@type\":\"BreadcrumbList\",\"@id\":\"https:\/\/www.amuz.krakow.pl\/konkursy\/konkursy-interpretacji-muzyki\/miedzynarodowy-konkurs-duetow-fortepianowych\/2024-2\/laureaci\/#breadcrumb\",\"itemListElement\":[{\"@type\":\"ListItem\",\"position\":1,\"name\":\"Strona g\u0142\u00f3wna\",\"item\":\"https:\/\/www.amuz.krakow.pl\/\"},{\"@type\":\"ListItem\",\"position\":2,\"name\":\"Konkursy\",\"item\":\"https:\/\/www.amuz.krakow.pl\/konkursy\/\"},{\"@type\":\"ListItem\",\"position\":3,\"name\":\"Konkursy interpretacji muzyki\",\"item\":\"https:\/\/www.amuz.krakow.pl\/konkursy\/konkursy-interpretacji-muzyki\/\"},{\"@type\":\"ListItem\",\"position\":4,\"name\":\"Mi\u0119dzynarodowy Konkurs Duet\u00f3w Fortepianowych &#8220;Duettissimo&#8221;\",\"item\":\"https:\/\/www.amuz.krakow.pl\/konkursy\/konkursy-interpretacji-muzyki\/miedzynarodowy-konkurs-duetow-fortepianowych\/\"},{\"@type\":\"ListItem\",\"position\":5,\"name\":\"2024\",\"item\":\"https:\/\/www.amuz.krakow.pl\/konkursy\/konkursy-interpretacji-muzyki\/miedzynarodowy-konkurs-duetow-fortepianowych\/2024-2\/\"},{\"@type\":\"ListItem\",\"position\":6,\"name\":\"Laureaci\"}]},{\"@type\":\"WebSite\",\"@id\":\"https:\/\/www.amuz.krakow.pl\/#website\",\"url\":\"https:\/\/www.amuz.krakow.pl\/\",\"name\":\"Akademia Muzyczna im. Krzysztofa Pendereckiego w Krakowie\",\"description\":\"Oficjalna strona Akademii Muzycznej im. Krzysztofa Pendereckiego w Krakowie (AMKP).\",\"publisher\":{\"@id\":\"https:\/\/www.amuz.krakow.pl\/#organization\"},\"alternateName\":\"AMKP\",\"potentialAction\":[{\"@type\":\"SearchAction\",\"target\":{\"@type\":\"EntryPoint\",\"urlTemplate\":\"https:\/\/www.amuz.krakow.pl\/?s={search_term_string}\"},\"query-input\":{\"@type\":\"PropertyValueSpecification\",\"valueRequired\":true,\"valueName\":\"search_term_string\"}}],\"inLanguage\":\"en-US\"},{\"@type\":\"Organization\",\"@id\":\"https:\/\/www.amuz.krakow.pl\/#organization\",\"name\":\"Akademia Muzyczna im. Krzysztofa Pendereckiego w Krakowie\",\"alternateName\":\"AMKP\",\"url\":\"https:\/\/www.amuz.krakow.pl\/\",\"logo\":{\"@type\":\"ImageObject\",\"inLanguage\":\"en-US\",\"@id\":\"https:\/\/www.amuz.krakow.pl\/#\/schema\/logo\/image\/\",\"url\":\"https:\/\/www.amuz.krakow.pl\/wp-content\/uploads\/2021\/11\/amkp.jpg\",\"contentUrl\":\"https:\/\/www.amuz.krakow.pl\/wp-content\/uploads\/2021\/11\/amkp.jpg\",\"width\":1193,\"height\":591,\"caption\":\"Akademia Muzyczna im. Krzysztofa Pendereckiego w Krakowie\"},\"image\":{\"@id\":\"https:\/\/www.amuz.krakow.pl\/#\/schema\/logo\/image\/\"},\"sameAs\":[\"https:\/\/www.facebook.com\/amuz.krakow\",\"https:\/\/www.instagram.com\/amkpenderecki\/\",\"https:\/\/www.youtube.com\/@amkpenderecki4806\"]}]}<\/script>\n<!-- \/ Yoast SEO plugin. -->","yoast_head_json":{"title":"AMKP - Akademia Muzyczna im. Krzysztofa Pendereckiego w Krakowie","robots":{"index":"index","follow":"follow","max-snippet":"max-snippet:-1","max-image-preview":"max-image-preview:large","max-video-preview":"max-video-preview:-1"},"canonical":"https:\/\/www.amuz.krakow.pl\/konkursy\/konkursy-interpretacji-muzyki\/miedzynarodowy-konkurs-duetow-fortepianowych\/2024-2\/laureaci\/","og_locale":"en_US","og_type":"article","og_title":"AMKP - Akademia Muzyczna im. Krzysztofa Pendereckiego w Krakowie","og_description":"Results of the 2nd International Piano Duo Competition &#8220;DUETTISSIMO&#8221; Category I: I prize Tomasz Azczepankiewicz, Adrian Sarkowicz II prize Malwina Paku\u0142a, Mi\u0142osz Ko\u015blak III prize Ulkar Alizade, Ruya Aydin Special&hellip; Continue reading","og_url":"https:\/\/www.amuz.krakow.pl\/konkursy\/konkursy-interpretacji-muzyki\/miedzynarodowy-konkurs-duetow-fortepianowych\/2024-2\/laureaci\/","og_site_name":"Akademia Muzyczna im. Krzysztofa Pendereckiego w Krakowie","article_publisher":"https:\/\/www.facebook.com\/amuz.krakow","article_modified_time":"2025-10-21T11:20:28+00:00","og_image":[{"width":2160,"height":1080,"url":"https:\/\/www.amuz.krakow.pl\/wp-content\/uploads\/2023\/12\/duettisimo-grafiki-KAFEL-1.png","type":"image\/png"}],"twitter_card":"summary_large_image","twitter_misc":{"Est. reading time":"2 minutes"},"schema":{"@context":"https:\/\/schema.org","@graph":[{"@type":"WebPage","@id":"https:\/\/www.amuz.krakow.pl\/konkursy\/konkursy-interpretacji-muzyki\/miedzynarodowy-konkurs-duetow-fortepianowych\/2024-2\/laureaci\/","url":"https:\/\/www.amuz.krakow.pl\/konkursy\/konkursy-interpretacji-muzyki\/miedzynarodowy-konkurs-duetow-fortepianowych\/2024-2\/laureaci\/","name":"AMKP - Akademia Muzyczna im. Krzysztofa Pendereckiego w Krakowie","isPartOf":{"@id":"https:\/\/www.amuz.krakow.pl\/#website"},"primaryImageOfPage":{"@id":"https:\/\/www.amuz.krakow.pl\/konkursy\/konkursy-interpretacji-muzyki\/miedzynarodowy-konkurs-duetow-fortepianowych\/2024-2\/laureaci\/#primaryimage"},"image":{"@id":"https:\/\/www.amuz.krakow.pl\/konkursy\/konkursy-interpretacji-muzyki\/miedzynarodowy-konkurs-duetow-fortepianowych\/2024-2\/laureaci\/#primaryimage"},"thumbnailUrl":"https:\/\/www.amuz.krakow.pl\/wp-content\/uploads\/2023\/12\/duettisimo-grafiki-KAFEL-1.png","datePublished":"2025-10-21T11:07:21+00:00","dateModified":"2025-10-21T11:20:28+00:00","breadcrumb":{"@id":"https:\/\/www.amuz.krakow.pl\/konkursy\/konkursy-interpretacji-muzyki\/miedzynarodowy-konkurs-duetow-fortepianowych\/2024-2\/laureaci\/#breadcrumb"},"inLanguage":"en-US","potentialAction":[{"@type":"ReadAction","target":["https:\/\/www.amuz.krakow.pl\/konkursy\/konkursy-interpretacji-muzyki\/miedzynarodowy-konkurs-duetow-fortepianowych\/2024-2\/laureaci\/"]}]},{"@type":"ImageObject","inLanguage":"en-US","@id":"https:\/\/www.amuz.krakow.pl\/konkursy\/konkursy-interpretacji-muzyki\/miedzynarodowy-konkurs-duetow-fortepianowych\/2024-2\/laureaci\/#primaryimage","url":"https:\/\/www.amuz.krakow.pl\/wp-content\/uploads\/2023\/12\/duettisimo-grafiki-KAFEL-1.png","contentUrl":"https:\/\/www.amuz.krakow.pl\/wp-content\/uploads\/2023\/12\/duettisimo-grafiki-KAFEL-1.png","width":2160,"height":1080},{"@type":"BreadcrumbList","@id":"https:\/\/www.amuz.krakow.pl\/konkursy\/konkursy-interpretacji-muzyki\/miedzynarodowy-konkurs-duetow-fortepianowych\/2024-2\/laureaci\/#breadcrumb","itemListElement":[{"@type":"ListItem","position":1,"name":"Strona g\u0142\u00f3wna","item":"https:\/\/www.amuz.krakow.pl\/"},{"@type":"ListItem","position":2,"name":"Konkursy","item":"https:\/\/www.amuz.krakow.pl\/konkursy\/"},{"@type":"ListItem","position":3,"name":"Konkursy interpretacji muzyki","item":"https:\/\/www.amuz.krakow.pl\/konkursy\/konkursy-interpretacji-muzyki\/"},{"@type":"ListItem","position":4,"name":"Mi\u0119dzynarodowy Konkurs Duet\u00f3w Fortepianowych &#8220;Duettissimo&#8221;","item":"https:\/\/www.amuz.krakow.pl\/konkursy\/konkursy-interpretacji-muzyki\/miedzynarodowy-konkurs-duetow-fortepianowych\/"},{"@type":"ListItem","position":5,"name":"2024","item":"https:\/\/www.amuz.krakow.pl\/konkursy\/konkursy-interpretacji-muzyki\/miedzynarodowy-konkurs-duetow-fortepianowych\/2024-2\/"},{"@type":"ListItem","position":6,"name":"Laureaci"}]},{"@type":"WebSite","@id":"https:\/\/www.amuz.krakow.pl\/#website","url":"https:\/\/www.amuz.krakow.pl\/","name":"Akademia Muzyczna im. Krzysztofa Pendereckiego w Krakowie","description":"Oficjalna strona Akademii Muzycznej im. Krzysztofa Pendereckiego w Krakowie (AMKP).","publisher":{"@id":"https:\/\/www.amuz.krakow.pl\/#organization"},"alternateName":"AMKP","potentialAction":[{"@type":"SearchAction","target":{"@type":"EntryPoint","urlTemplate":"https:\/\/www.amuz.krakow.pl\/?s={search_term_string}"},"query-input":{"@type":"PropertyValueSpecification","valueRequired":true,"valueName":"search_term_string"}}],"inLanguage":"en-US"},{"@type":"Organization","@id":"https:\/\/www.amuz.krakow.pl\/#organization","name":"Akademia Muzyczna im. Krzysztofa Pendereckiego w Krakowie","alternateName":"AMKP","url":"https:\/\/www.amuz.krakow.pl\/","logo":{"@type":"ImageObject","inLanguage":"en-US","@id":"https:\/\/www.amuz.krakow.pl\/#\/schema\/logo\/image\/","url":"https:\/\/www.amuz.krakow.pl\/wp-content\/uploads\/2021\/11\/amkp.jpg","contentUrl":"https:\/\/www.amuz.krakow.pl\/wp-content\/uploads\/2021\/11\/amkp.jpg","width":1193,"height":591,"caption":"Akademia Muzyczna im. Krzysztofa Pendereckiego w Krakowie"},"image":{"@id":"https:\/\/www.amuz.krakow.pl\/#\/schema\/logo\/image\/"},"sameAs":["https:\/\/www.facebook.com\/amuz.krakow","https:\/\/www.instagram.com\/amkpenderecki\/","https:\/\/www.youtube.com\/@amkpenderecki4806"]}]}},"_links":{"self":[{"href":"https:\/\/www.amuz.krakow.pl\/en\/wp-json\/wp\/v2\/pages\/108833","targetHints":{"allow":["GET"]}}],"collection":[{"href":"https:\/\/www.amuz.krakow.pl\/en\/wp-json\/wp\/v2\/pages"}],"about":[{"href":"https:\/\/www.amuz.krakow.pl\/en\/wp-json\/wp\/v2\/types\/page"}],"author":[{"embeddable":true,"href":"https:\/\/www.amuz.krakow.pl\/en\/wp-json\/wp\/v2\/users\/72"}],"replies":[{"embeddable":true,"href":"https:\/\/www.amuz.krakow.pl\/en\/wp-json\/wp\/v2\/comments?post=108833"}],"version-history":[{"count":2,"href":"https:\/\/www.amuz.krakow.pl\/en\/wp-json\/wp\/v2\/pages\/108833\/revisions"}],"predecessor-version":[{"id":108839,"href":"https:\/\/www.amuz.krakow.pl\/en\/wp-json\/wp\/v2\/pages\/108833\/revisions\/108839"}],"up":[{"embeddable":true,"href":"https:\/\/www.amuz.krakow.pl\/en\/wp-json\/wp\/v2\/pages\/77385"}],"wp:featuredmedia":[{"embeddable":true,"href":"https:\/\/www.amuz.krakow.pl\/en\/wp-json\/wp\/v2\/media\/83928"}],"wp:attachment":[{"href":"https:\/\/www.amuz.krakow.pl\/en\/wp-json\/wp\/v2\/media?parent=108833"}],"curies":[{"name":"wp","href":"https:\/\/api.w.org\/{rel}","templated":true}]}}