{"id":1084,"date":"2016-02-13T00:08:05","date_gmt":"2016-02-12T23:08:05","guid":{"rendered":"http:\/\/strony.amuz.krakow.pl\/?page_id=1084"},"modified":"2026-02-25T14:51:49","modified_gmt":"2026-02-25T13:51:49","slug":"prof-dr-hab-wojciech-widlak-2","status":"publish","type":"page","link":"https:\/\/www.amuz.krakow.pl\/en\/wydzialy\/wydzial-i-tworczosci-interpretacji-i-edukacji-muzycznej\/katedra-kompozycji\/pracownicy\/prof-dr-hab-wojciech-widlak-2\/","title":{"rendered":"prof. dr hab. Wojciech Wid\u0142ak &#8211; HEAD"},"content":{"rendered":"<p><figure id=\"attachment_35321\" aria-describedby=\"caption-attachment-35321\" style=\"width: 291px\" class=\"wp-caption alignleft\"><a href=\"https:\/\/www.amuz.krakow.pl\/wp-content\/uploads\/2020\/01\/Wojciech-Wid\u0142ak.png\"><img loading=\"lazy\" decoding=\"async\" class=\"wp-image-35321\" src=\"https:\/\/www.amuz.krakow.pl\/wp-content\/uploads\/2020\/01\/Wojciech-Wid\u0142ak-300x200.png\" alt=\"\" width=\"291\" height=\"195\" srcset=\"https:\/\/www.amuz.krakow.pl\/wp-content\/uploads\/2020\/01\/Wojciech-Wid\u0142ak-300x200.png 300w, https:\/\/www.amuz.krakow.pl\/wp-content\/uploads\/2020\/01\/Wojciech-Wid\u0142ak.png 2048w, https:\/\/www.amuz.krakow.pl\/wp-content\/uploads\/2020\/01\/Wojciech-Wid\u0142ak-768x512.png 768w, https:\/\/www.amuz.krakow.pl\/wp-content\/uploads\/2020\/01\/Wojciech-Wid\u0142ak-1536x1024.png 1536w\" sizes=\"auto, (max-width: 291px) 100vw, 291px\" \/><\/a><figcaption id=\"caption-attachment-35321\" class=\"wp-caption-text\">\u00a9 Polskie Wydawnictwo Muzyczne. Photo &#8211; Bartek Barczyk<\/figcaption><\/figure><\/p>\n<p style=\"text-align: justify;\">Wojciech Wid\u0142ak, composer, profesor and from 2020 until 2024 rector of The Krzysztof Penderecki Academy of Music in Krakow, native Cracovian, born 1971 in a family with multi-generational musical traditions. In the field of composition he was a student of Marek Stachowski (1990-96, Academy of Music in Krak\u00f3w) and Hans Abrahamsen (1999, Royal Danish Academy of Music in Copenhagen). He enhanced his skills as a composer under the direction of a.o. Franco Donatoni, Per N\u00f8rg\u00e5rd, Goce Kolarovski, Robert Saxton. The graduate of the organ class of Jan Jargon (1990-95).<\/p>\n<p style=\"text-align: justify;\">Laureate of several composition competitions,\u00a0incl. a prestigious recommendation of the 56<sup>th<\/sup>\u00a0International Rostrum of Composers UNESCO in Paris, 2006 (for &#8220;Earthsumption&#8221; for orchestra and organ). Author of dozens of works\u00a0performed till now in 16 European countries, Argentina, Azerbaijan, Georgia, Japan, South Korea, Turkey, USA, Mexico, recorded on a dozen of CDs in Poland and Italy, printed in Poland, France, Germany, commissioned by institutions, artists and ensembles of international renown (a.o.\u00a0The Warsaw Autumn Friends&#8217; Foundation and the Ernst von Siemens Musikstiftung M\u00fcnchen, Polish Institute of Music and Dance and\u00a0Polish Ministry of Culture and National Heritage, The National Museum in Cracow).<\/p>\n<p style=\"text-align: justify;\">In his early works\u00a0from the 90&#8217;s Wojciech Wid\u0142ak was using traditional, distinct harmony, expressive rhythm and obsessive repeatability. Since 2000 he has turned into more radical timbre, multilayered structure, game of musical idioms. Lately, he has been focusing on expression&#8217;s extremes, microtonality, perceptual time and his original conception of \u201eswivel harmony&#8221;. When reflecting on composition, he compares the process with the work of a sculptor. He finds inspiration in the visual sphere, in words and in the &#8220;images of the imagination&#8221;. He perceives the essence of his work as creating and expressing an individual world of sounds and experiences, discovering beauty and sharing it with a listener.<\/p>\n<p style=\"text-align: justify;\">In addition to composing orchestral, chamber, solo and choral music, an area of Wojciech Wid\u0142ak&#8217;s activity is church music. Since 1987 for almost 20 years he was active as church organ player in several catholic churches of Cracovian Archdiocese. 1998-2003 he was the first director of Diocesan School of Church Music in Bielsko-Bia\u0142a. He is author of religious works as well as utilitarian music for liturgical purposes (chants, arrangements, harmonizations). In 2000s for a few years he was member of Polish Church Music Association, active also in the Commission for Church Music of Cracovian Archdiocese.<\/p>\n<p style=\"text-align: justify;\">At the age of 41 Wojciech Wid\u0142ak received the title of Professor of Art from the President of Poland, having obtained before the first degree qualifications (PhD, 1999) and habilitation (Ass. Prof. degree, 2004). At the Academy of Music in Cracow\u00a0he has got a class of composition in which young composers from Poland and many other countries have studied (China, Brasil, Great Britain, Hungary, Lithuania, Norway, Slovakia, Syria, Turkey, Ukraine, USA). Among his students and graduates are: Katarzyna Szwed, Marcin P\u0105czkowski, R. Yigit \u00d6zatalay, Michal Pal&#8217;ko, Nadim Husni, Jaros\u0142aw P\u0142onka, Peter Javorka, Pawe\u0142 Malinowski, Pawe\u0142 Siek\u00a0<em>et al<\/em>. He has been a supervisor of several doctorates in music arts (harpsichordist Goska Isphording, composers: Henryk J. Botor, Jaros\u0142aw P\u0142onka, Micha\u0142 Gronowicz, Issidoros Papadakis, Josu\u00e8 W. Amador, Wassim Ibrahim). He has held guest-lectures and composition masterclasses in USA, Israel, Turkey, Italy, Lithuania, Slovakia and Hungary. Employed since 1995 at the Academy of Music in Kracow, first at Chair of Organ, and since 1996 \u2013 at Chair of Composition (from 2005 to 2020 and again from 2024 as its head). 2012-2020 Dean of the Faculty of Music Composition, Interpretation and Education. During his tenure this Faculty twice obtained the prestigious, distinctive scientific category A+ (in 2013 as the only music faculty in Poland, and also in 2017).<\/p>\n<p style=\"text-align: justify;\">Wojciech Wid\u0142ak is a member of the Polish Composers&#8217; Union.\u00a0He was a\u00a0member of jury panels in several composition competitions in Poland and Italy. The main publisher of Wid\u0142ak&#8217;s music\u00a0\u00a0is PWM Edition (Polskie Wydawnictwo Muzyczne).<\/p>\n<p style=\"text-align: justify;\"><a href=\"http:\/\/www.widlak.art.pl\/\">www.widlak.art.pl<\/a><\/p>\n<p><a href=\"mailto:wojciech.widlak@amuz.krakow.pl\">wojciech.widlak@amuz.krakow.pl<\/a><\/p>","protected":false},"excerpt":{"rendered":"<p>Wojciech Wid\u0142ak, composer, profesor and from 2020 until 2024 rector of The Krzysztof Penderecki Academy of Music in Krakow, native Cracovian, born 1971 in a family with multi-generational musical traditions.&hellip; <a href=\"https:\/\/www.amuz.krakow.pl\/en\/wydzialy\/wydzial-i-tworczosci-interpretacji-i-edukacji-muzycznej\/katedra-kompozycji\/pracownicy\/prof-dr-hab-wojciech-widlak-2\/\">Continue reading<\/a><\/p>\n","protected":false},"author":72,"featured_media":0,"parent":33605,"menu_order":0,"comment_status":"closed","ping_status":"closed","template":"","meta":{"footnotes":"","_links_to":"","_links_to_target":""},"class_list":["post-1084","page","type-page","status-publish","hentry"],"yoast_head":"<!-- This site is optimized with the Yoast SEO plugin v27.2 - https:\/\/yoast.com\/product\/yoast-seo-wordpress\/ -->\n<title>AMKP - Akademia Muzyczna im. Krzysztofa Pendereckiego w Krakowie<\/title>\n<meta name=\"robots\" content=\"index, follow, max-snippet:-1, max-image-preview:large, max-video-preview:-1\" \/>\n<link rel=\"canonical\" href=\"https:\/\/www.amuz.krakow.pl\/wydzialy\/wydzial-i-tworczosci-interpretacji-i-edukacji-muzycznej\/katedra-kompozycji\/pracownicy\/prof-dr-hab-wojciech-widlak-2\/\" \/>\n<meta property=\"og:locale\" content=\"en_US\" \/>\n<meta property=\"og:type\" content=\"article\" \/>\n<meta property=\"og:title\" content=\"AMKP - Akademia Muzyczna im. Krzysztofa Pendereckiego w Krakowie\" \/>\n<meta property=\"og:description\" content=\"Wojciech Wid\u0142ak, composer, profesor and from 2020 until 2024 rector of The Krzysztof Penderecki Academy of Music in Krakow, native Cracovian, born 1971 in a family with multi-generational musical traditions.&hellip; Continue reading\" \/>\n<meta property=\"og:url\" content=\"https:\/\/www.amuz.krakow.pl\/wydzialy\/wydzial-i-tworczosci-interpretacji-i-edukacji-muzycznej\/katedra-kompozycji\/pracownicy\/prof-dr-hab-wojciech-widlak-2\/\" \/>\n<meta property=\"og:site_name\" content=\"Akademia Muzyczna im. Krzysztofa Pendereckiego w Krakowie\" \/>\n<meta property=\"article:publisher\" content=\"https:\/\/www.facebook.com\/amuz.krakow\" \/>\n<meta property=\"article:modified_time\" content=\"2026-02-25T13:51:49+00:00\" \/>\n<meta property=\"og:image\" content=\"https:\/\/www.amuz.krakow.pl\/wp-content\/uploads\/2020\/01\/Wojciech-Wid\u0142ak-768x512.png\" \/>\n\t<meta property=\"og:image:width\" content=\"768\" \/>\n\t<meta property=\"og:image:height\" content=\"512\" \/>\n\t<meta property=\"og:image:type\" content=\"image\/png\" \/>\n<meta name=\"twitter:card\" content=\"summary_large_image\" \/>\n<meta name=\"twitter:label1\" content=\"Est. reading time\" \/>\n\t<meta name=\"twitter:data1\" content=\"5 minutes\" \/>\n<script type=\"application\/ld+json\" class=\"yoast-schema-graph\">{\"@context\":\"https:\/\/schema.org\",\"@graph\":[{\"@type\":\"WebPage\",\"@id\":\"https:\/\/www.amuz.krakow.pl\/wydzialy\/wydzial-i-tworczosci-interpretacji-i-edukacji-muzycznej\/katedra-kompozycji\/pracownicy\/prof-dr-hab-wojciech-widlak-2\/\",\"url\":\"https:\/\/www.amuz.krakow.pl\/wydzialy\/wydzial-i-tworczosci-interpretacji-i-edukacji-muzycznej\/katedra-kompozycji\/pracownicy\/prof-dr-hab-wojciech-widlak-2\/\",\"name\":\"AMKP - Akademia Muzyczna im. Krzysztofa Pendereckiego w Krakowie\",\"isPartOf\":{\"@id\":\"https:\/\/www.amuz.krakow.pl\/#website\"},\"datePublished\":\"2016-02-12T23:08:05+00:00\",\"dateModified\":\"2026-02-25T13:51:49+00:00\",\"breadcrumb\":{\"@id\":\"https:\/\/www.amuz.krakow.pl\/wydzialy\/wydzial-i-tworczosci-interpretacji-i-edukacji-muzycznej\/katedra-kompozycji\/pracownicy\/prof-dr-hab-wojciech-widlak-2\/#breadcrumb\"},\"inLanguage\":\"en-US\",\"potentialAction\":[{\"@type\":\"ReadAction\",\"target\":[\"https:\/\/www.amuz.krakow.pl\/wydzialy\/wydzial-i-tworczosci-interpretacji-i-edukacji-muzycznej\/katedra-kompozycji\/pracownicy\/prof-dr-hab-wojciech-widlak-2\/\"]}]},{\"@type\":\"BreadcrumbList\",\"@id\":\"https:\/\/www.amuz.krakow.pl\/wydzialy\/wydzial-i-tworczosci-interpretacji-i-edukacji-muzycznej\/katedra-kompozycji\/pracownicy\/prof-dr-hab-wojciech-widlak-2\/#breadcrumb\",\"itemListElement\":[{\"@type\":\"ListItem\",\"position\":1,\"name\":\"Strona g\u0142\u00f3wna\",\"item\":\"https:\/\/www.amuz.krakow.pl\/\"},{\"@type\":\"ListItem\",\"position\":2,\"name\":\"WYDZIA\u0141Y\",\"item\":\"https:\/\/www.amuz.krakow.pl\/wydzialy\/\"},{\"@type\":\"ListItem\",\"position\":3,\"name\":\"Wydzia\u0142 Tw\u00f3rczo\u015bci, Interpretacji i Edukacji Muzycznej\",\"item\":\"https:\/\/www.amuz.krakow.pl\/wydzialy\/wydzial-i-tworczosci-interpretacji-i-edukacji-muzycznej\/\"},{\"@type\":\"ListItem\",\"position\":4,\"name\":\"Katedra Kompozycji\",\"item\":\"https:\/\/www.amuz.krakow.pl\/wydzialy\/wydzial-i-tworczosci-interpretacji-i-edukacji-muzycznej\/katedra-kompozycji\/\"},{\"@type\":\"ListItem\",\"position\":5,\"name\":\"Pracownicy Katedry\",\"item\":\"https:\/\/www.amuz.krakow.pl\/wydzialy\/wydzial-i-tworczosci-interpretacji-i-edukacji-muzycznej\/katedra-kompozycji\/pracownicy\/\"},{\"@type\":\"ListItem\",\"position\":6,\"name\":\"prof. dr hab. Wojciech Wid\u0142ak &#8211; Kierownik Katedry\"}]},{\"@type\":\"WebSite\",\"@id\":\"https:\/\/www.amuz.krakow.pl\/#website\",\"url\":\"https:\/\/www.amuz.krakow.pl\/\",\"name\":\"Akademia Muzyczna im. Krzysztofa Pendereckiego w Krakowie\",\"description\":\"Oficjalna strona Akademii Muzycznej im. Krzysztofa Pendereckiego w Krakowie (AMKP).\",\"publisher\":{\"@id\":\"https:\/\/www.amuz.krakow.pl\/#organization\"},\"alternateName\":\"AMKP\",\"potentialAction\":[{\"@type\":\"SearchAction\",\"target\":{\"@type\":\"EntryPoint\",\"urlTemplate\":\"https:\/\/www.amuz.krakow.pl\/?s={search_term_string}\"},\"query-input\":{\"@type\":\"PropertyValueSpecification\",\"valueRequired\":true,\"valueName\":\"search_term_string\"}}],\"inLanguage\":\"en-US\"},{\"@type\":\"Organization\",\"@id\":\"https:\/\/www.amuz.krakow.pl\/#organization\",\"name\":\"Akademia Muzyczna im. Krzysztofa Pendereckiego w Krakowie\",\"alternateName\":\"AMKP\",\"url\":\"https:\/\/www.amuz.krakow.pl\/\",\"logo\":{\"@type\":\"ImageObject\",\"inLanguage\":\"en-US\",\"@id\":\"https:\/\/www.amuz.krakow.pl\/#\/schema\/logo\/image\/\",\"url\":\"https:\/\/www.amuz.krakow.pl\/wp-content\/uploads\/2021\/11\/amkp.jpg\",\"contentUrl\":\"https:\/\/www.amuz.krakow.pl\/wp-content\/uploads\/2021\/11\/amkp.jpg\",\"width\":1193,\"height\":591,\"caption\":\"Akademia Muzyczna im. Krzysztofa Pendereckiego w Krakowie\"},\"image\":{\"@id\":\"https:\/\/www.amuz.krakow.pl\/#\/schema\/logo\/image\/\"},\"sameAs\":[\"https:\/\/www.facebook.com\/amuz.krakow\",\"https:\/\/www.instagram.com\/amkpenderecki\/\",\"https:\/\/www.youtube.com\/@amkpenderecki4806\"]}]}<\/script>\n<!-- \/ Yoast SEO plugin. -->","yoast_head_json":{"title":"AMKP - Akademia Muzyczna im. Krzysztofa Pendereckiego w Krakowie","robots":{"index":"index","follow":"follow","max-snippet":"max-snippet:-1","max-image-preview":"max-image-preview:large","max-video-preview":"max-video-preview:-1"},"canonical":"https:\/\/www.amuz.krakow.pl\/wydzialy\/wydzial-i-tworczosci-interpretacji-i-edukacji-muzycznej\/katedra-kompozycji\/pracownicy\/prof-dr-hab-wojciech-widlak-2\/","og_locale":"en_US","og_type":"article","og_title":"AMKP - Akademia Muzyczna im. Krzysztofa Pendereckiego w Krakowie","og_description":"Wojciech Wid\u0142ak, composer, profesor and from 2020 until 2024 rector of The Krzysztof Penderecki Academy of Music in Krakow, native Cracovian, born 1971 in a family with multi-generational musical traditions.&hellip; Continue reading","og_url":"https:\/\/www.amuz.krakow.pl\/wydzialy\/wydzial-i-tworczosci-interpretacji-i-edukacji-muzycznej\/katedra-kompozycji\/pracownicy\/prof-dr-hab-wojciech-widlak-2\/","og_site_name":"Akademia Muzyczna im. Krzysztofa Pendereckiego w Krakowie","article_publisher":"https:\/\/www.facebook.com\/amuz.krakow","article_modified_time":"2026-02-25T13:51:49+00:00","og_image":[{"width":768,"height":512,"url":"https:\/\/www.amuz.krakow.pl\/wp-content\/uploads\/2020\/01\/Wojciech-Wid\u0142ak-768x512.png","type":"image\/png"}],"twitter_card":"summary_large_image","twitter_misc":{"Est. reading time":"5 minutes"},"schema":{"@context":"https:\/\/schema.org","@graph":[{"@type":"WebPage","@id":"https:\/\/www.amuz.krakow.pl\/wydzialy\/wydzial-i-tworczosci-interpretacji-i-edukacji-muzycznej\/katedra-kompozycji\/pracownicy\/prof-dr-hab-wojciech-widlak-2\/","url":"https:\/\/www.amuz.krakow.pl\/wydzialy\/wydzial-i-tworczosci-interpretacji-i-edukacji-muzycznej\/katedra-kompozycji\/pracownicy\/prof-dr-hab-wojciech-widlak-2\/","name":"AMKP - Akademia Muzyczna im. Krzysztofa Pendereckiego w Krakowie","isPartOf":{"@id":"https:\/\/www.amuz.krakow.pl\/#website"},"datePublished":"2016-02-12T23:08:05+00:00","dateModified":"2026-02-25T13:51:49+00:00","breadcrumb":{"@id":"https:\/\/www.amuz.krakow.pl\/wydzialy\/wydzial-i-tworczosci-interpretacji-i-edukacji-muzycznej\/katedra-kompozycji\/pracownicy\/prof-dr-hab-wojciech-widlak-2\/#breadcrumb"},"inLanguage":"en-US","potentialAction":[{"@type":"ReadAction","target":["https:\/\/www.amuz.krakow.pl\/wydzialy\/wydzial-i-tworczosci-interpretacji-i-edukacji-muzycznej\/katedra-kompozycji\/pracownicy\/prof-dr-hab-wojciech-widlak-2\/"]}]},{"@type":"BreadcrumbList","@id":"https:\/\/www.amuz.krakow.pl\/wydzialy\/wydzial-i-tworczosci-interpretacji-i-edukacji-muzycznej\/katedra-kompozycji\/pracownicy\/prof-dr-hab-wojciech-widlak-2\/#breadcrumb","itemListElement":[{"@type":"ListItem","position":1,"name":"Strona g\u0142\u00f3wna","item":"https:\/\/www.amuz.krakow.pl\/"},{"@type":"ListItem","position":2,"name":"WYDZIA\u0141Y","item":"https:\/\/www.amuz.krakow.pl\/wydzialy\/"},{"@type":"ListItem","position":3,"name":"Wydzia\u0142 Tw\u00f3rczo\u015bci, Interpretacji i Edukacji Muzycznej","item":"https:\/\/www.amuz.krakow.pl\/wydzialy\/wydzial-i-tworczosci-interpretacji-i-edukacji-muzycznej\/"},{"@type":"ListItem","position":4,"name":"Katedra Kompozycji","item":"https:\/\/www.amuz.krakow.pl\/wydzialy\/wydzial-i-tworczosci-interpretacji-i-edukacji-muzycznej\/katedra-kompozycji\/"},{"@type":"ListItem","position":5,"name":"Pracownicy Katedry","item":"https:\/\/www.amuz.krakow.pl\/wydzialy\/wydzial-i-tworczosci-interpretacji-i-edukacji-muzycznej\/katedra-kompozycji\/pracownicy\/"},{"@type":"ListItem","position":6,"name":"prof. dr hab. Wojciech Wid\u0142ak &#8211; Kierownik Katedry"}]},{"@type":"WebSite","@id":"https:\/\/www.amuz.krakow.pl\/#website","url":"https:\/\/www.amuz.krakow.pl\/","name":"Akademia Muzyczna im. Krzysztofa Pendereckiego w Krakowie","description":"Oficjalna strona Akademii Muzycznej im. Krzysztofa Pendereckiego w Krakowie (AMKP).","publisher":{"@id":"https:\/\/www.amuz.krakow.pl\/#organization"},"alternateName":"AMKP","potentialAction":[{"@type":"SearchAction","target":{"@type":"EntryPoint","urlTemplate":"https:\/\/www.amuz.krakow.pl\/?s={search_term_string}"},"query-input":{"@type":"PropertyValueSpecification","valueRequired":true,"valueName":"search_term_string"}}],"inLanguage":"en-US"},{"@type":"Organization","@id":"https:\/\/www.amuz.krakow.pl\/#organization","name":"Akademia Muzyczna im. Krzysztofa Pendereckiego w Krakowie","alternateName":"AMKP","url":"https:\/\/www.amuz.krakow.pl\/","logo":{"@type":"ImageObject","inLanguage":"en-US","@id":"https:\/\/www.amuz.krakow.pl\/#\/schema\/logo\/image\/","url":"https:\/\/www.amuz.krakow.pl\/wp-content\/uploads\/2021\/11\/amkp.jpg","contentUrl":"https:\/\/www.amuz.krakow.pl\/wp-content\/uploads\/2021\/11\/amkp.jpg","width":1193,"height":591,"caption":"Akademia Muzyczna im. Krzysztofa Pendereckiego w Krakowie"},"image":{"@id":"https:\/\/www.amuz.krakow.pl\/#\/schema\/logo\/image\/"},"sameAs":["https:\/\/www.facebook.com\/amuz.krakow","https:\/\/www.instagram.com\/amkpenderecki\/","https:\/\/www.youtube.com\/@amkpenderecki4806"]}]}},"_links":{"self":[{"href":"https:\/\/www.amuz.krakow.pl\/en\/wp-json\/wp\/v2\/pages\/1084","targetHints":{"allow":["GET"]}}],"collection":[{"href":"https:\/\/www.amuz.krakow.pl\/en\/wp-json\/wp\/v2\/pages"}],"about":[{"href":"https:\/\/www.amuz.krakow.pl\/en\/wp-json\/wp\/v2\/types\/page"}],"author":[{"embeddable":true,"href":"https:\/\/www.amuz.krakow.pl\/en\/wp-json\/wp\/v2\/users\/72"}],"replies":[{"embeddable":true,"href":"https:\/\/www.amuz.krakow.pl\/en\/wp-json\/wp\/v2\/comments?post=1084"}],"version-history":[{"count":21,"href":"https:\/\/www.amuz.krakow.pl\/en\/wp-json\/wp\/v2\/pages\/1084\/revisions"}],"predecessor-version":[{"id":115169,"href":"https:\/\/www.amuz.krakow.pl\/en\/wp-json\/wp\/v2\/pages\/1084\/revisions\/115169"}],"up":[{"embeddable":true,"href":"https:\/\/www.amuz.krakow.pl\/en\/wp-json\/wp\/v2\/pages\/33605"}],"wp:attachment":[{"href":"https:\/\/www.amuz.krakow.pl\/en\/wp-json\/wp\/v2\/media?parent=1084"}],"curies":[{"name":"wp","href":"https:\/\/api.w.org\/{rel}","templated":true}]}}