{"id":107575,"date":"2025-10-02T12:33:01","date_gmt":"2025-10-02T10:33:01","guid":{"rendered":"https:\/\/www.amuz.krakow.pl\/?page_id=107575"},"modified":"2025-10-24T10:20:41","modified_gmt":"2025-10-24T08:20:41","slug":"dr-hab-marcin-strzelecki","status":"publish","type":"page","link":"https:\/\/www.amuz.krakow.pl\/en\/nasze-sukcesy\/najnowsze\/dr-hab-marcin-strzelecki\/","title":{"rendered":"dr hab. Marcin Strzelecki"},"content":{"rendered":"<p class=\"qtranxs-available-languages-message qtranxs-available-languages-message-en\">Sorry, this entry is only available in <a href=\"https:\/\/www.amuz.krakow.pl\/pl\/wp-json\/wp\/v2\/pages\/107575\" class=\"qtranxs-available-language-link qtranxs-available-language-link-pl\" title=\"Polski\">Polski<\/a>.<\/p>","protected":false},"excerpt":{"rendered":"<p>Sorry, this entry is only available in Polski.<\/p>\n","protected":false},"author":72,"featured_media":91584,"parent":107587,"menu_order":-1,"comment_status":"closed","ping_status":"closed","template":"","meta":{"footnotes":"","_links_to":"","_links_to_target":""},"class_list":["post-107575","page","type-page","status-publish","has-post-thumbnail","hentry"],"yoast_head":"<!-- This site is optimized with the Yoast SEO plugin v27.2 - https:\/\/yoast.com\/product\/yoast-seo-wordpress\/ -->\n<title>Dr hab. Marcin Strzelecki - nominacja do Nagrody im. J. D\u0142ugosza<\/title>\n<meta name=\"description\" content=\"Ksi\u0105\u017cka dra hab. Marcina Strzeleckiego &quot;Niech si\u0119 stanie muzyka! O muzycznej generatywno\u015bci&quot; w\u015br\u00f3d nominowanych do Nagrody im. Jana D\u0142ugosza.\" \/>\n<meta name=\"robots\" content=\"index, follow, max-snippet:-1, max-image-preview:large, max-video-preview:-1\" \/>\n<link rel=\"canonical\" href=\"https:\/\/www.amuz.krakow.pl\/nasze-sukcesy\/najnowsze\/dr-hab-marcin-strzelecki\/\" \/>\n<meta property=\"og:locale\" content=\"en_US\" \/>\n<meta property=\"og:type\" content=\"article\" \/>\n<meta property=\"og:title\" content=\"Dr hab. Marcin Strzelecki - nominacja do Nagrody im. J. D\u0142ugosza\" \/>\n<meta property=\"og:description\" content=\"Ksi\u0105\u017cka dra hab. Marcina Strzeleckiego &quot;Niech si\u0119 stanie muzyka! O muzycznej generatywno\u015bci&quot; w\u015br\u00f3d nominowanych do Nagrody im. Jana D\u0142ugosza.\" \/>\n<meta property=\"og:url\" content=\"https:\/\/www.amuz.krakow.pl\/nasze-sukcesy\/najnowsze\/dr-hab-marcin-strzelecki\/\" \/>\n<meta property=\"og:site_name\" content=\"Akademia Muzyczna im. Krzysztofa Pendereckiego w Krakowie\" \/>\n<meta property=\"article:publisher\" content=\"https:\/\/www.facebook.com\/amuz.krakow\" \/>\n<meta property=\"article:modified_time\" content=\"2025-10-24T08:20:41+00:00\" \/>\n<meta property=\"og:image\" content=\"https:\/\/www.amuz.krakow.pl\/wp-content\/uploads\/2024\/10\/Strzelecki-Marcin.jpg\" \/>\n\t<meta property=\"og:image:width\" content=\"1473\" \/>\n\t<meta property=\"og:image:height\" content=\"737\" \/>\n\t<meta property=\"og:image:type\" content=\"image\/jpeg\" \/>\n<meta name=\"twitter:card\" content=\"summary_large_image\" \/>\n<meta name=\"twitter:label1\" content=\"Est. reading time\" \/>\n\t<meta name=\"twitter:data1\" content=\"2 minutes\" \/>\n<script type=\"application\/ld+json\" class=\"yoast-schema-graph\">{\"@context\":\"https:\/\/schema.org\",\"@graph\":[{\"@type\":\"WebPage\",\"@id\":\"https:\/\/www.amuz.krakow.pl\/nasze-sukcesy\/najnowsze\/dr-hab-marcin-strzelecki\/\",\"url\":\"https:\/\/www.amuz.krakow.pl\/nasze-sukcesy\/najnowsze\/dr-hab-marcin-strzelecki\/\",\"name\":\"Dr hab. Marcin Strzelecki - nominacja do Nagrody im. J. D\u0142ugosza\",\"isPartOf\":{\"@id\":\"https:\/\/www.amuz.krakow.pl\/#website\"},\"primaryImageOfPage\":{\"@id\":\"https:\/\/www.amuz.krakow.pl\/nasze-sukcesy\/najnowsze\/dr-hab-marcin-strzelecki\/#primaryimage\"},\"image\":{\"@id\":\"https:\/\/www.amuz.krakow.pl\/nasze-sukcesy\/najnowsze\/dr-hab-marcin-strzelecki\/#primaryimage\"},\"thumbnailUrl\":\"https:\/\/www.amuz.krakow.pl\/wp-content\/uploads\/2024\/10\/Strzelecki-Marcin.jpg\",\"datePublished\":\"2025-10-02T10:33:01+00:00\",\"dateModified\":\"2025-10-24T08:20:41+00:00\",\"description\":\"Ksi\u0105\u017cka dra hab. Marcina Strzeleckiego \\\"Niech si\u0119 stanie muzyka! O muzycznej generatywno\u015bci\\\" w\u015br\u00f3d nominowanych do Nagrody im. Jana D\u0142ugosza.\",\"breadcrumb\":{\"@id\":\"https:\/\/www.amuz.krakow.pl\/nasze-sukcesy\/najnowsze\/dr-hab-marcin-strzelecki\/#breadcrumb\"},\"inLanguage\":\"en-US\",\"potentialAction\":[{\"@type\":\"ReadAction\",\"target\":[\"https:\/\/www.amuz.krakow.pl\/nasze-sukcesy\/najnowsze\/dr-hab-marcin-strzelecki\/\"]}]},{\"@type\":\"ImageObject\",\"inLanguage\":\"en-US\",\"@id\":\"https:\/\/www.amuz.krakow.pl\/nasze-sukcesy\/najnowsze\/dr-hab-marcin-strzelecki\/#primaryimage\",\"url\":\"https:\/\/www.amuz.krakow.pl\/wp-content\/uploads\/2024\/10\/Strzelecki-Marcin.jpg\",\"contentUrl\":\"https:\/\/www.amuz.krakow.pl\/wp-content\/uploads\/2024\/10\/Strzelecki-Marcin.jpg\",\"width\":1473,\"height\":737},{\"@type\":\"BreadcrumbList\",\"@id\":\"https:\/\/www.amuz.krakow.pl\/nasze-sukcesy\/najnowsze\/dr-hab-marcin-strzelecki\/#breadcrumb\",\"itemListElement\":[{\"@type\":\"ListItem\",\"position\":1,\"name\":\"Strona g\u0142\u00f3wna\",\"item\":\"https:\/\/www.amuz.krakow.pl\/\"},{\"@type\":\"ListItem\",\"position\":2,\"name\":\"Nasze sukcesy\",\"item\":\"https:\/\/www.amuz.krakow.pl\/nasze-sukcesy\/\"},{\"@type\":\"ListItem\",\"position\":3,\"name\":\"Najnowsze\",\"item\":\"https:\/\/www.amuz.krakow.pl\/nasze-sukcesy\/najnowsze\/\"},{\"@type\":\"ListItem\",\"position\":4,\"name\":\"dr hab. Marcin Strzelecki\"}]},{\"@type\":\"WebSite\",\"@id\":\"https:\/\/www.amuz.krakow.pl\/#website\",\"url\":\"https:\/\/www.amuz.krakow.pl\/\",\"name\":\"Akademia Muzyczna im. Krzysztofa Pendereckiego w Krakowie\",\"description\":\"Oficjalna strona Akademii Muzycznej im. Krzysztofa Pendereckiego w Krakowie (AMKP).\",\"publisher\":{\"@id\":\"https:\/\/www.amuz.krakow.pl\/#organization\"},\"alternateName\":\"AMKP\",\"potentialAction\":[{\"@type\":\"SearchAction\",\"target\":{\"@type\":\"EntryPoint\",\"urlTemplate\":\"https:\/\/www.amuz.krakow.pl\/?s={search_term_string}\"},\"query-input\":{\"@type\":\"PropertyValueSpecification\",\"valueRequired\":true,\"valueName\":\"search_term_string\"}}],\"inLanguage\":\"en-US\"},{\"@type\":\"Organization\",\"@id\":\"https:\/\/www.amuz.krakow.pl\/#organization\",\"name\":\"Akademia Muzyczna im. Krzysztofa Pendereckiego w Krakowie\",\"alternateName\":\"AMKP\",\"url\":\"https:\/\/www.amuz.krakow.pl\/\",\"logo\":{\"@type\":\"ImageObject\",\"inLanguage\":\"en-US\",\"@id\":\"https:\/\/www.amuz.krakow.pl\/#\/schema\/logo\/image\/\",\"url\":\"https:\/\/www.amuz.krakow.pl\/wp-content\/uploads\/2021\/11\/amkp.jpg\",\"contentUrl\":\"https:\/\/www.amuz.krakow.pl\/wp-content\/uploads\/2021\/11\/amkp.jpg\",\"width\":1193,\"height\":591,\"caption\":\"Akademia Muzyczna im. Krzysztofa Pendereckiego w Krakowie\"},\"image\":{\"@id\":\"https:\/\/www.amuz.krakow.pl\/#\/schema\/logo\/image\/\"},\"sameAs\":[\"https:\/\/www.facebook.com\/amuz.krakow\",\"https:\/\/www.instagram.com\/amkpenderecki\/\",\"https:\/\/www.youtube.com\/@amkpenderecki4806\"]}]}<\/script>\n<!-- \/ Yoast SEO plugin. -->","yoast_head_json":{"title":"Dr hab. Marcin Strzelecki - nominacja do Nagrody im. J. D\u0142ugosza","description":"Ksi\u0105\u017cka dra hab. Marcina Strzeleckiego \"Niech si\u0119 stanie muzyka! O muzycznej generatywno\u015bci\" w\u015br\u00f3d nominowanych do Nagrody im. Jana D\u0142ugosza.","robots":{"index":"index","follow":"follow","max-snippet":"max-snippet:-1","max-image-preview":"max-image-preview:large","max-video-preview":"max-video-preview:-1"},"canonical":"https:\/\/www.amuz.krakow.pl\/nasze-sukcesy\/najnowsze\/dr-hab-marcin-strzelecki\/","og_locale":"en_US","og_type":"article","og_title":"Dr hab. Marcin Strzelecki - nominacja do Nagrody im. J. D\u0142ugosza","og_description":"Ksi\u0105\u017cka dra hab. Marcina Strzeleckiego \"Niech si\u0119 stanie muzyka! O muzycznej generatywno\u015bci\" w\u015br\u00f3d nominowanych do Nagrody im. Jana D\u0142ugosza.","og_url":"https:\/\/www.amuz.krakow.pl\/nasze-sukcesy\/najnowsze\/dr-hab-marcin-strzelecki\/","og_site_name":"Akademia Muzyczna im. Krzysztofa Pendereckiego w Krakowie","article_publisher":"https:\/\/www.facebook.com\/amuz.krakow","article_modified_time":"2025-10-24T08:20:41+00:00","og_image":[{"width":1473,"height":737,"url":"https:\/\/www.amuz.krakow.pl\/wp-content\/uploads\/2024\/10\/Strzelecki-Marcin.jpg","type":"image\/jpeg"}],"twitter_card":"summary_large_image","twitter_misc":{"Est. reading time":"2 minutes"},"schema":{"@context":"https:\/\/schema.org","@graph":[{"@type":"WebPage","@id":"https:\/\/www.amuz.krakow.pl\/nasze-sukcesy\/najnowsze\/dr-hab-marcin-strzelecki\/","url":"https:\/\/www.amuz.krakow.pl\/nasze-sukcesy\/najnowsze\/dr-hab-marcin-strzelecki\/","name":"Dr hab. Marcin Strzelecki - nominacja do Nagrody im. J. D\u0142ugosza","isPartOf":{"@id":"https:\/\/www.amuz.krakow.pl\/#website"},"primaryImageOfPage":{"@id":"https:\/\/www.amuz.krakow.pl\/nasze-sukcesy\/najnowsze\/dr-hab-marcin-strzelecki\/#primaryimage"},"image":{"@id":"https:\/\/www.amuz.krakow.pl\/nasze-sukcesy\/najnowsze\/dr-hab-marcin-strzelecki\/#primaryimage"},"thumbnailUrl":"https:\/\/www.amuz.krakow.pl\/wp-content\/uploads\/2024\/10\/Strzelecki-Marcin.jpg","datePublished":"2025-10-02T10:33:01+00:00","dateModified":"2025-10-24T08:20:41+00:00","description":"Ksi\u0105\u017cka dra hab. Marcina Strzeleckiego \"Niech si\u0119 stanie muzyka! O muzycznej generatywno\u015bci\" w\u015br\u00f3d nominowanych do Nagrody im. Jana D\u0142ugosza.","breadcrumb":{"@id":"https:\/\/www.amuz.krakow.pl\/nasze-sukcesy\/najnowsze\/dr-hab-marcin-strzelecki\/#breadcrumb"},"inLanguage":"en-US","potentialAction":[{"@type":"ReadAction","target":["https:\/\/www.amuz.krakow.pl\/nasze-sukcesy\/najnowsze\/dr-hab-marcin-strzelecki\/"]}]},{"@type":"ImageObject","inLanguage":"en-US","@id":"https:\/\/www.amuz.krakow.pl\/nasze-sukcesy\/najnowsze\/dr-hab-marcin-strzelecki\/#primaryimage","url":"https:\/\/www.amuz.krakow.pl\/wp-content\/uploads\/2024\/10\/Strzelecki-Marcin.jpg","contentUrl":"https:\/\/www.amuz.krakow.pl\/wp-content\/uploads\/2024\/10\/Strzelecki-Marcin.jpg","width":1473,"height":737},{"@type":"BreadcrumbList","@id":"https:\/\/www.amuz.krakow.pl\/nasze-sukcesy\/najnowsze\/dr-hab-marcin-strzelecki\/#breadcrumb","itemListElement":[{"@type":"ListItem","position":1,"name":"Strona g\u0142\u00f3wna","item":"https:\/\/www.amuz.krakow.pl\/"},{"@type":"ListItem","position":2,"name":"Nasze sukcesy","item":"https:\/\/www.amuz.krakow.pl\/nasze-sukcesy\/"},{"@type":"ListItem","position":3,"name":"Najnowsze","item":"https:\/\/www.amuz.krakow.pl\/nasze-sukcesy\/najnowsze\/"},{"@type":"ListItem","position":4,"name":"dr hab. Marcin Strzelecki"}]},{"@type":"WebSite","@id":"https:\/\/www.amuz.krakow.pl\/#website","url":"https:\/\/www.amuz.krakow.pl\/","name":"Akademia Muzyczna im. Krzysztofa Pendereckiego w Krakowie","description":"Oficjalna strona Akademii Muzycznej im. Krzysztofa Pendereckiego w Krakowie (AMKP).","publisher":{"@id":"https:\/\/www.amuz.krakow.pl\/#organization"},"alternateName":"AMKP","potentialAction":[{"@type":"SearchAction","target":{"@type":"EntryPoint","urlTemplate":"https:\/\/www.amuz.krakow.pl\/?s={search_term_string}"},"query-input":{"@type":"PropertyValueSpecification","valueRequired":true,"valueName":"search_term_string"}}],"inLanguage":"en-US"},{"@type":"Organization","@id":"https:\/\/www.amuz.krakow.pl\/#organization","name":"Akademia Muzyczna im. Krzysztofa Pendereckiego w Krakowie","alternateName":"AMKP","url":"https:\/\/www.amuz.krakow.pl\/","logo":{"@type":"ImageObject","inLanguage":"en-US","@id":"https:\/\/www.amuz.krakow.pl\/#\/schema\/logo\/image\/","url":"https:\/\/www.amuz.krakow.pl\/wp-content\/uploads\/2021\/11\/amkp.jpg","contentUrl":"https:\/\/www.amuz.krakow.pl\/wp-content\/uploads\/2021\/11\/amkp.jpg","width":1193,"height":591,"caption":"Akademia Muzyczna im. Krzysztofa Pendereckiego w Krakowie"},"image":{"@id":"https:\/\/www.amuz.krakow.pl\/#\/schema\/logo\/image\/"},"sameAs":["https:\/\/www.facebook.com\/amuz.krakow","https:\/\/www.instagram.com\/amkpenderecki\/","https:\/\/www.youtube.com\/@amkpenderecki4806"]}]}},"_links":{"self":[{"href":"https:\/\/www.amuz.krakow.pl\/en\/wp-json\/wp\/v2\/pages\/107575","targetHints":{"allow":["GET"]}}],"collection":[{"href":"https:\/\/www.amuz.krakow.pl\/en\/wp-json\/wp\/v2\/pages"}],"about":[{"href":"https:\/\/www.amuz.krakow.pl\/en\/wp-json\/wp\/v2\/types\/page"}],"author":[{"embeddable":true,"href":"https:\/\/www.amuz.krakow.pl\/en\/wp-json\/wp\/v2\/users\/72"}],"replies":[{"embeddable":true,"href":"https:\/\/www.amuz.krakow.pl\/en\/wp-json\/wp\/v2\/comments?post=107575"}],"version-history":[{"count":1,"href":"https:\/\/www.amuz.krakow.pl\/en\/wp-json\/wp\/v2\/pages\/107575\/revisions"}],"predecessor-version":[{"id":107592,"href":"https:\/\/www.amuz.krakow.pl\/en\/wp-json\/wp\/v2\/pages\/107575\/revisions\/107592"}],"up":[{"embeddable":true,"href":"https:\/\/www.amuz.krakow.pl\/en\/wp-json\/wp\/v2\/pages\/107587"}],"wp:featuredmedia":[{"embeddable":true,"href":"https:\/\/www.amuz.krakow.pl\/en\/wp-json\/wp\/v2\/media\/91584"}],"wp:attachment":[{"href":"https:\/\/www.amuz.krakow.pl\/en\/wp-json\/wp\/v2\/media?parent=107575"}],"curies":[{"name":"wp","href":"https:\/\/api.w.org\/{rel}","templated":true}]}}