{"id":107451,"date":"2025-09-30T16:20:43","date_gmt":"2025-09-30T14:20:43","guid":{"rendered":"https:\/\/www.amuz.krakow.pl\/?page_id=107451"},"modified":"2025-10-29T14:49:47","modified_gmt":"2025-10-29T13:49:47","slug":"anna-sulkowska-migon","status":"publish","type":"page","link":"https:\/\/www.amuz.krakow.pl\/en\/wydzialy\/wydzial-i-tworczosci-interpretacji-i-edukacji-muzycznej\/katedra-choralistyki\/pracownicy\/anna-sulkowska-migon\/","title":{"rendered":"mgr Anna Su\u0142kowska-Migo\u0144"},"content":{"rendered":"<p><figure id=\"attachment_109448\" aria-describedby=\"caption-attachment-109448\" style=\"width: 350px\" class=\"wp-caption aligncenter\"><a href=\"https:\/\/www.amuz.krakow.pl\/wp-content\/uploads\/2025\/10\/Anna-Sulkowska-Migon-2-\u00a9Jean-Baptiste-Millot-scaled.jpg\" target=\"_blank\" rel=\"noopener\"><img loading=\"lazy\" decoding=\"async\" class=\"wp-image-109448 \" src=\"https:\/\/www.amuz.krakow.pl\/wp-content\/uploads\/2025\/10\/Anna-Sulkowska-Migon-2-\u00a9Jean-Baptiste-Millot-300x200.jpg\" alt=\"\" width=\"350\" height=\"233\" srcset=\"https:\/\/www.amuz.krakow.pl\/wp-content\/uploads\/2025\/10\/Anna-Sulkowska-Migon-2-\u00a9Jean-Baptiste-Millot-300x200.jpg 300w, https:\/\/www.amuz.krakow.pl\/wp-content\/uploads\/2025\/10\/Anna-Sulkowska-Migon-2-\u00a9Jean-Baptiste-Millot-scaled.jpg 2048w, https:\/\/www.amuz.krakow.pl\/wp-content\/uploads\/2025\/10\/Anna-Sulkowska-Migon-2-\u00a9Jean-Baptiste-Millot-768x511.jpg 768w, https:\/\/www.amuz.krakow.pl\/wp-content\/uploads\/2025\/10\/Anna-Sulkowska-Migon-2-\u00a9Jean-Baptiste-Millot-1536x1022.jpg 1536w\" sizes=\"auto, (max-width: 350px) 100vw, 350px\" \/><\/a><figcaption id=\"caption-attachment-109448\" class=\"wp-caption-text\">\u00a9Jean-Baptiste Millot<\/figcaption><\/figure><\/p>\n<p>Born in Krako\u0301w, Anna Su\u0142kowska-Migon\u0301 won first prize at the La Maestra conducting competition in Paris in March 2022. Since then she has appeared regularly with all the major Polish orchestras, and will make further debuts in North America and Europe in the coming seasons. In 2023, she was awarded the Neeme Ja\u0308rvi Prize at the Gstaad Conducting Academy.<\/p>\n<p>In January 2024 she made her debut with the Philadelphia Orchestra in their subscription series to critical acclaim, with a programme that included Tchaikovsky\u2019s Symphony No. 5 as well as Nowowiejski\u2019s less well-known Overture to the \u201cLegend of the Baltic\u201d. Su\u0142kowska-Migon\u0301 is a champion of Polish composers, and conducted the 25th anniversary Penderecki\u2019s \u201cCredo\u201d at the Oregon Bach Festival in July 2023, as well as a special concert of Weinberg and Sikora to mark the 80th Anniversary of the Warsaw Ghetto Uprising in April 2023. During 2024\/25 season she made her fantastic debuts with the National Arts Centre, Ottawa and the Orchestre Symphonique de Que\u0301bec in Canada, the Ulster Orchestra and her full operatic debut at the Bern Opera House, where she conducted 12 performances of a new production of Eugene Onegin.<\/p>\n<p>Upcoming highlights in the 2025\/26 season include her two orchestras tour: in Japan with the Warsaw Philharmonic and in France with the Orchestre National de Lille. She will also return to North America to make her debuts with the Minnesota Orchestra, the St Louis Symphony Orchestra, the San Diego Symphony Orchestra and the Buffalo Philharmonic Orchestra. A regular with the top orchestras in Poland, she returns to the NFM Wroc\u0142aw, NOSPR in Katowice and she will make her debut with the Szczecin Philharmonic. She will return to France later in the season to conduct the Orchestre Philharmonique de Radio France in Paris, Orchestre Philharmonique de Nice and will make further debuts with the National Symphony Orchestra Ireland in Dublin, and return to the Ulster Orchestra, the RTE\u0301 Concert Orchestra<\/p>\n<p>Other recent highlights include debuts with the Sinfonia Varsovia, the Leopoldinum Orchestra, the Bern Symphony Orchestra, Musikkollegium Winterthur and the Biel Solothurn Symphony Orchestra. She appeared twice at the prestigious Palau de la Mu\u0301sica Catalana in 2023, firstly with the Orquesta Sinfo\u0301nica del Valle\u0301s, and as part of a tour with the Orquestra de la Comunitat Valenciana that also included performances in Valencia and Castello\u0301n. Su\u0142kowska-Migon\u0301 regularly works with renowned soloists including James Ehnes, Pacho Flores, Isata Kanneh-Mason, Andre\u0301 Schuen and Josef S\u030cpac\u030cek.<\/p>\n<p>She is the recipient of the 2022-2024 Taki Alsop Conducting Award, and attended Ravinia Festival in August 2022 as part of the Taki Alsop masterclasses with the Chicago Symphony. She was also selected as one of four conductors to participate in the Dallas Opera\u2019s Hart Institute for Women Conductors Program in the 22\/23 season. She has previously collaborated with conductors such as Marin Alsop, Franc\u0327ois Xavier-Roth, Klaus Ma\u0308kela\u0308, Ste\u0301phane Dene\u0300ve, Kirill Karabits, Jerzy Maksymiuk, Piotr Su\u0142kowski and Antoni Wit. As an instrumentalist, she completed her MA studies, specializing in viola, at the Fryderyk Chopin University of Music. She then completed her masters at The Krzysztof Penderecki Academy of Music in Krako\u0301w specializing in symphonic and choral conducting. She attended the 2023 Gstaad Conducting Academy in August, and was awarded the Neeme Ja\u0308rvi Prize by a jury including Jaap van Zweden, Mirga Graz\u030cinyte\u0307-Tyla, and Johannes Schlaefli. In October 2025 she started working as a lecturer at the Krzysztof Penderecki Academy of Music in Krakow.<\/p>\n<p><a href=\"mailto:anna.sulkowska.migon@amuz.krakow.pl\"><span id=\"gv_pracownicy_FormView1_98_Label9\">anna.sulkowska.migon@amuz.krakow.pl<\/span>\u00a0<\/a><\/p>","protected":false},"excerpt":{"rendered":"<p>Born in Krako\u0301w, Anna Su\u0142kowska-Migon\u0301 won first prize at the La Maestra conducting competition in Paris in March 2022. Since then she has appeared regularly with all the major Polish&hellip; <a href=\"https:\/\/www.amuz.krakow.pl\/en\/wydzialy\/wydzial-i-tworczosci-interpretacji-i-edukacji-muzycznej\/katedra-choralistyki\/pracownicy\/anna-sulkowska-migon\/\">Continue reading<\/a><\/p>\n","protected":false},"author":72,"featured_media":109448,"parent":33645,"menu_order":39,"comment_status":"closed","ping_status":"closed","template":"","meta":{"footnotes":"","_links_to":"","_links_to_target":""},"class_list":["post-107451","page","type-page","status-publish","has-post-thumbnail","hentry"],"yoast_head":"<!-- This site is optimized with the Yoast SEO plugin v27.2 - https:\/\/yoast.com\/product\/yoast-seo-wordpress\/ -->\n<title>AMKP - Akademia Muzyczna im. Krzysztofa Pendereckiego w Krakowie<\/title>\n<meta name=\"robots\" content=\"index, follow, max-snippet:-1, max-image-preview:large, max-video-preview:-1\" \/>\n<link rel=\"canonical\" href=\"https:\/\/www.amuz.krakow.pl\/wydzialy\/wydzial-i-tworczosci-interpretacji-i-edukacji-muzycznej\/katedra-choralistyki\/pracownicy\/anna-sulkowska-migon\/\" \/>\n<meta property=\"og:locale\" content=\"en_US\" \/>\n<meta property=\"og:type\" content=\"article\" \/>\n<meta property=\"og:title\" content=\"AMKP - Akademia Muzyczna im. Krzysztofa Pendereckiego w Krakowie\" \/>\n<meta property=\"og:description\" content=\"Born in Krako\u0301w, Anna Su\u0142kowska-Migon\u0301 won first prize at the La Maestra conducting competition in Paris in March 2022. Since then she has appeared regularly with all the major Polish&hellip; Continue reading\" \/>\n<meta property=\"og:url\" content=\"https:\/\/www.amuz.krakow.pl\/wydzialy\/wydzial-i-tworczosci-interpretacji-i-edukacji-muzycznej\/katedra-choralistyki\/pracownicy\/anna-sulkowska-migon\/\" \/>\n<meta property=\"og:site_name\" content=\"Akademia Muzyczna im. Krzysztofa Pendereckiego w Krakowie\" \/>\n<meta property=\"article:publisher\" content=\"https:\/\/www.facebook.com\/amuz.krakow\" \/>\n<meta property=\"article:modified_time\" content=\"2025-10-29T13:49:47+00:00\" \/>\n<meta property=\"og:image\" content=\"https:\/\/www.amuz.krakow.pl\/wp-content\/uploads\/2025\/10\/Anna-Sulkowska-Migon-2-\u00a9Jean-Baptiste-Millot-scaled.jpg\" \/>\n\t<meta property=\"og:image:width\" content=\"2048\" \/>\n\t<meta property=\"og:image:height\" content=\"1363\" \/>\n\t<meta property=\"og:image:type\" content=\"image\/jpeg\" \/>\n<meta name=\"twitter:card\" content=\"summary_large_image\" \/>\n<meta name=\"twitter:label1\" content=\"Est. reading time\" \/>\n\t<meta name=\"twitter:data1\" content=\"4 minutes\" \/>\n<script type=\"application\/ld+json\" class=\"yoast-schema-graph\">{\"@context\":\"https:\/\/schema.org\",\"@graph\":[{\"@type\":\"WebPage\",\"@id\":\"https:\/\/www.amuz.krakow.pl\/wydzialy\/wydzial-i-tworczosci-interpretacji-i-edukacji-muzycznej\/katedra-choralistyki\/pracownicy\/anna-sulkowska-migon\/\",\"url\":\"https:\/\/www.amuz.krakow.pl\/wydzialy\/wydzial-i-tworczosci-interpretacji-i-edukacji-muzycznej\/katedra-choralistyki\/pracownicy\/anna-sulkowska-migon\/\",\"name\":\"AMKP - Akademia Muzyczna im. Krzysztofa Pendereckiego w Krakowie\",\"isPartOf\":{\"@id\":\"https:\/\/www.amuz.krakow.pl\/#website\"},\"primaryImageOfPage\":{\"@id\":\"https:\/\/www.amuz.krakow.pl\/wydzialy\/wydzial-i-tworczosci-interpretacji-i-edukacji-muzycznej\/katedra-choralistyki\/pracownicy\/anna-sulkowska-migon\/#primaryimage\"},\"image\":{\"@id\":\"https:\/\/www.amuz.krakow.pl\/wydzialy\/wydzial-i-tworczosci-interpretacji-i-edukacji-muzycznej\/katedra-choralistyki\/pracownicy\/anna-sulkowska-migon\/#primaryimage\"},\"thumbnailUrl\":\"https:\/\/www.amuz.krakow.pl\/wp-content\/uploads\/2025\/10\/Anna-Sulkowska-Migon-2-\u00a9Jean-Baptiste-Millot-scaled.jpg\",\"datePublished\":\"2025-09-30T14:20:43+00:00\",\"dateModified\":\"2025-10-29T13:49:47+00:00\",\"breadcrumb\":{\"@id\":\"https:\/\/www.amuz.krakow.pl\/wydzialy\/wydzial-i-tworczosci-interpretacji-i-edukacji-muzycznej\/katedra-choralistyki\/pracownicy\/anna-sulkowska-migon\/#breadcrumb\"},\"inLanguage\":\"en-US\",\"potentialAction\":[{\"@type\":\"ReadAction\",\"target\":[\"https:\/\/www.amuz.krakow.pl\/wydzialy\/wydzial-i-tworczosci-interpretacji-i-edukacji-muzycznej\/katedra-choralistyki\/pracownicy\/anna-sulkowska-migon\/\"]}]},{\"@type\":\"ImageObject\",\"inLanguage\":\"en-US\",\"@id\":\"https:\/\/www.amuz.krakow.pl\/wydzialy\/wydzial-i-tworczosci-interpretacji-i-edukacji-muzycznej\/katedra-choralistyki\/pracownicy\/anna-sulkowska-migon\/#primaryimage\",\"url\":\"https:\/\/www.amuz.krakow.pl\/wp-content\/uploads\/2025\/10\/Anna-Sulkowska-Migon-2-\u00a9Jean-Baptiste-Millot-scaled.jpg\",\"contentUrl\":\"https:\/\/www.amuz.krakow.pl\/wp-content\/uploads\/2025\/10\/Anna-Sulkowska-Migon-2-\u00a9Jean-Baptiste-Millot-scaled.jpg\",\"width\":2048,\"height\":1363,\"caption\":\"\u00a9Jean-Baptiste Millot\"},{\"@type\":\"BreadcrumbList\",\"@id\":\"https:\/\/www.amuz.krakow.pl\/wydzialy\/wydzial-i-tworczosci-interpretacji-i-edukacji-muzycznej\/katedra-choralistyki\/pracownicy\/anna-sulkowska-migon\/#breadcrumb\",\"itemListElement\":[{\"@type\":\"ListItem\",\"position\":1,\"name\":\"Strona g\u0142\u00f3wna\",\"item\":\"https:\/\/www.amuz.krakow.pl\/\"},{\"@type\":\"ListItem\",\"position\":2,\"name\":\"WYDZIA\u0141Y\",\"item\":\"https:\/\/www.amuz.krakow.pl\/wydzialy\/\"},{\"@type\":\"ListItem\",\"position\":3,\"name\":\"Wydzia\u0142 Tw\u00f3rczo\u015bci, Interpretacji i Edukacji Muzycznej\",\"item\":\"https:\/\/www.amuz.krakow.pl\/wydzialy\/wydzial-i-tworczosci-interpretacji-i-edukacji-muzycznej\/\"},{\"@type\":\"ListItem\",\"position\":4,\"name\":\"Katedra Ch\u00f3ralistyki\",\"item\":\"https:\/\/www.amuz.krakow.pl\/wydzialy\/wydzial-i-tworczosci-interpretacji-i-edukacji-muzycznej\/katedra-choralistyki\/\"},{\"@type\":\"ListItem\",\"position\":5,\"name\":\"Pracownicy Katedry\",\"item\":\"https:\/\/www.amuz.krakow.pl\/wydzialy\/wydzial-i-tworczosci-interpretacji-i-edukacji-muzycznej\/katedra-choralistyki\/pracownicy\/\"},{\"@type\":\"ListItem\",\"position\":6,\"name\":\"mgr Anna Su\u0142kowska-Migo\u0144\"}]},{\"@type\":\"WebSite\",\"@id\":\"https:\/\/www.amuz.krakow.pl\/#website\",\"url\":\"https:\/\/www.amuz.krakow.pl\/\",\"name\":\"Akademia Muzyczna im. Krzysztofa Pendereckiego w Krakowie\",\"description\":\"Oficjalna strona Akademii Muzycznej im. Krzysztofa Pendereckiego w Krakowie (AMKP).\",\"publisher\":{\"@id\":\"https:\/\/www.amuz.krakow.pl\/#organization\"},\"alternateName\":\"AMKP\",\"potentialAction\":[{\"@type\":\"SearchAction\",\"target\":{\"@type\":\"EntryPoint\",\"urlTemplate\":\"https:\/\/www.amuz.krakow.pl\/?s={search_term_string}\"},\"query-input\":{\"@type\":\"PropertyValueSpecification\",\"valueRequired\":true,\"valueName\":\"search_term_string\"}}],\"inLanguage\":\"en-US\"},{\"@type\":\"Organization\",\"@id\":\"https:\/\/www.amuz.krakow.pl\/#organization\",\"name\":\"Akademia Muzyczna im. Krzysztofa Pendereckiego w Krakowie\",\"alternateName\":\"AMKP\",\"url\":\"https:\/\/www.amuz.krakow.pl\/\",\"logo\":{\"@type\":\"ImageObject\",\"inLanguage\":\"en-US\",\"@id\":\"https:\/\/www.amuz.krakow.pl\/#\/schema\/logo\/image\/\",\"url\":\"https:\/\/www.amuz.krakow.pl\/wp-content\/uploads\/2021\/11\/amkp.jpg\",\"contentUrl\":\"https:\/\/www.amuz.krakow.pl\/wp-content\/uploads\/2021\/11\/amkp.jpg\",\"width\":1193,\"height\":591,\"caption\":\"Akademia Muzyczna im. Krzysztofa Pendereckiego w Krakowie\"},\"image\":{\"@id\":\"https:\/\/www.amuz.krakow.pl\/#\/schema\/logo\/image\/\"},\"sameAs\":[\"https:\/\/www.facebook.com\/amuz.krakow\",\"https:\/\/www.instagram.com\/amkpenderecki\/\",\"https:\/\/www.youtube.com\/@amkpenderecki4806\"]}]}<\/script>\n<!-- \/ Yoast SEO plugin. -->","yoast_head_json":{"title":"AMKP - Akademia Muzyczna im. Krzysztofa Pendereckiego w Krakowie","robots":{"index":"index","follow":"follow","max-snippet":"max-snippet:-1","max-image-preview":"max-image-preview:large","max-video-preview":"max-video-preview:-1"},"canonical":"https:\/\/www.amuz.krakow.pl\/wydzialy\/wydzial-i-tworczosci-interpretacji-i-edukacji-muzycznej\/katedra-choralistyki\/pracownicy\/anna-sulkowska-migon\/","og_locale":"en_US","og_type":"article","og_title":"AMKP - Akademia Muzyczna im. Krzysztofa Pendereckiego w Krakowie","og_description":"Born in Krako\u0301w, Anna Su\u0142kowska-Migon\u0301 won first prize at the La Maestra conducting competition in Paris in March 2022. Since then she has appeared regularly with all the major Polish&hellip; Continue reading","og_url":"https:\/\/www.amuz.krakow.pl\/wydzialy\/wydzial-i-tworczosci-interpretacji-i-edukacji-muzycznej\/katedra-choralistyki\/pracownicy\/anna-sulkowska-migon\/","og_site_name":"Akademia Muzyczna im. Krzysztofa Pendereckiego w Krakowie","article_publisher":"https:\/\/www.facebook.com\/amuz.krakow","article_modified_time":"2025-10-29T13:49:47+00:00","og_image":[{"width":2048,"height":1363,"url":"https:\/\/www.amuz.krakow.pl\/wp-content\/uploads\/2025\/10\/Anna-Sulkowska-Migon-2-\u00a9Jean-Baptiste-Millot-scaled.jpg","type":"image\/jpeg"}],"twitter_card":"summary_large_image","twitter_misc":{"Est. reading time":"4 minutes"},"schema":{"@context":"https:\/\/schema.org","@graph":[{"@type":"WebPage","@id":"https:\/\/www.amuz.krakow.pl\/wydzialy\/wydzial-i-tworczosci-interpretacji-i-edukacji-muzycznej\/katedra-choralistyki\/pracownicy\/anna-sulkowska-migon\/","url":"https:\/\/www.amuz.krakow.pl\/wydzialy\/wydzial-i-tworczosci-interpretacji-i-edukacji-muzycznej\/katedra-choralistyki\/pracownicy\/anna-sulkowska-migon\/","name":"AMKP - Akademia Muzyczna im. Krzysztofa Pendereckiego w Krakowie","isPartOf":{"@id":"https:\/\/www.amuz.krakow.pl\/#website"},"primaryImageOfPage":{"@id":"https:\/\/www.amuz.krakow.pl\/wydzialy\/wydzial-i-tworczosci-interpretacji-i-edukacji-muzycznej\/katedra-choralistyki\/pracownicy\/anna-sulkowska-migon\/#primaryimage"},"image":{"@id":"https:\/\/www.amuz.krakow.pl\/wydzialy\/wydzial-i-tworczosci-interpretacji-i-edukacji-muzycznej\/katedra-choralistyki\/pracownicy\/anna-sulkowska-migon\/#primaryimage"},"thumbnailUrl":"https:\/\/www.amuz.krakow.pl\/wp-content\/uploads\/2025\/10\/Anna-Sulkowska-Migon-2-\u00a9Jean-Baptiste-Millot-scaled.jpg","datePublished":"2025-09-30T14:20:43+00:00","dateModified":"2025-10-29T13:49:47+00:00","breadcrumb":{"@id":"https:\/\/www.amuz.krakow.pl\/wydzialy\/wydzial-i-tworczosci-interpretacji-i-edukacji-muzycznej\/katedra-choralistyki\/pracownicy\/anna-sulkowska-migon\/#breadcrumb"},"inLanguage":"en-US","potentialAction":[{"@type":"ReadAction","target":["https:\/\/www.amuz.krakow.pl\/wydzialy\/wydzial-i-tworczosci-interpretacji-i-edukacji-muzycznej\/katedra-choralistyki\/pracownicy\/anna-sulkowska-migon\/"]}]},{"@type":"ImageObject","inLanguage":"en-US","@id":"https:\/\/www.amuz.krakow.pl\/wydzialy\/wydzial-i-tworczosci-interpretacji-i-edukacji-muzycznej\/katedra-choralistyki\/pracownicy\/anna-sulkowska-migon\/#primaryimage","url":"https:\/\/www.amuz.krakow.pl\/wp-content\/uploads\/2025\/10\/Anna-Sulkowska-Migon-2-\u00a9Jean-Baptiste-Millot-scaled.jpg","contentUrl":"https:\/\/www.amuz.krakow.pl\/wp-content\/uploads\/2025\/10\/Anna-Sulkowska-Migon-2-\u00a9Jean-Baptiste-Millot-scaled.jpg","width":2048,"height":1363,"caption":"\u00a9Jean-Baptiste Millot"},{"@type":"BreadcrumbList","@id":"https:\/\/www.amuz.krakow.pl\/wydzialy\/wydzial-i-tworczosci-interpretacji-i-edukacji-muzycznej\/katedra-choralistyki\/pracownicy\/anna-sulkowska-migon\/#breadcrumb","itemListElement":[{"@type":"ListItem","position":1,"name":"Strona g\u0142\u00f3wna","item":"https:\/\/www.amuz.krakow.pl\/"},{"@type":"ListItem","position":2,"name":"WYDZIA\u0141Y","item":"https:\/\/www.amuz.krakow.pl\/wydzialy\/"},{"@type":"ListItem","position":3,"name":"Wydzia\u0142 Tw\u00f3rczo\u015bci, Interpretacji i Edukacji Muzycznej","item":"https:\/\/www.amuz.krakow.pl\/wydzialy\/wydzial-i-tworczosci-interpretacji-i-edukacji-muzycznej\/"},{"@type":"ListItem","position":4,"name":"Katedra Ch\u00f3ralistyki","item":"https:\/\/www.amuz.krakow.pl\/wydzialy\/wydzial-i-tworczosci-interpretacji-i-edukacji-muzycznej\/katedra-choralistyki\/"},{"@type":"ListItem","position":5,"name":"Pracownicy Katedry","item":"https:\/\/www.amuz.krakow.pl\/wydzialy\/wydzial-i-tworczosci-interpretacji-i-edukacji-muzycznej\/katedra-choralistyki\/pracownicy\/"},{"@type":"ListItem","position":6,"name":"mgr Anna Su\u0142kowska-Migo\u0144"}]},{"@type":"WebSite","@id":"https:\/\/www.amuz.krakow.pl\/#website","url":"https:\/\/www.amuz.krakow.pl\/","name":"Akademia Muzyczna im. Krzysztofa Pendereckiego w Krakowie","description":"Oficjalna strona Akademii Muzycznej im. Krzysztofa Pendereckiego w Krakowie (AMKP).","publisher":{"@id":"https:\/\/www.amuz.krakow.pl\/#organization"},"alternateName":"AMKP","potentialAction":[{"@type":"SearchAction","target":{"@type":"EntryPoint","urlTemplate":"https:\/\/www.amuz.krakow.pl\/?s={search_term_string}"},"query-input":{"@type":"PropertyValueSpecification","valueRequired":true,"valueName":"search_term_string"}}],"inLanguage":"en-US"},{"@type":"Organization","@id":"https:\/\/www.amuz.krakow.pl\/#organization","name":"Akademia Muzyczna im. Krzysztofa Pendereckiego w Krakowie","alternateName":"AMKP","url":"https:\/\/www.amuz.krakow.pl\/","logo":{"@type":"ImageObject","inLanguage":"en-US","@id":"https:\/\/www.amuz.krakow.pl\/#\/schema\/logo\/image\/","url":"https:\/\/www.amuz.krakow.pl\/wp-content\/uploads\/2021\/11\/amkp.jpg","contentUrl":"https:\/\/www.amuz.krakow.pl\/wp-content\/uploads\/2021\/11\/amkp.jpg","width":1193,"height":591,"caption":"Akademia Muzyczna im. Krzysztofa Pendereckiego w Krakowie"},"image":{"@id":"https:\/\/www.amuz.krakow.pl\/#\/schema\/logo\/image\/"},"sameAs":["https:\/\/www.facebook.com\/amuz.krakow","https:\/\/www.instagram.com\/amkpenderecki\/","https:\/\/www.youtube.com\/@amkpenderecki4806"]}]}},"_links":{"self":[{"href":"https:\/\/www.amuz.krakow.pl\/en\/wp-json\/wp\/v2\/pages\/107451","targetHints":{"allow":["GET"]}}],"collection":[{"href":"https:\/\/www.amuz.krakow.pl\/en\/wp-json\/wp\/v2\/pages"}],"about":[{"href":"https:\/\/www.amuz.krakow.pl\/en\/wp-json\/wp\/v2\/types\/page"}],"author":[{"embeddable":true,"href":"https:\/\/www.amuz.krakow.pl\/en\/wp-json\/wp\/v2\/users\/72"}],"replies":[{"embeddable":true,"href":"https:\/\/www.amuz.krakow.pl\/en\/wp-json\/wp\/v2\/comments?post=107451"}],"version-history":[{"count":5,"href":"https:\/\/www.amuz.krakow.pl\/en\/wp-json\/wp\/v2\/pages\/107451\/revisions"}],"predecessor-version":[{"id":109480,"href":"https:\/\/www.amuz.krakow.pl\/en\/wp-json\/wp\/v2\/pages\/107451\/revisions\/109480"}],"up":[{"embeddable":true,"href":"https:\/\/www.amuz.krakow.pl\/en\/wp-json\/wp\/v2\/pages\/33645"}],"wp:featuredmedia":[{"embeddable":true,"href":"https:\/\/www.amuz.krakow.pl\/en\/wp-json\/wp\/v2\/media\/109448"}],"wp:attachment":[{"href":"https:\/\/www.amuz.krakow.pl\/en\/wp-json\/wp\/v2\/media?parent=107451"}],"curies":[{"name":"wp","href":"https:\/\/api.w.org\/{rel}","templated":true}]}}