{"id":106315,"date":"2025-08-19T12:23:23","date_gmt":"2025-08-19T10:23:23","guid":{"rendered":"https:\/\/www.amuz.krakow.pl\/?page_id=106315"},"modified":"2025-09-01T10:49:16","modified_gmt":"2025-09-01T08:49:16","slug":"koncerty-w-ramach-27-lam","status":"publish","type":"page","link":"https:\/\/www.amuz.krakow.pl\/en\/koncerty-w-ramach-27-lam\/","title":{"rendered":"Concerts of the 27th Summer Academy of Music in Krak\u00f3w"},"content":{"rendered":"<p><img loading=\"lazy\" decoding=\"async\" class=\"alignnone size-full wp-image-106316\" src=\"https:\/\/www.amuz.krakow.pl\/wp-content\/uploads\/2025\/08\/LAM-27-koncerty-kafelek.jpg\" alt=\"\" width=\"1200\" height=\"600\" srcset=\"https:\/\/www.amuz.krakow.pl\/wp-content\/uploads\/2025\/08\/LAM-27-koncerty-kafelek.jpg 1200w, https:\/\/www.amuz.krakow.pl\/wp-content\/uploads\/2025\/08\/LAM-27-koncerty-kafelek-300x150.jpg 300w, https:\/\/www.amuz.krakow.pl\/wp-content\/uploads\/2025\/08\/LAM-27-koncerty-kafelek-768x384.jpg 768w\" sizes=\"auto, (max-width: 1200px) 100vw, 1200px\" \/><\/p>\n<blockquote><p>Uwaga: Zapraszamy na dwa dodatkowe <a href=\"#LAMwrzesien\">koncerty we wrze\u015bniu<\/a>.<\/p><\/blockquote>\n<p>&nbsp;<\/p>\n<p>Zapraszamy na koncerty, kt\u00f3re odb\u0119d\u0105 si\u0119 w ramach <a href=\"https:\/\/www.amuz.krakow.pl\/letnia-akademia-muzyczna\/\">27. Letniej Akademii Muzycznej w Krakowie<\/a>. Podczas wieczornych koncert\u00f3w b\u0119dzie mo\u017cna us\u0142ysze\u0107 trzech student\u00f3w AMKP: Micha\u0142a Basist\u0119, Mateusza Dubiela oraz Yehud\u0119 Prokopowicza, tu\u017c przed ich udzia\u0142em w XIX Mi\u0119dzynarodowym Konkursie im. Fryderyka Chopina w Warszawie, recital doskona\u0142ego ameryka\u0144skiego pianisty <a href=\"https:\/\/www.amuz.krakow.pl\/letnia-akademia-muzyczna\/wykaz-kursow\/instrumenty-klawiszowe\/christopher-atzinger-fortepian\/\" target=\"_blank\" rel=\"noopener\">Christophera Atzingera<\/a> oraz uczestnik\u00f3w Letniej Akademii Muzycznej.<\/p>\n<p>Wszystkie sierpniowe koncerty odb\u0119d\u0105 si\u0119 w<strong> Auli Florianka, przy ul. Sereno Fenn\u2019a 15<\/strong>.<\/p>\n<p>Wst\u0119p wolny.<\/p>\n<p><strong>25 sierpnia, godz. 19:00<\/strong><br \/>\nRecital chopinowski<br \/>\nMicha\u0142 Basista \u2013 uczestnik XIX Mi\u0119dzynarodowego Konkursu im. Fryderyka Chopina w Warszawie<\/p>\n<p><strong>26 sierpnia, godz. 19:00<\/strong><br \/>\nRecital chopinowski<br \/>\nYehuda Prokopowicz \u2013 uczestnik XIX Mi\u0119dzynarodowego Konkursu im. Fryderyka Chopina w Warszawie<\/p>\n<p><strong>27 sierpnia, godz. 19:00<\/strong><br \/>\nRecital fortepianowy<br \/>\nChristopher Atzinger USA<br \/>\nW programie: L. van Beethoven , J. Brahms, M. Bruch<\/p>\n<p><strong>28, 29, 30 sierpnia, godz. 19:00<\/strong><br \/>\nKoncerty uczestnik\u00f3w<\/p>\n<p><strong>31 sierpnia, godz. 16:00<\/strong><br \/>\nKoncert uczestnik\u00f3w<\/p>\n<p><strong>31 sierpnia, godz. 19:00<\/strong><br \/>\nRecital chopinowski<br \/>\nMateusz Dubiel &#8211; uczestnik XIX Mi\u0119dzynarodowego Konkursu im. Fryderyka Chopina w Warszawie<\/p>\n<p>&nbsp;<\/p>\n<p><span id=\"LAMwrzesien\" style=\"font-size: 12pt;\">DODATKOWE KONCERTY:<\/span><\/p>\n<p><strong>2 wrze\u015bnia, godz. 19:00<\/strong><br \/>\n<strong>Sala Kameralna<\/strong><br \/>\n<strong>ul. \u015bw. Tomasza 43<\/strong><br \/>\nKoncert uczestnik\u00f3w klasy skrzypiec prof. Krzysztofa W\u0119grzyna<\/p>\n<p><strong>5 wrze\u015bnia, godz. 19:00<\/strong><br \/>\n<strong>Sala Kameralna<\/strong><br \/>\n<strong>ul. \u015bw. Tomasza 43<\/strong><br \/>\nKoncert uczestnik\u00f3w klasy klawesynu wsp\u00f3\u0142czesnego prof. Go\u015bki Isphording<\/p>\n<p>Wst\u0119p wolny.<\/p>","protected":false},"excerpt":{"rendered":"<p>Uwaga: Zapraszamy na dwa dodatkowe koncerty we wrze\u015bniu. &nbsp; Zapraszamy na koncerty, kt\u00f3re odb\u0119d\u0105 si\u0119 w ramach 27. Letniej Akademii Muzycznej w Krakowie. Podczas wieczornych koncert\u00f3w b\u0119dzie mo\u017cna us\u0142ysze\u0107 trzech&hellip; <a href=\"https:\/\/www.amuz.krakow.pl\/en\/koncerty-w-ramach-27-lam\/\">Continue reading<\/a><\/p>\n","protected":false},"author":71,"featured_media":106316,"parent":0,"menu_order":0,"comment_status":"closed","ping_status":"closed","template":"","meta":{"footnotes":"","_links_to":"","_links_to_target":""},"class_list":["post-106315","page","type-page","status-publish","has-post-thumbnail","hentry"],"yoast_head":"<!-- This site is optimized with the Yoast SEO plugin v27.2 - https:\/\/yoast.com\/product\/yoast-seo-wordpress\/ -->\n<title>AMKP - Akademia Muzyczna im. Krzysztofa Pendereckiego w Krakowie<\/title>\n<meta name=\"robots\" content=\"index, follow, max-snippet:-1, max-image-preview:large, max-video-preview:-1\" \/>\n<link rel=\"canonical\" href=\"https:\/\/www.amuz.krakow.pl\/koncerty-w-ramach-27-lam\/\" \/>\n<meta property=\"og:locale\" content=\"en_US\" \/>\n<meta property=\"og:type\" content=\"article\" \/>\n<meta property=\"og:title\" content=\"AMKP - Akademia Muzyczna im. Krzysztofa Pendereckiego w Krakowie\" \/>\n<meta property=\"og:description\" content=\"Uwaga: Zapraszamy na dwa dodatkowe koncerty we wrze\u015bniu. &nbsp; Zapraszamy na koncerty, kt\u00f3re odb\u0119d\u0105 si\u0119 w ramach 27. Letniej Akademii Muzycznej w Krakowie. Podczas wieczornych koncert\u00f3w b\u0119dzie mo\u017cna us\u0142ysze\u0107 trzech&hellip; Continue reading\" \/>\n<meta property=\"og:url\" content=\"https:\/\/www.amuz.krakow.pl\/koncerty-w-ramach-27-lam\/\" \/>\n<meta property=\"og:site_name\" content=\"Akademia Muzyczna im. Krzysztofa Pendereckiego w Krakowie\" \/>\n<meta property=\"article:publisher\" content=\"https:\/\/www.facebook.com\/amuz.krakow\" \/>\n<meta property=\"article:modified_time\" content=\"2025-09-01T08:49:16+00:00\" \/>\n<meta property=\"og:image\" content=\"https:\/\/www.amuz.krakow.pl\/wp-content\/uploads\/2025\/08\/LAM-27-koncerty-kafelek.jpg\" \/>\n\t<meta property=\"og:image:width\" content=\"1200\" \/>\n\t<meta property=\"og:image:height\" content=\"600\" \/>\n\t<meta property=\"og:image:type\" content=\"image\/jpeg\" \/>\n<meta name=\"twitter:card\" content=\"summary_large_image\" \/>\n<meta name=\"twitter:label1\" content=\"Est. reading time\" \/>\n\t<meta name=\"twitter:data1\" content=\"2 minutes\" \/>\n<script type=\"application\/ld+json\" class=\"yoast-schema-graph\">{\"@context\":\"https:\/\/schema.org\",\"@graph\":[{\"@type\":\"WebPage\",\"@id\":\"https:\/\/www.amuz.krakow.pl\/koncerty-w-ramach-27-lam\/\",\"url\":\"https:\/\/www.amuz.krakow.pl\/koncerty-w-ramach-27-lam\/\",\"name\":\"AMKP - Akademia Muzyczna im. Krzysztofa Pendereckiego w Krakowie\",\"isPartOf\":{\"@id\":\"https:\/\/www.amuz.krakow.pl\/#website\"},\"primaryImageOfPage\":{\"@id\":\"https:\/\/www.amuz.krakow.pl\/koncerty-w-ramach-27-lam\/#primaryimage\"},\"image\":{\"@id\":\"https:\/\/www.amuz.krakow.pl\/koncerty-w-ramach-27-lam\/#primaryimage\"},\"thumbnailUrl\":\"https:\/\/www.amuz.krakow.pl\/wp-content\/uploads\/2025\/08\/LAM-27-koncerty-kafelek.jpg\",\"datePublished\":\"2025-08-19T10:23:23+00:00\",\"dateModified\":\"2025-09-01T08:49:16+00:00\",\"breadcrumb\":{\"@id\":\"https:\/\/www.amuz.krakow.pl\/koncerty-w-ramach-27-lam\/#breadcrumb\"},\"inLanguage\":\"en-US\",\"potentialAction\":[{\"@type\":\"ReadAction\",\"target\":[\"https:\/\/www.amuz.krakow.pl\/koncerty-w-ramach-27-lam\/\"]}]},{\"@type\":\"ImageObject\",\"inLanguage\":\"en-US\",\"@id\":\"https:\/\/www.amuz.krakow.pl\/koncerty-w-ramach-27-lam\/#primaryimage\",\"url\":\"https:\/\/www.amuz.krakow.pl\/wp-content\/uploads\/2025\/08\/LAM-27-koncerty-kafelek.jpg\",\"contentUrl\":\"https:\/\/www.amuz.krakow.pl\/wp-content\/uploads\/2025\/08\/LAM-27-koncerty-kafelek.jpg\",\"width\":1200,\"height\":600},{\"@type\":\"BreadcrumbList\",\"@id\":\"https:\/\/www.amuz.krakow.pl\/koncerty-w-ramach-27-lam\/#breadcrumb\",\"itemListElement\":[{\"@type\":\"ListItem\",\"position\":1,\"name\":\"Strona g\u0142\u00f3wna\",\"item\":\"https:\/\/www.amuz.krakow.pl\/\"},{\"@type\":\"ListItem\",\"position\":2,\"name\":\"Koncerty w ramach 27. Letniej Akademii Muzycznej\"}]},{\"@type\":\"WebSite\",\"@id\":\"https:\/\/www.amuz.krakow.pl\/#website\",\"url\":\"https:\/\/www.amuz.krakow.pl\/\",\"name\":\"Akademia Muzyczna im. Krzysztofa Pendereckiego w Krakowie\",\"description\":\"Oficjalna strona Akademii Muzycznej im. Krzysztofa Pendereckiego w Krakowie (AMKP).\",\"publisher\":{\"@id\":\"https:\/\/www.amuz.krakow.pl\/#organization\"},\"alternateName\":\"AMKP\",\"potentialAction\":[{\"@type\":\"SearchAction\",\"target\":{\"@type\":\"EntryPoint\",\"urlTemplate\":\"https:\/\/www.amuz.krakow.pl\/?s={search_term_string}\"},\"query-input\":{\"@type\":\"PropertyValueSpecification\",\"valueRequired\":true,\"valueName\":\"search_term_string\"}}],\"inLanguage\":\"en-US\"},{\"@type\":\"Organization\",\"@id\":\"https:\/\/www.amuz.krakow.pl\/#organization\",\"name\":\"Akademia Muzyczna im. Krzysztofa Pendereckiego w Krakowie\",\"alternateName\":\"AMKP\",\"url\":\"https:\/\/www.amuz.krakow.pl\/\",\"logo\":{\"@type\":\"ImageObject\",\"inLanguage\":\"en-US\",\"@id\":\"https:\/\/www.amuz.krakow.pl\/#\/schema\/logo\/image\/\",\"url\":\"https:\/\/www.amuz.krakow.pl\/wp-content\/uploads\/2021\/11\/amkp.jpg\",\"contentUrl\":\"https:\/\/www.amuz.krakow.pl\/wp-content\/uploads\/2021\/11\/amkp.jpg\",\"width\":1193,\"height\":591,\"caption\":\"Akademia Muzyczna im. Krzysztofa Pendereckiego w Krakowie\"},\"image\":{\"@id\":\"https:\/\/www.amuz.krakow.pl\/#\/schema\/logo\/image\/\"},\"sameAs\":[\"https:\/\/www.facebook.com\/amuz.krakow\",\"https:\/\/www.instagram.com\/amkpenderecki\/\",\"https:\/\/www.youtube.com\/@amkpenderecki4806\"]}]}<\/script>\n<!-- \/ Yoast SEO plugin. -->","yoast_head_json":{"title":"AMKP - Akademia Muzyczna im. Krzysztofa Pendereckiego w Krakowie","robots":{"index":"index","follow":"follow","max-snippet":"max-snippet:-1","max-image-preview":"max-image-preview:large","max-video-preview":"max-video-preview:-1"},"canonical":"https:\/\/www.amuz.krakow.pl\/koncerty-w-ramach-27-lam\/","og_locale":"en_US","og_type":"article","og_title":"AMKP - Akademia Muzyczna im. Krzysztofa Pendereckiego w Krakowie","og_description":"Uwaga: Zapraszamy na dwa dodatkowe koncerty we wrze\u015bniu. &nbsp; Zapraszamy na koncerty, kt\u00f3re odb\u0119d\u0105 si\u0119 w ramach 27. Letniej Akademii Muzycznej w Krakowie. Podczas wieczornych koncert\u00f3w b\u0119dzie mo\u017cna us\u0142ysze\u0107 trzech&hellip; Continue reading","og_url":"https:\/\/www.amuz.krakow.pl\/koncerty-w-ramach-27-lam\/","og_site_name":"Akademia Muzyczna im. Krzysztofa Pendereckiego w Krakowie","article_publisher":"https:\/\/www.facebook.com\/amuz.krakow","article_modified_time":"2025-09-01T08:49:16+00:00","og_image":[{"width":1200,"height":600,"url":"https:\/\/www.amuz.krakow.pl\/wp-content\/uploads\/2025\/08\/LAM-27-koncerty-kafelek.jpg","type":"image\/jpeg"}],"twitter_card":"summary_large_image","twitter_misc":{"Est. reading time":"2 minutes"},"schema":{"@context":"https:\/\/schema.org","@graph":[{"@type":"WebPage","@id":"https:\/\/www.amuz.krakow.pl\/koncerty-w-ramach-27-lam\/","url":"https:\/\/www.amuz.krakow.pl\/koncerty-w-ramach-27-lam\/","name":"AMKP - Akademia Muzyczna im. Krzysztofa Pendereckiego w Krakowie","isPartOf":{"@id":"https:\/\/www.amuz.krakow.pl\/#website"},"primaryImageOfPage":{"@id":"https:\/\/www.amuz.krakow.pl\/koncerty-w-ramach-27-lam\/#primaryimage"},"image":{"@id":"https:\/\/www.amuz.krakow.pl\/koncerty-w-ramach-27-lam\/#primaryimage"},"thumbnailUrl":"https:\/\/www.amuz.krakow.pl\/wp-content\/uploads\/2025\/08\/LAM-27-koncerty-kafelek.jpg","datePublished":"2025-08-19T10:23:23+00:00","dateModified":"2025-09-01T08:49:16+00:00","breadcrumb":{"@id":"https:\/\/www.amuz.krakow.pl\/koncerty-w-ramach-27-lam\/#breadcrumb"},"inLanguage":"en-US","potentialAction":[{"@type":"ReadAction","target":["https:\/\/www.amuz.krakow.pl\/koncerty-w-ramach-27-lam\/"]}]},{"@type":"ImageObject","inLanguage":"en-US","@id":"https:\/\/www.amuz.krakow.pl\/koncerty-w-ramach-27-lam\/#primaryimage","url":"https:\/\/www.amuz.krakow.pl\/wp-content\/uploads\/2025\/08\/LAM-27-koncerty-kafelek.jpg","contentUrl":"https:\/\/www.amuz.krakow.pl\/wp-content\/uploads\/2025\/08\/LAM-27-koncerty-kafelek.jpg","width":1200,"height":600},{"@type":"BreadcrumbList","@id":"https:\/\/www.amuz.krakow.pl\/koncerty-w-ramach-27-lam\/#breadcrumb","itemListElement":[{"@type":"ListItem","position":1,"name":"Strona g\u0142\u00f3wna","item":"https:\/\/www.amuz.krakow.pl\/"},{"@type":"ListItem","position":2,"name":"Koncerty w ramach 27. Letniej Akademii Muzycznej"}]},{"@type":"WebSite","@id":"https:\/\/www.amuz.krakow.pl\/#website","url":"https:\/\/www.amuz.krakow.pl\/","name":"Akademia Muzyczna im. Krzysztofa Pendereckiego w Krakowie","description":"Oficjalna strona Akademii Muzycznej im. Krzysztofa Pendereckiego w Krakowie (AMKP).","publisher":{"@id":"https:\/\/www.amuz.krakow.pl\/#organization"},"alternateName":"AMKP","potentialAction":[{"@type":"SearchAction","target":{"@type":"EntryPoint","urlTemplate":"https:\/\/www.amuz.krakow.pl\/?s={search_term_string}"},"query-input":{"@type":"PropertyValueSpecification","valueRequired":true,"valueName":"search_term_string"}}],"inLanguage":"en-US"},{"@type":"Organization","@id":"https:\/\/www.amuz.krakow.pl\/#organization","name":"Akademia Muzyczna im. Krzysztofa Pendereckiego w Krakowie","alternateName":"AMKP","url":"https:\/\/www.amuz.krakow.pl\/","logo":{"@type":"ImageObject","inLanguage":"en-US","@id":"https:\/\/www.amuz.krakow.pl\/#\/schema\/logo\/image\/","url":"https:\/\/www.amuz.krakow.pl\/wp-content\/uploads\/2021\/11\/amkp.jpg","contentUrl":"https:\/\/www.amuz.krakow.pl\/wp-content\/uploads\/2021\/11\/amkp.jpg","width":1193,"height":591,"caption":"Akademia Muzyczna im. Krzysztofa Pendereckiego w Krakowie"},"image":{"@id":"https:\/\/www.amuz.krakow.pl\/#\/schema\/logo\/image\/"},"sameAs":["https:\/\/www.facebook.com\/amuz.krakow","https:\/\/www.instagram.com\/amkpenderecki\/","https:\/\/www.youtube.com\/@amkpenderecki4806"]}]}},"_links":{"self":[{"href":"https:\/\/www.amuz.krakow.pl\/en\/wp-json\/wp\/v2\/pages\/106315","targetHints":{"allow":["GET"]}}],"collection":[{"href":"https:\/\/www.amuz.krakow.pl\/en\/wp-json\/wp\/v2\/pages"}],"about":[{"href":"https:\/\/www.amuz.krakow.pl\/en\/wp-json\/wp\/v2\/types\/page"}],"author":[{"embeddable":true,"href":"https:\/\/www.amuz.krakow.pl\/en\/wp-json\/wp\/v2\/users\/71"}],"replies":[{"embeddable":true,"href":"https:\/\/www.amuz.krakow.pl\/en\/wp-json\/wp\/v2\/comments?post=106315"}],"version-history":[{"count":8,"href":"https:\/\/www.amuz.krakow.pl\/en\/wp-json\/wp\/v2\/pages\/106315\/revisions"}],"predecessor-version":[{"id":106458,"href":"https:\/\/www.amuz.krakow.pl\/en\/wp-json\/wp\/v2\/pages\/106315\/revisions\/106458"}],"wp:featuredmedia":[{"embeddable":true,"href":"https:\/\/www.amuz.krakow.pl\/en\/wp-json\/wp\/v2\/media\/106316"}],"wp:attachment":[{"href":"https:\/\/www.amuz.krakow.pl\/en\/wp-json\/wp\/v2\/media?parent=106315"}],"curies":[{"name":"wp","href":"https:\/\/api.w.org\/{rel}","templated":true}]}}