{"id":105600,"date":"2025-07-02T13:17:26","date_gmt":"2025-07-02T11:17:26","guid":{"rendered":"https:\/\/www.amuz.krakow.pl\/?page_id=105600"},"modified":"2025-07-02T14:11:53","modified_gmt":"2025-07-02T12:11:53","slug":"odsloniecie-tablicy-upamietniajacej-postac-boguslawa-schaeffera","status":"publish","type":"page","link":"https:\/\/www.amuz.krakow.pl\/en\/odsloniecie-tablicy-upamietniajacej-postac-boguslawa-schaeffera\/","title":{"rendered":"Ceremony of unveiling of the plaque commemorating Professor Bogus\u0142aw Schaeffer"},"content":{"rendered":"<p><figure id=\"attachment_105771\" aria-describedby=\"caption-attachment-105771\" style=\"width: 1620px\" class=\"wp-caption aligncenter\"><a href=\"https:\/\/www.amuz.krakow.pl\/wp-content\/uploads\/2025\/07\/1620px-Block_of_flats_Boguslaw_Schaeffer_commemorative_plaque_osiedle_Kolorowe_4_Nowa_Huta_Krakow_Poland.jpg\" target=\"_blank\" rel=\"noopener\"><img loading=\"lazy\" decoding=\"async\" class=\"wp-image-105771 size-full\" src=\"https:\/\/www.amuz.krakow.pl\/wp-content\/uploads\/2025\/07\/1620px-Block_of_flats_Boguslaw_Schaeffer_commemorative_plaque_osiedle_Kolorowe_4_Nowa_Huta_Krakow_Poland.jpg\" alt=\"\" width=\"1620\" height=\"1080\" srcset=\"https:\/\/www.amuz.krakow.pl\/wp-content\/uploads\/2025\/07\/1620px-Block_of_flats_Boguslaw_Schaeffer_commemorative_plaque_osiedle_Kolorowe_4_Nowa_Huta_Krakow_Poland.jpg 1620w, https:\/\/www.amuz.krakow.pl\/wp-content\/uploads\/2025\/07\/1620px-Block_of_flats_Boguslaw_Schaeffer_commemorative_plaque_osiedle_Kolorowe_4_Nowa_Huta_Krakow_Poland-300x200.jpg 300w, https:\/\/www.amuz.krakow.pl\/wp-content\/uploads\/2025\/07\/1620px-Block_of_flats_Boguslaw_Schaeffer_commemorative_plaque_osiedle_Kolorowe_4_Nowa_Huta_Krakow_Poland-768x512.jpg 768w, https:\/\/www.amuz.krakow.pl\/wp-content\/uploads\/2025\/07\/1620px-Block_of_flats_Boguslaw_Schaeffer_commemorative_plaque_osiedle_Kolorowe_4_Nowa_Huta_Krakow_Poland-1536x1024.jpg 1536w\" sizes=\"auto, (max-width: 1620px) 100vw, 1620px\" \/><\/a><figcaption id=\"caption-attachment-105771\" class=\"wp-caption-text\">photo by <a href=\"https:\/\/commons.wikimedia.org\/wiki\/File:Block_of_flats,_Bogus%C5%82aw_Schaeffer_commemorative_plaque,_osiedle_Kolorowe_4,_Nowa_Huta,_Krak%C3%B3w,_Poland.jpg\">Igor123121<\/a>, <a href=\"https:\/\/creativecommons.org\/licenses\/by-sa\/4.0\">CC BY-SA 4.0<\/a>, via Wikimedia Commons<\/figcaption><\/figure><\/p>","protected":false},"excerpt":{"rendered":"<p>Sorry, this entry is only available in Polski.<\/p>\n","protected":false},"author":72,"featured_media":105772,"parent":0,"menu_order":0,"comment_status":"closed","ping_status":"closed","template":"","meta":{"footnotes":"","_links_to":"","_links_to_target":""},"class_list":["post-105600","page","type-page","status-publish","has-post-thumbnail","hentry"],"yoast_head":"<!-- This site is optimized with the Yoast SEO plugin v27.2 - https:\/\/yoast.com\/product\/yoast-seo-wordpress\/ -->\n<title>AMKP - Akademia Muzyczna im. Krzysztofa Pendereckiego w Krakowie<\/title>\n<meta name=\"robots\" content=\"index, follow, max-snippet:-1, max-image-preview:large, max-video-preview:-1\" \/>\n<link rel=\"canonical\" href=\"https:\/\/www.amuz.krakow.pl\/odsloniecie-tablicy-upamietniajacej-postac-boguslawa-schaeffera\/\" \/>\n<meta property=\"og:locale\" content=\"en_US\" \/>\n<meta property=\"og:type\" content=\"article\" \/>\n<meta property=\"og:title\" content=\"AMKP - Akademia Muzyczna im. Krzysztofa Pendereckiego w Krakowie\" \/>\n<meta property=\"og:description\" content=\"Sorry, this entry is only available in Polski.\" \/>\n<meta property=\"og:url\" content=\"https:\/\/www.amuz.krakow.pl\/odsloniecie-tablicy-upamietniajacej-postac-boguslawa-schaeffera\/\" \/>\n<meta property=\"og:site_name\" content=\"Akademia Muzyczna im. Krzysztofa Pendereckiego w Krakowie\" \/>\n<meta property=\"article:publisher\" content=\"https:\/\/www.facebook.com\/amuz.krakow\" \/>\n<meta property=\"article:modified_time\" content=\"2025-07-02T12:11:53+00:00\" \/>\n<meta property=\"og:image\" content=\"https:\/\/www.amuz.krakow.pl\/wp-content\/uploads\/2025\/07\/1620px-Block_of_flats_Boguslaw_Schaeffer_commemorative_plaque_osiedle_Kolorowe_4_Nowa_Huta_Krakow_Poland-1.jpg\" \/>\n\t<meta property=\"og:image:width\" content=\"1400\" \/>\n\t<meta property=\"og:image:height\" content=\"700\" \/>\n\t<meta property=\"og:image:type\" content=\"image\/jpeg\" \/>\n<meta name=\"twitter:card\" content=\"summary_large_image\" \/>\n<meta name=\"twitter:label1\" content=\"Est. reading time\" \/>\n\t<meta name=\"twitter:data1\" content=\"1 minute\" \/>\n<script type=\"application\/ld+json\" class=\"yoast-schema-graph\">{\"@context\":\"https:\/\/schema.org\",\"@graph\":[{\"@type\":\"WebPage\",\"@id\":\"https:\/\/www.amuz.krakow.pl\/odsloniecie-tablicy-upamietniajacej-postac-boguslawa-schaeffera\/\",\"url\":\"https:\/\/www.amuz.krakow.pl\/odsloniecie-tablicy-upamietniajacej-postac-boguslawa-schaeffera\/\",\"name\":\"AMKP - Akademia Muzyczna im. Krzysztofa Pendereckiego w Krakowie\",\"isPartOf\":{\"@id\":\"https:\/\/www.amuz.krakow.pl\/#website\"},\"primaryImageOfPage\":{\"@id\":\"https:\/\/www.amuz.krakow.pl\/odsloniecie-tablicy-upamietniajacej-postac-boguslawa-schaeffera\/#primaryimage\"},\"image\":{\"@id\":\"https:\/\/www.amuz.krakow.pl\/odsloniecie-tablicy-upamietniajacej-postac-boguslawa-schaeffera\/#primaryimage\"},\"thumbnailUrl\":\"https:\/\/www.amuz.krakow.pl\/wp-content\/uploads\/2025\/07\/1620px-Block_of_flats_Boguslaw_Schaeffer_commemorative_plaque_osiedle_Kolorowe_4_Nowa_Huta_Krakow_Poland-1.jpg\",\"datePublished\":\"2025-07-02T11:17:26+00:00\",\"dateModified\":\"2025-07-02T12:11:53+00:00\",\"breadcrumb\":{\"@id\":\"https:\/\/www.amuz.krakow.pl\/odsloniecie-tablicy-upamietniajacej-postac-boguslawa-schaeffera\/#breadcrumb\"},\"inLanguage\":\"en-US\",\"potentialAction\":[{\"@type\":\"ReadAction\",\"target\":[\"https:\/\/www.amuz.krakow.pl\/odsloniecie-tablicy-upamietniajacej-postac-boguslawa-schaeffera\/\"]}]},{\"@type\":\"ImageObject\",\"inLanguage\":\"en-US\",\"@id\":\"https:\/\/www.amuz.krakow.pl\/odsloniecie-tablicy-upamietniajacej-postac-boguslawa-schaeffera\/#primaryimage\",\"url\":\"https:\/\/www.amuz.krakow.pl\/wp-content\/uploads\/2025\/07\/1620px-Block_of_flats_Boguslaw_Schaeffer_commemorative_plaque_osiedle_Kolorowe_4_Nowa_Huta_Krakow_Poland-1.jpg\",\"contentUrl\":\"https:\/\/www.amuz.krakow.pl\/wp-content\/uploads\/2025\/07\/1620px-Block_of_flats_Boguslaw_Schaeffer_commemorative_plaque_osiedle_Kolorowe_4_Nowa_Huta_Krakow_Poland-1.jpg\",\"width\":1400,\"height\":700},{\"@type\":\"BreadcrumbList\",\"@id\":\"https:\/\/www.amuz.krakow.pl\/odsloniecie-tablicy-upamietniajacej-postac-boguslawa-schaeffera\/#breadcrumb\",\"itemListElement\":[{\"@type\":\"ListItem\",\"position\":1,\"name\":\"Strona g\u0142\u00f3wna\",\"item\":\"https:\/\/www.amuz.krakow.pl\/\"},{\"@type\":\"ListItem\",\"position\":2,\"name\":\"Ods\u0142oni\u0119cie tablicy upami\u0119tniaj\u0105cej posta\u0107 Bogus\u0142awa Schaeffera\"}]},{\"@type\":\"WebSite\",\"@id\":\"https:\/\/www.amuz.krakow.pl\/#website\",\"url\":\"https:\/\/www.amuz.krakow.pl\/\",\"name\":\"Akademia Muzyczna im. Krzysztofa Pendereckiego w Krakowie\",\"description\":\"Oficjalna strona Akademii Muzycznej im. Krzysztofa Pendereckiego w Krakowie (AMKP).\",\"publisher\":{\"@id\":\"https:\/\/www.amuz.krakow.pl\/#organization\"},\"alternateName\":\"AMKP\",\"potentialAction\":[{\"@type\":\"SearchAction\",\"target\":{\"@type\":\"EntryPoint\",\"urlTemplate\":\"https:\/\/www.amuz.krakow.pl\/?s={search_term_string}\"},\"query-input\":{\"@type\":\"PropertyValueSpecification\",\"valueRequired\":true,\"valueName\":\"search_term_string\"}}],\"inLanguage\":\"en-US\"},{\"@type\":\"Organization\",\"@id\":\"https:\/\/www.amuz.krakow.pl\/#organization\",\"name\":\"Akademia Muzyczna im. Krzysztofa Pendereckiego w Krakowie\",\"alternateName\":\"AMKP\",\"url\":\"https:\/\/www.amuz.krakow.pl\/\",\"logo\":{\"@type\":\"ImageObject\",\"inLanguage\":\"en-US\",\"@id\":\"https:\/\/www.amuz.krakow.pl\/#\/schema\/logo\/image\/\",\"url\":\"https:\/\/www.amuz.krakow.pl\/wp-content\/uploads\/2021\/11\/amkp.jpg\",\"contentUrl\":\"https:\/\/www.amuz.krakow.pl\/wp-content\/uploads\/2021\/11\/amkp.jpg\",\"width\":1193,\"height\":591,\"caption\":\"Akademia Muzyczna im. Krzysztofa Pendereckiego w Krakowie\"},\"image\":{\"@id\":\"https:\/\/www.amuz.krakow.pl\/#\/schema\/logo\/image\/\"},\"sameAs\":[\"https:\/\/www.facebook.com\/amuz.krakow\",\"https:\/\/www.instagram.com\/amkpenderecki\/\",\"https:\/\/www.youtube.com\/@amkpenderecki4806\"]}]}<\/script>\n<!-- \/ Yoast SEO plugin. -->","yoast_head_json":{"title":"AMKP - Akademia Muzyczna im. Krzysztofa Pendereckiego w Krakowie","robots":{"index":"index","follow":"follow","max-snippet":"max-snippet:-1","max-image-preview":"max-image-preview:large","max-video-preview":"max-video-preview:-1"},"canonical":"https:\/\/www.amuz.krakow.pl\/odsloniecie-tablicy-upamietniajacej-postac-boguslawa-schaeffera\/","og_locale":"en_US","og_type":"article","og_title":"AMKP - Akademia Muzyczna im. Krzysztofa Pendereckiego w Krakowie","og_description":"Sorry, this entry is only available in Polski.","og_url":"https:\/\/www.amuz.krakow.pl\/odsloniecie-tablicy-upamietniajacej-postac-boguslawa-schaeffera\/","og_site_name":"Akademia Muzyczna im. Krzysztofa Pendereckiego w Krakowie","article_publisher":"https:\/\/www.facebook.com\/amuz.krakow","article_modified_time":"2025-07-02T12:11:53+00:00","og_image":[{"width":1400,"height":700,"url":"https:\/\/www.amuz.krakow.pl\/wp-content\/uploads\/2025\/07\/1620px-Block_of_flats_Boguslaw_Schaeffer_commemorative_plaque_osiedle_Kolorowe_4_Nowa_Huta_Krakow_Poland-1.jpg","type":"image\/jpeg"}],"twitter_card":"summary_large_image","twitter_misc":{"Est. reading time":"1 minute"},"schema":{"@context":"https:\/\/schema.org","@graph":[{"@type":"WebPage","@id":"https:\/\/www.amuz.krakow.pl\/odsloniecie-tablicy-upamietniajacej-postac-boguslawa-schaeffera\/","url":"https:\/\/www.amuz.krakow.pl\/odsloniecie-tablicy-upamietniajacej-postac-boguslawa-schaeffera\/","name":"AMKP - Akademia Muzyczna im. Krzysztofa Pendereckiego w Krakowie","isPartOf":{"@id":"https:\/\/www.amuz.krakow.pl\/#website"},"primaryImageOfPage":{"@id":"https:\/\/www.amuz.krakow.pl\/odsloniecie-tablicy-upamietniajacej-postac-boguslawa-schaeffera\/#primaryimage"},"image":{"@id":"https:\/\/www.amuz.krakow.pl\/odsloniecie-tablicy-upamietniajacej-postac-boguslawa-schaeffera\/#primaryimage"},"thumbnailUrl":"https:\/\/www.amuz.krakow.pl\/wp-content\/uploads\/2025\/07\/1620px-Block_of_flats_Boguslaw_Schaeffer_commemorative_plaque_osiedle_Kolorowe_4_Nowa_Huta_Krakow_Poland-1.jpg","datePublished":"2025-07-02T11:17:26+00:00","dateModified":"2025-07-02T12:11:53+00:00","breadcrumb":{"@id":"https:\/\/www.amuz.krakow.pl\/odsloniecie-tablicy-upamietniajacej-postac-boguslawa-schaeffera\/#breadcrumb"},"inLanguage":"en-US","potentialAction":[{"@type":"ReadAction","target":["https:\/\/www.amuz.krakow.pl\/odsloniecie-tablicy-upamietniajacej-postac-boguslawa-schaeffera\/"]}]},{"@type":"ImageObject","inLanguage":"en-US","@id":"https:\/\/www.amuz.krakow.pl\/odsloniecie-tablicy-upamietniajacej-postac-boguslawa-schaeffera\/#primaryimage","url":"https:\/\/www.amuz.krakow.pl\/wp-content\/uploads\/2025\/07\/1620px-Block_of_flats_Boguslaw_Schaeffer_commemorative_plaque_osiedle_Kolorowe_4_Nowa_Huta_Krakow_Poland-1.jpg","contentUrl":"https:\/\/www.amuz.krakow.pl\/wp-content\/uploads\/2025\/07\/1620px-Block_of_flats_Boguslaw_Schaeffer_commemorative_plaque_osiedle_Kolorowe_4_Nowa_Huta_Krakow_Poland-1.jpg","width":1400,"height":700},{"@type":"BreadcrumbList","@id":"https:\/\/www.amuz.krakow.pl\/odsloniecie-tablicy-upamietniajacej-postac-boguslawa-schaeffera\/#breadcrumb","itemListElement":[{"@type":"ListItem","position":1,"name":"Strona g\u0142\u00f3wna","item":"https:\/\/www.amuz.krakow.pl\/"},{"@type":"ListItem","position":2,"name":"Ods\u0142oni\u0119cie tablicy upami\u0119tniaj\u0105cej posta\u0107 Bogus\u0142awa Schaeffera"}]},{"@type":"WebSite","@id":"https:\/\/www.amuz.krakow.pl\/#website","url":"https:\/\/www.amuz.krakow.pl\/","name":"Akademia Muzyczna im. Krzysztofa Pendereckiego w Krakowie","description":"Oficjalna strona Akademii Muzycznej im. Krzysztofa Pendereckiego w Krakowie (AMKP).","publisher":{"@id":"https:\/\/www.amuz.krakow.pl\/#organization"},"alternateName":"AMKP","potentialAction":[{"@type":"SearchAction","target":{"@type":"EntryPoint","urlTemplate":"https:\/\/www.amuz.krakow.pl\/?s={search_term_string}"},"query-input":{"@type":"PropertyValueSpecification","valueRequired":true,"valueName":"search_term_string"}}],"inLanguage":"en-US"},{"@type":"Organization","@id":"https:\/\/www.amuz.krakow.pl\/#organization","name":"Akademia Muzyczna im. Krzysztofa Pendereckiego w Krakowie","alternateName":"AMKP","url":"https:\/\/www.amuz.krakow.pl\/","logo":{"@type":"ImageObject","inLanguage":"en-US","@id":"https:\/\/www.amuz.krakow.pl\/#\/schema\/logo\/image\/","url":"https:\/\/www.amuz.krakow.pl\/wp-content\/uploads\/2021\/11\/amkp.jpg","contentUrl":"https:\/\/www.amuz.krakow.pl\/wp-content\/uploads\/2021\/11\/amkp.jpg","width":1193,"height":591,"caption":"Akademia Muzyczna im. Krzysztofa Pendereckiego w Krakowie"},"image":{"@id":"https:\/\/www.amuz.krakow.pl\/#\/schema\/logo\/image\/"},"sameAs":["https:\/\/www.facebook.com\/amuz.krakow","https:\/\/www.instagram.com\/amkpenderecki\/","https:\/\/www.youtube.com\/@amkpenderecki4806"]}]}},"_links":{"self":[{"href":"https:\/\/www.amuz.krakow.pl\/en\/wp-json\/wp\/v2\/pages\/105600","targetHints":{"allow":["GET"]}}],"collection":[{"href":"https:\/\/www.amuz.krakow.pl\/en\/wp-json\/wp\/v2\/pages"}],"about":[{"href":"https:\/\/www.amuz.krakow.pl\/en\/wp-json\/wp\/v2\/types\/page"}],"author":[{"embeddable":true,"href":"https:\/\/www.amuz.krakow.pl\/en\/wp-json\/wp\/v2\/users\/72"}],"replies":[{"embeddable":true,"href":"https:\/\/www.amuz.krakow.pl\/en\/wp-json\/wp\/v2\/comments?post=105600"}],"version-history":[{"count":2,"href":"https:\/\/www.amuz.krakow.pl\/en\/wp-json\/wp\/v2\/pages\/105600\/revisions"}],"predecessor-version":[{"id":105775,"href":"https:\/\/www.amuz.krakow.pl\/en\/wp-json\/wp\/v2\/pages\/105600\/revisions\/105775"}],"wp:featuredmedia":[{"embeddable":true,"href":"https:\/\/www.amuz.krakow.pl\/en\/wp-json\/wp\/v2\/media\/105772"}],"wp:attachment":[{"href":"https:\/\/www.amuz.krakow.pl\/en\/wp-json\/wp\/v2\/media?parent=105600"}],"curies":[{"name":"wp","href":"https:\/\/api.w.org\/{rel}","templated":true}]}}