{"id":105192,"date":"2025-06-18T16:20:47","date_gmt":"2025-06-18T14:20:47","guid":{"rendered":"https:\/\/www.amuz.krakow.pl\/?page_id=105192"},"modified":"2025-06-23T10:04:54","modified_gmt":"2025-06-23T08:04:54","slug":"recitale-dyplomowe-gitara-23-06-2025","status":"publish","type":"page","link":"https:\/\/www.amuz.krakow.pl\/en\/wydzialy\/wydzial-ii-instrumentalny\/katedra-gitary-i-harfy\/aktualnosci-24\/recitale-dyplomowe-gitara-23-06-2025\/","title":{"rendered":"Recitale dyplomowe student\u00f3w i studentek GITARY| 23.06.2025"},"content":{"rendered":"<p><a href=\"https:\/\/www.amuz.krakow.pl\/wp-content\/uploads\/2025\/06\/Plakat-dyplomy-gitara-scaled.png\" target=\"_blank\" rel=\"noopener\"><img loading=\"lazy\" decoding=\"async\" class=\"aligncenter wp-image-105195 size-full\" src=\"https:\/\/www.amuz.krakow.pl\/wp-content\/uploads\/2025\/06\/Plakat-dyplomy-gitara-scaled.png\" alt=\"\" width=\"1448\" height=\"2048\" srcset=\"https:\/\/www.amuz.krakow.pl\/wp-content\/uploads\/2025\/06\/Plakat-dyplomy-gitara-scaled.png 1448w, https:\/\/www.amuz.krakow.pl\/wp-content\/uploads\/2025\/06\/Plakat-dyplomy-gitara-212x300.png 212w, https:\/\/www.amuz.krakow.pl\/wp-content\/uploads\/2025\/06\/Plakat-dyplomy-gitara-768x1086.png 768w, https:\/\/www.amuz.krakow.pl\/wp-content\/uploads\/2025\/06\/Plakat-dyplomy-gitara-1086x1536.png 1086w\" sizes=\"auto, (max-width: 1448px) 100vw, 1448px\" \/><\/a><\/p>\n<p>Katedra Gitary i Harfy zaprasza na recitale dyplomowe licencjackie i magisterskie student\u00f3w i studentek gitary.<\/p>\n<p><span style=\"font-size: 12pt;\"><strong>poniedzia\u0142ek 23 czerwca 2025<\/strong><\/span><br \/>\n<span style=\"font-size: 12pt;\"><strong>Aula Florianka<\/strong><\/span><br \/>\n<span style=\"font-size: 12pt;\"><strong>ul. Sereno Fenn&#8217;a 15<\/strong><\/span><\/p>\n<p><span style=\"font-size: 12pt;\">Recitale dyplomowe licencjackie<\/span><\/p>\n<p>godz. 15.00<br \/>\n<strong>Dorota Perczy\u0144ska<\/strong><br \/>\nKlasa prof. dr hab. Micha\u0142a Nagy\u2019a<br \/>\nIzabela Dobrowolska- Flet<br \/>\nW programie: E. Sainz de la Maza, J. Turina, D. Aguado, M. Giuliani, M. Tadi\u0107<\/p>\n<p>godz. 17:00<br \/>\n<strong>Weronika J\u0119dral<\/strong><br \/>\nKlasa dr hab. Ewy Jab\u0142czy\u0144skiej<br \/>\nPrzy fortepianie: dr hab. S\u0142awomir Cierpik<br \/>\nW programie: G. Regondi, M.M. Ponce, H. Villa-Lobos, R. Gerhard<\/p>\n<p>godz. 19:00<br \/>\n<strong>Igor Zygmunt<\/strong><br \/>\nKlasa dr hab. Mi\u0142osza M\u0105czy\u0144skiego<br \/>\nW programie: L. de Narva\u00e8z, L. de Milan, G. Regondi, M. de Falla, J. H\u00e8tu<\/p>\n<p>&nbsp;<\/p>\n<p><span style=\"font-size: 12pt;\">Recitale dyplomowe magisterskie<\/span><\/p>\n<p>godz. 16:00<br \/>\n<strong>Eryk Jaworski<\/strong><br \/>\nKlasa prof. dr hab. Micha\u0142a Nagy\u2019a oraz dr hab. Mi\u0142osza M\u0105czy\u0144skiego<br \/>\nW programie: D. Buxtehude, M. Giuliani, M. Arnold<\/p>\n<p>godz. 18.00<br \/>\n<strong>Mateusz W\u0105\u017c<\/strong><br \/>\nKlasa prof. dr hab. Micha\u0142a Nagy\u2019a<br \/>\nPrzy fortepianie: dr hab. S\u0142awomir Cierpik<br \/>\nW programie: J. Rodrigo, N. Coste, A. Ginastera<\/p>","protected":false},"excerpt":{"rendered":"<p>Katedra Gitary i Harfy zaprasza na recitale dyplomowe licencjackie i magisterskie student\u00f3w i studentek gitary. poniedzia\u0142ek 23 czerwca 2025 Aula Florianka ul. Sereno Fenn&#8217;a 15 Recitale dyplomowe licencjackie godz. 15.00&hellip; <a href=\"https:\/\/www.amuz.krakow.pl\/en\/wydzialy\/wydzial-ii-instrumentalny\/katedra-gitary-i-harfy\/aktualnosci-24\/recitale-dyplomowe-gitara-23-06-2025\/\">Continue reading<\/a><\/p>\n","protected":false},"author":72,"featured_media":105196,"parent":89185,"menu_order":-12,"comment_status":"closed","ping_status":"closed","template":"","meta":{"footnotes":"","_links_to":"","_links_to_target":""},"class_list":["post-105192","page","type-page","status-publish","has-post-thumbnail","hentry"],"yoast_head":"<!-- This site is optimized with the Yoast SEO plugin v27.4 - https:\/\/yoast.com\/product\/yoast-seo-wordpress\/ -->\n<title>AMKP - Akademia Muzyczna im. Krzysztofa Pendereckiego w Krakowie<\/title>\n<meta name=\"robots\" content=\"index, follow, max-snippet:-1, max-image-preview:large, max-video-preview:-1\" \/>\n<link rel=\"canonical\" href=\"https:\/\/www.amuz.krakow.pl\/wydzialy\/wydzial-ii-instrumentalny\/katedra-gitary-i-harfy\/aktualnosci-24\/recitale-dyplomowe-gitara-23-06-2025\/\" \/>\n<meta property=\"og:locale\" content=\"en_US\" \/>\n<meta property=\"og:type\" content=\"article\" \/>\n<meta property=\"og:title\" content=\"AMKP - Akademia Muzyczna im. Krzysztofa Pendereckiego w Krakowie\" \/>\n<meta property=\"og:description\" content=\"Katedra Gitary i Harfy zaprasza na recitale dyplomowe licencjackie i magisterskie student\u00f3w i studentek gitary. poniedzia\u0142ek 23 czerwca 2025 Aula Florianka ul. Sereno Fenn&#8217;a 15 Recitale dyplomowe licencjackie godz. 15.00&hellip; Continue reading\" \/>\n<meta property=\"og:url\" content=\"https:\/\/www.amuz.krakow.pl\/wydzialy\/wydzial-ii-instrumentalny\/katedra-gitary-i-harfy\/aktualnosci-24\/recitale-dyplomowe-gitara-23-06-2025\/\" \/>\n<meta property=\"og:site_name\" content=\"Akademia Muzyczna im. Krzysztofa Pendereckiego w Krakowie\" \/>\n<meta property=\"article:publisher\" content=\"https:\/\/www.facebook.com\/amuz.krakow\" \/>\n<meta property=\"article:modified_time\" content=\"2025-06-23T08:04:54+00:00\" \/>\n<meta property=\"og:image\" content=\"https:\/\/www.amuz.krakow.pl\/wp-content\/uploads\/2025\/06\/Plakat-dyplomy-gitara_KAFELEK.png\" \/>\n\t<meta property=\"og:image:width\" content=\"1772\" \/>\n\t<meta property=\"og:image:height\" content=\"886\" \/>\n\t<meta property=\"og:image:type\" content=\"image\/png\" \/>\n<meta name=\"twitter:card\" content=\"summary_large_image\" \/>\n<meta name=\"twitter:label1\" content=\"Est. reading time\" \/>\n\t<meta name=\"twitter:data1\" content=\"2 minutes\" \/>\n<script type=\"application\/ld+json\" class=\"yoast-schema-graph\">{\"@context\":\"https:\\\/\\\/schema.org\",\"@graph\":[{\"@type\":\"WebPage\",\"@id\":\"https:\\\/\\\/www.amuz.krakow.pl\\\/wydzialy\\\/wydzial-ii-instrumentalny\\\/katedra-gitary-i-harfy\\\/aktualnosci-24\\\/recitale-dyplomowe-gitara-23-06-2025\\\/\",\"url\":\"https:\\\/\\\/www.amuz.krakow.pl\\\/wydzialy\\\/wydzial-ii-instrumentalny\\\/katedra-gitary-i-harfy\\\/aktualnosci-24\\\/recitale-dyplomowe-gitara-23-06-2025\\\/\",\"name\":\"AMKP - Akademia Muzyczna im. Krzysztofa Pendereckiego w Krakowie\",\"isPartOf\":{\"@id\":\"https:\\\/\\\/www.amuz.krakow.pl\\\/#website\"},\"primaryImageOfPage\":{\"@id\":\"https:\\\/\\\/www.amuz.krakow.pl\\\/wydzialy\\\/wydzial-ii-instrumentalny\\\/katedra-gitary-i-harfy\\\/aktualnosci-24\\\/recitale-dyplomowe-gitara-23-06-2025\\\/#primaryimage\"},\"image\":{\"@id\":\"https:\\\/\\\/www.amuz.krakow.pl\\\/wydzialy\\\/wydzial-ii-instrumentalny\\\/katedra-gitary-i-harfy\\\/aktualnosci-24\\\/recitale-dyplomowe-gitara-23-06-2025\\\/#primaryimage\"},\"thumbnailUrl\":\"https:\\\/\\\/www.amuz.krakow.pl\\\/wp-content\\\/uploads\\\/2025\\\/06\\\/Plakat-dyplomy-gitara_KAFELEK.png\",\"datePublished\":\"2025-06-18T14:20:47+00:00\",\"dateModified\":\"2025-06-23T08:04:54+00:00\",\"breadcrumb\":{\"@id\":\"https:\\\/\\\/www.amuz.krakow.pl\\\/wydzialy\\\/wydzial-ii-instrumentalny\\\/katedra-gitary-i-harfy\\\/aktualnosci-24\\\/recitale-dyplomowe-gitara-23-06-2025\\\/#breadcrumb\"},\"inLanguage\":\"en-US\",\"potentialAction\":[{\"@type\":\"ReadAction\",\"target\":[\"https:\\\/\\\/www.amuz.krakow.pl\\\/wydzialy\\\/wydzial-ii-instrumentalny\\\/katedra-gitary-i-harfy\\\/aktualnosci-24\\\/recitale-dyplomowe-gitara-23-06-2025\\\/\"]}]},{\"@type\":\"ImageObject\",\"inLanguage\":\"en-US\",\"@id\":\"https:\\\/\\\/www.amuz.krakow.pl\\\/wydzialy\\\/wydzial-ii-instrumentalny\\\/katedra-gitary-i-harfy\\\/aktualnosci-24\\\/recitale-dyplomowe-gitara-23-06-2025\\\/#primaryimage\",\"url\":\"https:\\\/\\\/www.amuz.krakow.pl\\\/wp-content\\\/uploads\\\/2025\\\/06\\\/Plakat-dyplomy-gitara_KAFELEK.png\",\"contentUrl\":\"https:\\\/\\\/www.amuz.krakow.pl\\\/wp-content\\\/uploads\\\/2025\\\/06\\\/Plakat-dyplomy-gitara_KAFELEK.png\",\"width\":1772,\"height\":886},{\"@type\":\"BreadcrumbList\",\"@id\":\"https:\\\/\\\/www.amuz.krakow.pl\\\/wydzialy\\\/wydzial-ii-instrumentalny\\\/katedra-gitary-i-harfy\\\/aktualnosci-24\\\/recitale-dyplomowe-gitara-23-06-2025\\\/#breadcrumb\",\"itemListElement\":[{\"@type\":\"ListItem\",\"position\":1,\"name\":\"Strona g\u0142\u00f3wna\",\"item\":\"https:\\\/\\\/www.amuz.krakow.pl\\\/\"},{\"@type\":\"ListItem\",\"position\":2,\"name\":\"WYDZIA\u0141Y\",\"item\":\"https:\\\/\\\/www.amuz.krakow.pl\\\/wydzialy\\\/\"},{\"@type\":\"ListItem\",\"position\":3,\"name\":\"Wydzia\u0142 Instrumentalny\",\"item\":\"https:\\\/\\\/www.amuz.krakow.pl\\\/wydzialy\\\/wydzial-ii-instrumentalny\\\/\"},{\"@type\":\"ListItem\",\"position\":4,\"name\":\"Katedra Gitary i Harfy\",\"item\":\"https:\\\/\\\/www.amuz.krakow.pl\\\/wydzialy\\\/wydzial-ii-instrumentalny\\\/katedra-gitary-i-harfy\\\/\"},{\"@type\":\"ListItem\",\"position\":5,\"name\":\"Archiwum wydarze\u0144 2024\\\/2025\",\"item\":\"https:\\\/\\\/www.amuz.krakow.pl\\\/wydzialy\\\/wydzial-ii-instrumentalny\\\/katedra-gitary-i-harfy\\\/aktualnosci-24\\\/\"},{\"@type\":\"ListItem\",\"position\":6,\"name\":\"Recitale dyplomowe studentek i student\u00f3w gitary | 23.06.2025\"}]},{\"@type\":\"WebSite\",\"@id\":\"https:\\\/\\\/www.amuz.krakow.pl\\\/#website\",\"url\":\"https:\\\/\\\/www.amuz.krakow.pl\\\/\",\"name\":\"Akademia Muzyczna im. Krzysztofa Pendereckiego w Krakowie\",\"description\":\"Oficjalna strona Akademii Muzycznej im. Krzysztofa Pendereckiego w Krakowie (AMKP).\",\"publisher\":{\"@id\":\"https:\\\/\\\/www.amuz.krakow.pl\\\/#organization\"},\"alternateName\":\"AMKP\",\"potentialAction\":[{\"@type\":\"SearchAction\",\"target\":{\"@type\":\"EntryPoint\",\"urlTemplate\":\"https:\\\/\\\/www.amuz.krakow.pl\\\/?s={search_term_string}\"},\"query-input\":{\"@type\":\"PropertyValueSpecification\",\"valueRequired\":true,\"valueName\":\"search_term_string\"}}],\"inLanguage\":\"en-US\"},{\"@type\":\"Organization\",\"@id\":\"https:\\\/\\\/www.amuz.krakow.pl\\\/#organization\",\"name\":\"Akademia Muzyczna im. Krzysztofa Pendereckiego w Krakowie\",\"alternateName\":\"AMKP\",\"url\":\"https:\\\/\\\/www.amuz.krakow.pl\\\/\",\"logo\":{\"@type\":\"ImageObject\",\"inLanguage\":\"en-US\",\"@id\":\"https:\\\/\\\/www.amuz.krakow.pl\\\/#\\\/schema\\\/logo\\\/image\\\/\",\"url\":\"https:\\\/\\\/www.amuz.krakow.pl\\\/wp-content\\\/uploads\\\/2021\\\/11\\\/amkp.jpg\",\"contentUrl\":\"https:\\\/\\\/www.amuz.krakow.pl\\\/wp-content\\\/uploads\\\/2021\\\/11\\\/amkp.jpg\",\"width\":1193,\"height\":591,\"caption\":\"Akademia Muzyczna im. Krzysztofa Pendereckiego w Krakowie\"},\"image\":{\"@id\":\"https:\\\/\\\/www.amuz.krakow.pl\\\/#\\\/schema\\\/logo\\\/image\\\/\"},\"sameAs\":[\"https:\\\/\\\/www.facebook.com\\\/amuz.krakow\",\"https:\\\/\\\/www.instagram.com\\\/amkpenderecki\\\/\",\"https:\\\/\\\/www.youtube.com\\\/@amkpenderecki4806\"]}]}<\/script>\n<!-- \/ Yoast SEO plugin. -->","yoast_head_json":{"title":"AMKP - Akademia Muzyczna im. Krzysztofa Pendereckiego w Krakowie","robots":{"index":"index","follow":"follow","max-snippet":"max-snippet:-1","max-image-preview":"max-image-preview:large","max-video-preview":"max-video-preview:-1"},"canonical":"https:\/\/www.amuz.krakow.pl\/wydzialy\/wydzial-ii-instrumentalny\/katedra-gitary-i-harfy\/aktualnosci-24\/recitale-dyplomowe-gitara-23-06-2025\/","og_locale":"en_US","og_type":"article","og_title":"AMKP - Akademia Muzyczna im. Krzysztofa Pendereckiego w Krakowie","og_description":"Katedra Gitary i Harfy zaprasza na recitale dyplomowe licencjackie i magisterskie student\u00f3w i studentek gitary. poniedzia\u0142ek 23 czerwca 2025 Aula Florianka ul. Sereno Fenn&#8217;a 15 Recitale dyplomowe licencjackie godz. 15.00&hellip; Continue reading","og_url":"https:\/\/www.amuz.krakow.pl\/wydzialy\/wydzial-ii-instrumentalny\/katedra-gitary-i-harfy\/aktualnosci-24\/recitale-dyplomowe-gitara-23-06-2025\/","og_site_name":"Akademia Muzyczna im. Krzysztofa Pendereckiego w Krakowie","article_publisher":"https:\/\/www.facebook.com\/amuz.krakow","article_modified_time":"2025-06-23T08:04:54+00:00","og_image":[{"width":1772,"height":886,"url":"https:\/\/www.amuz.krakow.pl\/wp-content\/uploads\/2025\/06\/Plakat-dyplomy-gitara_KAFELEK.png","type":"image\/png"}],"twitter_card":"summary_large_image","twitter_misc":{"Est. reading time":"2 minutes"},"schema":{"@context":"https:\/\/schema.org","@graph":[{"@type":"WebPage","@id":"https:\/\/www.amuz.krakow.pl\/wydzialy\/wydzial-ii-instrumentalny\/katedra-gitary-i-harfy\/aktualnosci-24\/recitale-dyplomowe-gitara-23-06-2025\/","url":"https:\/\/www.amuz.krakow.pl\/wydzialy\/wydzial-ii-instrumentalny\/katedra-gitary-i-harfy\/aktualnosci-24\/recitale-dyplomowe-gitara-23-06-2025\/","name":"AMKP - Akademia Muzyczna im. Krzysztofa Pendereckiego w Krakowie","isPartOf":{"@id":"https:\/\/www.amuz.krakow.pl\/#website"},"primaryImageOfPage":{"@id":"https:\/\/www.amuz.krakow.pl\/wydzialy\/wydzial-ii-instrumentalny\/katedra-gitary-i-harfy\/aktualnosci-24\/recitale-dyplomowe-gitara-23-06-2025\/#primaryimage"},"image":{"@id":"https:\/\/www.amuz.krakow.pl\/wydzialy\/wydzial-ii-instrumentalny\/katedra-gitary-i-harfy\/aktualnosci-24\/recitale-dyplomowe-gitara-23-06-2025\/#primaryimage"},"thumbnailUrl":"https:\/\/www.amuz.krakow.pl\/wp-content\/uploads\/2025\/06\/Plakat-dyplomy-gitara_KAFELEK.png","datePublished":"2025-06-18T14:20:47+00:00","dateModified":"2025-06-23T08:04:54+00:00","breadcrumb":{"@id":"https:\/\/www.amuz.krakow.pl\/wydzialy\/wydzial-ii-instrumentalny\/katedra-gitary-i-harfy\/aktualnosci-24\/recitale-dyplomowe-gitara-23-06-2025\/#breadcrumb"},"inLanguage":"en-US","potentialAction":[{"@type":"ReadAction","target":["https:\/\/www.amuz.krakow.pl\/wydzialy\/wydzial-ii-instrumentalny\/katedra-gitary-i-harfy\/aktualnosci-24\/recitale-dyplomowe-gitara-23-06-2025\/"]}]},{"@type":"ImageObject","inLanguage":"en-US","@id":"https:\/\/www.amuz.krakow.pl\/wydzialy\/wydzial-ii-instrumentalny\/katedra-gitary-i-harfy\/aktualnosci-24\/recitale-dyplomowe-gitara-23-06-2025\/#primaryimage","url":"https:\/\/www.amuz.krakow.pl\/wp-content\/uploads\/2025\/06\/Plakat-dyplomy-gitara_KAFELEK.png","contentUrl":"https:\/\/www.amuz.krakow.pl\/wp-content\/uploads\/2025\/06\/Plakat-dyplomy-gitara_KAFELEK.png","width":1772,"height":886},{"@type":"BreadcrumbList","@id":"https:\/\/www.amuz.krakow.pl\/wydzialy\/wydzial-ii-instrumentalny\/katedra-gitary-i-harfy\/aktualnosci-24\/recitale-dyplomowe-gitara-23-06-2025\/#breadcrumb","itemListElement":[{"@type":"ListItem","position":1,"name":"Strona g\u0142\u00f3wna","item":"https:\/\/www.amuz.krakow.pl\/"},{"@type":"ListItem","position":2,"name":"WYDZIA\u0141Y","item":"https:\/\/www.amuz.krakow.pl\/wydzialy\/"},{"@type":"ListItem","position":3,"name":"Wydzia\u0142 Instrumentalny","item":"https:\/\/www.amuz.krakow.pl\/wydzialy\/wydzial-ii-instrumentalny\/"},{"@type":"ListItem","position":4,"name":"Katedra Gitary i Harfy","item":"https:\/\/www.amuz.krakow.pl\/wydzialy\/wydzial-ii-instrumentalny\/katedra-gitary-i-harfy\/"},{"@type":"ListItem","position":5,"name":"Archiwum wydarze\u0144 2024\/2025","item":"https:\/\/www.amuz.krakow.pl\/wydzialy\/wydzial-ii-instrumentalny\/katedra-gitary-i-harfy\/aktualnosci-24\/"},{"@type":"ListItem","position":6,"name":"Recitale dyplomowe studentek i student\u00f3w gitary | 23.06.2025"}]},{"@type":"WebSite","@id":"https:\/\/www.amuz.krakow.pl\/#website","url":"https:\/\/www.amuz.krakow.pl\/","name":"Akademia Muzyczna im. Krzysztofa Pendereckiego w Krakowie","description":"Oficjalna strona Akademii Muzycznej im. Krzysztofa Pendereckiego w Krakowie (AMKP).","publisher":{"@id":"https:\/\/www.amuz.krakow.pl\/#organization"},"alternateName":"AMKP","potentialAction":[{"@type":"SearchAction","target":{"@type":"EntryPoint","urlTemplate":"https:\/\/www.amuz.krakow.pl\/?s={search_term_string}"},"query-input":{"@type":"PropertyValueSpecification","valueRequired":true,"valueName":"search_term_string"}}],"inLanguage":"en-US"},{"@type":"Organization","@id":"https:\/\/www.amuz.krakow.pl\/#organization","name":"Akademia Muzyczna im. Krzysztofa Pendereckiego w Krakowie","alternateName":"AMKP","url":"https:\/\/www.amuz.krakow.pl\/","logo":{"@type":"ImageObject","inLanguage":"en-US","@id":"https:\/\/www.amuz.krakow.pl\/#\/schema\/logo\/image\/","url":"https:\/\/www.amuz.krakow.pl\/wp-content\/uploads\/2021\/11\/amkp.jpg","contentUrl":"https:\/\/www.amuz.krakow.pl\/wp-content\/uploads\/2021\/11\/amkp.jpg","width":1193,"height":591,"caption":"Akademia Muzyczna im. Krzysztofa Pendereckiego w Krakowie"},"image":{"@id":"https:\/\/www.amuz.krakow.pl\/#\/schema\/logo\/image\/"},"sameAs":["https:\/\/www.facebook.com\/amuz.krakow","https:\/\/www.instagram.com\/amkpenderecki\/","https:\/\/www.youtube.com\/@amkpenderecki4806"]}]}},"_links":{"self":[{"href":"https:\/\/www.amuz.krakow.pl\/en\/wp-json\/wp\/v2\/pages\/105192","targetHints":{"allow":["GET"]}}],"collection":[{"href":"https:\/\/www.amuz.krakow.pl\/en\/wp-json\/wp\/v2\/pages"}],"about":[{"href":"https:\/\/www.amuz.krakow.pl\/en\/wp-json\/wp\/v2\/types\/page"}],"author":[{"embeddable":true,"href":"https:\/\/www.amuz.krakow.pl\/en\/wp-json\/wp\/v2\/users\/72"}],"replies":[{"embeddable":true,"href":"https:\/\/www.amuz.krakow.pl\/en\/wp-json\/wp\/v2\/comments?post=105192"}],"version-history":[{"count":2,"href":"https:\/\/www.amuz.krakow.pl\/en\/wp-json\/wp\/v2\/pages\/105192\/revisions"}],"predecessor-version":[{"id":105205,"href":"https:\/\/www.amuz.krakow.pl\/en\/wp-json\/wp\/v2\/pages\/105192\/revisions\/105205"}],"up":[{"embeddable":true,"href":"https:\/\/www.amuz.krakow.pl\/en\/wp-json\/wp\/v2\/pages\/89185"}],"wp:featuredmedia":[{"embeddable":true,"href":"https:\/\/www.amuz.krakow.pl\/en\/wp-json\/wp\/v2\/media\/105196"}],"wp:attachment":[{"href":"https:\/\/www.amuz.krakow.pl\/en\/wp-json\/wp\/v2\/media?parent=105192"}],"curies":[{"name":"wp","href":"https:\/\/api.w.org\/{rel}","templated":true}]}}