{"id":102746,"date":"2025-05-08T13:30:44","date_gmt":"2025-05-08T11:30:44","guid":{"rendered":"https:\/\/www.amuz.krakow.pl\/?page_id=102746"},"modified":"2025-05-14T11:52:11","modified_gmt":"2025-05-14T09:52:11","slug":"inspiracje-interpretacje-improwizacje-koncert-w-muzeum-sztuki-i-techniki-japonskiej-manggha","status":"publish","type":"page","link":"https:\/\/www.amuz.krakow.pl\/en\/wydzialy\/wydzial-ii-instrumentalny\/katedra-perkusji-i-muzyki-wspolczesnej\/aktualnosci-24\/inspiracje-interpretacje-improwizacje-koncert-w-muzeum-sztuki-i-techniki-japonskiej-manggha\/","title":{"rendered":"Inspiracje, Interpretacje, Improwizacje &#8211; koncert w Muzeum Sztuki i Techniki Japo\u0144skiej &#8220;Manggha&#8221; | 18.05.2025"},"content":{"rendered":"<p>18 maja 2025 Katedra Perkusji i Muzyki Wsp\u00f3\u0142czesnej Akademii Muzycznej im. Krzysztofa Pendereckiego w Krakowie serdecznie zaprasza do Mangghi &#8211; Muzeum Sztuki i Techniki Japo\u0144skiej na koncert Inspiracje, Interpretacje, Improwizacje. W wydarzeniu udzia\u0142 wezm\u0105 studenci i pedagodzy krakowskiej uczelni muzycznej prezentuj\u0105c szerokie spektrum muzyki nowej &#8211; zar\u00f3wno tej zaliczanej do klasyki wsp\u00f3\u0142czesno\u015bci, jak i tworzonej w ostatnim czasie.<\/p>\n<p>Ide\u0105 przewodni\u0105 spotkania z t\u0105 sztuk\u0105 b\u0119dzie ukazanie r\u00f3\u017cnych \u015bcie\u017cek dialogu, jaki podejmuje z ni\u0105 m\u0142ode pokolenie wykonawc\u00f3w i kompozytor\u00f3w. Wci\u0105\u017c bowiem inspiruj\u0105 si\u0119 oni tym, co zosta\u0142o stworzone, aby dochodzi\u0107 do nowych paradygmat\u00f3w w sztuce. Wiemy jednak, \u017ce pr\u00f3by ustosunkowania si\u0119 do muzycznej tradycji mog\u0105 niekiedy prowadzi\u0107 w stron\u0119 przeciwn\u0105 \u2013 ku tw\u00f3rczemu uniezale\u017cnieniu si\u0119 od niej, wykraczaj\u0105c niejednokrotnie poza obszar sztuki d\u017awi\u0119k\u00f3w. Wszystkie te aspekty muzyki wsp\u00f3\u0142czesnej znajd\u0105 odzwierciedlenie w programie koncertu.<\/p>\n<p>Jako spo\u0142eczno\u015b\u0107 akademicka pragniemy mie\u0107 ten przywilej, zach\u0119caj\u0105c r\u00f3wnie\u017c Pa\u0144stwa do udzia\u0142u w nim poprzez uczestnictwo w wydarzeniu, aby by\u0107 \u015bwiadkami muzycznego dialogu m\u0142odego pokolenia z jego Mistrzami. Wierzymy, \u017ce ch\u0142on\u0105c t\u0119 w\u0142a\u015bnie atmosfer\u0119 b\u0119dzie wszystkim nam dane zbli\u017cy\u0107 si\u0119 do przes\u0142ania wybrzmiewaj\u0105cego w \u017cyciu i tw\u00f3rczo\u015bci Andrzeja Wajdy, wsp\u00f3\u0142fundatora krakowskiej Mangghi, dla kt\u00f3rego czerpanie inspiracji z r\u00f3\u017cnych dziedzin sztuki i kultur stanowi\u0142o wielce o\u017cywcz\u0105 iskr\u0119 tw\u00f3rczego imperatywu.<\/p>\n<p>&nbsp;<\/p>\n<p><span style=\"font-size: 12pt;\"><strong>niedziela 18 maja 2025, 18:00<\/strong><\/span><br \/>\n<span style=\"font-size: 12pt;\"><strong>Manggha. Muzeum Sztuki i Techniki Japo\u0144skiej<\/strong><\/span><br \/>\n<span style=\"font-size: 12pt;\"><strong>ul. Marii Konopnickiej 26, Krak\u00f3w<\/strong><\/span><\/p>\n<p><em><span style=\"font-size: 12pt;\">Inspiracje, Interpretacje, Improwizacje<\/span><\/em><\/p>\n<p><strong>GEORGE CRUMB <\/strong><em>An Idyll for the Misbegotten<\/em> (1985)<\/p>\n<p>Hanna Pysz \u2013 flet<br \/>\nNathan \u015acibiwo\u0142k, Igor Sikorski, Micha\u0142 Kisielewicz \u2013 perkusja<\/p>\n<p><strong>JULIUSZ \u0141UCIUK <\/strong><em>Arabeska nr 2<\/em> (1987) na dwa fortepiany<\/p>\n<p>Zuzanna Haberka \u2013 fortepian<br \/>\nJonasz Jochemczyk \u2013 fortepian<\/p>\n<p><strong>DOINA ROTARU <\/strong><em>Crystals <\/em>(2002)<\/p>\n<p>Aleksandra Orzo\u0142 \u2013 flet<br \/>\nJadwiga Mglej \u2013 fortepian<\/p>\n<p><strong>LUCIANO BERIO <\/strong><em>Duetti per due violini <\/em>(1979-1983)<\/p>\n<ol>\n<li><em>Piero (Farulli)<\/em><\/li>\n<li><em>Alfredo (Fiorenzani)<\/em><\/li>\n<li><em>Bruno (Maderna)<\/em><\/li>\n<li><em>Maja (Pliseckaja)<\/em><\/li>\n<li><em>Maurice (Fleuret)<\/em><\/li>\n<li><em>Yossi (Pecker)<\/em><\/li>\n<\/ol>\n<p>Monika Szalkowska \u2013 skrzypce<br \/>\nKarol Cie\u015bla \u2013 skrzypce<\/p>\n<p><strong>TERRY RILEY <\/strong><em>Tread on the Trail <\/em>(1965) wersja na kwintet<\/p>\n<p>Julia Szlendak \u2013 skrzypce<br \/>\nKarol Michalik \u2013 akordeon<br \/>\nMatteo Gurrieri \u2013 gitara elektryczna<br \/>\nMaryia Shchasiuk \u2013 marimba<br \/>\nBeniamin Gle\u0144 \u2013 wibrafon<\/p>\n<p><strong>ADAM WALACI\u0143SKI <\/strong><em>Moments musicaux avec Postlude en hommage \u00e0 I. S. <\/em>(1987) na 2 fortepiany<\/p>\n<p>Zuzanna Haberka \u2013 fortepian<br \/>\nJonasz Jochemczyk \u2013 fortepian<em>\u00a0 <\/em><\/p>\n<p><strong>PIOTR K\u0118DZIERSKI <\/strong><em>Piktogramy <\/em>(2023) na trzech pianist\u00f3w przy jednym fortepianie<\/p>\n<p>Tien Doan, Meijun Chen, Tianrui Chen \u2013 fortepian<\/p>\n<p><strong>SALVADOR TORR\u00c9 <\/strong><em>Sandclock <\/em>(2013), opracowanie w\u0142asne<\/p>\n<p>Zuzanna Haberka, Jonasz Jochemczyk, Piotr K\u0119dzierski, Jadwiga Mglej, Justyna Pi\u0119ko\u015b-K\u0119dzierska, Martyna Zakrzewska \u2013 fortepiany<br \/>\nBeniamin Gle\u0144, Maciej Ha\u0142o\u0144, Maryia Shchasiuk, Anna Szkudlarek &#8211; perkusja<\/p>","protected":false},"excerpt":{"rendered":"<p>18 maja 2025 Katedra Perkusji i Muzyki Wsp\u00f3\u0142czesnej Akademii Muzycznej im. Krzysztofa Pendereckiego w Krakowie serdecznie zaprasza do Mangghi &#8211; Muzeum Sztuki i Techniki Japo\u0144skiej na koncert Inspiracje, Interpretacje, Improwizacje.&hellip; <a href=\"https:\/\/www.amuz.krakow.pl\/en\/wydzialy\/wydzial-ii-instrumentalny\/katedra-perkusji-i-muzyki-wspolczesnej\/aktualnosci-24\/inspiracje-interpretacje-improwizacje-koncert-w-muzeum-sztuki-i-techniki-japonskiej-manggha\/\">Continue reading<\/a><\/p>\n","protected":false},"author":72,"featured_media":103020,"parent":89198,"menu_order":-12,"comment_status":"closed","ping_status":"closed","template":"","meta":{"footnotes":"","_links_to":"","_links_to_target":""},"class_list":["post-102746","page","type-page","status-publish","has-post-thumbnail","hentry"],"yoast_head":"<!-- This site is optimized with the Yoast SEO plugin v27.2 - https:\/\/yoast.com\/product\/yoast-seo-wordpress\/ -->\n<title>AMKP - Akademia Muzyczna im. Krzysztofa Pendereckiego w Krakowie<\/title>\n<meta name=\"robots\" content=\"index, follow, max-snippet:-1, max-image-preview:large, max-video-preview:-1\" \/>\n<link rel=\"canonical\" href=\"https:\/\/www.amuz.krakow.pl\/wydzialy\/wydzial-ii-instrumentalny\/katedra-perkusji-i-muzyki-wspolczesnej\/aktualnosci-24\/inspiracje-interpretacje-improwizacje-koncert-w-muzeum-sztuki-i-techniki-japonskiej-manggha\/\" \/>\n<meta property=\"og:locale\" content=\"en_US\" \/>\n<meta property=\"og:type\" content=\"article\" \/>\n<meta property=\"og:title\" content=\"AMKP - Akademia Muzyczna im. Krzysztofa Pendereckiego w Krakowie\" \/>\n<meta property=\"og:description\" content=\"18 maja 2025 Katedra Perkusji i Muzyki Wsp\u00f3\u0142czesnej Akademii Muzycznej im. Krzysztofa Pendereckiego w Krakowie serdecznie zaprasza do Mangghi &#8211; Muzeum Sztuki i Techniki Japo\u0144skiej na koncert Inspiracje, Interpretacje, Improwizacje.&hellip; Continue reading\" \/>\n<meta property=\"og:url\" content=\"https:\/\/www.amuz.krakow.pl\/wydzialy\/wydzial-ii-instrumentalny\/katedra-perkusji-i-muzyki-wspolczesnej\/aktualnosci-24\/inspiracje-interpretacje-improwizacje-koncert-w-muzeum-sztuki-i-techniki-japonskiej-manggha\/\" \/>\n<meta property=\"og:site_name\" content=\"Akademia Muzyczna im. Krzysztofa Pendereckiego w Krakowie\" \/>\n<meta property=\"article:publisher\" content=\"https:\/\/www.facebook.com\/amuz.krakow\" \/>\n<meta property=\"article:modified_time\" content=\"2025-05-14T09:52:11+00:00\" \/>\n<meta property=\"og:image\" content=\"https:\/\/www.amuz.krakow.pl\/wp-content\/uploads\/2025\/05\/Manggha-Inspiracje-Interpretacje-Improwizacje_kafel.jpg\" \/>\n\t<meta property=\"og:image:width\" content=\"850\" \/>\n\t<meta property=\"og:image:height\" content=\"425\" \/>\n\t<meta property=\"og:image:type\" content=\"image\/jpeg\" \/>\n<meta name=\"twitter:card\" content=\"summary_large_image\" \/>\n<meta name=\"twitter:label1\" content=\"Est. reading time\" \/>\n\t<meta name=\"twitter:data1\" content=\"3 minutes\" \/>\n<script type=\"application\/ld+json\" class=\"yoast-schema-graph\">{\"@context\":\"https:\/\/schema.org\",\"@graph\":[{\"@type\":\"WebPage\",\"@id\":\"https:\/\/www.amuz.krakow.pl\/wydzialy\/wydzial-ii-instrumentalny\/katedra-perkusji-i-muzyki-wspolczesnej\/aktualnosci-24\/inspiracje-interpretacje-improwizacje-koncert-w-muzeum-sztuki-i-techniki-japonskiej-manggha\/\",\"url\":\"https:\/\/www.amuz.krakow.pl\/wydzialy\/wydzial-ii-instrumentalny\/katedra-perkusji-i-muzyki-wspolczesnej\/aktualnosci-24\/inspiracje-interpretacje-improwizacje-koncert-w-muzeum-sztuki-i-techniki-japonskiej-manggha\/\",\"name\":\"AMKP - Akademia Muzyczna im. Krzysztofa Pendereckiego w Krakowie\",\"isPartOf\":{\"@id\":\"https:\/\/www.amuz.krakow.pl\/#website\"},\"primaryImageOfPage\":{\"@id\":\"https:\/\/www.amuz.krakow.pl\/wydzialy\/wydzial-ii-instrumentalny\/katedra-perkusji-i-muzyki-wspolczesnej\/aktualnosci-24\/inspiracje-interpretacje-improwizacje-koncert-w-muzeum-sztuki-i-techniki-japonskiej-manggha\/#primaryimage\"},\"image\":{\"@id\":\"https:\/\/www.amuz.krakow.pl\/wydzialy\/wydzial-ii-instrumentalny\/katedra-perkusji-i-muzyki-wspolczesnej\/aktualnosci-24\/inspiracje-interpretacje-improwizacje-koncert-w-muzeum-sztuki-i-techniki-japonskiej-manggha\/#primaryimage\"},\"thumbnailUrl\":\"https:\/\/www.amuz.krakow.pl\/wp-content\/uploads\/2025\/05\/Manggha-Inspiracje-Interpretacje-Improwizacje_kafel.jpg\",\"datePublished\":\"2025-05-08T11:30:44+00:00\",\"dateModified\":\"2025-05-14T09:52:11+00:00\",\"breadcrumb\":{\"@id\":\"https:\/\/www.amuz.krakow.pl\/wydzialy\/wydzial-ii-instrumentalny\/katedra-perkusji-i-muzyki-wspolczesnej\/aktualnosci-24\/inspiracje-interpretacje-improwizacje-koncert-w-muzeum-sztuki-i-techniki-japonskiej-manggha\/#breadcrumb\"},\"inLanguage\":\"en-US\",\"potentialAction\":[{\"@type\":\"ReadAction\",\"target\":[\"https:\/\/www.amuz.krakow.pl\/wydzialy\/wydzial-ii-instrumentalny\/katedra-perkusji-i-muzyki-wspolczesnej\/aktualnosci-24\/inspiracje-interpretacje-improwizacje-koncert-w-muzeum-sztuki-i-techniki-japonskiej-manggha\/\"]}]},{\"@type\":\"ImageObject\",\"inLanguage\":\"en-US\",\"@id\":\"https:\/\/www.amuz.krakow.pl\/wydzialy\/wydzial-ii-instrumentalny\/katedra-perkusji-i-muzyki-wspolczesnej\/aktualnosci-24\/inspiracje-interpretacje-improwizacje-koncert-w-muzeum-sztuki-i-techniki-japonskiej-manggha\/#primaryimage\",\"url\":\"https:\/\/www.amuz.krakow.pl\/wp-content\/uploads\/2025\/05\/Manggha-Inspiracje-Interpretacje-Improwizacje_kafel.jpg\",\"contentUrl\":\"https:\/\/www.amuz.krakow.pl\/wp-content\/uploads\/2025\/05\/Manggha-Inspiracje-Interpretacje-Improwizacje_kafel.jpg\",\"width\":850,\"height\":425},{\"@type\":\"BreadcrumbList\",\"@id\":\"https:\/\/www.amuz.krakow.pl\/wydzialy\/wydzial-ii-instrumentalny\/katedra-perkusji-i-muzyki-wspolczesnej\/aktualnosci-24\/inspiracje-interpretacje-improwizacje-koncert-w-muzeum-sztuki-i-techniki-japonskiej-manggha\/#breadcrumb\",\"itemListElement\":[{\"@type\":\"ListItem\",\"position\":1,\"name\":\"Strona g\u0142\u00f3wna\",\"item\":\"https:\/\/www.amuz.krakow.pl\/\"},{\"@type\":\"ListItem\",\"position\":2,\"name\":\"WYDZIA\u0141Y\",\"item\":\"https:\/\/www.amuz.krakow.pl\/wydzialy\/\"},{\"@type\":\"ListItem\",\"position\":3,\"name\":\"Wydzia\u0142 Instrumentalny\",\"item\":\"https:\/\/www.amuz.krakow.pl\/wydzialy\/wydzial-ii-instrumentalny\/\"},{\"@type\":\"ListItem\",\"position\":4,\"name\":\"Katedra Perkusji i&nbsp;Muzyki Wsp\u00f3\u0142czesnej\",\"item\":\"https:\/\/www.amuz.krakow.pl\/wydzialy\/wydzial-ii-instrumentalny\/katedra-perkusji-i-muzyki-wspolczesnej\/\"},{\"@type\":\"ListItem\",\"position\":5,\"name\":\"Archiwum wydarze\u0144 2024\/2025\",\"item\":\"https:\/\/www.amuz.krakow.pl\/wydzialy\/wydzial-ii-instrumentalny\/katedra-perkusji-i-muzyki-wspolczesnej\/aktualnosci-24\/\"},{\"@type\":\"ListItem\",\"position\":6,\"name\":\"Inspiracje, Interpretacje, Improwizacje &#8211; koncert w Muzeum Sztuki i Techniki Japo\u0144skiej &#8222;Manggha&#8221; | 18.05.2025\"}]},{\"@type\":\"WebSite\",\"@id\":\"https:\/\/www.amuz.krakow.pl\/#website\",\"url\":\"https:\/\/www.amuz.krakow.pl\/\",\"name\":\"Akademia Muzyczna im. Krzysztofa Pendereckiego w Krakowie\",\"description\":\"Oficjalna strona Akademii Muzycznej im. Krzysztofa Pendereckiego w Krakowie (AMKP).\",\"publisher\":{\"@id\":\"https:\/\/www.amuz.krakow.pl\/#organization\"},\"alternateName\":\"AMKP\",\"potentialAction\":[{\"@type\":\"SearchAction\",\"target\":{\"@type\":\"EntryPoint\",\"urlTemplate\":\"https:\/\/www.amuz.krakow.pl\/?s={search_term_string}\"},\"query-input\":{\"@type\":\"PropertyValueSpecification\",\"valueRequired\":true,\"valueName\":\"search_term_string\"}}],\"inLanguage\":\"en-US\"},{\"@type\":\"Organization\",\"@id\":\"https:\/\/www.amuz.krakow.pl\/#organization\",\"name\":\"Akademia Muzyczna im. Krzysztofa Pendereckiego w Krakowie\",\"alternateName\":\"AMKP\",\"url\":\"https:\/\/www.amuz.krakow.pl\/\",\"logo\":{\"@type\":\"ImageObject\",\"inLanguage\":\"en-US\",\"@id\":\"https:\/\/www.amuz.krakow.pl\/#\/schema\/logo\/image\/\",\"url\":\"https:\/\/www.amuz.krakow.pl\/wp-content\/uploads\/2021\/11\/amkp.jpg\",\"contentUrl\":\"https:\/\/www.amuz.krakow.pl\/wp-content\/uploads\/2021\/11\/amkp.jpg\",\"width\":1193,\"height\":591,\"caption\":\"Akademia Muzyczna im. Krzysztofa Pendereckiego w Krakowie\"},\"image\":{\"@id\":\"https:\/\/www.amuz.krakow.pl\/#\/schema\/logo\/image\/\"},\"sameAs\":[\"https:\/\/www.facebook.com\/amuz.krakow\",\"https:\/\/www.instagram.com\/amkpenderecki\/\",\"https:\/\/www.youtube.com\/@amkpenderecki4806\"]}]}<\/script>\n<!-- \/ Yoast SEO plugin. -->","yoast_head_json":{"title":"AMKP - Akademia Muzyczna im. Krzysztofa Pendereckiego w Krakowie","robots":{"index":"index","follow":"follow","max-snippet":"max-snippet:-1","max-image-preview":"max-image-preview:large","max-video-preview":"max-video-preview:-1"},"canonical":"https:\/\/www.amuz.krakow.pl\/wydzialy\/wydzial-ii-instrumentalny\/katedra-perkusji-i-muzyki-wspolczesnej\/aktualnosci-24\/inspiracje-interpretacje-improwizacje-koncert-w-muzeum-sztuki-i-techniki-japonskiej-manggha\/","og_locale":"en_US","og_type":"article","og_title":"AMKP - Akademia Muzyczna im. Krzysztofa Pendereckiego w Krakowie","og_description":"18 maja 2025 Katedra Perkusji i Muzyki Wsp\u00f3\u0142czesnej Akademii Muzycznej im. Krzysztofa Pendereckiego w Krakowie serdecznie zaprasza do Mangghi &#8211; Muzeum Sztuki i Techniki Japo\u0144skiej na koncert Inspiracje, Interpretacje, Improwizacje.&hellip; Continue reading","og_url":"https:\/\/www.amuz.krakow.pl\/wydzialy\/wydzial-ii-instrumentalny\/katedra-perkusji-i-muzyki-wspolczesnej\/aktualnosci-24\/inspiracje-interpretacje-improwizacje-koncert-w-muzeum-sztuki-i-techniki-japonskiej-manggha\/","og_site_name":"Akademia Muzyczna im. Krzysztofa Pendereckiego w Krakowie","article_publisher":"https:\/\/www.facebook.com\/amuz.krakow","article_modified_time":"2025-05-14T09:52:11+00:00","og_image":[{"width":850,"height":425,"url":"https:\/\/www.amuz.krakow.pl\/wp-content\/uploads\/2025\/05\/Manggha-Inspiracje-Interpretacje-Improwizacje_kafel.jpg","type":"image\/jpeg"}],"twitter_card":"summary_large_image","twitter_misc":{"Est. reading time":"3 minutes"},"schema":{"@context":"https:\/\/schema.org","@graph":[{"@type":"WebPage","@id":"https:\/\/www.amuz.krakow.pl\/wydzialy\/wydzial-ii-instrumentalny\/katedra-perkusji-i-muzyki-wspolczesnej\/aktualnosci-24\/inspiracje-interpretacje-improwizacje-koncert-w-muzeum-sztuki-i-techniki-japonskiej-manggha\/","url":"https:\/\/www.amuz.krakow.pl\/wydzialy\/wydzial-ii-instrumentalny\/katedra-perkusji-i-muzyki-wspolczesnej\/aktualnosci-24\/inspiracje-interpretacje-improwizacje-koncert-w-muzeum-sztuki-i-techniki-japonskiej-manggha\/","name":"AMKP - Akademia Muzyczna im. Krzysztofa Pendereckiego w Krakowie","isPartOf":{"@id":"https:\/\/www.amuz.krakow.pl\/#website"},"primaryImageOfPage":{"@id":"https:\/\/www.amuz.krakow.pl\/wydzialy\/wydzial-ii-instrumentalny\/katedra-perkusji-i-muzyki-wspolczesnej\/aktualnosci-24\/inspiracje-interpretacje-improwizacje-koncert-w-muzeum-sztuki-i-techniki-japonskiej-manggha\/#primaryimage"},"image":{"@id":"https:\/\/www.amuz.krakow.pl\/wydzialy\/wydzial-ii-instrumentalny\/katedra-perkusji-i-muzyki-wspolczesnej\/aktualnosci-24\/inspiracje-interpretacje-improwizacje-koncert-w-muzeum-sztuki-i-techniki-japonskiej-manggha\/#primaryimage"},"thumbnailUrl":"https:\/\/www.amuz.krakow.pl\/wp-content\/uploads\/2025\/05\/Manggha-Inspiracje-Interpretacje-Improwizacje_kafel.jpg","datePublished":"2025-05-08T11:30:44+00:00","dateModified":"2025-05-14T09:52:11+00:00","breadcrumb":{"@id":"https:\/\/www.amuz.krakow.pl\/wydzialy\/wydzial-ii-instrumentalny\/katedra-perkusji-i-muzyki-wspolczesnej\/aktualnosci-24\/inspiracje-interpretacje-improwizacje-koncert-w-muzeum-sztuki-i-techniki-japonskiej-manggha\/#breadcrumb"},"inLanguage":"en-US","potentialAction":[{"@type":"ReadAction","target":["https:\/\/www.amuz.krakow.pl\/wydzialy\/wydzial-ii-instrumentalny\/katedra-perkusji-i-muzyki-wspolczesnej\/aktualnosci-24\/inspiracje-interpretacje-improwizacje-koncert-w-muzeum-sztuki-i-techniki-japonskiej-manggha\/"]}]},{"@type":"ImageObject","inLanguage":"en-US","@id":"https:\/\/www.amuz.krakow.pl\/wydzialy\/wydzial-ii-instrumentalny\/katedra-perkusji-i-muzyki-wspolczesnej\/aktualnosci-24\/inspiracje-interpretacje-improwizacje-koncert-w-muzeum-sztuki-i-techniki-japonskiej-manggha\/#primaryimage","url":"https:\/\/www.amuz.krakow.pl\/wp-content\/uploads\/2025\/05\/Manggha-Inspiracje-Interpretacje-Improwizacje_kafel.jpg","contentUrl":"https:\/\/www.amuz.krakow.pl\/wp-content\/uploads\/2025\/05\/Manggha-Inspiracje-Interpretacje-Improwizacje_kafel.jpg","width":850,"height":425},{"@type":"BreadcrumbList","@id":"https:\/\/www.amuz.krakow.pl\/wydzialy\/wydzial-ii-instrumentalny\/katedra-perkusji-i-muzyki-wspolczesnej\/aktualnosci-24\/inspiracje-interpretacje-improwizacje-koncert-w-muzeum-sztuki-i-techniki-japonskiej-manggha\/#breadcrumb","itemListElement":[{"@type":"ListItem","position":1,"name":"Strona g\u0142\u00f3wna","item":"https:\/\/www.amuz.krakow.pl\/"},{"@type":"ListItem","position":2,"name":"WYDZIA\u0141Y","item":"https:\/\/www.amuz.krakow.pl\/wydzialy\/"},{"@type":"ListItem","position":3,"name":"Wydzia\u0142 Instrumentalny","item":"https:\/\/www.amuz.krakow.pl\/wydzialy\/wydzial-ii-instrumentalny\/"},{"@type":"ListItem","position":4,"name":"Katedra Perkusji i&nbsp;Muzyki Wsp\u00f3\u0142czesnej","item":"https:\/\/www.amuz.krakow.pl\/wydzialy\/wydzial-ii-instrumentalny\/katedra-perkusji-i-muzyki-wspolczesnej\/"},{"@type":"ListItem","position":5,"name":"Archiwum wydarze\u0144 2024\/2025","item":"https:\/\/www.amuz.krakow.pl\/wydzialy\/wydzial-ii-instrumentalny\/katedra-perkusji-i-muzyki-wspolczesnej\/aktualnosci-24\/"},{"@type":"ListItem","position":6,"name":"Inspiracje, Interpretacje, Improwizacje &#8211; koncert w Muzeum Sztuki i Techniki Japo\u0144skiej &#8222;Manggha&#8221; | 18.05.2025"}]},{"@type":"WebSite","@id":"https:\/\/www.amuz.krakow.pl\/#website","url":"https:\/\/www.amuz.krakow.pl\/","name":"Akademia Muzyczna im. Krzysztofa Pendereckiego w Krakowie","description":"Oficjalna strona Akademii Muzycznej im. Krzysztofa Pendereckiego w Krakowie (AMKP).","publisher":{"@id":"https:\/\/www.amuz.krakow.pl\/#organization"},"alternateName":"AMKP","potentialAction":[{"@type":"SearchAction","target":{"@type":"EntryPoint","urlTemplate":"https:\/\/www.amuz.krakow.pl\/?s={search_term_string}"},"query-input":{"@type":"PropertyValueSpecification","valueRequired":true,"valueName":"search_term_string"}}],"inLanguage":"en-US"},{"@type":"Organization","@id":"https:\/\/www.amuz.krakow.pl\/#organization","name":"Akademia Muzyczna im. Krzysztofa Pendereckiego w Krakowie","alternateName":"AMKP","url":"https:\/\/www.amuz.krakow.pl\/","logo":{"@type":"ImageObject","inLanguage":"en-US","@id":"https:\/\/www.amuz.krakow.pl\/#\/schema\/logo\/image\/","url":"https:\/\/www.amuz.krakow.pl\/wp-content\/uploads\/2021\/11\/amkp.jpg","contentUrl":"https:\/\/www.amuz.krakow.pl\/wp-content\/uploads\/2021\/11\/amkp.jpg","width":1193,"height":591,"caption":"Akademia Muzyczna im. Krzysztofa Pendereckiego w Krakowie"},"image":{"@id":"https:\/\/www.amuz.krakow.pl\/#\/schema\/logo\/image\/"},"sameAs":["https:\/\/www.facebook.com\/amuz.krakow","https:\/\/www.instagram.com\/amkpenderecki\/","https:\/\/www.youtube.com\/@amkpenderecki4806"]}]}},"_links":{"self":[{"href":"https:\/\/www.amuz.krakow.pl\/en\/wp-json\/wp\/v2\/pages\/102746","targetHints":{"allow":["GET"]}}],"collection":[{"href":"https:\/\/www.amuz.krakow.pl\/en\/wp-json\/wp\/v2\/pages"}],"about":[{"href":"https:\/\/www.amuz.krakow.pl\/en\/wp-json\/wp\/v2\/types\/page"}],"author":[{"embeddable":true,"href":"https:\/\/www.amuz.krakow.pl\/en\/wp-json\/wp\/v2\/users\/72"}],"replies":[{"embeddable":true,"href":"https:\/\/www.amuz.krakow.pl\/en\/wp-json\/wp\/v2\/comments?post=102746"}],"version-history":[{"count":7,"href":"https:\/\/www.amuz.krakow.pl\/en\/wp-json\/wp\/v2\/pages\/102746\/revisions"}],"predecessor-version":[{"id":103078,"href":"https:\/\/www.amuz.krakow.pl\/en\/wp-json\/wp\/v2\/pages\/102746\/revisions\/103078"}],"up":[{"embeddable":true,"href":"https:\/\/www.amuz.krakow.pl\/en\/wp-json\/wp\/v2\/pages\/89198"}],"wp:featuredmedia":[{"embeddable":true,"href":"https:\/\/www.amuz.krakow.pl\/en\/wp-json\/wp\/v2\/media\/103020"}],"wp:attachment":[{"href":"https:\/\/www.amuz.krakow.pl\/en\/wp-json\/wp\/v2\/media?parent=102746"}],"curies":[{"name":"wp","href":"https:\/\/api.w.org\/{rel}","templated":true}]}}