{"id":102703,"date":"2025-05-08T12:01:20","date_gmt":"2025-05-08T10:01:20","guid":{"rendered":"https:\/\/www.amuz.krakow.pl\/?page_id=102703"},"modified":"2025-05-08T12:11:57","modified_gmt":"2025-05-08T10:11:57","slug":"37-krakowski-miedzynarodowy-festiwal-kompozytorow","status":"publish","type":"page","link":"https:\/\/www.amuz.krakow.pl\/en\/37-krakowski-miedzynarodowy-festiwal-kompozytorow\/","title":{"rendered":"37th Krakow International Festival of Composers"},"content":{"rendered":"<p><a href=\"https:\/\/festiwal.zkp.krakow.pl\/en\/\" target=\"_blank\" rel=\"noopener\"><img loading=\"lazy\" decoding=\"async\" class=\"aligncenter wp-image-102713 size-full\" src=\"https:\/\/www.amuz.krakow.pl\/wp-content\/uploads\/2025\/05\/37-KMFK-2025-700na220.jpg\" alt=\"\" width=\"700\" height=\"220\" srcset=\"https:\/\/www.amuz.krakow.pl\/wp-content\/uploads\/2025\/05\/37-KMFK-2025-700na220.jpg 700w, https:\/\/www.amuz.krakow.pl\/wp-content\/uploads\/2025\/05\/37-KMFK-2025-700na220-300x94.jpg 300w\" sizes=\"auto, (max-width: 700px) 100vw, 700px\" \/><\/a><\/p>\n<p><a href=\"https:\/\/festiwal.zkp.krakow.pl\/en\/\">PROGRAMME OF THE FESTIVAL<\/a><\/p>\n<p>Ladies and Gentlemen!<\/p>\n<p>The theme of the 37th Krakow International Festival of Composers is music in music. Already in the 1970s, this issue was studied by the outstanding founder of the Krakow Theoretical School, Professor Mieczys\u0142aw Tomaszewski. He reflected on the subject in an article entitled \u201cAt the Opening: why \u2018music in music\u2019\u201d, which was published before one of the famous Music Meetings in Baran\u00f3w. Composers approach this issue in various ways. Some explicitly quote music of past eras or contemporary artists in their works, while others prefer pastiches or stylizations. This year\u2019s musicological session of the festival will be devoted to the phenomenon of \u201cmusic in music.\u201d Music theorists affiliated with the Krzysztof Penderecki Academy of Music in Krakow will deliver their papers: Teresa Malecka, Ma\u0142gorzata Janicka-S\u0142ysz, Natalia Szwab, and Marcin Strzelecki.<\/p>\n<p>A special festival event will be the decoration ceremony of Prof. Volodymyr Hrabowski, a musicologist from Drohobych (Ukraine), with the Honorary Badge \u201cMeritorious to Polish Culture\u201d, awarded to him by the Minister of Culture and National Heritage in recognition of his contribution to Polish culture and the promotion of the Krakow International Festival of Composers in Ukraine. The laudation will be delivered by the vice-president of the Polish Composers\u2019 Union, Krakow Branch, Dr. h.c. Jerzy Stankiewicz. The ceremony will take place during the inauguration of the 37th Festival at the Krakow Philharmonic.<\/p>\n<p>Acclaimed composer Aleksander Nowak will also be a special guest at the festival. He will give a lecture on his work and conduct master classes with composition students of the K. Penderecki Academy of Music in Krakow. His works will be performed by the New Music Orchestra under the baton of Szymon Bywalec and the Silesian Quartet.<\/p>\n<p>An extremely interesting concert will be a performance of Duo Mastruzzo-N\u00fa\u00f1ez from Argentina, consisting of Ana Liga Mastruzzo (flute) and Federico N\u00fa\u00f1ez (guitar). The duo will present works by composers from Argentina, Mexico, and Portugal, most of them written for the festival. The musicians will also premiere a composition by Krakow-based composer Leszek Wojtal.<\/p>\n<p>The Warsaw Trio, composed of: Piotr Thieu-Quang (clarinet), Maria Leszczy\u0144ska-Thieu (cello), and Pawe\u0142 Popko (piano), will give a concert featuring, among others, a composition by young composer Andrea Mastropasqua from Italy, who received the 2025 Grand Prize at the 8th Krzysztof Penderecki International Competition for Young Composers.<\/p>\n<p>For lovers of electroacoustic music, there will traditionally be a presentation of the AMKP Electroacoustic Music Studio \u201cElectronic Cocktail\u201d.<\/p>\n<p>The festival will conclude with a performance by the excellent flutist Ania Karpowicz, who normally plays with the Hashtag Ensemble. She will present compositions by Japanese artists, including T\u014dru Takemitsu. The visuals for them were created by Karol Tomoki Yamazaki.<\/p>\n<p>The 9 festival concerts will feature works by composers from Poland, Slovakia, Austria, Argentina, Mexico, Portugal, Ukraine, Italy, China, South Korea, and Japan. The audience will hear 33 world premieres and 2 Polish premieres, among others.<\/p>\n<p>Admission to all events is free!<\/p>\n<p><em>Marcel Chyrzy\u0144ski<\/em><br \/>\nGeneral and Artistic Director<\/p>","protected":false},"excerpt":{"rendered":"<p>PROGRAMME OF THE FESTIVAL Ladies and Gentlemen! The theme of the 37th Krakow International Festival of Composers is music in music. Already in the 1970s, this issue was studied by&hellip; <a href=\"https:\/\/www.amuz.krakow.pl\/en\/37-krakowski-miedzynarodowy-festiwal-kompozytorow\/\">Continue reading<\/a><\/p>\n","protected":false},"author":72,"featured_media":102716,"parent":0,"menu_order":0,"comment_status":"closed","ping_status":"closed","template":"","meta":{"footnotes":"","_links_to":"","_links_to_target":""},"class_list":["post-102703","page","type-page","status-publish","has-post-thumbnail","hentry"],"yoast_head":"<!-- This site is optimized with the Yoast SEO plugin v27.2 - https:\/\/yoast.com\/product\/yoast-seo-wordpress\/ -->\n<title>AMKP - Akademia Muzyczna im. Krzysztofa Pendereckiego w Krakowie<\/title>\n<meta name=\"robots\" content=\"index, follow, max-snippet:-1, max-image-preview:large, max-video-preview:-1\" \/>\n<link rel=\"canonical\" href=\"https:\/\/www.amuz.krakow.pl\/37-krakowski-miedzynarodowy-festiwal-kompozytorow\/\" \/>\n<meta property=\"og:locale\" content=\"en_US\" \/>\n<meta property=\"og:type\" content=\"article\" \/>\n<meta property=\"og:title\" content=\"AMKP - Akademia Muzyczna im. Krzysztofa Pendereckiego w Krakowie\" \/>\n<meta property=\"og:description\" content=\"PROGRAMME OF THE FESTIVAL Ladies and Gentlemen! The theme of the 37th Krakow International Festival of Composers is music in music. Already in the 1970s, this issue was studied by&hellip; Continue reading\" \/>\n<meta property=\"og:url\" content=\"https:\/\/www.amuz.krakow.pl\/37-krakowski-miedzynarodowy-festiwal-kompozytorow\/\" \/>\n<meta property=\"og:site_name\" content=\"Akademia Muzyczna im. Krzysztofa Pendereckiego w Krakowie\" \/>\n<meta property=\"article:publisher\" content=\"https:\/\/www.facebook.com\/amuz.krakow\" \/>\n<meta property=\"article:modified_time\" content=\"2025-05-08T10:11:57+00:00\" \/>\n<meta property=\"og:image\" content=\"https:\/\/www.amuz.krakow.pl\/wp-content\/uploads\/2025\/05\/Festiwal-Kompozytorow-kafel-1.jpg\" \/>\n\t<meta property=\"og:image:width\" content=\"800\" \/>\n\t<meta property=\"og:image:height\" content=\"400\" \/>\n\t<meta property=\"og:image:type\" content=\"image\/jpeg\" \/>\n<meta name=\"twitter:card\" content=\"summary_large_image\" \/>\n<meta name=\"twitter:label1\" content=\"Est. reading time\" \/>\n\t<meta name=\"twitter:data1\" content=\"4 minutes\" \/>\n<script type=\"application\/ld+json\" class=\"yoast-schema-graph\">{\"@context\":\"https:\/\/schema.org\",\"@graph\":[{\"@type\":\"WebPage\",\"@id\":\"https:\/\/www.amuz.krakow.pl\/37-krakowski-miedzynarodowy-festiwal-kompozytorow\/\",\"url\":\"https:\/\/www.amuz.krakow.pl\/37-krakowski-miedzynarodowy-festiwal-kompozytorow\/\",\"name\":\"AMKP - Akademia Muzyczna im. Krzysztofa Pendereckiego w Krakowie\",\"isPartOf\":{\"@id\":\"https:\/\/www.amuz.krakow.pl\/#website\"},\"primaryImageOfPage\":{\"@id\":\"https:\/\/www.amuz.krakow.pl\/37-krakowski-miedzynarodowy-festiwal-kompozytorow\/#primaryimage\"},\"image\":{\"@id\":\"https:\/\/www.amuz.krakow.pl\/37-krakowski-miedzynarodowy-festiwal-kompozytorow\/#primaryimage\"},\"thumbnailUrl\":\"https:\/\/www.amuz.krakow.pl\/wp-content\/uploads\/2025\/05\/Festiwal-Kompozytorow-kafel-1.jpg\",\"datePublished\":\"2025-05-08T10:01:20+00:00\",\"dateModified\":\"2025-05-08T10:11:57+00:00\",\"breadcrumb\":{\"@id\":\"https:\/\/www.amuz.krakow.pl\/37-krakowski-miedzynarodowy-festiwal-kompozytorow\/#breadcrumb\"},\"inLanguage\":\"en-US\",\"potentialAction\":[{\"@type\":\"ReadAction\",\"target\":[\"https:\/\/www.amuz.krakow.pl\/37-krakowski-miedzynarodowy-festiwal-kompozytorow\/\"]}]},{\"@type\":\"ImageObject\",\"inLanguage\":\"en-US\",\"@id\":\"https:\/\/www.amuz.krakow.pl\/37-krakowski-miedzynarodowy-festiwal-kompozytorow\/#primaryimage\",\"url\":\"https:\/\/www.amuz.krakow.pl\/wp-content\/uploads\/2025\/05\/Festiwal-Kompozytorow-kafel-1.jpg\",\"contentUrl\":\"https:\/\/www.amuz.krakow.pl\/wp-content\/uploads\/2025\/05\/Festiwal-Kompozytorow-kafel-1.jpg\",\"width\":800,\"height\":400},{\"@type\":\"BreadcrumbList\",\"@id\":\"https:\/\/www.amuz.krakow.pl\/37-krakowski-miedzynarodowy-festiwal-kompozytorow\/#breadcrumb\",\"itemListElement\":[{\"@type\":\"ListItem\",\"position\":1,\"name\":\"Strona g\u0142\u00f3wna\",\"item\":\"https:\/\/www.amuz.krakow.pl\/\"},{\"@type\":\"ListItem\",\"position\":2,\"name\":\"37. Krakowski Mi\u0119dzynarodowy Festiwal Kompozytor\u00f3w\"}]},{\"@type\":\"WebSite\",\"@id\":\"https:\/\/www.amuz.krakow.pl\/#website\",\"url\":\"https:\/\/www.amuz.krakow.pl\/\",\"name\":\"Akademia Muzyczna im. Krzysztofa Pendereckiego w Krakowie\",\"description\":\"Oficjalna strona Akademii Muzycznej im. Krzysztofa Pendereckiego w Krakowie (AMKP).\",\"publisher\":{\"@id\":\"https:\/\/www.amuz.krakow.pl\/#organization\"},\"alternateName\":\"AMKP\",\"potentialAction\":[{\"@type\":\"SearchAction\",\"target\":{\"@type\":\"EntryPoint\",\"urlTemplate\":\"https:\/\/www.amuz.krakow.pl\/?s={search_term_string}\"},\"query-input\":{\"@type\":\"PropertyValueSpecification\",\"valueRequired\":true,\"valueName\":\"search_term_string\"}}],\"inLanguage\":\"en-US\"},{\"@type\":\"Organization\",\"@id\":\"https:\/\/www.amuz.krakow.pl\/#organization\",\"name\":\"Akademia Muzyczna im. Krzysztofa Pendereckiego w Krakowie\",\"alternateName\":\"AMKP\",\"url\":\"https:\/\/www.amuz.krakow.pl\/\",\"logo\":{\"@type\":\"ImageObject\",\"inLanguage\":\"en-US\",\"@id\":\"https:\/\/www.amuz.krakow.pl\/#\/schema\/logo\/image\/\",\"url\":\"https:\/\/www.amuz.krakow.pl\/wp-content\/uploads\/2021\/11\/amkp.jpg\",\"contentUrl\":\"https:\/\/www.amuz.krakow.pl\/wp-content\/uploads\/2021\/11\/amkp.jpg\",\"width\":1193,\"height\":591,\"caption\":\"Akademia Muzyczna im. Krzysztofa Pendereckiego w Krakowie\"},\"image\":{\"@id\":\"https:\/\/www.amuz.krakow.pl\/#\/schema\/logo\/image\/\"},\"sameAs\":[\"https:\/\/www.facebook.com\/amuz.krakow\",\"https:\/\/www.instagram.com\/amkpenderecki\/\",\"https:\/\/www.youtube.com\/@amkpenderecki4806\"]}]}<\/script>\n<!-- \/ Yoast SEO plugin. -->","yoast_head_json":{"title":"AMKP - Akademia Muzyczna im. Krzysztofa Pendereckiego w Krakowie","robots":{"index":"index","follow":"follow","max-snippet":"max-snippet:-1","max-image-preview":"max-image-preview:large","max-video-preview":"max-video-preview:-1"},"canonical":"https:\/\/www.amuz.krakow.pl\/37-krakowski-miedzynarodowy-festiwal-kompozytorow\/","og_locale":"en_US","og_type":"article","og_title":"AMKP - Akademia Muzyczna im. Krzysztofa Pendereckiego w Krakowie","og_description":"PROGRAMME OF THE FESTIVAL Ladies and Gentlemen! The theme of the 37th Krakow International Festival of Composers is music in music. Already in the 1970s, this issue was studied by&hellip; Continue reading","og_url":"https:\/\/www.amuz.krakow.pl\/37-krakowski-miedzynarodowy-festiwal-kompozytorow\/","og_site_name":"Akademia Muzyczna im. Krzysztofa Pendereckiego w Krakowie","article_publisher":"https:\/\/www.facebook.com\/amuz.krakow","article_modified_time":"2025-05-08T10:11:57+00:00","og_image":[{"width":800,"height":400,"url":"https:\/\/www.amuz.krakow.pl\/wp-content\/uploads\/2025\/05\/Festiwal-Kompozytorow-kafel-1.jpg","type":"image\/jpeg"}],"twitter_card":"summary_large_image","twitter_misc":{"Est. reading time":"4 minutes"},"schema":{"@context":"https:\/\/schema.org","@graph":[{"@type":"WebPage","@id":"https:\/\/www.amuz.krakow.pl\/37-krakowski-miedzynarodowy-festiwal-kompozytorow\/","url":"https:\/\/www.amuz.krakow.pl\/37-krakowski-miedzynarodowy-festiwal-kompozytorow\/","name":"AMKP - Akademia Muzyczna im. Krzysztofa Pendereckiego w Krakowie","isPartOf":{"@id":"https:\/\/www.amuz.krakow.pl\/#website"},"primaryImageOfPage":{"@id":"https:\/\/www.amuz.krakow.pl\/37-krakowski-miedzynarodowy-festiwal-kompozytorow\/#primaryimage"},"image":{"@id":"https:\/\/www.amuz.krakow.pl\/37-krakowski-miedzynarodowy-festiwal-kompozytorow\/#primaryimage"},"thumbnailUrl":"https:\/\/www.amuz.krakow.pl\/wp-content\/uploads\/2025\/05\/Festiwal-Kompozytorow-kafel-1.jpg","datePublished":"2025-05-08T10:01:20+00:00","dateModified":"2025-05-08T10:11:57+00:00","breadcrumb":{"@id":"https:\/\/www.amuz.krakow.pl\/37-krakowski-miedzynarodowy-festiwal-kompozytorow\/#breadcrumb"},"inLanguage":"en-US","potentialAction":[{"@type":"ReadAction","target":["https:\/\/www.amuz.krakow.pl\/37-krakowski-miedzynarodowy-festiwal-kompozytorow\/"]}]},{"@type":"ImageObject","inLanguage":"en-US","@id":"https:\/\/www.amuz.krakow.pl\/37-krakowski-miedzynarodowy-festiwal-kompozytorow\/#primaryimage","url":"https:\/\/www.amuz.krakow.pl\/wp-content\/uploads\/2025\/05\/Festiwal-Kompozytorow-kafel-1.jpg","contentUrl":"https:\/\/www.amuz.krakow.pl\/wp-content\/uploads\/2025\/05\/Festiwal-Kompozytorow-kafel-1.jpg","width":800,"height":400},{"@type":"BreadcrumbList","@id":"https:\/\/www.amuz.krakow.pl\/37-krakowski-miedzynarodowy-festiwal-kompozytorow\/#breadcrumb","itemListElement":[{"@type":"ListItem","position":1,"name":"Strona g\u0142\u00f3wna","item":"https:\/\/www.amuz.krakow.pl\/"},{"@type":"ListItem","position":2,"name":"37. Krakowski Mi\u0119dzynarodowy Festiwal Kompozytor\u00f3w"}]},{"@type":"WebSite","@id":"https:\/\/www.amuz.krakow.pl\/#website","url":"https:\/\/www.amuz.krakow.pl\/","name":"Akademia Muzyczna im. Krzysztofa Pendereckiego w Krakowie","description":"Oficjalna strona Akademii Muzycznej im. Krzysztofa Pendereckiego w Krakowie (AMKP).","publisher":{"@id":"https:\/\/www.amuz.krakow.pl\/#organization"},"alternateName":"AMKP","potentialAction":[{"@type":"SearchAction","target":{"@type":"EntryPoint","urlTemplate":"https:\/\/www.amuz.krakow.pl\/?s={search_term_string}"},"query-input":{"@type":"PropertyValueSpecification","valueRequired":true,"valueName":"search_term_string"}}],"inLanguage":"en-US"},{"@type":"Organization","@id":"https:\/\/www.amuz.krakow.pl\/#organization","name":"Akademia Muzyczna im. Krzysztofa Pendereckiego w Krakowie","alternateName":"AMKP","url":"https:\/\/www.amuz.krakow.pl\/","logo":{"@type":"ImageObject","inLanguage":"en-US","@id":"https:\/\/www.amuz.krakow.pl\/#\/schema\/logo\/image\/","url":"https:\/\/www.amuz.krakow.pl\/wp-content\/uploads\/2021\/11\/amkp.jpg","contentUrl":"https:\/\/www.amuz.krakow.pl\/wp-content\/uploads\/2021\/11\/amkp.jpg","width":1193,"height":591,"caption":"Akademia Muzyczna im. Krzysztofa Pendereckiego w Krakowie"},"image":{"@id":"https:\/\/www.amuz.krakow.pl\/#\/schema\/logo\/image\/"},"sameAs":["https:\/\/www.facebook.com\/amuz.krakow","https:\/\/www.instagram.com\/amkpenderecki\/","https:\/\/www.youtube.com\/@amkpenderecki4806"]}]}},"_links":{"self":[{"href":"https:\/\/www.amuz.krakow.pl\/en\/wp-json\/wp\/v2\/pages\/102703","targetHints":{"allow":["GET"]}}],"collection":[{"href":"https:\/\/www.amuz.krakow.pl\/en\/wp-json\/wp\/v2\/pages"}],"about":[{"href":"https:\/\/www.amuz.krakow.pl\/en\/wp-json\/wp\/v2\/types\/page"}],"author":[{"embeddable":true,"href":"https:\/\/www.amuz.krakow.pl\/en\/wp-json\/wp\/v2\/users\/72"}],"replies":[{"embeddable":true,"href":"https:\/\/www.amuz.krakow.pl\/en\/wp-json\/wp\/v2\/comments?post=102703"}],"version-history":[{"count":2,"href":"https:\/\/www.amuz.krakow.pl\/en\/wp-json\/wp\/v2\/pages\/102703\/revisions"}],"predecessor-version":[{"id":102715,"href":"https:\/\/www.amuz.krakow.pl\/en\/wp-json\/wp\/v2\/pages\/102703\/revisions\/102715"}],"wp:featuredmedia":[{"embeddable":true,"href":"https:\/\/www.amuz.krakow.pl\/en\/wp-json\/wp\/v2\/media\/102716"}],"wp:attachment":[{"href":"https:\/\/www.amuz.krakow.pl\/en\/wp-json\/wp\/v2\/media?parent=102703"}],"curies":[{"name":"wp","href":"https:\/\/api.w.org\/{rel}","templated":true}]}}