{"id":101146,"date":"2025-04-09T11:37:20","date_gmt":"2025-04-09T09:37:20","guid":{"rendered":"https:\/\/www.amuz.krakow.pl\/?page_id=101146"},"modified":"2025-04-10T13:49:12","modified_gmt":"2025-04-10T11:49:12","slug":"koncert-zespolu-klexos-i-warsztaty-dla-kompozytorow-i-instrumentalistow","status":"publish","type":"page","link":"https:\/\/www.amuz.krakow.pl\/en\/koncert-zespolu-klexos-i-warsztaty-dla-kompozytorow-i-instrumentalistow\/","title":{"rendered":"Koncert zespo\u0142u KLEXOS i warsztaty dla kompozytor\u00f3w i instrumentalist\u00f3w"},"content":{"rendered":"<p><a href=\"https:\/\/www.amuz.krakow.pl\/wp-content\/uploads\/2025\/04\/KLEXOS-plakat-A3_1-scaled.jpg\" target=\"_blank\" rel=\"noopener\"><img loading=\"lazy\" decoding=\"async\" class=\"aligncenter wp-image-101160 size-full\" src=\"https:\/\/www.amuz.krakow.pl\/wp-content\/uploads\/2025\/04\/KLEXOS-plakat-A3_1-scaled.jpg\" alt=\"\" width=\"1456\" height=\"2048\" srcset=\"https:\/\/www.amuz.krakow.pl\/wp-content\/uploads\/2025\/04\/KLEXOS-plakat-A3_1-scaled.jpg 1456w, https:\/\/www.amuz.krakow.pl\/wp-content\/uploads\/2025\/04\/KLEXOS-plakat-A3_1-213x300.jpg 213w, https:\/\/www.amuz.krakow.pl\/wp-content\/uploads\/2025\/04\/KLEXOS-plakat-A3_1-768x1080.jpg 768w, https:\/\/www.amuz.krakow.pl\/wp-content\/uploads\/2025\/04\/KLEXOS-plakat-A3_1-1092x1536.jpg 1092w\" sizes=\"auto, (max-width: 1456px) 100vw, 1456px\" \/><\/a><\/p>\n<p>Serdecznie zapraszamy na projekt partnerski AMKP &#8211; koncert zespo\u0142u KLEXOS, kt\u00f3ry odb\u0119dzie si\u0119 w Sali Kameralnej AMKP oraz warsztaty dla kompozytor\u00f3w i instrumentalist\u00f3w.<\/p>\n<p>&nbsp;<\/p>\n<p><span style=\"font-size: 12pt;\"><strong>wtorek 15 kwietnia 2025, 10:00<\/strong><\/span><br \/>\n<span style=\"font-size: 12pt;\"><strong>Siedziba Sp\u00f3\u0142dzielni Muzycznej Contemporary Ensemble<\/strong><\/span><br \/>\n<span style=\"font-size: 12pt;\"><strong>ul. Kopernika 19<\/strong><\/span><\/p>\n<p><span style=\"font-size: 12pt;\">Warsztaty dla kompozytor\u00f3w i instrumentalist\u00f3w<\/span><\/p>\n<p>&nbsp;<\/p>\n<p><span style=\"font-size: 12pt;\"><strong>wtorek 15 kwietnia 2025, 19:00<\/strong><\/span><br \/>\n<span style=\"font-size: 12pt;\"><strong>Sala Kameralna AMKP<\/strong><\/span><br \/>\n<span style=\"font-size: 12pt;\"><strong>ul. \u015bw. Tomasza 43<\/strong><\/span><\/p>\n<p><span style=\"font-size: 12pt;\">Koncert zespo\u0142u KLEXOS<\/span><\/p>\n<p>Wst\u0119p wolny.<\/p>\n<p>&nbsp;<\/p>\n<div class=\"wp-block-columns\">\n<div class=\"wp-block-column\">\n<p class=\"has-text-align-left\"><img loading=\"lazy\" decoding=\"async\" class=\"aligncenter wp-image-101149 size-thumbnail\" src=\"https:\/\/www.amuz.krakow.pl\/wp-content\/uploads\/2025\/04\/LOGO-FONDOS-CLAROS-150x150.png\" alt=\"\" width=\"150\" height=\"150\" srcset=\"https:\/\/www.amuz.krakow.pl\/wp-content\/uploads\/2025\/04\/LOGO-FONDOS-CLAROS-150x150.png 150w, https:\/\/www.amuz.krakow.pl\/wp-content\/uploads\/2025\/04\/LOGO-FONDOS-CLAROS-300x300.png 300w, https:\/\/www.amuz.krakow.pl\/wp-content\/uploads\/2025\/04\/LOGO-FONDOS-CLAROS-768x768.png 768w, https:\/\/www.amuz.krakow.pl\/wp-content\/uploads\/2025\/04\/LOGO-FONDOS-CLAROS-1536x1536.png 1536w, https:\/\/www.amuz.krakow.pl\/wp-content\/uploads\/2025\/04\/LOGO-FONDOS-CLAROS.png 2000w\" sizes=\"auto, (max-width: 150px) 100vw, 150px\" \/><\/p>\n<\/div>\n<div class=\"wp-block-column\">\n<p class=\"has-text-align-center\"><img loading=\"lazy\" decoding=\"async\" class=\"aligncenter wp-image-101150 \" src=\"https:\/\/www.amuz.krakow.pl\/wp-content\/uploads\/2025\/04\/Spoldzielnia-Muzyczna-Contemporary-Ensemble-300x271.jpeg\" alt=\"\" width=\"144\" height=\"130\" srcset=\"https:\/\/www.amuz.krakow.pl\/wp-content\/uploads\/2025\/04\/Spoldzielnia-Muzyczna-Contemporary-Ensemble-300x271.jpeg 300w, https:\/\/www.amuz.krakow.pl\/wp-content\/uploads\/2025\/04\/Spoldzielnia-Muzyczna-Contemporary-Ensemble-768x694.jpeg 768w, https:\/\/www.amuz.krakow.pl\/wp-content\/uploads\/2025\/04\/Spoldzielnia-Muzyczna-Contemporary-Ensemble.jpeg 900w\" sizes=\"auto, (max-width: 144px) 100vw, 144px\" \/><\/p>\n<\/div>\n<\/div>\n<p><a href=\"www.accioncultural.es\" target=\"_blank\" rel=\"noopener\"><img loading=\"lazy\" decoding=\"async\" class=\"aligncenter wp-image-101151 \" src=\"https:\/\/www.amuz.krakow.pl\/wp-content\/uploads\/2025\/04\/accion-cultural-espanola-logo-vector-300x167.png\" alt=\"\" width=\"162\" height=\"90\" srcset=\"https:\/\/www.amuz.krakow.pl\/wp-content\/uploads\/2025\/04\/accion-cultural-espanola-logo-vector-300x167.png 300w, https:\/\/www.amuz.krakow.pl\/wp-content\/uploads\/2025\/04\/accion-cultural-espanola-logo-vector-768x427.png 768w, https:\/\/www.amuz.krakow.pl\/wp-content\/uploads\/2025\/04\/accion-cultural-espanola-logo-vector.png 900w\" sizes=\"auto, (max-width: 162px) 100vw, 162px\" \/><\/a><\/p>\n<p style=\"text-align: center;\"><em>This project is supported in part by a grant from Acci\u00f3n Cultural Espa\u00f1ola (AC\/E), a state agency.<\/em><\/p>\n<p><\/p>","protected":false},"excerpt":{"rendered":"<p>Serdecznie zapraszamy na projekt partnerski AMKP &#8211; koncert zespo\u0142u KLEXOS, kt\u00f3ry odb\u0119dzie si\u0119 w Sali Kameralnej AMKP oraz warsztaty dla kompozytor\u00f3w i instrumentalist\u00f3w. &nbsp; wtorek 15 kwietnia 2025, 10:00 Siedziba&hellip; <a href=\"https:\/\/www.amuz.krakow.pl\/en\/koncert-zespolu-klexos-i-warsztaty-dla-kompozytorow-i-instrumentalistow\/\">Continue reading<\/a><\/p>\n","protected":false},"author":72,"featured_media":101161,"parent":0,"menu_order":0,"comment_status":"closed","ping_status":"closed","template":"","meta":{"footnotes":"","_links_to":"","_links_to_target":""},"class_list":["post-101146","page","type-page","status-publish","has-post-thumbnail","hentry"],"yoast_head":"<!-- This site is optimized with the Yoast SEO plugin v27.2 - https:\/\/yoast.com\/product\/yoast-seo-wordpress\/ -->\n<title>AMKP - Akademia Muzyczna im. Krzysztofa Pendereckiego w Krakowie<\/title>\n<meta name=\"robots\" content=\"index, follow, max-snippet:-1, max-image-preview:large, max-video-preview:-1\" \/>\n<link rel=\"canonical\" href=\"https:\/\/www.amuz.krakow.pl\/koncert-zespolu-klexos-i-warsztaty-dla-kompozytorow-i-instrumentalistow\/\" \/>\n<meta property=\"og:locale\" content=\"en_US\" \/>\n<meta property=\"og:type\" content=\"article\" \/>\n<meta property=\"og:title\" content=\"AMKP - Akademia Muzyczna im. Krzysztofa Pendereckiego w Krakowie\" \/>\n<meta property=\"og:description\" content=\"Serdecznie zapraszamy na projekt partnerski AMKP &#8211; koncert zespo\u0142u KLEXOS, kt\u00f3ry odb\u0119dzie si\u0119 w Sali Kameralnej AMKP oraz warsztaty dla kompozytor\u00f3w i instrumentalist\u00f3w. &nbsp; wtorek 15 kwietnia 2025, 10:00 Siedziba&hellip; Continue reading\" \/>\n<meta property=\"og:url\" content=\"https:\/\/www.amuz.krakow.pl\/koncert-zespolu-klexos-i-warsztaty-dla-kompozytorow-i-instrumentalistow\/\" \/>\n<meta property=\"og:site_name\" content=\"Akademia Muzyczna im. Krzysztofa Pendereckiego w Krakowie\" \/>\n<meta property=\"article:publisher\" content=\"https:\/\/www.facebook.com\/amuz.krakow\" \/>\n<meta property=\"article:modified_time\" content=\"2025-04-10T11:49:12+00:00\" \/>\n<meta property=\"og:image\" content=\"https:\/\/www.amuz.krakow.pl\/wp-content\/uploads\/2025\/04\/KLEXOS-kafelek-scaled.jpg\" \/>\n\t<meta property=\"og:image:width\" content=\"2048\" \/>\n\t<meta property=\"og:image:height\" content=\"1024\" \/>\n\t<meta property=\"og:image:type\" content=\"image\/jpeg\" \/>\n<meta name=\"twitter:card\" content=\"summary_large_image\" \/>\n<meta name=\"twitter:label1\" content=\"Est. reading time\" \/>\n\t<meta name=\"twitter:data1\" content=\"2 minutes\" \/>\n<script type=\"application\/ld+json\" class=\"yoast-schema-graph\">{\"@context\":\"https:\/\/schema.org\",\"@graph\":[{\"@type\":\"WebPage\",\"@id\":\"https:\/\/www.amuz.krakow.pl\/koncert-zespolu-klexos-i-warsztaty-dla-kompozytorow-i-instrumentalistow\/\",\"url\":\"https:\/\/www.amuz.krakow.pl\/koncert-zespolu-klexos-i-warsztaty-dla-kompozytorow-i-instrumentalistow\/\",\"name\":\"AMKP - Akademia Muzyczna im. Krzysztofa Pendereckiego w Krakowie\",\"isPartOf\":{\"@id\":\"https:\/\/www.amuz.krakow.pl\/#website\"},\"primaryImageOfPage\":{\"@id\":\"https:\/\/www.amuz.krakow.pl\/koncert-zespolu-klexos-i-warsztaty-dla-kompozytorow-i-instrumentalistow\/#primaryimage\"},\"image\":{\"@id\":\"https:\/\/www.amuz.krakow.pl\/koncert-zespolu-klexos-i-warsztaty-dla-kompozytorow-i-instrumentalistow\/#primaryimage\"},\"thumbnailUrl\":\"https:\/\/www.amuz.krakow.pl\/wp-content\/uploads\/2025\/04\/KLEXOS-kafelek-scaled.jpg\",\"datePublished\":\"2025-04-09T09:37:20+00:00\",\"dateModified\":\"2025-04-10T11:49:12+00:00\",\"breadcrumb\":{\"@id\":\"https:\/\/www.amuz.krakow.pl\/koncert-zespolu-klexos-i-warsztaty-dla-kompozytorow-i-instrumentalistow\/#breadcrumb\"},\"inLanguage\":\"en-US\",\"potentialAction\":[{\"@type\":\"ReadAction\",\"target\":[\"https:\/\/www.amuz.krakow.pl\/koncert-zespolu-klexos-i-warsztaty-dla-kompozytorow-i-instrumentalistow\/\"]}]},{\"@type\":\"ImageObject\",\"inLanguage\":\"en-US\",\"@id\":\"https:\/\/www.amuz.krakow.pl\/koncert-zespolu-klexos-i-warsztaty-dla-kompozytorow-i-instrumentalistow\/#primaryimage\",\"url\":\"https:\/\/www.amuz.krakow.pl\/wp-content\/uploads\/2025\/04\/KLEXOS-kafelek-scaled.jpg\",\"contentUrl\":\"https:\/\/www.amuz.krakow.pl\/wp-content\/uploads\/2025\/04\/KLEXOS-kafelek-scaled.jpg\",\"width\":2048,\"height\":1024},{\"@type\":\"BreadcrumbList\",\"@id\":\"https:\/\/www.amuz.krakow.pl\/koncert-zespolu-klexos-i-warsztaty-dla-kompozytorow-i-instrumentalistow\/#breadcrumb\",\"itemListElement\":[{\"@type\":\"ListItem\",\"position\":1,\"name\":\"Strona g\u0142\u00f3wna\",\"item\":\"https:\/\/www.amuz.krakow.pl\/\"},{\"@type\":\"ListItem\",\"position\":2,\"name\":\"Koncert zespo\u0142u KLEXOS i warsztaty dla kompozytor\u00f3w i instrumentalist\u00f3w\"}]},{\"@type\":\"WebSite\",\"@id\":\"https:\/\/www.amuz.krakow.pl\/#website\",\"url\":\"https:\/\/www.amuz.krakow.pl\/\",\"name\":\"Akademia Muzyczna im. Krzysztofa Pendereckiego w Krakowie\",\"description\":\"Oficjalna strona Akademii Muzycznej im. Krzysztofa Pendereckiego w Krakowie (AMKP).\",\"publisher\":{\"@id\":\"https:\/\/www.amuz.krakow.pl\/#organization\"},\"alternateName\":\"AMKP\",\"potentialAction\":[{\"@type\":\"SearchAction\",\"target\":{\"@type\":\"EntryPoint\",\"urlTemplate\":\"https:\/\/www.amuz.krakow.pl\/?s={search_term_string}\"},\"query-input\":{\"@type\":\"PropertyValueSpecification\",\"valueRequired\":true,\"valueName\":\"search_term_string\"}}],\"inLanguage\":\"en-US\"},{\"@type\":\"Organization\",\"@id\":\"https:\/\/www.amuz.krakow.pl\/#organization\",\"name\":\"Akademia Muzyczna im. Krzysztofa Pendereckiego w Krakowie\",\"alternateName\":\"AMKP\",\"url\":\"https:\/\/www.amuz.krakow.pl\/\",\"logo\":{\"@type\":\"ImageObject\",\"inLanguage\":\"en-US\",\"@id\":\"https:\/\/www.amuz.krakow.pl\/#\/schema\/logo\/image\/\",\"url\":\"https:\/\/www.amuz.krakow.pl\/wp-content\/uploads\/2021\/11\/amkp.jpg\",\"contentUrl\":\"https:\/\/www.amuz.krakow.pl\/wp-content\/uploads\/2021\/11\/amkp.jpg\",\"width\":1193,\"height\":591,\"caption\":\"Akademia Muzyczna im. Krzysztofa Pendereckiego w Krakowie\"},\"image\":{\"@id\":\"https:\/\/www.amuz.krakow.pl\/#\/schema\/logo\/image\/\"},\"sameAs\":[\"https:\/\/www.facebook.com\/amuz.krakow\",\"https:\/\/www.instagram.com\/amkpenderecki\/\",\"https:\/\/www.youtube.com\/@amkpenderecki4806\"]}]}<\/script>\n<!-- \/ Yoast SEO plugin. -->","yoast_head_json":{"title":"AMKP - Akademia Muzyczna im. Krzysztofa Pendereckiego w Krakowie","robots":{"index":"index","follow":"follow","max-snippet":"max-snippet:-1","max-image-preview":"max-image-preview:large","max-video-preview":"max-video-preview:-1"},"canonical":"https:\/\/www.amuz.krakow.pl\/koncert-zespolu-klexos-i-warsztaty-dla-kompozytorow-i-instrumentalistow\/","og_locale":"en_US","og_type":"article","og_title":"AMKP - Akademia Muzyczna im. Krzysztofa Pendereckiego w Krakowie","og_description":"Serdecznie zapraszamy na projekt partnerski AMKP &#8211; koncert zespo\u0142u KLEXOS, kt\u00f3ry odb\u0119dzie si\u0119 w Sali Kameralnej AMKP oraz warsztaty dla kompozytor\u00f3w i instrumentalist\u00f3w. &nbsp; wtorek 15 kwietnia 2025, 10:00 Siedziba&hellip; Continue reading","og_url":"https:\/\/www.amuz.krakow.pl\/koncert-zespolu-klexos-i-warsztaty-dla-kompozytorow-i-instrumentalistow\/","og_site_name":"Akademia Muzyczna im. Krzysztofa Pendereckiego w Krakowie","article_publisher":"https:\/\/www.facebook.com\/amuz.krakow","article_modified_time":"2025-04-10T11:49:12+00:00","og_image":[{"width":2048,"height":1024,"url":"https:\/\/www.amuz.krakow.pl\/wp-content\/uploads\/2025\/04\/KLEXOS-kafelek-scaled.jpg","type":"image\/jpeg"}],"twitter_card":"summary_large_image","twitter_misc":{"Est. reading time":"2 minutes"},"schema":{"@context":"https:\/\/schema.org","@graph":[{"@type":"WebPage","@id":"https:\/\/www.amuz.krakow.pl\/koncert-zespolu-klexos-i-warsztaty-dla-kompozytorow-i-instrumentalistow\/","url":"https:\/\/www.amuz.krakow.pl\/koncert-zespolu-klexos-i-warsztaty-dla-kompozytorow-i-instrumentalistow\/","name":"AMKP - Akademia Muzyczna im. Krzysztofa Pendereckiego w Krakowie","isPartOf":{"@id":"https:\/\/www.amuz.krakow.pl\/#website"},"primaryImageOfPage":{"@id":"https:\/\/www.amuz.krakow.pl\/koncert-zespolu-klexos-i-warsztaty-dla-kompozytorow-i-instrumentalistow\/#primaryimage"},"image":{"@id":"https:\/\/www.amuz.krakow.pl\/koncert-zespolu-klexos-i-warsztaty-dla-kompozytorow-i-instrumentalistow\/#primaryimage"},"thumbnailUrl":"https:\/\/www.amuz.krakow.pl\/wp-content\/uploads\/2025\/04\/KLEXOS-kafelek-scaled.jpg","datePublished":"2025-04-09T09:37:20+00:00","dateModified":"2025-04-10T11:49:12+00:00","breadcrumb":{"@id":"https:\/\/www.amuz.krakow.pl\/koncert-zespolu-klexos-i-warsztaty-dla-kompozytorow-i-instrumentalistow\/#breadcrumb"},"inLanguage":"en-US","potentialAction":[{"@type":"ReadAction","target":["https:\/\/www.amuz.krakow.pl\/koncert-zespolu-klexos-i-warsztaty-dla-kompozytorow-i-instrumentalistow\/"]}]},{"@type":"ImageObject","inLanguage":"en-US","@id":"https:\/\/www.amuz.krakow.pl\/koncert-zespolu-klexos-i-warsztaty-dla-kompozytorow-i-instrumentalistow\/#primaryimage","url":"https:\/\/www.amuz.krakow.pl\/wp-content\/uploads\/2025\/04\/KLEXOS-kafelek-scaled.jpg","contentUrl":"https:\/\/www.amuz.krakow.pl\/wp-content\/uploads\/2025\/04\/KLEXOS-kafelek-scaled.jpg","width":2048,"height":1024},{"@type":"BreadcrumbList","@id":"https:\/\/www.amuz.krakow.pl\/koncert-zespolu-klexos-i-warsztaty-dla-kompozytorow-i-instrumentalistow\/#breadcrumb","itemListElement":[{"@type":"ListItem","position":1,"name":"Strona g\u0142\u00f3wna","item":"https:\/\/www.amuz.krakow.pl\/"},{"@type":"ListItem","position":2,"name":"Koncert zespo\u0142u KLEXOS i warsztaty dla kompozytor\u00f3w i instrumentalist\u00f3w"}]},{"@type":"WebSite","@id":"https:\/\/www.amuz.krakow.pl\/#website","url":"https:\/\/www.amuz.krakow.pl\/","name":"Akademia Muzyczna im. Krzysztofa Pendereckiego w Krakowie","description":"Oficjalna strona Akademii Muzycznej im. Krzysztofa Pendereckiego w Krakowie (AMKP).","publisher":{"@id":"https:\/\/www.amuz.krakow.pl\/#organization"},"alternateName":"AMKP","potentialAction":[{"@type":"SearchAction","target":{"@type":"EntryPoint","urlTemplate":"https:\/\/www.amuz.krakow.pl\/?s={search_term_string}"},"query-input":{"@type":"PropertyValueSpecification","valueRequired":true,"valueName":"search_term_string"}}],"inLanguage":"en-US"},{"@type":"Organization","@id":"https:\/\/www.amuz.krakow.pl\/#organization","name":"Akademia Muzyczna im. Krzysztofa Pendereckiego w Krakowie","alternateName":"AMKP","url":"https:\/\/www.amuz.krakow.pl\/","logo":{"@type":"ImageObject","inLanguage":"en-US","@id":"https:\/\/www.amuz.krakow.pl\/#\/schema\/logo\/image\/","url":"https:\/\/www.amuz.krakow.pl\/wp-content\/uploads\/2021\/11\/amkp.jpg","contentUrl":"https:\/\/www.amuz.krakow.pl\/wp-content\/uploads\/2021\/11\/amkp.jpg","width":1193,"height":591,"caption":"Akademia Muzyczna im. Krzysztofa Pendereckiego w Krakowie"},"image":{"@id":"https:\/\/www.amuz.krakow.pl\/#\/schema\/logo\/image\/"},"sameAs":["https:\/\/www.facebook.com\/amuz.krakow","https:\/\/www.instagram.com\/amkpenderecki\/","https:\/\/www.youtube.com\/@amkpenderecki4806"]}]}},"_links":{"self":[{"href":"https:\/\/www.amuz.krakow.pl\/en\/wp-json\/wp\/v2\/pages\/101146","targetHints":{"allow":["GET"]}}],"collection":[{"href":"https:\/\/www.amuz.krakow.pl\/en\/wp-json\/wp\/v2\/pages"}],"about":[{"href":"https:\/\/www.amuz.krakow.pl\/en\/wp-json\/wp\/v2\/types\/page"}],"author":[{"embeddable":true,"href":"https:\/\/www.amuz.krakow.pl\/en\/wp-json\/wp\/v2\/users\/72"}],"replies":[{"embeddable":true,"href":"https:\/\/www.amuz.krakow.pl\/en\/wp-json\/wp\/v2\/comments?post=101146"}],"version-history":[{"count":2,"href":"https:\/\/www.amuz.krakow.pl\/en\/wp-json\/wp\/v2\/pages\/101146\/revisions"}],"predecessor-version":[{"id":101222,"href":"https:\/\/www.amuz.krakow.pl\/en\/wp-json\/wp\/v2\/pages\/101146\/revisions\/101222"}],"wp:featuredmedia":[{"embeddable":true,"href":"https:\/\/www.amuz.krakow.pl\/en\/wp-json\/wp\/v2\/media\/101161"}],"wp:attachment":[{"href":"https:\/\/www.amuz.krakow.pl\/en\/wp-json\/wp\/v2\/media?parent=101146"}],"curies":[{"name":"wp","href":"https:\/\/api.w.org\/{rel}","templated":true}]}}